{"id":50572,"date":"2020-02-26T15:34:41","date_gmt":"2020-02-26T14:34:41","guid":{"rendered":"https:\/\/univet.hu\/hu\/oktatas\/kurzusok\/new-course-page\/"},"modified":"2024-10-15T11:48:06","modified_gmt":"2024-10-15T09:48:06","slug":"kutatasi-etika-phd","status":"publish","type":"page","link":"https:\/\/univet.hu\/hu\/oktatas\/kurzusok\/kutatasi-etika-phd\/","title":{"rendered":"Kutat\u00e1si etika (PhD)"},"content":{"rendered":"<table width=\"621\" cellspacing=\"0\" cellpadding=\"7\"> <tbody> <tr valign=\"top\"> <td width=\"287\"><strong>Tant\u00e1rgy neve:<\/strong><\/td> <td width=\"304\">Kutat\u00e1si etika<\/td> <\/tr> <tr valign=\"top\"> <td width=\"287\"><strong>Tant\u00e1rgy neve angolul:<\/strong><\/td> <td width=\"304\">Research ethics<\/td> <\/tr> <tr valign=\"top\"> <td width=\"287\"><strong>Tant\u00e1rgy t\u00edpusa:<\/strong><\/td> <td width=\"304\">A2<\/td> <\/tr> <tr valign=\"top\"> <td width=\"287\"><strong>Tant\u00e1rgy szakter\u00fclet\u00e9nek besorol\u00e1sa:<\/strong><sup><strong><a href=\"https:\/\/biomat.univet.hu\/moodle\/course\/view.php?id=187#sdfootnote1sym\" name=\"sdfootnote1anc\">1<\/a><\/strong><\/sup><\/td> <td width=\"304\">Egy\u00e9b<\/td> <\/tr> <tr valign=\"top\"> <td width=\"287\"><strong>A tant\u00e1rgy kredit\u00e9rt\u00e9ke:<\/strong><\/td> <td width=\"304\">2 (Neptun szerinti)<\/td> <\/tr> <tr valign=\"top\"> <td width=\"287\"><strong>\u00d6ssz\u00f3rasz\u00e1ma: 18<\/strong><\/td> <td width=\"304\">E-learning: 6 Kontakt \u00f3ra: 12<\/td> <\/tr> <tr valign=\"top\"> <td width=\"287\"><strong>El\u0151tanulm\u00e1nyi k\u00f6vetelm\u00e9nyek:<\/strong><\/td> <td width=\"304\">&#8211;<\/td> <\/tr> <tr valign=\"top\"> <td width=\"287\"><strong>A tant\u00e1rgy sz\u00e1monk\u00e9r\u00e9si m\u00f3dja:<\/strong><\/td> <td width=\"304\">elektronikus\u00a0<a class=\"autolink\" title=\"Vizsga\" href=\"https:\/\/biomat.univet.hu\/moodle\/mod\/quiz\/view.php?id=7420\">vizsga<\/a><\/td> <\/tr> <\/tbody> <\/table> <div> <p align=\"justify\">Sz\u00e9lesebb \u00e9rtelemben: a tudom\u00e1ny \u00e9s a t\u00e1rsadalom kapcsolat\u00e1nak k\u00e9rd\u00e9seit, a kutat\u00e1s \u00e1ltal\u00e1nos etikai \u00e9s t\u00e1rsadalmi \u00f6sszef\u00fcgg\u00e9seit, a kutat\u00e1si szabads\u00e1g \u00e9s annak hat\u00e1rait, sz\u0171kebb \u00e9rtelemben a kutat\u00f3i \u201eintegrit\u00e1s\u201d, a tudom\u00e1nyos kutat\u00e1s erk\u00f6lcsi szab\u00e1lyai \u00e9s \u00f6nszab\u00e1lyoz\u00e1s\u00e1t t\u00e1rgyaljuk. T\u00e9ma a tudom\u00e1nyetik\u00e1val foglalkoz\u00f3 nemzetk\u00f6zi \u00e9s hazai test\u00fcletek \u00e9s szervezetek szerepe. R\u00e9szletesen t\u00e1rgyaljuk az MTA Tudom\u00e1nyetikai K\u00f3dex\u00e9t. (A Tudom\u00e1nyetikai k\u00f3dex hat\u00e1lya, a tudom\u00e1nyos kutat\u00e1s erk\u00f6lcsi \u00e9s etikai alapelvei, a kutat\u00e1s elv\u00e9gz\u00e9snek etikus gyakorlat\u00e1t, az eredm\u00e9nyek k\u00f6zl\u00e9s\u00e9vel kapcsolatos etikai k\u00e9rd\u00e9seket. Foglalkozunk a kutat\u00e1si etika s\u00e9relmeivel, illetve az ezekkel foglalkoz\u00f3 test\u00fcletekkel, \u00e9s az etikai vizsg\u00e1latok alapelveivel.)<\/p> <p align=\"justify\"><strong>E-learning<\/strong>: az al\u00e1bb megadott forr\u00e1sanyagok megadott fejezetei alapj\u00e1n r\u00f6vid ellen\u0151rz\u0151 tesztek kit\u00f6lt\u00e9se 50% feletti sikerrel, majd egy 15 k\u00e9rd\u00e9sb\u0151l \u00e1ll\u00f3 elektronikus vizsga az \u00f6sszes t\u00e9mak\u00f6r \u00e9rint\u00e9s\u00e9vel, melyre 20 perc \u00e1ll rendelkez\u00e9sre. Az egyes t\u00e9mak\u00f6r\u00f6k sikeres teljes\u00edt\u00e9se eset\u00e9n lehet tov\u00e1bbhaladni a k\u00f6vetkez\u0151 t\u00e9mak\u00f6r tesztj\u00e9re. Sikertelens\u00e9g eset\u00e9n m\u00e9g egyszer lehet pr\u00f3b\u00e1lkozni a teszt kit\u00f6lt\u00e9s\u00e9vel. Az e-learning anyagok feldolgoz\u00e1sa \u00f6n\u00e1ll\u00f3an t\u00f6rt\u00e9nik, a kontakt\u00f3r\u00e1k id\u0151pontj\u00e1t\u00f3l f\u00fcggetlen\u00fcl, az elektronikus vizsga a t\u00e9mak\u00f6r\u00f6k feldolgoz\u00e1sa ut\u00e1n teljes\u00edthet\u0151, de legk\u00e9s\u0151bb \u00e1prilis 30-ig. A vizsgaeredm\u00e9ny elfogad\u00e1s\u00e1nak felt\u00e9tele a kontakt\u00f3r\u00e1kon val\u00f3 (akt\u00edv\u00a0<img decoding=\"async\" class=\"icon emoticon\" title=\"smile\" src=\"https:\/\/biomat.univet.hu\/moodle\/theme\/image.php\/boost\/core\/1724401572\/s\/smiley\" alt=\"smile\" \/>\u00a0) r\u00e9szv\u00e9tel.<\/p> <p align=\"justify\"><strong>Kontakt\u00f3r\u00e1k<\/strong>: egy eur\u00f3pai uni\u00f3s keretprogram \u00e1ltal kidolgozott kutat\u00e1si integrit\u00e1s k\u00e9pz\u00e9s gyakorlatait fogjuk elv\u00e9gezni, melyek az\u00a0<strong>All European Academies: A kutat\u00e1si integrit\u00e1s eur\u00f3pai magatart\u00e1si k\u00f3dexe<\/strong>\u00a0tartalm\u00e1nak jobb megismer\u00e9s\u00e9t \u00e9s alkalmaz\u00e1s\u00e1t c\u00e9lozza fikt\u00edv (vagy saj\u00e1t) val\u00f3s esetek feldolgoz\u00e1sa alapj\u00e1n. K\u00e9rem, hogy a k\u00f3dexet alaposan olvass\u00e1k \u00e1t, miel\u0151tt a kontakt\u00f3r\u00e1ra j\u00f6nnek.<\/p> <p align=\"justify\">A kontakt\u00f3r\u00e1kon v\u00e1rhat\u00f3 t\u00e9m\u00e1k \u00e9s helyzetgyakorlatok:<\/p> <ul> <li>Mit jelent a kutat\u00e1s? Mit jelent az integrit\u00e1s?<\/li> <\/ul> <div> <ul> <li>Mit\u0151l j\u00f3 egy kutat\u00e1s? &#8211; A &#8222;j\u00f3s\u00e1g&#8221; k\u00fcl\u00f6nb\u00f6z\u0151 szempontjai<\/li> <\/ul> <\/div> <ul> <li>Mor\u00e1lis konfliktus \u00e9s dilemma &#8211; Mor\u00e1lis dilemm\u00e1k felold\u00e1sa<\/li> <\/ul> <div class=\"editor-indent\"> <ul> <li><a class=\"autolink\" title=\"Arany k\u00f6z\u00e9p\u00fat\" href=\"https:\/\/biomat.univet.hu\/moodle\/mod\/url\/view.php?id=7469\">Arany k\u00f6z\u00e9p\u00fat<\/a><\/li> <\/ul> <\/div> <div> <div class=\"editor-indent\"> <ul> <li>Alapelvek \u00e9s norm\u00e1k<\/li> <\/ul> <\/div> <div class=\"editor-indent\"> <div> <ul> <li><a class=\"autolink\" title=\"Vita kontra p\u00e1rbesz\u00e9d\" href=\"https:\/\/biomat.univet.hu\/moodle\/mod\/url\/view.php?id=7467\">Vita kontra p\u00e1rbesz\u00e9d<\/a><\/li> <\/ul> <\/div> <p>Oktat\u00f3: Bakony Mikolt<\/p> <\/div> <\/div> <\/div>","protected":false},"excerpt":{"rendered":"<p>Tant\u00e1rgy neve: Kutat\u00e1si etika Tant\u00e1rgy neve angolul: Research ethics Tant\u00e1rgy t\u00edpusa: A2 Tant\u00e1rgy szakter\u00fclet\u00e9nek besorol\u00e1sa:1 Egy\u00e9b A tant\u00e1rgy kredit\u00e9rt\u00e9ke: 2 (Neptun szerinti) \u00d6ssz\u00f3rasz\u00e1ma: 18 E-learning: 6 Kontakt \u00f3ra: 12 El\u0151tanulm\u00e1nyi k\u00f6vetelm\u00e9nyek: &#8211; A tant\u00e1rgy sz\u00e1monk\u00e9r\u00e9si m\u00f3dja: elektronikus\u00a0vizsga Sz\u00e9lesebb \u00e9rtelemben: a tudom\u00e1ny \u00e9s a t\u00e1rsadalom kapcsolat\u00e1nak k\u00e9rd\u00e9seit, a kutat\u00e1s \u00e1ltal\u00e1nos etikai \u00e9s t\u00e1rsadalmi \u00f6sszef\u00fcgg\u00e9seit, a kutat\u00e1si<\/p>\n","protected":false},"author":3837,"featured_media":0,"parent":677,"menu_order":0,"comment_status":"open","ping_status":"open","template":"","meta":{"_acf_changed":false,"footnotes":""},"categories":[],"tags":[],"class_list":["post-50572","page","type-page","status-publish","hentry"],"acf":[],"_links":{"self":[{"href":"https:\/\/univet.hu\/hu\/wp-json\/wp\/v2\/pages\/50572","targetHints":{"allow":["GET"]}}],"collection":[{"href":"https:\/\/univet.hu\/hu\/wp-json\/wp\/v2\/pages"}],"about":[{"href":"https:\/\/univet.hu\/hu\/wp-json\/wp\/v2\/types\/page"}],"author":[{"embeddable":true,"href":"https:\/\/univet.hu\/hu\/wp-json\/wp\/v2\/users\/3837"}],"replies":[{"embeddable":true,"href":"https:\/\/univet.hu\/hu\/wp-json\/wp\/v2\/comments?post=50572"}],"version-history":[{"count":0,"href":"https:\/\/univet.hu\/hu\/wp-json\/wp\/v2\/pages\/50572\/revisions"}],"up":[{"embeddable":true,"href":"https:\/\/univet.hu\/hu\/wp-json\/wp\/v2\/pages\/677"}],"wp:attachment":[{"href":"https:\/\/univet.hu\/hu\/wp-json\/wp\/v2\/media?parent=50572"}],"wp:term":[{"taxonomy":"category","embeddable":true,"href":"https:\/\/univet.hu\/hu\/wp-json\/wp\/v2\/categories?post=50572"},{"taxonomy":"post_tag","embeddable":true,"href":"https:\/\/univet.hu\/hu\/wp-json\/wp\/v2\/tags?post=50572"}],"curies":[{"name":"wp","href":"https:\/\/api.w.org\/{rel}","templated":true}]}}