{"id":50707,"date":"2020-03-02T10:23:57","date_gmt":"2020-03-02T09:23:57","guid":{"rendered":"https:\/\/univet.hu\/?page_id=50707"},"modified":"2023-09-08T09:53:02","modified_gmt":"2023-09-08T07:53:02","slug":"aktualis-allasajanlatok","status":"publish","type":"page","link":"https:\/\/univet.hu\/hu\/alumni\/karrier-iroda\/aktualis-allasajanlatok\/","title":{"rendered":"Aktu\u00e1lis \u00e1ll\u00e1saj\u00e1nlatok"},"content":{"rendered":"<p>&nbsp;<\/p> <p>Aktu\u00e1lis \u00e1ll\u00e1saj\u00e1nlataink\u00e9rt kattintson:\u00a0<a href=\"https:\/\/univet.hu\/hu\/allasborze-2023\/aktualis-allasajanlatok\/\">https:\/\/univet.hu\/hu\/allasborze-2023\/aktualis-allasajanlatok\/<\/a><\/p>","protected":false},"excerpt":{"rendered":"<p>&nbsp; Aktu\u00e1lis \u00e1ll\u00e1saj\u00e1nlataink\u00e9rt kattintson:\u00a0https:\/\/univet.hu\/hu\/allasborze-2023\/aktualis-allasajanlatok\/<\/p>\n","protected":false},"author":2518,"featured_media":0,"parent":44446,"menu_order":0,"comment_status":"closed","ping_status":"closed","template":"","meta":{"_acf_changed":false,"footnotes":""},"categories":[],"tags":[],"class_list":["post-50707","page","type-page","status-publish","hentry"],"acf":[],"_links":{"self":[{"href":"https:\/\/univet.hu\/hu\/wp-json\/wp\/v2\/pages\/50707","targetHints":{"allow":["GET"]}}],"collection":[{"href":"https:\/\/univet.hu\/hu\/wp-json\/wp\/v2\/pages"}],"about":[{"href":"https:\/\/univet.hu\/hu\/wp-json\/wp\/v2\/types\/page"}],"author":[{"embeddable":true,"href":"https:\/\/univet.hu\/hu\/wp-json\/wp\/v2\/users\/2518"}],"replies":[{"embeddable":true,"href":"https:\/\/univet.hu\/hu\/wp-json\/wp\/v2\/comments?post=50707"}],"version-history":[{"count":0,"href":"https:\/\/univet.hu\/hu\/wp-json\/wp\/v2\/pages\/50707\/revisions"}],"up":[{"embeddable":true,"href":"https:\/\/univet.hu\/hu\/wp-json\/wp\/v2\/pages\/44446"}],"wp:attachment":[{"href":"https:\/\/univet.hu\/hu\/wp-json\/wp\/v2\/media?parent=50707"}],"wp:term":[{"taxonomy":"category","embeddable":true,"href":"https:\/\/univet.hu\/hu\/wp-json\/wp\/v2\/categories?post=50707"},{"taxonomy":"post_tag","embeddable":true,"href":"https:\/\/univet.hu\/hu\/wp-json\/wp\/v2\/tags?post=50707"}],"curies":[{"name":"wp","href":"https:\/\/api.w.org\/{rel}","templated":true}]}}