{"id":50780,"date":"2020-03-03T13:34:39","date_gmt":"2020-03-03T12:34:39","guid":{"rendered":"https:\/\/univet.hu\/hu\/egyetem\/munkatarsak\/new-staff-member-page-3\/"},"modified":"2026-02-10T03:58:21","modified_gmt":"2026-02-10T02:58:21","slug":"puska-gina","status":"publish","type":"page","link":"https:\/\/univet.hu\/hu\/egyetem\/munkatarsak\/puska-gina\/","title":{"rendered":"Puska Gina"},"content":{"rendered":"<p><strong>Bemutatkoz\u00e1s:<\/strong><\/p> <p>Dr. Puska Gina vagyok, az Zool\u00f3giai Tansz\u00e9ken egyetemi adjunktusk\u00e9nt dolgozom. Biol\u00f3gia BSc k\u00e9pz\u00e9sen A sejt molekul\u00e1ris biol\u00f3gi\u00e1ja t\u00e1rgyat, biol\u00f3gus MSc szakos hallgat\u00f3k r\u00e9sz\u00e9re A sejt \u00e9s molekul\u00e1ris biol\u00f3gia, Szab\u00e1lyoz\u00e1sbiol\u00f3gia \u00e9s fiziol\u00f3gia, tov\u00e1bb\u00e1 Mikroszk\u00f3pos fototechnika t\u00e1rgyakat oktatom. Els\u0151dleges \u00e9rdekl\u0151d\u00e9si ter\u00fcletem a szoci\u00e1lis viselked\u00e9sben szerepet j\u00e1tsz\u00f3 neur\u00e1lis p\u00e1ly\u00e1k, amelyeket els\u0151sorban hisztol\u00f3giai \u00e9s vir\u00e1lis g\u00e9ntranszferen alapul\u00f3 kemogenetikai technik\u00e1val vizsg\u00e1lok. Emellett kutat\u00e1si ter\u00fcletem kiterjed a doktori \u00e9rtekez\u00e9sem alapj\u00e1t k\u00e9pez\u0151 neurodegenerat\u00edv k\u00f3rk\u00e9pek sejtpatol\u00f3giai vizsg\u00e1lat\u00e1ra is.<\/p> <p>&nbsp;<\/p> <p><strong>Kollabor\u00e1ci\u00f3k:<\/strong><\/p> <p>ELTE \u00c9lettani \u00e9s Neurobiol\u00f3giai Tansz\u00e9k \u2013 Molekul\u00e1ris \u00e9s Rendszer Neurobiol\u00f3giai Kutat\u00f3csoport<\/p> <p>&nbsp;<\/p> <p><strong>T\u00e9mavezet\u00e9s:<\/strong><\/p> <p>MSc hallgat\u00f3k: 3 (jelenleg 3)<\/p> <p>BSc hallgat\u00f3k: 1 (v\u00e9gzett 1)<\/p> <p>TDK hallgat\u00f3k: 3 (jelenleg 1)<\/p> <p>&nbsp;<\/p> <p><strong>V\u00e1laszthat\u00f3 szakdolgozati t\u00e9m\u00e1k:<\/strong><\/p> <p>Biol\u00f3gia BSc \u00e9s Kutat\u00f3 zool\u00f3gus szakos hallgat\u00f3k r\u00e9sz\u00e9re:<\/p> <p>A later\u00e1lis szeptum szerepe a szoci\u00e1lis viselked\u00e9sben<\/p> <p>Preoptikus area szerep\u00e9nek felt\u00e1r\u00e1sa a szoci\u00e1lis viselked\u00e9sben<\/p> <p>&nbsp;<\/p> <p><strong>El\u0151rehalad\u00e1s:<\/strong><\/p> <p>2022-jelenleg Egyetemi adjunktus, \u00c1llatorvostudom\u00e1nyi Egyetem, Zool\u00f3giai Tansz\u00e9k<\/p> <p>2019-2022 Egyetemi tan\u00e1rseg\u00e9d, \u00c1llatorvostudom\u00e1nyi Egyetem, Zool\u00f3giai Tansz\u00e9k<\/p> <p>2016-2019 Tudom\u00e1nyos seg\u00e9dmunkat\u00e1rs, E\u00f6tv\u00f6s Lor\u00e1nd Tudom\u00e1nyegyetem, Term\u00e9szettudom\u00e1nyi Kar, Biol\u00f3gia Int\u00e9zet<\/p> <p>2015-2016 Egyetemi tan\u00e1rseg\u00e9d E\u00f6tv\u00f6s Lor\u00e1nd Tudom\u00e1nyegyetem, Term\u00e9szettudom\u00e1nyi Kar, Biol\u00f3gia Int\u00e9zet<\/p> <p>&nbsp;<\/p> <p>&nbsp;<\/p> <p><strong>F\u0151bb kutat\u00e1si ter\u00fcletek:<\/strong><\/p> <ul> <li>szoci\u00e1lis interakci\u00f3ban szerepet j\u00e1tsz\u00f3 neur\u00e1lis p\u00e1ly\u00e1k vizsg\u00e1lata r\u00e1gcs\u00e1l\u00f3 modellek eset\u00e9n<\/li> <li>az oxitocin rendszer viselked\u00e9sben bet\u00f6lt\u00f6tt szerep\u00e9nek vizsg\u00e1lata<\/li> <li>a neurodegenerat\u00edv k\u00f3rk\u00e9pekben szerepet j\u00e1tsz\u00f3 sejtpatol\u00f3gi\u00e1s folyamatok elektronmikroszk\u00f3pos vizsg\u00e1lata<\/li> <\/ul> <p>&nbsp;<\/p> <p><strong>Publik\u00e1ci\u00f3s lista (top 10):<\/strong><\/p> <p>1. Keller D, L\u00e1ng T, Cserven\u00e1k M, Puska G, Barna J, Csillag V, Farkas I, Zelena D, D\u00f3ra F, K\u00fcppers S, Barteczko L, Usdin TB, Palkovits M, Hasan MT, Grinevich V, Dobolyi A (2022). A thalamo-preoptic pathway promotes social grooming in rodents. Curr Biol. 8:S0960-9822(22)01384-7.<\/p> <p>2. Guly\u00e1ssy P, Todorov-V\u00f6lgyi K, T\u00f3th V, Gy\u00f6rffy BA, Puska G, Simor A, Juh\u00e1sz G, Drahos L, K\u00e9kesi KA (2022). The Effect of Sleep Deprivation and Subsequent Recovery Period on the Synaptic Proteome of Rat Cerebral Cortex. Mol Neurobiol. 59(2):1301-1319.<\/p> <p>3. Dim\u00e9n D, Puska G, Szendi V, Sipos E, Zelena D, Dobolyi \u00c1 (2021). Sex-specific parenting and depression evoked by preoptic inhibitory neurons. iScience. 4;24(10):103090.<\/p> <p>4. Guly\u00e1ssy P, Puska G, Gy\u00f6rffy BA, Todorov-V\u00f6lgyi K, Juh\u00e1sz G, Drahos L, K\u00e9kesi KA. (2020). Proteomic comparison of different synaptosome preparation procedures. Amino Acids. 52(11-12):1529-1543.<\/p> <p>5. Barna J, Dim\u00e9n D, Puska G, Kov\u00e1cs D, Csik\u00f3s V, Ol\u00e1h S, Udvari EB, P\u00e1l G, Dobolyi \u00c1. (2019). Complement component 1q subcomponent binding protein in the brain of the rat. Sci Rep. 14;9(1):4597.<\/p> <p>6. Puska G, Lutz MI, Moln\u00e1r K, Regelsberger G, Ricken G, Pirker W, L\u00e1szl\u00f3 L, Kov\u00e1cs GG. (2018). Lysosomal response in relation to \u03b1-synuclein pathology differs between Parkinson&#8217;s disease and multiple system atrophy. Neurobiol Dis. 114:140-152.<\/p> <p>7. Pocsfalvi G, Turi\u00e1k L, Ambrosone A, Del Gaudio P, Puska G, Fiume I, Silvestre T, V\u00e9key K. (2018). Protein biocargo of citrus fruit-derived vesicles reveals heterogeneous transport and extracellular vesicle populations. J Plant Physiol. 229:111-121.<\/p> <p>8. V\u00f6lgyi K, Guly\u00e1ssy P, Todorov MI, Puska G, Badics K, Hlatky D, K\u00e9kesi KA, Nyitrai G, Czurk\u00f3 A, Drahos L, Dobolyi A. (2018). Chronic Cerebral Hypoperfusion Induced Synaptic Proteome Changes in the rat Cerebral Cortex. Mol Neurobiol. 55(5):4253-4266.<\/p> <p>9. Maruzs T, L\u0151rincz P, Szatm\u00e1ri Z, Sz\u00e9plaki S, S\u00e1ndor Z, Lakatos Z, Puska G, Juh\u00e1sz G, Sass M. (2015). Retromer Ensures the Degradation of Autophagic Cargo by Maintaining Lysosome Function in Drosophila. Traffic. 16(10):1088-107.<\/p> <p>10. Kov\u00e1cs GG, Breydo L, Green R, Kis V, Puska G, L\u0151rincz P, Perju-Dumbrava L, Giera R, Pirker W, Lutz M, Lachmann I, Budka H, Uversky VN, Moln\u00e1r K, L\u00e1szl\u00f3 L. (2014). Intracellular processing of disease-associated \u03b1-synuclein in the human brain suggests prion-like cell-to-cell spread. Neurobiol Dis. 69:76-92<\/p> <p><a href=\"https:\/\/m2.mtmt.hu\/gui2\/?type=authors&amp;mode=browse&amp;sel=authors10050179\">MTMT2<\/a> | Google Scholar | ORCID<\/p>","protected":false},"excerpt":{"rendered":"<p>Bemutatkoz\u00e1s: Dr. Puska Gina vagyok, az Zool\u00f3giai Tansz\u00e9ken egyetemi adjunktusk\u00e9nt dolgozom. Biol\u00f3gia BSc k\u00e9pz\u00e9sen A sejt molekul\u00e1ris biol\u00f3gi\u00e1ja t\u00e1rgyat, biol\u00f3gus MSc szakos hallgat\u00f3k r\u00e9sz\u00e9re A sejt \u00e9s molekul\u00e1ris biol\u00f3gia, Szab\u00e1lyoz\u00e1sbiol\u00f3gia \u00e9s fiziol\u00f3gia, tov\u00e1bb\u00e1 Mikroszk\u00f3pos fototechnika t\u00e1rgyakat oktatom. Els\u0151dleges \u00e9rdekl\u0151d\u00e9si ter\u00fcletem a szoci\u00e1lis viselked\u00e9sben szerepet j\u00e1tsz\u00f3 neur\u00e1lis p\u00e1ly\u00e1k, amelyeket els\u0151sorban hisztol\u00f3giai \u00e9s vir\u00e1lis g\u00e9ntranszferen alapul\u00f3 kemogenetikai<\/p>\n","protected":false},"author":5824,"featured_media":0,"parent":858,"menu_order":37,"comment_status":"open","ping_status":"open","template":"","meta":{"_acf_changed":false,"footnotes":""},"categories":[],"tags":[],"class_list":["post-50780","page","type-page","status-publish","hentry"],"acf":[],"_links":{"self":[{"href":"https:\/\/univet.hu\/hu\/wp-json\/wp\/v2\/pages\/50780","targetHints":{"allow":["GET"]}}],"collection":[{"href":"https:\/\/univet.hu\/hu\/wp-json\/wp\/v2\/pages"}],"about":[{"href":"https:\/\/univet.hu\/hu\/wp-json\/wp\/v2\/types\/page"}],"author":[{"embeddable":true,"href":"https:\/\/univet.hu\/hu\/wp-json\/wp\/v2\/users\/5824"}],"replies":[{"embeddable":true,"href":"https:\/\/univet.hu\/hu\/wp-json\/wp\/v2\/comments?post=50780"}],"version-history":[{"count":1,"href":"https:\/\/univet.hu\/hu\/wp-json\/wp\/v2\/pages\/50780\/revisions"}],"predecessor-version":[{"id":199469,"href":"https:\/\/univet.hu\/hu\/wp-json\/wp\/v2\/pages\/50780\/revisions\/199469"}],"up":[{"embeddable":true,"href":"https:\/\/univet.hu\/hu\/wp-json\/wp\/v2\/pages\/858"}],"wp:attachment":[{"href":"https:\/\/univet.hu\/hu\/wp-json\/wp\/v2\/media?parent=50780"}],"wp:term":[{"taxonomy":"category","embeddable":true,"href":"https:\/\/univet.hu\/hu\/wp-json\/wp\/v2\/categories?post=50780"},{"taxonomy":"post_tag","embeddable":true,"href":"https:\/\/univet.hu\/hu\/wp-json\/wp\/v2\/tags?post=50780"}],"curies":[{"name":"wp","href":"https:\/\/api.w.org\/{rel}","templated":true}]}}