{"id":51021,"date":"2020-03-04T16:41:24","date_gmt":"2020-03-04T15:41:24","guid":{"rendered":"https:\/\/univet.hu\/?page_id=51021"},"modified":"2024-07-24T10:26:05","modified_gmt":"2024-07-24T08:26:05","slug":"boly-zrt","status":"publish","type":"page","link":"https:\/\/univet.hu\/hu\/oktatas\/tanulmanyi-osztaly\/allasajanlatok\/boly-zrt\/","title":{"rendered":"B\u00f3ly ZRt."},"content":{"rendered":"<p>2024.07.24<\/p> <p><a href=\"https:\/\/univet.hu\/wp-content\/uploads\/2024\/07\/00206B053A22240724070311.pdf\">Junior \u00e1llatorvos<\/a><\/p> <hr \/> <p><a href=\"https:\/\/univet.hu\/wp-content\/uploads\/2020\/03\/SCAN_20200304133312_3676.pdf\">Junior \u00e1llatorvos &#8211; B\u00f3lyZRt<\/a><\/p>","protected":false},"excerpt":{"rendered":"<p>2024.07.24 Junior \u00e1llatorvos Junior \u00e1llatorvos &#8211; B\u00f3lyZRt<\/p>\n","protected":false},"author":5823,"featured_media":0,"parent":26415,"menu_order":112,"comment_status":"closed","ping_status":"closed","template":"","meta":{"_acf_changed":false,"footnotes":""},"categories":[],"tags":[],"class_list":["post-51021","page","type-page","status-publish","hentry"],"acf":[],"_links":{"self":[{"href":"https:\/\/univet.hu\/hu\/wp-json\/wp\/v2\/pages\/51021","targetHints":{"allow":["GET"]}}],"collection":[{"href":"https:\/\/univet.hu\/hu\/wp-json\/wp\/v2\/pages"}],"about":[{"href":"https:\/\/univet.hu\/hu\/wp-json\/wp\/v2\/types\/page"}],"author":[{"embeddable":true,"href":"https:\/\/univet.hu\/hu\/wp-json\/wp\/v2\/users\/5823"}],"replies":[{"embeddable":true,"href":"https:\/\/univet.hu\/hu\/wp-json\/wp\/v2\/comments?post=51021"}],"version-history":[{"count":0,"href":"https:\/\/univet.hu\/hu\/wp-json\/wp\/v2\/pages\/51021\/revisions"}],"up":[{"embeddable":true,"href":"https:\/\/univet.hu\/hu\/wp-json\/wp\/v2\/pages\/26415"}],"wp:attachment":[{"href":"https:\/\/univet.hu\/hu\/wp-json\/wp\/v2\/media?parent=51021"}],"wp:term":[{"taxonomy":"category","embeddable":true,"href":"https:\/\/univet.hu\/hu\/wp-json\/wp\/v2\/categories?post=51021"},{"taxonomy":"post_tag","embeddable":true,"href":"https:\/\/univet.hu\/hu\/wp-json\/wp\/v2\/tags?post=51021"}],"curies":[{"name":"wp","href":"https:\/\/api.w.org\/{rel}","templated":true}]}}