{"id":51266,"date":"2020-03-11T08:40:52","date_gmt":"2020-03-11T07:40:52","guid":{"rendered":"https:\/\/univet.hu\/hu\/oktatas\/kurzusok\/new-course-page-2\/"},"modified":"2023-02-26T21:56:53","modified_gmt":"2023-02-26T20:56:53","slug":"hogyan-inditsuk-el-a-praxisunkat-gyakorlati-tanacsok-2","status":"publish","type":"page","link":"https:\/\/univet.hu\/hu\/oktatas\/kurzusok\/hogyan-inditsuk-el-a-praxisunkat-gyakorlati-tanacsok-2\/","title":{"rendered":"Hogyan ind\u00edtsuk el a praxisunkat &#8211; gyakorlati tan\u00e1csok"},"content":{"rendered":"<p>Tant\u00e1rgyfelel\u0151s: Dr. \u00d3zsv\u00e1ri L\u00e1szl\u00f3<\/p> <p>A tant\u00e1rgy \u00e1ltal\u00e1nos c\u00e9lja: A v\u00e9gz\u0151s hallgat\u00f3k a megszerzett elm\u00e9leti tud\u00e1s mellett fel tudj\u00e1k m\u00e9rni, hogy milyen t\u00f6rv\u00e9nyi, jogszab\u00e1lyi, technikai, gyakorlati feladatok v\u00e1rnak r\u00e1juk az els\u0151 praxis ind\u00edt\u00e1sa el\u0151tt. Tudj\u00e1k rangsorolni a praxisind\u00edt\u00e1s egyes l\u00e9p\u00e9seit, k\u00e9pesek legyenek tervezni az er\u0151forr\u00e1sokat.<\/p> <p>El\u0151tanulm\u00e1nyi k\u00f6vetelm\u00e9nyek: \u00c1llateg\u00e9szs\u00e9g\u00fcgyi igazgat\u00e1stan 1. p\u00e1rhuzamos felv\u00e9tele<\/p>","protected":false},"excerpt":{"rendered":"<p>Tant\u00e1rgyfelel\u0151s: Dr. \u00d3zsv\u00e1ri L\u00e1szl\u00f3 A tant\u00e1rgy \u00e1ltal\u00e1nos c\u00e9lja: A v\u00e9gz\u0151s hallgat\u00f3k a megszerzett elm\u00e9leti tud\u00e1s mellett fel tudj\u00e1k m\u00e9rni, hogy milyen t\u00f6rv\u00e9nyi, jogszab\u00e1lyi, technikai, gyakorlati feladatok v\u00e1rnak r\u00e1juk az els\u0151 praxis ind\u00edt\u00e1sa el\u0151tt. Tudj\u00e1k rangsorolni a praxisind\u00edt\u00e1s egyes l\u00e9p\u00e9seit, k\u00e9pesek legyenek tervezni az er\u0151forr\u00e1sokat. El\u0151tanulm\u00e1nyi k\u00f6vetelm\u00e9nyek: \u00c1llateg\u00e9szs\u00e9g\u00fcgyi igazgat\u00e1stan 1. p\u00e1rhuzamos felv\u00e9tele<\/p>\n","protected":false},"author":3837,"featured_media":0,"parent":677,"menu_order":0,"comment_status":"open","ping_status":"open","template":"","meta":{"_acf_changed":false,"footnotes":""},"categories":[],"tags":[],"class_list":["post-51266","page","type-page","status-publish","hentry"],"acf":[],"_links":{"self":[{"href":"https:\/\/univet.hu\/hu\/wp-json\/wp\/v2\/pages\/51266","targetHints":{"allow":["GET"]}}],"collection":[{"href":"https:\/\/univet.hu\/hu\/wp-json\/wp\/v2\/pages"}],"about":[{"href":"https:\/\/univet.hu\/hu\/wp-json\/wp\/v2\/types\/page"}],"author":[{"embeddable":true,"href":"https:\/\/univet.hu\/hu\/wp-json\/wp\/v2\/users\/3837"}],"replies":[{"embeddable":true,"href":"https:\/\/univet.hu\/hu\/wp-json\/wp\/v2\/comments?post=51266"}],"version-history":[{"count":0,"href":"https:\/\/univet.hu\/hu\/wp-json\/wp\/v2\/pages\/51266\/revisions"}],"up":[{"embeddable":true,"href":"https:\/\/univet.hu\/hu\/wp-json\/wp\/v2\/pages\/677"}],"wp:attachment":[{"href":"https:\/\/univet.hu\/hu\/wp-json\/wp\/v2\/media?parent=51266"}],"wp:term":[{"taxonomy":"category","embeddable":true,"href":"https:\/\/univet.hu\/hu\/wp-json\/wp\/v2\/categories?post=51266"},{"taxonomy":"post_tag","embeddable":true,"href":"https:\/\/univet.hu\/hu\/wp-json\/wp\/v2\/tags?post=51266"}],"curies":[{"name":"wp","href":"https:\/\/api.w.org\/{rel}","templated":true}]}}