{"id":52140,"date":"2020-03-30T16:59:23","date_gmt":"2020-03-30T14:59:23","guid":{"rendered":"https:\/\/univet.hu\/?page_id=52140"},"modified":"2023-05-11T13:16:22","modified_gmt":"2023-05-11T11:16:22","slug":"2020-21","status":"publish","type":"page","link":"https:\/\/univet.hu\/hu\/oktatas\/tanulmanyi-osztaly\/a-tanev-idobeosztasa\/2020-21\/","title":{"rendered":"2020\/21"},"content":{"rendered":"<p style=\"text-align: center;\"><span style=\"font-size: 14pt;\"><strong>A 2020\/2021. tan\u00e9v id\u0151beoszt\u00e1sa m\u00f3dos\u00edtott<\/strong><\/span><\/p> <p>&nbsp;<\/p> <p><strong><u>Els\u0151 f\u00e9l\u00e9v:<\/u><\/strong><\/p> <p><strong>G\u00f3lyat\u00e1bor:<\/strong>\u00a0\u00a0\u00a0\u00a0\u00a0\u00a0\u00a0\u00a0\u00a0\u00a0\u00a0\u00a0\u00a0\u00a0\u00a0\u00a0\u00a0\u00a0\u00a0\u00a0\u00a0\u00a0\u00a0\u00a0\u00a0\u00a0\u00a0\u00a0\u00a0\u00a0\u00a0\u00a0\u00a0\u00a0\u00a0\u00a0\u00a0\u00a0 2020. augusztus 29 \u2013 szeptember 2.<\/p> <p><strong>Tan\u00e9vkezd\u00e9s:<\/strong>\u00a0\u00a0\u00a0\u00a0\u00a0\u00a0\u00a0\u00a0\u00a0\u00a0\u00a0\u00a0\u00a0\u00a0\u00a0\u00a0\u00a0\u00a0\u00a0\u00a0\u00a0\u00a0\u00a0\u00a0\u00a0\u00a0\u00a0\u00a0\u00a0\u00a0\u00a0\u00a0\u00a0\u00a0\u00a0\u00a0 2020. szeptember 14. (h\u00e9tf\u0151)<\/p> <p><strong>Tan\u00e9vnyit\u00f3 \u00fcnneps\u00e9g:<\/strong>\u00a0\u00a0\u00a0\u00a0\u00a0\u00a0\u00a0\u00a0\u00a0\u00a0\u00a0\u00a0\u00a0\u00a0\u00a0\u00a0\u00a0\u00a0\u00a0\u00a0\u00a0\u00a0\u00a0 2020. szeptember 7. (h\u00e9tf\u0151) 10.00 \u00f3ra<\/p> <p><strong>G\u00f3lyah\u00e9t:<\/strong>\u00a0\u00a0\u00a0\u00a0\u00a0\u00a0\u00a0\u00a0\u00a0\u00a0\u00a0\u00a0\u00a0\u00a0\u00a0\u00a0\u00a0\u00a0\u00a0\u00a0\u00a0\u00a0\u00a0\u00a0\u00a0\u00a0\u00a0\u00a0\u00a0\u00a0\u00a0\u00a0\u00a0\u00a0\u00a0\u00a0\u00a0\u00a0\u00a0\u00a0\u00a0\u00a0 2020. szeptember 14 \u201318-ig.<\/p> <p><strong>Beiratkoz\u00e1s I. \u00e9vf. hallgat\u00f3k r\u00e9sz\u00e9re: <\/strong> 2020. szeptember 7. (h\u00e9tf\u0151)<\/p> <ul> <li>\u00a013.00 \u00f3ra \u00e1llatorvosi szak,<\/li> <li>\u00a014.00 \u00f3ra biol\u00f3gia BSc, illetve biol\u00f3gus MSc szak.<\/li> <\/ul> <p>A NEPTUN-rendszerben:\u00a0\u00a0\u00a0\u00a0\u00a0\u00a0\u00a0\u00a0\u00a0\u00a0\u00a0\u00a0\u00a0\u00a0\u00a0\u00a0\u00a0\u00a0\u00a0 2020. szeptember 7. 20.00 \u00f3r\u00e1t\u00f3l &#8211; szeptember 11. 13.00 \u00f3r\u00e1ig.<\/p> <p><strong>Bejelentkez\u00e9s \u00e9s tant\u00e1rgyfelv\u00e9tel \u00a0<\/strong><\/p> <p><strong>fels\u0151bb \u00e9vesek:<\/strong>\u00a0\u00a0\u00a0\u00a0\u00a0\u00a0\u00a0\u00a0\u00a0\u00a0\u00a0 \u00a0\u00a0\u00a0\u00a0\u00a0\u00a0\u00a0\u00a0\u00a0\u00a0\u00a0\u00a0\u00a0\u00a0\u00a0\u00a0\u00a0\u00a0\u00a0\u00a0\u00a0\u00a0\u00a0 2020. szeptember 7-t\u0151l \u00ad- 18-ig (csak online-Neptun).<\/p> <p><strong>Oktat\u00e1si id\u0151szak:<\/strong>\u00a0\u00a0\u00a0\u00a0\u00a0\u00a0\u00a0\u00a0\u00a0\u00a0\u00a0\u00a0\u00a0\u00a0\u00a0\u00a0\u00a0\u00a0\u00a0\u00a0\u00a0\u00a0\u00a0\u00a0\u00a0\u00a0\u00a0\u00a0\u00a0\u00a0 2020. szeptember 14-t\u0151l &#8211; 2020. december 18-ig.<\/p> <p><strong>Diplomahonos\u00edt\u00f3 vizsg\u00e1k:<\/strong> 2020. szeptember 14., 15., 2021. febru\u00e1r 1-5-ig, m\u00e1jus 17., 18.<\/p> <p>&nbsp;<\/p> <p><strong>Dolgoz\u00f3i-Hallgat\u00f3i piknik \u00e9s \u00d6k\u00f6rs\u00fct\u00e9s: <\/strong>2020. szeptember 17. (cs\u00fct\u00f6rt\u00f6k)<\/p> <p>&nbsp;<\/p> <p><strong>Hetesi gyakorlat<\/strong> az \u00e1llatorvosi szak (magyar nyelv\u0171 k\u00e9pz\u00e9s) 1., 2., 3. \u00e9vfolyama sz\u00e1m\u00e1ra: 2020. szeptember 14 &#8211; december 4-ig.<\/p> <p>&nbsp;<\/p> <p><strong>Z\u00e1r\u00f3vizsga, \u00e1llatorvosi szak:<\/strong> (magyar, idegen nyelv\u0171 k\u00e9pz\u00e9s)<\/p> <ol start=\"11\"> <li>gyakorlati f\u00e9l\u00e9v: 2020. augusztus 31-t\u0151l 2020. janu\u00e1r 15-ig (sz\u00fcnet: 2020. december 21-2021. janu\u00e1r 3-ig)<\/li> <\/ol> <p>Szakdolgozat-lead\u00e1s:\u00a0\u00a0\u00a0\u00a0\u00a0\u00a0\u00a0\u00a0\u00a0\u00a0\u00a0\u00a0\u00a0\u00a0 2020. november 20. (p\u00e9ntek).<\/p> <p>z\u00e1r\u00f3vizsga-id\u0151szak:\u00a0\u00a0\u00a0\u00a0\u00a0\u00a0\u00a0\u00a0\u00a0\u00a0\u00a0\u00a0\u00a0\u00a0\u00a0\u00a0 2021. febru\u00e1r 1-t\u0151l febru\u00e1r 5-ig (esetleges ut\u00f3vizsg\u00e1k: 2020. febru\u00e1r 8-t\u00f3l 12-ig).<\/p> <p>&nbsp;<\/p> <p><strong>Keresztf\u00e9l\u00e9ves gyakorlat:<\/strong><\/p> <p>Kiz\u00e1r\u00f3lag a 11 f\u00e9l\u00e9ves mintatanterv szerint tanul\u00f3 <strong>idegen nyelv\u0171 k\u00e9pz\u00e9s<\/strong> hallgat\u00f3i sz\u00e1m\u00e1ra, csak k\u00fclf\u00f6ldi gyakorlati helyeken<\/p> <p>Gyakorlati f\u00e9l\u00e9v:\u00a0\u00a0\u00a0\u00a0\u00a0\u00a0\u00a0\u00a0\u00a0\u00a0\u00a0\u00a0\u00a0\u00a0\u00a0\u00a0\u00a0\u00a0\u00a0\u00a0\u00a0\u00a0\u00a0\u00a0\u00a0\u00a0\u00a0\u00a0\u00a0\u00a0\u00a0\u00a0 2021. janu\u00e1r 11 &#8211; 2021. m\u00e1jus 14.<\/p> <ol start=\"11\"> <li>f\u00e9l\u00e9vre bejelentkez\u00e9s: A jogosult hallgat\u00f3k sz\u00e1m\u00e1ra kiadott e-mailes t\u00e1j\u00e9koztat\u00e1s alapj\u00e1n.<\/li> <\/ol> <p>A keresztf\u00e9l\u00e9ves gyakorlat szerint halad\u00f3 hallgat\u00f3k r\u00e9sz\u00e9re<\/p> <p>Szakdolgozat-lead\u00e1s:\u00a0\u00a0\u00a0\u00a0\u00a0\u00a0\u00a0\u00a0\u00a0\u00a0\u00a0\u00a0\u00a0\u00a0 2021. m\u00e1rcius 29. (h\u00e9tf\u0151).<\/p> <p>z\u00e1r\u00f3vizsga-id\u0151szak:\u00a0\u00a0\u00a0\u00a0\u00a0\u00a0\u00a0\u00a0\u00a0\u00a0\u00a0\u00a0\u00a0\u00a0\u00a0\u00a0 2021. m\u00e1jus 31-t\u0151l 2021. j\u00fanius 4-ig<\/p> <p>(esetleges ut\u00f3vizsg\u00e1k: 2021. j\u00fanius 7-t\u00f3l 11-ig).<\/p> <p>&nbsp;<\/p> <p><strong>G\u00f3lyab\u00e1l:<\/strong>\u00a0\u00a0\u00a0\u00a0\u00a0\u00a0 \u00a0\u00a0\u00a0\u00a0\u00a0\u00a0\u00a0\u00a0\u00a0\u00a0\u00a0\u00a0\u00a0\u00a0\u00a0\u00a0\u00a0\u00a0\u00a0\u00a0\u00a0\u00a0\u00a0\u00a0\u00a0\u00a0\u00a0\u00a0\u00a0\u00a0\u00a0\u00a0\u00a0\u00a0\u00a0 2020. november 7. (szombat).<\/p> <p><strong>Tudom\u00e1nyos Di\u00e1kk\u00f6ri Konferencia: <\/strong> 2020. november 18. (szerda).<\/p> <p><strong>Ny\u00edlt Nap:<\/strong>\u00a0\u00a0\u00a0\u00a0\u00a0\u00a0\u00a0\u00a0\u00a0\u00a0\u00a0\u00a0\u00a0\u00a0\u00a0\u00a0\u00a0\u00a0\u00a0\u00a0\u00a0\u00a0\u00a0\u00a0\u00a0\u00a0\u00a0\u00a0\u00a0\u00a0\u00a0\u00a0\u00a0\u00a0\u00a0\u00a0\u00a0\u00a0\u00a0\u00a0\u00a0 2020. december 2. (szerda) 15.00 \u00f3ra.<\/p> <p><strong>Vizsgaid\u0151szak <\/strong><\/p> <p>(I-V. \u00e9vfolyam, minden szak:) \u00a0\u00a0\u00a0\u00a0\u00a0\u00a0\u00a0\u00a0\u00a0\u00a0\u00a0 2020. december 21 &#8211; 23. \u00e9s 2021. janu\u00e1r 4- febru\u00e1r 5.<\/p> <p>Rektori, rektorhelyettesi k\u00e9relmek lead\u00e1sa: 2021. febru\u00e1r 4. cs\u00fct\u00f6rt\u00f6k 10.00 \u00f3r\u00e1ig, illetve a febru\u00e1r 5-\u00e9n az adott tant\u00e1rgyb\u00f3l vizsg\u00e1z\u00f3 hallgat\u00f3k r\u00e9sz\u00e9re 2021. febru\u00e1r 5. (p\u00e9ntek) 12.00 \u00f3r\u00e1ig.<\/p> <p>Az energiatakar\u00e9kos \u00fczemeltet\u00e9s \u00e9rdek\u00e9ben 2020. december 24. \u00e9s 2021. janu\u00e1r 1. k\u00f6z\u00f6tt z\u00e1rva lesz az Egyetem, ezen id\u0151szak rendk\u00edv\u00fcli vizsg\u00e1ztat\u00e1s c\u00e9lj\u00e1ra sem jel\u00f6lhet\u0151 ki.<\/p> <p>&nbsp;<\/p> <p><strong>\u00dcnnepnapok, munkasz\u00fcneti napok: <\/strong><\/p> <ol start=\"2020\"> <li>okt\u00f3ber 23. (p\u00e9ntek) az 1956-os Forradalom \u00dcnnepe, november 1. (vas\u00e1rnap) Mindenszentek, 2020. december 24. (cs\u00fct\u00f6rt\u00f6k) Szenteste, 2020. december 25., 26. (p\u00e9ntek, szombat) Kar\u00e1csony, valamint 2021. janu\u00e1r 1. (p\u00e9ntek).<\/li> <\/ol> <p>&nbsp;<\/p> <p><strong>Munkanap- \u00e1thelyez\u00e9s: <\/strong><\/p> <p>Munkanap szombati napok: 2020. augusztus 29., december 12.<\/p> <p>Pihen\u0151nap: augusztus 21. (p\u00e9ntek)<\/p> <p>&nbsp;<\/p> <p><strong><u>M\u00e1sodik f\u00e9l\u00e9v:<\/u><\/strong><\/p> <p><strong>Bejelentkez\u00e9s a m\u00e1sodik f\u00e9l\u00e9vre:<\/strong>\u00a0\u00a0\u00a0\u00a0\u00a0\u00a0\u00a0 2021. febru\u00e1r 8-t\u0151l &#8211; 2021. febru\u00e1r 12-ig szem\u00e9lyesen.<\/p> <p>A NEPTUN- rendszerben:\u00a0\u00a0\u00a0\u00a0\u00a0\u00a0\u00a0\u00a0\u00a0\u00a0\u00a0\u00a0\u00a0\u00a0\u00a0\u00a0\u00a0\u00a0 2021. febru\u00e1r 8. 20.00 \u00f3r\u00e1t\u00f3l &#8211; 2021. febru\u00e1r 12. 23.00 \u00f3r\u00e1ig.<\/p> <p><strong>\u00c1llatorvos doktorr\u00e1 avat\u00f3 diplomaoszt\u00f3 \u00fcnneps\u00e9g: <\/strong>\u00a0\u00a0\u00a0\u00a0\u00a0\u00a0\u00a0\u00a0\u00a0\u00a0\u00a0\u00a0\u00a0 2021. febru\u00e1r 26. (p\u00e9ntek) 10.00 \u00f3ra\u00a0\u00a0(rektori sz\u00fcnet: 10.00 \u00e9s 13.00 \u00f3ra k\u00f6z\u00f6tt).<\/p> <p><strong>Oktat\u00e1si id\u0151szak:<\/strong> 2021.\u00a0febru\u00e1r 8-t\u00f3l 2021. m\u00e1jus 21-ig.<\/p> <p><strong>\u00a0<\/strong><\/p> <p><strong>Hetesi gyakorlat<\/strong> az \u00e1llatorvosi szak (magyar nyelv\u0171 k\u00e9pz\u00e9s) 1., 2., 3. \u00e9vfolyama sz\u00e1m\u00e1ra: 2021. febru\u00e1r 8- m\u00e1jus 7-ig.<\/p> <p><strong>\u00a0<\/strong><\/p> <p><strong>\u00c1llatorvosi Hallgat\u00f3i Koncert: \u00a0\u00a0\u00a0\u00a0\u00a0\u00a0\u00a0\u00a0\u00a0\u00a0\u00a0\u00a0\u00a0\u00a0\u00a0\u00a0\u00a0\u00a0\u00a0\u00a0\u00a0 <\/strong>2021. \u00e1prilis 7. (szerda) 17.00<\/p> <p><strong>\u00c1ll\u00e1sb\u00f6rze:<\/strong>\u00a0\u00a0\u00a0\u00a0\u00a0\u00a0\u00a0\u00a0\u00a0\u00a0\u00a0\u00a0\u00a0\u00a0\u00a0\u00a0\u00a0\u00a0\u00a0\u00a0\u00a0\u00a0\u00a0\u00a0\u00a0\u00a0\u00a0\u00a0\u00a0\u00a0\u00a0\u00a0\u00a0\u00a0\u00a0\u00a0\u00a0\u00a0\u00a0\u00a0\u00a0\u00a0\u00a0\u00a0\u00a0\u00a0\u00a0\u00a0\u00a0\u00a0\u00a0 2021. febru\u00e1r 11. (cs\u00fct\u00f6rt\u00f6k) 10.00 (rektori sz\u00fcnet: 10.00 \u00f3r\u00e1t\u00f3l a magyar nyelv\u0171 k\u00e9pz\u00e9s\u00a0hallgat\u00f3i sz\u00e1m\u00e1ra).<\/p> <p>&nbsp;<\/p> <p><strong>Equus napok:<\/strong> \u00a0\u00a0\u00a0\u00a0\u00a0\u00a0\u00a0\u00a0\u00a0\u00a0\u00a0\u00a0\u00a0\u00a0\u00a0\u00a0\u00a0\u00a0\u00a0\u00a0\u00a0\u00a0\u00a0\u00a0\u00a0\u00a0\u00a0\u00a0\u00a0\u00a0\u00a0\u00a0\u00a0\u00a0\u00a0\u00a0\u00a0\u00a0\u00a0\u00a0\u00a0\u00a0\u00a0\u00a0\u00a0\u00a0 2021. \u00e1prilis 7 &#8211; 11.<\/p> <p><strong>Nemzetk\u00f6zi nap:<\/strong> \u00a0\u00a0\u00a0\u00a0\u00a0\u00a0\u00a0\u00a0\u00a0\u00a0\u00a0\u00a0\u00a0\u00a0\u00a0\u00a0\u00a0\u00a0\u00a0\u00a0\u00a0\u00a0\u00a0\u00a0\u00a0\u00a0\u00a0\u00a0\u00a0\u00a0\u00a0\u00a0\u00a0\u00a0\u00a0\u00a0\u00a0\u00a0\u00a0\u00a0\u00a0\u00a0 2021. \u00e1prilis 7. szerda<\/p> <p><strong>Rektori sz\u00fcnet:<\/strong>\u00a0\u00a0\u00a0\u00a0\u00a0\u00a0\u00a0\u00a0\u00a0\u00a0\u00a0\u00a0\u00a0\u00a0\u00a0\u00a0\u00a0\u00a0\u00a0\u00a0\u00a0\u00a0\u00a0\u00a0\u00a0\u00a0\u00a0\u00a0\u00a0\u00a0\u00a0\u00a0\u00a0\u00a0\u00a0\u00a0\u00a0\u00a0\u00a0\u00a0\u00a0\u00a0\u00a0\u00a0\u00a0 2021. m\u00e1rcius 29-t\u0151l 2021. \u00e1prilis 5-ig.<\/p> <p><strong>Ballag\u00e1s:<\/strong>\u00a0\u00a0\u00a0\u00a0\u00a0\u00a0\u00a0\u00a0\u00a0\u00a0\u00a0\u00a0\u00a0\u00a0\u00a0\u00a0\u00a0\u00a0\u00a0\u00a0\u00a0\u00a0\u00a0\u00a0\u00a0\u00a0\u00a0\u00a0\u00a0\u00a0\u00a0 \u00a0\u00a0\u00a0\u00a0\u00a0\u00a0\u00a0\u00a0\u00a0\u00a0\u00a0\u00a0\u00a0\u00a0\u00a0\u00a0\u00a0\u00a0\u00a0\u00a0\u00a0\u00a0\u00a0 2021. m\u00e1jus 7. (p\u00e9ntek) 13.00 \u00f3ra\u00a0(rektori sz\u00fcnet: 12.00 \u00f3r\u00e1t\u00f3l).<\/p> <p><strong>H\u0151s\u00f6k napja:<\/strong>\u00a0\u00a0\u00a0\u00a0\u00a0\u00a0\u00a0\u00a0\u00a0\u00a0\u00a0\u00a0\u00a0\u00a0\u00a0\u00a0\u00a0\u00a0\u00a0\u00a0\u00a0\u00a0\u00a0\u00a0\u00a0\u00a0\u00a0\u00a0\u00a0\u00a0\u00a0\u00a0\u00a0\u00a0\u00a0\u00a0\u00a0\u00a0\u00a0\u00a0\u00a0\u00a0\u00a0\u00a0\u00a0\u00a0\u00a0\u00a0 2021. m\u00e1jus 28. (p\u00e9ntek) 11.00 \u00f3ra<\/p> <p>&nbsp;<\/p> <p><strong>Z\u00e1r\u00f3vizsga biol\u00f3gusk\u00e9pz\u00e9s:<\/strong><\/p> <p>Diplomadolgozat-lead\u00e1s:\u00a0\u00a0\u00a0\u00a0\u00a0\u00a0\u00a0\u00a0\u00a0\u00a0\u00a0\u00a0\u00a0\u00a0\u00a0\u00a0\u00a0\u00a0\u00a0\u00a0 2021. \u00e1prilis 30.<\/p> <p>Diplomadolgozat-v\u00e9d\u00e9s:<\/p> <ul> <li>2021. j\u00fanius 1. (kedd) biol\u00f3gia BSc<\/li> <li>2021. j\u00fanius 2. (szerda) biol\u00f3gus MSc<\/li> <\/ul> <p>Z\u00e1r\u00f3vizsga:<\/p> <ul> <li>2021. j\u00fanius 22. kedd (BSc),<\/li> <li>2021. j\u00fanius 23. szerda (MSc).<\/li> <\/ul> <p><strong>\u00a0<\/strong><\/p> <p><strong>Vizsgaid\u0151szak<\/strong><\/p> <p>az I &#8211; V. \u00e9vfolyam r\u00e9sz\u00e9re (minden szak):\u00a0\u00a0\u00a0\u00a0\u00a0\u00a0\u00a0\u00a0 2021. m\u00e1jus 25-t\u0151l 2021. j\u00falius 2-ig.<\/p> <p>Rektori, rektorhelyettesi k\u00e9relmek lead\u00e1sa: 2021. j\u00falius 1. cs\u00fct\u00f6rt\u00f6k 10.00 \u00f3r\u00e1ig, illetve a j\u00falius 1-j\u00e9n \u00e9s j\u00falius 2-\u00e1n az adott tant\u00e1rgyb\u00f3l vizsg\u00e1z\u00f3 hallgat\u00f3k r\u00e9sz\u00e9re 2021. j\u00falius 5. (h\u00e9tf\u0151) 10.00 \u00f3r\u00e1ig.<\/p> <p><strong>\u00a0<\/strong><\/p> <p><strong>Biol\u00f3gus diplomaoszt\u00f3 \u00fcnneps\u00e9g:<\/strong>\u00a0\u00a0\u00a0\u00a0\u00a0\u00a0\u00a0\u00a0\u00a0\u00a0\u00a0\u00a0\u00a0\u00a0\u00a0\u00a0\u00a0 2021. j\u00falius 2. (p\u00e9ntek).<\/p> <p>&nbsp;<\/p> <p><strong>\u00dcnnepnapok, munkasz\u00fcneti napok:<\/strong><\/p> <ol start=\"2021\"> <li>m\u00e1rcius 15. (h\u00e9tf\u0151) Nemzeti \u00dcnnep az 1848-as Forradalom \u00fcnnepe, \u00e1prilis 2. (p\u00e9ntek) Nagyp\u00e9ntek, \u00e1prilis 5. (H\u00fasv\u00e9t h\u00e9tf\u0151), m\u00e1jus 1. (szombat) Munka \u00dcnnepe, m\u00e1jus 24. (h\u00e9tf\u0151) (P\u00fcnk\u00f6sd h\u00e9tf\u0151), <strong><em>\u00e1prilis 5. (h\u00e9tf\u0151), az oktat\u00e1si sz\u00fcnet helyett oktat\u00e1si nap \u00e1prilis 10. (szombat) h\u00e9tf\u0151i munkarend szerint. <\/em><\/strong><\/li> <\/ol> <p><strong><u>\u00a0<\/u><\/strong><\/p> <p><strong><u>Szakmai gyakorlatok \u00e1llatorvostan- hallgat\u00f3k sz\u00e1m\u00e1ra<\/u><\/strong><\/p> <ol start=\"2021\"> <li>\u00e9vfolyam: 2 h\u00e9t \u00e1llatteny\u00e9szt\u00e9si \u00a0\u00a0\u00a0\u00a0\u00a0\u00a0\u00a0\u00a0\u00a0\u00a0 2021. j\u00falius 5-t\u00f3l 2021. j\u00falius 16-ig.<\/li> <\/ol> <p>III. \u00e9vfolyam:\u00a0\u00a0 2 h\u00e9t takarm\u00e1nyoz\u00e1stani \u00a0\u00a0\u00a0\u00a0\u00a0\u00a0\u00a0\u00a0\u00a0 2021. j\u00falius 5-t\u00f3l 2021. j\u00falius 16-ig.<\/p> <ol start=\"2021\"> <li>\u00e9vfolyam: 4 h\u00e9t orvosl\u00e1si 2021. j\u00falius 5. \u00e9s 2021. szeptember 3. k\u00f6z\u00f6tt<\/li> <\/ol> <p>(ebb\u0151l <strong>kett\u0151 <\/strong>hetet az Egyetem egyik klinik\u00e1j\u00e1n kell elt\u00f6lteni)<\/p> <p><strong><u>Szakmai gyakorlatok a biol\u00f3gia BSc-szak hallgat\u00f3i sz\u00e1m\u00e1ra<\/u><\/strong><\/p> <ol> <li>\u00e9vfolyam: 2 h\u00e9t Terepgyakorlat 1., 2. \u00a0\u00a0\u00a0\u00a0\u00a0\u00a0\u00a0\u00a0\u00a0\u00a0\u00a0 2021. j\u00falius 5-t\u00f3l 2021. j\u00falius 16-ig.<\/li> <li>\u00e9vfolyam: 2 h\u00e9t Terepgyakorlat 3., 4. 2021. j\u00falius 5-t\u00f3l 2021. j\u00falius 16-ig.<\/li> <\/ol>","protected":false},"excerpt":{"rendered":"<p>A 2020\/2021. tan\u00e9v id\u0151beoszt\u00e1sa m\u00f3dos\u00edtott &nbsp; Els\u0151 f\u00e9l\u00e9v: G\u00f3lyat\u00e1bor:\u00a0\u00a0\u00a0\u00a0\u00a0\u00a0\u00a0\u00a0\u00a0\u00a0\u00a0\u00a0\u00a0\u00a0\u00a0\u00a0\u00a0\u00a0\u00a0\u00a0\u00a0\u00a0\u00a0\u00a0\u00a0\u00a0\u00a0\u00a0\u00a0\u00a0\u00a0\u00a0\u00a0\u00a0\u00a0\u00a0\u00a0\u00a0 2020. augusztus 29 \u2013 szeptember 2. Tan\u00e9vkezd\u00e9s:\u00a0\u00a0\u00a0\u00a0\u00a0\u00a0\u00a0\u00a0\u00a0\u00a0\u00a0\u00a0\u00a0\u00a0\u00a0\u00a0\u00a0\u00a0\u00a0\u00a0\u00a0\u00a0\u00a0\u00a0\u00a0\u00a0\u00a0\u00a0\u00a0\u00a0\u00a0\u00a0\u00a0\u00a0\u00a0\u00a0 2020. szeptember 14. (h\u00e9tf\u0151) Tan\u00e9vnyit\u00f3 \u00fcnneps\u00e9g:\u00a0\u00a0\u00a0\u00a0\u00a0\u00a0\u00a0\u00a0\u00a0\u00a0\u00a0\u00a0\u00a0\u00a0\u00a0\u00a0\u00a0\u00a0\u00a0\u00a0\u00a0\u00a0\u00a0 2020. szeptember 7. (h\u00e9tf\u0151) 10.00 \u00f3ra G\u00f3lyah\u00e9t:\u00a0\u00a0\u00a0\u00a0\u00a0\u00a0\u00a0\u00a0\u00a0\u00a0\u00a0\u00a0\u00a0\u00a0\u00a0\u00a0\u00a0\u00a0\u00a0\u00a0\u00a0\u00a0\u00a0\u00a0\u00a0\u00a0\u00a0\u00a0\u00a0\u00a0\u00a0\u00a0\u00a0\u00a0\u00a0\u00a0\u00a0\u00a0\u00a0\u00a0\u00a0\u00a0 2020. szeptember 14 \u201318-ig. Beiratkoz\u00e1s I. \u00e9vf. hallgat\u00f3k r\u00e9sz\u00e9re: 2020. szeptember 7. (h\u00e9tf\u0151) \u00a013.00 \u00f3ra \u00e1llatorvosi szak, \u00a014.00 \u00f3ra biol\u00f3gia BSc, illetve biol\u00f3gus MSc szak. A<\/p>\n","protected":false},"author":5823,"featured_media":0,"parent":635,"menu_order":109,"comment_status":"closed","ping_status":"closed","template":"","meta":{"_acf_changed":false,"footnotes":""},"categories":[],"tags":[],"class_list":["post-52140","page","type-page","status-publish","hentry"],"acf":[],"_links":{"self":[{"href":"https:\/\/univet.hu\/hu\/wp-json\/wp\/v2\/pages\/52140","targetHints":{"allow":["GET"]}}],"collection":[{"href":"https:\/\/univet.hu\/hu\/wp-json\/wp\/v2\/pages"}],"about":[{"href":"https:\/\/univet.hu\/hu\/wp-json\/wp\/v2\/types\/page"}],"author":[{"embeddable":true,"href":"https:\/\/univet.hu\/hu\/wp-json\/wp\/v2\/users\/5823"}],"replies":[{"embeddable":true,"href":"https:\/\/univet.hu\/hu\/wp-json\/wp\/v2\/comments?post=52140"}],"version-history":[{"count":0,"href":"https:\/\/univet.hu\/hu\/wp-json\/wp\/v2\/pages\/52140\/revisions"}],"up":[{"embeddable":true,"href":"https:\/\/univet.hu\/hu\/wp-json\/wp\/v2\/pages\/635"}],"wp:attachment":[{"href":"https:\/\/univet.hu\/hu\/wp-json\/wp\/v2\/media?parent=52140"}],"wp:term":[{"taxonomy":"category","embeddable":true,"href":"https:\/\/univet.hu\/hu\/wp-json\/wp\/v2\/categories?post=52140"},{"taxonomy":"post_tag","embeddable":true,"href":"https:\/\/univet.hu\/hu\/wp-json\/wp\/v2\/tags?post=52140"}],"curies":[{"name":"wp","href":"https:\/\/api.w.org\/{rel}","templated":true}]}}