{"id":52217,"date":"2020-04-02T14:05:56","date_gmt":"2020-04-02T12:05:56","guid":{"rendered":"https:\/\/univet.hu\/hu\/egyetem\/munkatarsak\/new-staff-member-page-4\/"},"modified":"2026-02-10T03:59:35","modified_gmt":"2026-02-10T02:59:35","slug":"hartmann-krisztina","status":"publish","type":"page","link":"https:\/\/univet.hu\/hu\/egyetem\/munkatarsak\/hartmann-krisztina\/","title":{"rendered":"Hartmann Krisztina"},"content":{"rendered":"<p>&nbsp;<\/p> <p><strong>Bemutatkoz\u00e1s<\/strong><\/p> <p>Az ELTE-n v\u00e9gezte tanulm\u00e1nyait. El\u0151sz\u00f6r nyelviskolai angoltan\u00e1rk\u00e9nt dolgozott, majd az IT-szektorban kamatoztatta nyelvtud\u00e1s\u00e1t \u00e9s szerzett informatikai ismereteket. Ezt k\u00f6vet\u0151en visszat\u00e9rt a nyelviskolai nyelvoktat\u00e1shoz \u00e9s gyermekek angol nyelvtan\u00edt\u00e1s\u00e1val foglalkozott, illetve mag\u00e1ntan\u00e1rk\u00e9nt v\u00e9gzett nyelvoktat\u00f3i munk\u00e1t. Az \u00c1llatorvostudom\u00e1nyi Egyetemen 2018 \u00f3ta dolgozik. A magyar nyelv\u0171 k\u00e9pz\u00e9sben latin \u00e1llatorvosi szaknyelvet, az angol nyelv\u0171 k\u00e9pz\u00e9sben szint\u00e9n latint, valamint \u00e1ltal\u00e1nos magyar nyelvet tan\u00edt.<\/p>","protected":false},"excerpt":{"rendered":"<p>&nbsp; Bemutatkoz\u00e1s Az ELTE-n v\u00e9gezte tanulm\u00e1nyait. El\u0151sz\u00f6r nyelviskolai angoltan\u00e1rk\u00e9nt dolgozott, majd az IT-szektorban kamatoztatta nyelvtud\u00e1s\u00e1t \u00e9s szerzett informatikai ismereteket. Ezt k\u00f6vet\u0151en visszat\u00e9rt a nyelviskolai nyelvoktat\u00e1shoz \u00e9s gyermekek angol nyelvtan\u00edt\u00e1s\u00e1val foglalkozott, illetve mag\u00e1ntan\u00e1rk\u00e9nt v\u00e9gzett nyelvoktat\u00f3i munk\u00e1t. Az \u00c1llatorvostudom\u00e1nyi Egyetemen 2018 \u00f3ta dolgozik. A magyar nyelv\u0171 k\u00e9pz\u00e9sben latin \u00e1llatorvosi szaknyelvet, az angol nyelv\u0171 k\u00e9pz\u00e9sben szint\u00e9n latint, valamint<\/p>\n","protected":false},"author":5824,"featured_media":0,"parent":858,"menu_order":41,"comment_status":"open","ping_status":"open","template":"","meta":{"_acf_changed":false,"footnotes":""},"categories":[],"tags":[],"class_list":["post-52217","page","type-page","status-publish","hentry"],"acf":[],"_links":{"self":[{"href":"https:\/\/univet.hu\/hu\/wp-json\/wp\/v2\/pages\/52217","targetHints":{"allow":["GET"]}}],"collection":[{"href":"https:\/\/univet.hu\/hu\/wp-json\/wp\/v2\/pages"}],"about":[{"href":"https:\/\/univet.hu\/hu\/wp-json\/wp\/v2\/types\/page"}],"author":[{"embeddable":true,"href":"https:\/\/univet.hu\/hu\/wp-json\/wp\/v2\/users\/5824"}],"replies":[{"embeddable":true,"href":"https:\/\/univet.hu\/hu\/wp-json\/wp\/v2\/comments?post=52217"}],"version-history":[{"count":1,"href":"https:\/\/univet.hu\/hu\/wp-json\/wp\/v2\/pages\/52217\/revisions"}],"predecessor-version":[{"id":199504,"href":"https:\/\/univet.hu\/hu\/wp-json\/wp\/v2\/pages\/52217\/revisions\/199504"}],"up":[{"embeddable":true,"href":"https:\/\/univet.hu\/hu\/wp-json\/wp\/v2\/pages\/858"}],"wp:attachment":[{"href":"https:\/\/univet.hu\/hu\/wp-json\/wp\/v2\/media?parent=52217"}],"wp:term":[{"taxonomy":"category","embeddable":true,"href":"https:\/\/univet.hu\/hu\/wp-json\/wp\/v2\/categories?post=52217"},{"taxonomy":"post_tag","embeddable":true,"href":"https:\/\/univet.hu\/hu\/wp-json\/wp\/v2\/tags?post=52217"}],"curies":[{"name":"wp","href":"https:\/\/api.w.org\/{rel}","templated":true}]}}