{"id":52223,"date":"2020-04-02T14:23:54","date_gmt":"2020-04-02T12:23:54","guid":{"rendered":"https:\/\/univet.hu\/?page_id=52223"},"modified":"2021-10-28T14:00:53","modified_gmt":"2021-10-28T12:00:53","slug":"otdk2021","status":"publish","type":"page","link":"https:\/\/univet.hu\/hu\/otdk2021\/","title":{"rendered":"OTDK 2021"},"content":{"rendered":"<p>&nbsp;<\/p> <p>&nbsp;<\/p> <p><span class=\"emphasis\" style=\"font-size: 14pt;\">\u00dcdv\u00f6z\u00f6lj\u00fck a 35. OTDK Agr\u00e1rtudom\u00e1nyi szekci\u00f3j\u00e1nak honlapj\u00e1n<\/span><\/p> <p>&nbsp;<\/p> <p>Tov\u00e1bbi inform\u00e1ci\u00f3k\u00e9rt kattintson a jobb oldali men\u00fcpontokra.<\/p> <p><span class=\"emphasis\" style=\"font-size: 14pt;\">Az OTDK Plusz esem\u00e9ny d\u00e1tuma: 2021. augusztus 31.<\/span><\/p> <h4><em>Az esem\u00e9nyt online k\u00f6zvet\u00edtj\u00fck.<\/em><\/h4> <h4><em><span style=\"color: #ff0000; font-size: 14pt;\">A k\u00f6zvet\u00edt\u00e9shez val\u00f3 csatlakoz\u00e1shoz kattintson <a href=\"https:\/\/teams.microsoft.com\/l\/meetup-join\/19%3ameeting_NWFkNTEzZDktZDgzYi00MzIyLThiNWMtZDU1YmJjYjIxYmQ5%40thread.v2\/0?context=%7b%22Tid%22%3a%223d888f70-bd6a-4491-8913-da9d1bafc747%22%2c%22Oid%22%3a%229ae2e007-9de9-4393-9387-4a957a569e0f%22%2c%22IsBroadcastMeeting%22%3atrue%7d\">IDE<\/a>.<\/span><\/em><\/h4> <p><span class=\"emphasis\">Program:<\/span><\/p> <p><a href=\"https:\/\/univet.hu\/en\/otdk2021\/otdk-plusz-program-210824-1\/\"><img loading=\"lazy\" decoding=\"async\" class=\"alignleft wp-image-67310 size-medium\" src=\"https:\/\/univet.hu\/wp-content\/uploads\/2021\/08\/OTDK-Plusz-Program-210824-1-226x320.jpg\" alt=\"\" width=\"226\" height=\"320\" srcset=\"https:\/\/univet.hu\/wp-content\/uploads\/2021\/08\/OTDK-Plusz-Program-210824-1-226x320.jpg 226w, https:\/\/univet.hu\/wp-content\/uploads\/2021\/08\/OTDK-Plusz-Program-210824-1-768x1086.jpg 768w, https:\/\/univet.hu\/wp-content\/uploads\/2021\/08\/OTDK-Plusz-Program-210824-1-679x960.jpg 679w, https:\/\/univet.hu\/wp-content\/uploads\/2021\/08\/OTDK-Plusz-Program-210824-1.jpg 1654w\" sizes=\"auto, (max-width: 226px) 100vw, 226px\" \/><\/a><\/p> <p>&nbsp;<\/p> <p>&nbsp;<\/p> <p>&nbsp;<\/p> <p>&nbsp;<\/p> <p>&nbsp;<\/p> <p>&nbsp;<\/p> <p>&nbsp;<\/p> <p>&nbsp;<\/p> <p>&nbsp;<\/p> <p><a href=\"https:\/\/otdk.hu\/igazolas-keres\"><strong>Igazol\u00e1s k\u00e9r\u00e9se itt lehets\u00e9ges<\/strong><\/a><\/p> <p><strong>N\u00e9zze vissza a Megnyit\u00f3 esem\u00e9nyt:<\/strong><\/p> <p><iframe loading=\"lazy\" title=\"YouTube video player\" src=\"https:\/\/www.youtube.com\/embed\/mwmpUAp1xj0\" width=\"560\" height=\"315\" frameborder=\"0\" allowfullscreen=\"allowfullscreen\"><\/iframe><\/p> <p><strong>N\u00e9zze vissza a Z\u00e1r\u00f3esem\u00e9nyt:<\/strong><\/p> <p><iframe loading=\"lazy\" title=\"YouTube video player\" src=\"https:\/\/www.youtube.com\/embed\/pL3Qgn0Z8ys\" width=\"560\" height=\"315\" frameborder=\"0\" allowfullscreen=\"allowfullscreen\"><\/iframe><\/p> <p>&nbsp;<\/p> <p>&nbsp;<\/p> <p>&nbsp;<\/p> <p>&nbsp;<\/p> <p>F\u0151 t\u00e1mogat\u00f3k:<\/p> <p>&nbsp;<\/p> <p><strong><em>\u201eA program az Innov\u00e1ci\u00f3s \u00e9s Technol\u00f3giai Miniszt\u00e9rium Nemzeti Kutat\u00e1si, Fejleszt\u00e9si \u00e9s Innov\u00e1ci\u00f3s Alapb\u00f3l biztos\u00edtott t\u00e1mogat\u00e1ssal, az NKFI Hivatallal k\u00f6t\u00f6tt 2020-2.1.1-ED-2020-00035 sz\u00e1m\u00fa t\u00e1mogat\u00e1si szerz\u0151d\u00e9s alapj\u00e1n val\u00f3sul meg\u201d<\/em><\/strong><\/p> <p><a href=\"https:\/\/univet.hu\/wp-content\/uploads\/2021\/10\/NKFIA_infoblokk_projekt_fekvo_2019_HU.jpg\"><img loading=\"lazy\" decoding=\"async\" class=\"aligncenter size-medium wp-image-69094\" src=\"https:\/\/univet.hu\/wp-content\/uploads\/2021\/10\/NKFIA_infoblokk_projekt_fekvo_2019_HU-320x75.jpg\" alt=\"\" width=\"320\" height=\"75\" srcset=\"https:\/\/univet.hu\/wp-content\/uploads\/2021\/10\/NKFIA_infoblokk_projekt_fekvo_2019_HU-320x75.jpg 320w, https:\/\/univet.hu\/wp-content\/uploads\/2021\/10\/NKFIA_infoblokk_projekt_fekvo_2019_HU-768x180.jpg 768w, https:\/\/univet.hu\/wp-content\/uploads\/2021\/10\/NKFIA_infoblokk_projekt_fekvo_2019_HU-960x225.jpg 960w, https:\/\/univet.hu\/wp-content\/uploads\/2021\/10\/NKFIA_infoblokk_projekt_fekvo_2019_HU.jpg 1110w\" sizes=\"auto, (max-width: 320px) 100vw, 320px\" \/><\/a><\/p> <p><a href=\"https:\/\/www.kormany.hu\/hu\/innovacios-es-technologiai-miniszterium\"><img loading=\"lazy\" decoding=\"async\" class=\"alignleft wp-image-55269\" src=\"https:\/\/univet.hu\/wp-content\/uploads\/2020\/06\/itm-320x250.jpg\" alt=\"\" width=\"182\" height=\"95\" srcset=\"https:\/\/univet.hu\/wp-content\/uploads\/2020\/06\/itm-320x168.jpg 320w, https:\/\/univet.hu\/wp-content\/uploads\/2020\/06\/itm.jpg 477w\" sizes=\"auto, (max-width: 182px) 100vw, 182px\" \/><\/a><a href=\"https:\/\/mezohegyesbirtok.hu\/\"><img loading=\"lazy\" decoding=\"async\" class=\"alignnone wp-image-63197\" src=\"https:\/\/univet.hu\/wp-content\/uploads\/2021\/03\/Fig.2_Embl\u00e9ma_M-03-320x320.png\" alt=\"\" width=\"90\" height=\"90\" srcset=\"https:\/\/univet.hu\/wp-content\/uploads\/2021\/03\/Fig.2_Embl\u00e9ma_M-03-320x320.png 320w, https:\/\/univet.hu\/wp-content\/uploads\/2021\/03\/Fig.2_Embl\u00e9ma_M-03-768x768.png 768w, https:\/\/univet.hu\/wp-content\/uploads\/2021\/03\/Fig.2_Embl\u00e9ma_M-03-960x960.png 960w, https:\/\/univet.hu\/wp-content\/uploads\/2021\/03\/Fig.2_Embl\u00e9ma_M-03-640x640.png 640w\" sizes=\"auto, (max-width: 90px) 100vw, 90px\" \/>\u00a0<\/a>\u00a0 \u00a0<a href=\"https:\/\/kormany.hu\/agrarminiszterium\"><img loading=\"lazy\" decoding=\"async\" class=\"alignleft wp-image-63191\" src=\"https:\/\/univet.hu\/wp-content\/uploads\/2021\/03\/agrarminiszterium.png\" alt=\"\" width=\"150\" height=\"102\" \/><\/a><a href=\"https:\/\/www.kormany.hu\/hu\/emberi-eroforrasok-miniszteriuma\"><img loading=\"lazy\" decoding=\"async\" class=\"alignleft wp-image-55268\" src=\"https:\/\/univet.hu\/wp-content\/uploads\/2020\/06\/emmi-320x320.jpg\" alt=\"\" width=\"146\" height=\"100\" srcset=\"https:\/\/univet.hu\/wp-content\/uploads\/2020\/06\/emmi-320x219.jpg 320w, https:\/\/univet.hu\/wp-content\/uploads\/2020\/06\/emmi.jpg 512w\" sizes=\"auto, (max-width: 146px) 100vw, 146px\" \/><\/a><a href=\"https:\/\/mta.hu\/\" rel=\"https:\/\/mta.hu\/\"><img loading=\"lazy\" decoding=\"async\" class=\"alignleft wp-image-55265\" src=\"https:\/\/univet.hu\/wp-content\/uploads\/2020\/06\/MTA-logo-320x320.png\" alt=\"\" width=\"76\" height=\"100\" srcset=\"https:\/\/univet.hu\/wp-content\/uploads\/2020\/06\/MTA-logo-242x320.png 242w, https:\/\/univet.hu\/wp-content\/uploads\/2020\/06\/MTA-logo.png 566w\" sizes=\"auto, (max-width: 76px) 100vw, 76px\" \/><\/a><\/p>","protected":false},"excerpt":{"rendered":"<p>&nbsp; &nbsp; \u00dcdv\u00f6z\u00f6lj\u00fck a 35. OTDK Agr\u00e1rtudom\u00e1nyi szekci\u00f3j\u00e1nak honlapj\u00e1n &nbsp; Tov\u00e1bbi inform\u00e1ci\u00f3k\u00e9rt kattintson a jobb oldali men\u00fcpontokra. Az OTDK Plusz esem\u00e9ny d\u00e1tuma: 2021. augusztus 31. Az esem\u00e9nyt online k\u00f6zvet\u00edtj\u00fck. A k\u00f6zvet\u00edt\u00e9shez val\u00f3 csatlakoz\u00e1shoz kattintson IDE. Program: &nbsp; &nbsp; &nbsp; &nbsp; &nbsp; &nbsp; &nbsp; &nbsp; &nbsp; Igazol\u00e1s k\u00e9r\u00e9se itt lehets\u00e9ges N\u00e9zze vissza a Megnyit\u00f3 esem\u00e9nyt: N\u00e9zze<\/p>\n","protected":false},"author":2518,"featured_media":0,"parent":0,"menu_order":39,"comment_status":"closed","ping_status":"closed","template":"","meta":{"_acf_changed":false,"footnotes":""},"categories":[],"tags":[],"class_list":["post-52223","page","type-page","status-publish","hentry"],"acf":[],"_links":{"self":[{"href":"https:\/\/univet.hu\/hu\/wp-json\/wp\/v2\/pages\/52223","targetHints":{"allow":["GET"]}}],"collection":[{"href":"https:\/\/univet.hu\/hu\/wp-json\/wp\/v2\/pages"}],"about":[{"href":"https:\/\/univet.hu\/hu\/wp-json\/wp\/v2\/types\/page"}],"author":[{"embeddable":true,"href":"https:\/\/univet.hu\/hu\/wp-json\/wp\/v2\/users\/2518"}],"replies":[{"embeddable":true,"href":"https:\/\/univet.hu\/hu\/wp-json\/wp\/v2\/comments?post=52223"}],"version-history":[{"count":0,"href":"https:\/\/univet.hu\/hu\/wp-json\/wp\/v2\/pages\/52223\/revisions"}],"wp:attachment":[{"href":"https:\/\/univet.hu\/hu\/wp-json\/wp\/v2\/media?parent=52223"}],"wp:term":[{"taxonomy":"category","embeddable":true,"href":"https:\/\/univet.hu\/hu\/wp-json\/wp\/v2\/categories?post=52223"},{"taxonomy":"post_tag","embeddable":true,"href":"https:\/\/univet.hu\/hu\/wp-json\/wp\/v2\/tags?post=52223"}],"curies":[{"name":"wp","href":"https:\/\/api.w.org\/{rel}","templated":true}]}}