{"id":52225,"date":"2020-04-02T14:34:06","date_gmt":"2020-04-02T12:34:06","guid":{"rendered":"https:\/\/univet.hu\/hu\/egyetem\/munkatarsak\/new-staff-member-page-4\/"},"modified":"2026-02-10T03:55:39","modified_gmt":"2026-02-10T02:55:39","slug":"lukacs-andras","status":"publish","type":"page","link":"https:\/\/univet.hu\/hu\/egyetem\/munkatarsak\/lukacs-andras\/","title":{"rendered":"Luk\u00e1cs Andr\u00e1s"},"content":{"rendered":"<p><strong>Bemutatkoz\u00e1s<\/strong><\/p> <p>Latinb\u00f3l, olaszb\u00f3l, angolb\u00f3l \u00e9s magyar mint idegen nyelvb\u0151l szerzett diplom\u00e1t, valamint nyelvtudom\u00e1nyokb\u00f3l doktori fokozatot az E\u00f6tv\u00f6s Lor\u00e1nd Tudom\u00e1nyegyetem B\u00f6lcs\u00e9szettudom\u00e1nyi Kar\u00e1n. 2006 \u00f3ta tan\u00edt k\u00fcl\u00f6nb\u00f6z\u0151 fels\u0151oktat\u00e1si int\u00e9zm\u00e9nyekben. \u00a0Az oktat\u00e1s \u00e9s tananyagfejleszt\u00e9s mellett tudom\u00e1nyos \u00e9s ismeretterjeszt\u0151 publik\u00e1ci\u00f3s tev\u00e9kenys\u00e9get is folytat.<\/p> <p>Az \u00c1llatorvostudom\u00e1nyi Egyetemen magyar nyelvi szemin\u00e1riumokat, valamint a magyar kult\u00far\u00e1ba bevezet\u0151 el\u0151ad\u00e1st tart az angol \u00e9s a n\u00e9met nyelv\u0171 k\u00e9pz\u00e9sben.<\/p>","protected":false},"excerpt":{"rendered":"<p>Bemutatkoz\u00e1s Latinb\u00f3l, olaszb\u00f3l, angolb\u00f3l \u00e9s magyar mint idegen nyelvb\u0151l szerzett diplom\u00e1t, valamint nyelvtudom\u00e1nyokb\u00f3l doktori fokozatot az E\u00f6tv\u00f6s Lor\u00e1nd Tudom\u00e1nyegyetem B\u00f6lcs\u00e9szettudom\u00e1nyi Kar\u00e1n. 2006 \u00f3ta tan\u00edt k\u00fcl\u00f6nb\u00f6z\u0151 fels\u0151oktat\u00e1si int\u00e9zm\u00e9nyekben. \u00a0Az oktat\u00e1s \u00e9s tananyagfejleszt\u00e9s mellett tudom\u00e1nyos \u00e9s ismeretterjeszt\u0151 publik\u00e1ci\u00f3s tev\u00e9kenys\u00e9get is folytat. Az \u00c1llatorvostudom\u00e1nyi Egyetemen magyar nyelvi szemin\u00e1riumokat, valamint a magyar kult\u00far\u00e1ba bevezet\u0151 el\u0151ad\u00e1st tart az angol \u00e9s<\/p>\n","protected":false},"author":5824,"featured_media":0,"parent":858,"menu_order":0,"comment_status":"open","ping_status":"open","template":"","meta":{"_acf_changed":false,"footnotes":""},"categories":[],"tags":[],"class_list":["post-52225","page","type-page","status-publish","hentry"],"acf":[],"_links":{"self":[{"href":"https:\/\/univet.hu\/hu\/wp-json\/wp\/v2\/pages\/52225","targetHints":{"allow":["GET"]}}],"collection":[{"href":"https:\/\/univet.hu\/hu\/wp-json\/wp\/v2\/pages"}],"about":[{"href":"https:\/\/univet.hu\/hu\/wp-json\/wp\/v2\/types\/page"}],"author":[{"embeddable":true,"href":"https:\/\/univet.hu\/hu\/wp-json\/wp\/v2\/users\/5824"}],"replies":[{"embeddable":true,"href":"https:\/\/univet.hu\/hu\/wp-json\/wp\/v2\/comments?post=52225"}],"version-history":[{"count":1,"href":"https:\/\/univet.hu\/hu\/wp-json\/wp\/v2\/pages\/52225\/revisions"}],"predecessor-version":[{"id":199333,"href":"https:\/\/univet.hu\/hu\/wp-json\/wp\/v2\/pages\/52225\/revisions\/199333"}],"up":[{"embeddable":true,"href":"https:\/\/univet.hu\/hu\/wp-json\/wp\/v2\/pages\/858"}],"wp:attachment":[{"href":"https:\/\/univet.hu\/hu\/wp-json\/wp\/v2\/media?parent=52225"}],"wp:term":[{"taxonomy":"category","embeddable":true,"href":"https:\/\/univet.hu\/hu\/wp-json\/wp\/v2\/categories?post=52225"},{"taxonomy":"post_tag","embeddable":true,"href":"https:\/\/univet.hu\/hu\/wp-json\/wp\/v2\/tags?post=52225"}],"curies":[{"name":"wp","href":"https:\/\/api.w.org\/{rel}","templated":true}]}}