{"id":52315,"date":"2020-04-07T15:51:17","date_gmt":"2020-04-07T13:51:17","guid":{"rendered":"https:\/\/univet.hu\/hu\/egyetem\/munkatarsak\/kerek-adam\/"},"modified":"2026-02-10T03:58:03","modified_gmt":"2026-02-10T02:58:03","slug":"kerek-adam","status":"publish","type":"page","link":"https:\/\/univet.hu\/hu\/egyetem\/munkatarsak\/kerek-adam\/","title":{"rendered":"Kerek \u00c1d\u00e1m"},"content":{"rendered":"<p><span style=\"font-family: impact, sans-serif;font-size: 14pt\">Bemutatkoz\u00e1s<\/span><\/p> <p align=\"justify\">Dr. Kerek \u00c1d\u00e1m Gy\u00f6ngy\u00f6s\u00f6n sz\u00fcletett, gimn\u00e1ziumi tanulm\u00e1nyait a Berze Nagy J\u00e1nos Gimn\u00e1ziumban v\u00e9gezte. Ezt k\u00f6vet\u0151en a Szent Istv\u00e1n Egyetem Mez\u0151gazdas\u00e1g- \u00e9s K\u00f6rnyezettudom\u00e1nyi Kar\u00e1ra nyert felv\u00e9telt, ahol 2010-ben \u00e1llatteny\u00e9szt\u0151-m\u00e9rn\u00f6k BSc. diplom\u00e1t szerzett. Ezt k\u00f6vet\u0151en sz\u00fcl\u0151faluj\u00e1ban, a Nagyr\u00e9dei K\u00f6zs\u00e9gi \u00d6nkorm\u00e1nyzatn\u00e1l dolgozott 2 \u00e9vet a START K\u00f6zmunkaprogramban, ahol koordin\u00e1ci\u00f3s \u00e9s tervez\u0151 feladatokat l\u00e1tott el. Id\u0151k\u00f6zben elv\u00e9gezte az \u00e1llatorvosi szakseg\u00e9d OKJ-s k\u00e9pz\u00e9st. 2014-ben felv\u00e9telt nyert a Szent Istv\u00e1n Egyetem \u00c1llatorvostudom\u00e1nyi Kar\u00e1ra (2016-t\u00f3l \u00c1llatorvostudom\u00e1nyi Egyetem). 2020 febru\u00e1rban v\u00e9gzett az \u00c1llatorvostudom\u00e1nyi Egyetemen \u00e1llatorvos doktork\u00e9nt summa cum laude min\u0151s\u00edt\u00e9ssel. 2020. m\u00e1rcius\u00e1t\u00f3l a Gy\u00f3gyszertani \u00e9s M\u00e9regtani Tansz\u00e9ken dolgozik \u00e9s az Innov\u00e1ci\u00f3s Iroda tagja. 2021-2023 k\u00f6z\u00f6tt summa cum laude min\u0151s\u00edt\u00e9ssel elv\u00e9gezte az \u00c1llatorvostudom\u00e1nyi Egyetem sert\u00e9s-eg\u00e9szs\u00e9g\u00fcgyi szak\u00e1llatorvosi szakir\u00e1ny\u00fa k\u00e9pz\u00e9s\u00e9t. 2022 \u0151sz\u00e9t\u0151l 2024 augusztus\u00e1ig a Doktorandusz \u00d6nkorm\u00e1nyzat (D\u00d6K) eln\u00f6ke volt, PhD tanulm\u00e1nyait 2024. szeptember\u00e9ben v\u00e9dte meg.<\/p> <p><span style=\"font-family: impact, sans-serif\"><strong>F\u0151bb kutat\u00e1si ter\u00fcletek:<\/strong><\/span><\/p> <ul> <li>antimikrobi\u00e1lis rezisztencia, MIC-\u00e9rt\u00e9k meghat\u00e1roz\u00e1s, ECOFF<\/li> <li>Microbial Evolution and Growth Arena (MEGA-plate) m\u00f3dszerrel t\u00f6rt\u00e9n\u0151 evol\u00faci\u00f3s \u00e9s koszelekci\u00f3s vizsg\u00e1latok<\/li> <li>antimikrobi\u00e1lis rezisztencia g\u00e9nek (ARG) vizsg\u00e1lata<\/li> <li>antibiotikum alternat\u00edv\u00e1k vizsg\u00e1lata (pl.: propolisz, peptidek, n\u00f6v\u00e9nyi kivonatok, probiotikumok)<\/li> <li>fert\u0151tlen\u00edt\u0151szerek hat\u00e9konys\u00e1g\u00e1nak vizsg\u00e1lata<\/li> <li>polimer kompozit vegy\u00fcletek hat\u00e9konys\u00e1g\u00e1nak vizsg\u00e1lata<\/li> <li>parazit\u00e1k vizsg\u00e1lata (pl. <em>Trichomonas<\/em> spp., <em>Histomonas meleagridis<\/em>)<\/li> <\/ul> <hr align=\"center\" size=\"5\" width=\"60%\" \/> <p><strong><span style=\"font-family: impact, sans-serif\">Tanulm\u00e1nyok:<\/span><\/strong><\/p> <table style=\"height: 169px;width: 84.5605%\" width=\"851\"> <tbody> <tr> <td style=\"width: 15.7116%;text-align: center\">2021 &#8211; 2023<\/td> <td style=\"width: 83.462%;text-align: center\"> <p>\u00c1llatorvostudom\u00e1nyi Egyetem, Budapest<\/p> <p><strong>sert\u00e9s-eg\u00e9szs\u00e9g\u00fcgyi szak\u00e1llatorvosi k\u00e9pz\u00e9s<\/strong><\/td> <\/tr> <tr> <td style=\"width: 15.7116%;text-align: center\">2020 &#8211; 2024<\/td> <td style=\"width: 83.462%;text-align: center\"> <p>\u00c1llatorvostudom\u00e1nyi Egyetem, Budapest<\/p> <p><strong>PhD-hallgat\u00f3<\/strong><\/td> <\/tr> <tr> <td style=\"width: 15.7116%;text-align: center\">2014-2020<\/td> <td style=\"width: 83.462%;text-align: center\"> <p>\u00c1llatorvostudom\u00e1nyi Egyetem, Budapest<\/p> <p><strong>okleveles \u00e1llatorvos doktor<\/strong>, summa cum laude (kiv\u00e1l\u00f3)<\/td> <\/tr> <tr> <td style=\"width: 15.7116%;text-align: center\">2018-2020<\/td> <td style=\"width: 83.462%;text-align: center\"> <p>\u00c1llatorvostudom\u00e1nyi Egyetem, Budapest<\/p> <p><strong>vadgazd\u00e1lkod\u00e1si szakir\u00e1ny<\/strong><\/td> <\/tr> <tr> <td style=\"width: 15.7116%;text-align: center\">2012<\/td> <td style=\"width: 83.462%;text-align: center\"> <p>VM K\u00f6z\u00e9p-Magyarorsz\u00e1gi Agr\u00e1r-Szakk\u00e9pz\u0151 K\u00f6zpont, Bercs\u00e9nyi Mikl\u00f3s \u00c9lelmiszer-ipari Szakk\u00e9pz\u0151 Iskola, Koll\u00e9gium \u00e9s VM Gyakorl\u00f3iskola, Budapest<\/p> <p><strong>\u00e1llatorvosi, \u00e1llateg\u00e9szs\u00e9g\u00fcgyi szakseg\u00e9d<\/strong><\/td> <\/tr> <tr> <td style=\"width: 15.7116%;text-align: center\">2007-2010<\/td> <td style=\"width: 83.462%;text-align: center\"> <p>Szent Istv\u00e1n Egyetem Mez\u0151gazdas\u00e1g- \u00e9s K\u00f6rnyezettudom\u00e1nyi Kar<\/p> <p><strong>\u00e1llatteny\u00e9szt\u0151 m\u00e9rn\u00f6k<\/strong><\/td> <\/tr> <\/tbody> <\/table> <p>&nbsp;<\/p> <p><span style=\"font-family: impact, sans-serif\">Konferenci\u00e1k, tanulm\u00e1nyutak<\/span><\/p> <table style=\"width: 95.9066%;height: 129px\"> <tbody> <tr> <td style=\"width: 14.9738%;text-align: left\">2025. janu\u00e1r<\/td> <td style=\"width: 84.3979%;text-align: left\">Yale Egyetem (USA)<\/td> <\/tr> <tr> <td style=\"width: 14.9738%;text-align: left\">2024. j\u00fanius<\/td> <td style=\"width: 84.3979%;text-align: left\">17th International Scientific Conference on Probiotics, Prebiotics, Gut Microbiota and Health &#8211; IPC2024 (Pr\u00e1ga)<\/td> <\/tr> <tr> <td style=\"width: 14.9738%;text-align: left\">2024. m\u00e1jus<\/td> <td style=\"width: 84.3979%;text-align: left\">3rd International Conference Antimicrobial Resistance &#8211; current state and perspectives (Novi Sad)<\/td> <\/tr> <tr> <td style=\"width: 14.9738%;text-align: left\">2024. m\u00e1jus<\/td> <td style=\"width: 84.3979%;text-align: left\">XXVII. Tavaszi Sz\u00e9l Konferencia (Budapest)<\/td> <\/tr> <tr> <td style=\"width: 14.9738%;text-align: left\">2024. febru\u00e1r<\/td> <td style=\"width: 84.3979%;text-align: left\">II. Magyar Agr\u00e1rtudom\u00e1nyi Doktoranduszok Szimp\u00f3ziuma 2024 (Budapest)<\/td> <\/tr> <tr> <td style=\"width: 14.9738%;text-align: left\">2024. febru\u00e1r<\/td> <td style=\"width: 84.3979%;text-align: left\">Quantification, Benchmarking and Stewardship of Veterinary Antimicrobial Usage (AACTING), fourth International Conference (B\u00e9cs)<\/td> <\/tr> <tr> <td style=\"width: 14.9738%;text-align: left\">2023. november<\/td> <td style=\"width: 84.3979%;text-align: left\">39. \u00d3v\u00e1ri Tudom\u00e1nyos Nap Konferencia (Mosonmagyar\u00f3v\u00e1r)<\/td> <\/tr> <tr> <td style=\"width: 14.9738%;text-align: left\">2023. j\u00falius<\/td> <td style=\"width: 84.3979%;text-align: left\">15th International Congress of the European Association of Veterinary Pharmacology and Toxicology (Bruges)<\/td> <\/tr> <tr> <td style=\"width: 14.9738%;text-align: left\">2023. febru\u00e1r<\/td> <td style=\"width: 84.3979%;text-align: left\">I. Magyar Agr\u00e1rtudom\u00e1nyi Doktoranduszok Szimp\u00f3ziuma 2023 (Debrecen)<\/td> <\/tr> <\/tbody> <\/table> <p>&nbsp;<\/p> <p><span style=\"font-family: impact, sans-serif\">El\u0151rehalad\u00e1s<\/span><\/p> <table style=\"height: 148px;width: 516px\" width=\"381\"> <tbody> <tr> <td style=\"width: 195.391px;text-align: left\">2025. janu\u00e1r<\/td> <td style=\"width: 304.609px;text-align: left\">egyetemi adjunktus<\/td> <\/tr> <tr> <td style=\"width: 195.391px;text-align: left\">2024. szeptember<\/td> <td style=\"width: 304.609px;text-align: left\">PhD<\/td> <\/tr> <tr> <td style=\"width: 195.391px;text-align: left\">2023. j\u00falius<\/td> <td style=\"width: 304.609px;text-align: left\">egyetemi tan\u00e1rseg\u00e9d<\/td> <\/tr> <tr style=\"height: 24px\"> <td style=\"width: 195.391px;height: 24px;text-align: left\">2023. febru\u00e1r<\/td> <td style=\"width: 304.609px;height: 24px;text-align: left\">sert\u00e9s-eg\u00e9szs\u00e9g\u00fcgyi szak\u00e1llatorvos<\/td> <\/tr> <tr> <td style=\"width: 195.391px;text-align: left\">2022 &#8211; 2024<\/td> <td style=\"width: 304.609px;text-align: left\">D\u00d6K-eln\u00f6k<\/td> <\/tr> <tr style=\"height: 24px\"> <td style=\"width: 195.391px;height: 24px;text-align: left\">2020 &#8211; 2024<\/td> <td style=\"width: 304.609px;height: 24px;text-align: left\">PhD-hallgat\u00f3<\/td> <\/tr> <tr style=\"height: 24px\"> <td style=\"width: 195.391px;height: 24px;text-align: left\">2020 m\u00e1rcius<\/td> <td style=\"width: 304.609px;height: 24px;text-align: left\">tansz\u00e9ki \u00e1llatorvos<\/td> <\/tr> <tr style=\"height: 24px\"> <td style=\"width: 195.391px;height: 24px;text-align: left\">2020 m\u00e1rcius<\/td> <td style=\"width: 304.609px;height: 24px;text-align: left\">Magyar \u00c1llatorvosi Kamara, alaptags\u00e1g<\/td> <\/tr> <\/tbody> <\/table> <p>&nbsp;<\/p> <hr align=\"center\" size=\"5\" width=\"60%\" \/> <p><span style=\"font-family: impact, sans-serif\">Publik\u00e1ci\u00f3s lista (Top10)<\/span><\/p> <p style=\"text-align: center\">MTMT:\u00a0<a href=\"https:\/\/m2.mtmt.hu\/gui2\/?type=authors&amp;mode=browse&amp;sel=authors10073038\">https:\/\/m2.mtmt.hu\/gui2\/?type=authors&amp;mode=browse&amp;sel=authors10073038<\/a><\/p> <table style=\"height: 86px;width: 1140px\" width=\"1140\"> <tbody> <tr style=\"height: 86px\"> <td style=\"width: 36px;height: 86px;text-align: center\">1.<\/td> <td style=\"width: 1088px;height: 86px\"> <div class=\"authors\"><span class=\"author-name\">Remport, \u00c1gnes\u00a0<\/span>;\u00a0<span class=\"author-name\"><a href=\"https:\/\/m2.mtmt.hu\/gui2\/?type=authors&amp;mode=browse&amp;sel=10034911\" target=\"_blank\" rel=\"noopener\">M\u00e1tis, G\u00e1bor<\/a>\u00a0<\/span>;\u00a0<span class=\"author-name\">Juh\u00e1sz, Orsolya\u00a0<\/span>;\u00a0<span class=\"author-name\"><a href=\"https:\/\/m2.mtmt.hu\/gui2\/?type=authors&amp;mode=browse&amp;sel=10073038\" target=\"_blank\" rel=\"noopener\">Kerek, \u00c1d\u00e1m<\/a>\u00a0<\/span>;\u00a0<span class=\"author-name\"><a href=\"https:\/\/m2.mtmt.hu\/gui2\/?type=authors&amp;mode=browse&amp;sel=10002318\" target=\"_blank\" rel=\"noopener\">Neogr\u00e1dy, Zsuzsanna:\u00a0<\/a><\/span><a href=\"https:\/\/m2.mtmt.hu\/gui2\/?mode=browse&amp;params=publication;31400899\" target=\"_blank\" rel=\"noopener\">A xilitm\u00e9rgez\u00e9s kialakul\u00e1s\u00e1nak mechanizmusa kuty\u00e1ban<span class=\"subTitle\">: Irodalmi \u00f6sszefoglal\u00f3.\u00a0<\/span><\/a><span class=\"journal-title\">MAGYAR \u00c1LLATORVOSOK LAPJA<\/span>\u00a0<span class=\"journal-volume\">140<\/span>\u00a0:\u00a0<span class=\"journal-issue\">2<\/span>\u00a0<span class=\"page\">pp. 109-117. , 9 p.<\/span>\u00a0<span class=\"year\">(2018)<\/span><\/div> <\/td> <\/tr> <tr> <td style=\"width: 36px;text-align: center\">2.<\/td> <td style=\"width: 1088px\"> <div class=\"authors\"> <p>Kerek \u00c1d\u00e1m &#8211; B\u00e1r\u00e1ny Zolt\u00e1n &#8211; Sterczer \u00c1gnes &#8211; J\u00f3cs\u00e1k Gergely: A neuroinflamm\u00e1ci\u00f3 k\u00f3rfolyamata \u00e9s egyes ter\u00e1pi\u00e1s vonatkoz\u00e1sai : Irodalmi \u00f6sszefoglal\u00f3 . &#8211; In: Magyar \u00e1llatorvosok lapja, ISSN 0025-004X , 2020. (142. \u00e9vf.), 12. sz., 755-767. p.<\/p> <\/div> <\/td> <\/tr> <tr> <td style=\"width: 36px;text-align: center\">3.<\/td> <td style=\"width: 1088px\"> <div class=\"authors\"> <p>Kerek, \u00c1., Sterczer, \u00c1., Somogyi, Z., Kov\u00e1cs, D., and Jerzsele, \u00c1. (2021). Investigation of the environmental presence of multidrug-resistant bacteria at small animal hospitals in Hungary.\u00a0<em>Acta Veterinaria Hungarica<\/em>\u00a068, 4, 387-392, available from: &lt;<a href=\"https:\/\/doi.org\/10.1556\/004.2020.00055\" target=\"_blank\" rel=\"noopener\">\u00a0https:\/\/doi.org\/10.1556\/004.2020.00055<\/a><\/p> <\/div> <\/td> <\/tr> <tr> <td style=\"width: 36px;text-align: center\">4.<\/td> <td style=\"width: 1088px\"> <div class=\"authors\"> <p>Somogyi, Zolt\u00e1n ; Mag, Patrik ; Kov\u00e1cs, D\u00f3ra ; Kerek, \u00c1d\u00e1m ; Szab\u00f3, P\u00e1l ; Makrai, L\u00e1szl\u00f3 ; Jerzsele, \u00c1kos: Synovial and Systemic Pharmacokinetics of Florfenicol and PK\/PD Integration against Streptococcus suis in Pigs PHARMACEUTICS 14 : 1 p. 109 (2022)<\/p> <\/div> <\/td> <\/tr> <tr> <td style=\"width: 36px;text-align: center\">5.<\/td> <td style=\"width: 1088px\"> <div class=\"authors\"> <p>Kerek, \u00c1d\u00e1m ; Csan\u00e1dy, P\u00e9ter ; Jerzsele, \u00c1kos: A propolisz bakt\u00e9riumellenes hat\u00e9konys\u00e1ga \u2013 1. r\u00e9sz, MAGYAR \u00c1LLATORVOSOK LAPJA 144 : 5 pp. 285-298. , 14 p. (2022)<\/p> <\/div> <\/td> <\/tr> <tr> <td style=\"width: 36px;text-align: center\">6.<\/td> <td style=\"width: 1088px\"> <div class=\"authors\"> <p>Kerek, \u00c1d\u00e1m ; T\u00f6r\u00f6k, Bence ; Jerzsele, \u00c1kos: MEGA-plate \u2013 \u00daj evol\u00faci\u00f3s \u00e9s koszelekci\u00f3s mikrobiol\u00f3giai vizsg\u00e1lati m\u00f3dszer, MAGYAR \u00c1LLATORVOSOK LAPJA 144 : 7 pp. 429-439. , 11 p. (2022)<\/p> <\/div> <\/td> <\/tr> <tr> <td style=\"width: 36px;text-align: center\">7.<\/td> <td style=\"width: 1088px\"> <div class=\"authors\"> <p>Kerek, \u00c1d\u00e1m ; Sasv\u00e1ri, M\u00e1ty\u00e1s ; Jerzsele, \u00c1kos ; Somogyi, Zolt\u00e1n ; Janov\u00e1k, L\u00e1szl\u00f3 ; Abonyi-T\u00f3th, Zsolt ; D\u00e9k\u00e1ny, Imre: Photoreactive Coating Material as an Effective and Durable Antimicrobial Composite in Reducing Bacterial Load on Surfaces in Livestock, BIOMEDICINES 10 : 9 p. 2312 (2022)<\/p> <\/div> <\/td> <\/tr> <tr> <td style=\"width: 36px;text-align: center\">8.<\/td> <td style=\"width: 1088px\"> <div class=\"authors\"> <p>Kerek \u00c1d\u00e1m; Csan\u00e1dy P\u00e9ter; Jerzsele \u00c1kos: A propolisz protozoa- \u00e9s gombaellenes hat\u00e9konys\u00e1ga : 2. r\u00e9sz : Irodalmi \u00f6sszefoglal\u00f3. Magyar \u00e1llatorvosok lapja, ISSN 0025-004X , 2022. (144. \u00e9vf.) 11. sz. 691-704. old.<\/p> <\/div> <\/td> <\/tr> <tr> <td style=\"width: 36px;text-align: center\">9.<\/td> <td style=\"width: 1088px\"> <div class=\"authors\"> <p>Pint\u00e9r Krisztina; Kerek \u00c1d\u00e1m; Magyar Tibor: A Pasteurella multocida t\u00f6rzsek antibiotikum\u00e9rz\u00e9kenys\u00e9ge, az antimikrobi\u00e1lis rezisztencia genetikai h\u00e1ttere: Irodalmi \u00f6sszefoglal\u00f3. Magyar \u00e1llatorvosok lapja, ISSN 0025-004X , 2023. (145. \u00e9vf.) 4. sz. 239-256. old.<\/p> <\/div> <\/td> <\/tr> <tr> <td style=\"width: 36px;text-align: center\">10.<\/td> <td style=\"width: 1088px\"> <div class=\"authors\"> <p>Somogyi, Zolt\u00e1n, Patrik Mag, R\u00e9ka Simon, \u00c1d\u00e1m Kerek, P\u00e1l Szab\u00f3, Ervin Albert, Imre Biksi, and \u00c1kos Jerzsele. 2023. &#8222;Pharmacokinetics and Pharmacodynamics of Florfenicol in Plasma and Synovial Fluid of Pigs at a Dose of 30 mg\/kg<sub>bw<\/sub>\u00a0Following Intramuscular Administration&#8221;\u00a0<em>Antibiotics<\/em>\u00a012, no. 4: 758. https:\/\/doi.org\/10.3390\/antibiotics12040758<\/p> <\/div> <\/td> <\/tr> <\/tbody> <\/table> <p>&nbsp;<\/p> <p>&nbsp;<\/p> <p>(Friss\u00edtve: 2025. janu\u00e1r)<\/p>","protected":false},"excerpt":{"rendered":"<p>Bemutatkoz\u00e1s Dr. Kerek \u00c1d\u00e1m Gy\u00f6ngy\u00f6s\u00f6n sz\u00fcletett, gimn\u00e1ziumi tanulm\u00e1nyait a Berze Nagy J\u00e1nos Gimn\u00e1ziumban v\u00e9gezte. Ezt k\u00f6vet\u0151en a Szent Istv\u00e1n Egyetem Mez\u0151gazdas\u00e1g- \u00e9s K\u00f6rnyezettudom\u00e1nyi Kar\u00e1ra nyert felv\u00e9telt, ahol 2010-ben \u00e1llatteny\u00e9szt\u0151-m\u00e9rn\u00f6k BSc. diplom\u00e1t szerzett. Ezt k\u00f6vet\u0151en sz\u00fcl\u0151faluj\u00e1ban, a Nagyr\u00e9dei K\u00f6zs\u00e9gi \u00d6nkorm\u00e1nyzatn\u00e1l dolgozott 2 \u00e9vet a START K\u00f6zmunkaprogramban, ahol koordin\u00e1ci\u00f3s \u00e9s tervez\u0151 feladatokat l\u00e1tott el. Id\u0151k\u00f6zben elv\u00e9gezte az<\/p>\n","protected":false},"author":5824,"featured_media":0,"parent":858,"menu_order":37,"comment_status":"open","ping_status":"open","template":"","meta":{"_acf_changed":false,"footnotes":""},"categories":[],"tags":[],"class_list":["post-52315","page","type-page","status-publish","hentry"],"acf":[],"_links":{"self":[{"href":"https:\/\/univet.hu\/hu\/wp-json\/wp\/v2\/pages\/52315","targetHints":{"allow":["GET"]}}],"collection":[{"href":"https:\/\/univet.hu\/hu\/wp-json\/wp\/v2\/pages"}],"about":[{"href":"https:\/\/univet.hu\/hu\/wp-json\/wp\/v2\/types\/page"}],"author":[{"embeddable":true,"href":"https:\/\/univet.hu\/hu\/wp-json\/wp\/v2\/users\/5824"}],"replies":[{"embeddable":true,"href":"https:\/\/univet.hu\/hu\/wp-json\/wp\/v2\/comments?post=52315"}],"version-history":[{"count":5,"href":"https:\/\/univet.hu\/hu\/wp-json\/wp\/v2\/pages\/52315\/revisions"}],"predecessor-version":[{"id":175604,"href":"https:\/\/univet.hu\/hu\/wp-json\/wp\/v2\/pages\/52315\/revisions\/175604"}],"up":[{"embeddable":true,"href":"https:\/\/univet.hu\/hu\/wp-json\/wp\/v2\/pages\/858"}],"wp:attachment":[{"href":"https:\/\/univet.hu\/hu\/wp-json\/wp\/v2\/media?parent=52315"}],"wp:term":[{"taxonomy":"category","embeddable":true,"href":"https:\/\/univet.hu\/hu\/wp-json\/wp\/v2\/categories?post=52315"},{"taxonomy":"post_tag","embeddable":true,"href":"https:\/\/univet.hu\/hu\/wp-json\/wp\/v2\/tags?post=52315"}],"curies":[{"name":"wp","href":"https:\/\/api.w.org\/{rel}","templated":true}]}}