{"id":52317,"date":"2020-04-07T16:00:18","date_gmt":"2020-04-07T14:00:18","guid":{"rendered":"https:\/\/univet.hu\/hu\/egyetem\/munkatarsak\/nagy-gergely\/"},"modified":"2026-04-16T10:20:01","modified_gmt":"2026-04-16T08:20:01","slug":"nagy-gergely","status":"publish","type":"page","link":"https:\/\/univet.hu\/hu\/egyetem\/munkatarsak\/nagy-gergely\/","title":{"rendered":"Nagy Gergely"},"content":{"rendered":"<div class=\"staff_box\"> <div class=\"row\"> <div class=\"col-sm-8 col-md-9\"> <div class=\"staff_infos\"> <div class=\"info\" style=\"padding-left: 40px\"><span style=\"font-size: 12pt\">beszerz\u00e9si \u00fcgyint\u00e9z\u00e9s (p\u00e1ly\u00e1zatok)<\/span><\/div> <\/div> <\/div> <\/div> <\/div>","protected":false},"excerpt":{"rendered":"<p>beszerz\u00e9si \u00fcgyint\u00e9z\u00e9s (p\u00e1ly\u00e1zatok)<\/p>\n","protected":false},"author":5824,"featured_media":0,"parent":858,"menu_order":37,"comment_status":"open","ping_status":"open","template":"","meta":{"_acf_changed":false,"footnotes":""},"categories":[],"tags":[],"class_list":["post-52317","page","type-page","status-publish","hentry"],"acf":[],"_links":{"self":[{"href":"https:\/\/univet.hu\/hu\/wp-json\/wp\/v2\/pages\/52317","targetHints":{"allow":["GET"]}}],"collection":[{"href":"https:\/\/univet.hu\/hu\/wp-json\/wp\/v2\/pages"}],"about":[{"href":"https:\/\/univet.hu\/hu\/wp-json\/wp\/v2\/types\/page"}],"author":[{"embeddable":true,"href":"https:\/\/univet.hu\/hu\/wp-json\/wp\/v2\/users\/5824"}],"replies":[{"embeddable":true,"href":"https:\/\/univet.hu\/hu\/wp-json\/wp\/v2\/comments?post=52317"}],"version-history":[{"count":5,"href":"https:\/\/univet.hu\/hu\/wp-json\/wp\/v2\/pages\/52317\/revisions"}],"predecessor-version":[{"id":205411,"href":"https:\/\/univet.hu\/hu\/wp-json\/wp\/v2\/pages\/52317\/revisions\/205411"}],"up":[{"embeddable":true,"href":"https:\/\/univet.hu\/hu\/wp-json\/wp\/v2\/pages\/858"}],"wp:attachment":[{"href":"https:\/\/univet.hu\/hu\/wp-json\/wp\/v2\/media?parent=52317"}],"wp:term":[{"taxonomy":"category","embeddable":true,"href":"https:\/\/univet.hu\/hu\/wp-json\/wp\/v2\/categories?post=52317"},{"taxonomy":"post_tag","embeddable":true,"href":"https:\/\/univet.hu\/hu\/wp-json\/wp\/v2\/tags?post=52317"}],"curies":[{"name":"wp","href":"https:\/\/api.w.org\/{rel}","templated":true}]}}