{"id":52347,"date":"2020-04-08T12:21:43","date_gmt":"2020-04-08T10:21:43","guid":{"rendered":"https:\/\/univet.hu\/?page_id=52347"},"modified":"2020-05-11T10:45:13","modified_gmt":"2020-05-11T08:45:13","slug":"kreativ-palyazat-2020","status":"publish","type":"page","link":"https:\/\/univet.hu\/hu\/alumni\/kreativ-palyazat-2020\/","title":{"rendered":"A Madarak \u00e9s F\u00e1k Napja Kreat\u00edv P\u00e1ly\u00e1zat 2020"},"content":{"rendered":"<p style=\"text-align: left;\"><strong>T\u00e1n a tuk\u00e1n? Vagy a picinke cinke?<\/strong><\/p> <p><span style=\"font-size: 10pt;\">Minden \u00e9v m\u00e1jus 10-\u00e9n \u00fcnnepelj\u00fck a Madarak \u00e9s F\u00e1k Napj\u00e1t, \u00e9s ezt most a Ti seg\u00edts\u00e9getekkel szeretn\u00e9nk eml\u00e9kezetess\u00e9 tenni.\u00a0<\/span><strong style=\"font-size: 10pt;\">Ez\u00e9rt az \u00c1llatorvostudom\u00e1nyi Egyetem rajz- \u00e9s bark\u00e1csp\u00e1ly\u00e1zatot ind\u00edt <\/strong><strong><span style=\"font-size: 10pt;\">\u00e1ltal\u00e1nos- \u00e9s a k\u00f6z\u00e9piskol\u00e1s di\u00e1kok sz\u00e1m\u00e1ra. <\/span><\/strong><\/p> <p><span style=\"font-size: 10pt;\">A tov\u00e1bbi r\u00e9szletek\u00e9rt olvass\u00e1tok el a p\u00e1ly\u00e1zati ki\u00edr\u00e1st!<\/span><\/p> <figure id=\"attachment_52386\" aria-describedby=\"caption-attachment-52386\" style=\"width: 824px\" class=\"wp-caption alignleft\"><img loading=\"lazy\" decoding=\"async\" class=\"wp-image-52386\" src=\"https:\/\/univet.hu\/wp-content\/uploads\/2020\/04\/5-960x490.jpg\" alt=\"\" width=\"824\" height=\"421\" srcset=\"https:\/\/univet.hu\/wp-content\/uploads\/2020\/04\/5-960x490.jpg 960w, https:\/\/univet.hu\/wp-content\/uploads\/2020\/04\/5-320x163.jpg 320w, https:\/\/univet.hu\/wp-content\/uploads\/2020\/04\/5-768x392.jpg 768w, https:\/\/univet.hu\/wp-content\/uploads\/2020\/04\/5.jpg 1000w\" sizes=\"auto, (max-width: 824px) 100vw, 824px\" \/><figcaption id=\"caption-attachment-52386\" class=\"wp-caption-text\">Buj\u00e1ki L\u00e1szl\u00f3 festm\u00e9nye<\/figcaption><\/figure> <p><strong>\u00a0<\/strong><\/p> <p>&nbsp;<\/p> <p>&nbsp;<\/p> <p>&nbsp;<\/p> <p>&nbsp;<\/p> <p>&nbsp;<\/p> <p>&nbsp;<\/p> <p>&nbsp;<\/p> <p>&nbsp;<\/p> <p>&nbsp;<\/p> <p>&nbsp;<\/p>","protected":false},"excerpt":{"rendered":"<p>T\u00e1n a tuk\u00e1n? Vagy a picinke cinke? Minden \u00e9v m\u00e1jus 10-\u00e9n \u00fcnnepelj\u00fck a Madarak \u00e9s F\u00e1k Napj\u00e1t, \u00e9s ezt most a Ti seg\u00edts\u00e9getekkel szeretn\u00e9nk eml\u00e9kezetess\u00e9 tenni.\u00a0Ez\u00e9rt az \u00c1llatorvostudom\u00e1nyi Egyetem rajz- \u00e9s bark\u00e1csp\u00e1ly\u00e1zatot ind\u00edt \u00e1ltal\u00e1nos- \u00e9s a k\u00f6z\u00e9piskol\u00e1s di\u00e1kok sz\u00e1m\u00e1ra. A tov\u00e1bbi r\u00e9szletek\u00e9rt olvass\u00e1tok el a p\u00e1ly\u00e1zati ki\u00edr\u00e1st! \u00a0 &nbsp; &nbsp; &nbsp; &nbsp; &nbsp; &nbsp; &nbsp;<\/p>\n","protected":false},"author":2518,"featured_media":0,"parent":44410,"menu_order":0,"comment_status":"closed","ping_status":"closed","template":"","meta":{"_acf_changed":false,"footnotes":""},"categories":[],"tags":[],"class_list":["post-52347","page","type-page","status-publish","hentry"],"acf":[],"_links":{"self":[{"href":"https:\/\/univet.hu\/hu\/wp-json\/wp\/v2\/pages\/52347","targetHints":{"allow":["GET"]}}],"collection":[{"href":"https:\/\/univet.hu\/hu\/wp-json\/wp\/v2\/pages"}],"about":[{"href":"https:\/\/univet.hu\/hu\/wp-json\/wp\/v2\/types\/page"}],"author":[{"embeddable":true,"href":"https:\/\/univet.hu\/hu\/wp-json\/wp\/v2\/users\/2518"}],"replies":[{"embeddable":true,"href":"https:\/\/univet.hu\/hu\/wp-json\/wp\/v2\/comments?post=52347"}],"version-history":[{"count":0,"href":"https:\/\/univet.hu\/hu\/wp-json\/wp\/v2\/pages\/52347\/revisions"}],"up":[{"embeddable":true,"href":"https:\/\/univet.hu\/hu\/wp-json\/wp\/v2\/pages\/44410"}],"wp:attachment":[{"href":"https:\/\/univet.hu\/hu\/wp-json\/wp\/v2\/media?parent=52347"}],"wp:term":[{"taxonomy":"category","embeddable":true,"href":"https:\/\/univet.hu\/hu\/wp-json\/wp\/v2\/categories?post=52347"},{"taxonomy":"post_tag","embeddable":true,"href":"https:\/\/univet.hu\/hu\/wp-json\/wp\/v2\/tags?post=52347"}],"curies":[{"name":"wp","href":"https:\/\/api.w.org\/{rel}","templated":true}]}}