{"id":52417,"date":"2020-04-09T14:14:16","date_gmt":"2020-04-09T12:14:16","guid":{"rendered":"https:\/\/univet.hu\/hu\/alumni\/kreativ-palyazat-2020\/palyazatikiiras\/"},"modified":"2020-04-10T14:03:21","modified_gmt":"2020-04-10T12:03:21","slug":"palyazati-kiiras","status":"publish","type":"page","link":"https:\/\/univet.hu\/hu\/alumni\/kreativ-palyazat-2020\/palyazati-kiiras\/","title":{"rendered":"P\u00e1ly\u00e1zati ki\u00edr\u00e1s"},"content":{"rendered":"<p><span style=\"font-size: 14pt;\"><strong><em>Kreat\u00edv p\u00e1ly\u00e1zat a Madarak \u00e9s F\u00e1k Napja alkalm\u00e1b\u00f3l!<\/em><\/strong><\/span><\/p> <figure id=\"attachment_52411\" aria-describedby=\"caption-attachment-52411\" style=\"width: 244px\" class=\"wp-caption alignright\"><a href=\"https:\/\/univet.hu\/wp-content\/uploads\/2020\/04\/vagott_2.jpg\"><img loading=\"lazy\" decoding=\"async\" class=\"wp-image-52411\" src=\"https:\/\/univet.hu\/wp-content\/uploads\/2020\/04\/vagott_2.jpg\" alt=\"\" width=\"244\" height=\"300\" srcset=\"https:\/\/univet.hu\/wp-content\/uploads\/2020\/04\/vagott_2.jpg 382w, https:\/\/univet.hu\/wp-content\/uploads\/2020\/04\/vagott_2-260x320.jpg 260w\" sizes=\"auto, (max-width: 244px) 100vw, 244px\" \/><\/a><figcaption id=\"caption-attachment-52411\" class=\"wp-caption-text\">Buj\u00e1ki L\u00e1szl\u00f3 festm\u00e9nye<\/figcaption><\/figure> <p><strong>T\u00e1n a tuk\u00e1n? Vagy a picinke cinke?<\/strong><\/p> <p><span style=\"font-size: 10pt;\">Minden \u00e9v m\u00e1jus 10-\u00e9n \u00fcnnepelj\u00fck a Madarak \u00e9s F\u00e1k Vil\u00e1gnapj\u00e1t, \u00e9s ezt most a Ti seg\u00edts\u00e9getekkel szeretn\u00e9nk eml\u00e9kezetess\u00e9 tenni.<\/span><\/p> <p><span style=\"font-size: 10pt;\"><strong>Ez\u00e9rt az \u00c1llatorvostudom\u00e1nyi Egyetem rajz- \u00e9s bark\u00e1csp\u00e1ly\u00e1zatot ind\u00edt!<\/strong><\/span><\/p> <p><span style=\"font-size: 10pt;\">K\u00e9sz\u00edtsetek rajzot, festm\u00e9nyt, grafik\u00e1t kedvenc madaratokr\u00f3l, f\u00e1tokr\u00f3l, vagy tervezzetek, bark\u00e1csoljatok h\u00e1ztart\u00e1si hullad\u00e9kb\u00f3l mad\u00e1rh\u00e1zik\u00f3t, f\u00fcrd\u0151t\u00e1lat.\u00a0<\/span><span style=\"font-size: 10pt;\">A technika \u00e9s a t\u00e9ma is r\u00e1tok van b\u00edzva, a l\u00e9nyeg, hogy engedj\u00e9tek szabadj\u00e1ra fant\u00e1zi\u00e1tokat, kreativit\u00e1sotokat.\u00a0<\/span><span style=\"font-size: 10pt;\">Most nyerhettek is vele!<\/span><\/p> <p><span style=\"font-size: 10pt;\"><strong>Kik vehetnek r\u00e9szt a kreat\u00edv p\u00e1ly\u00e1zaton?<\/strong><\/span><\/p> <p><span style=\"font-size: 10pt;\">Minden 6-18 \u00e9v k\u00f6z\u00f6tti\u00a0\u00e1ltal\u00e1nos- \u00e9s a k\u00f6z\u00e9piskol\u00e1s di\u00e1k.<\/span><\/p> <p><span style=\"font-size: 10pt;\"><strong>Hogyan lehet r\u00e9szt venni a p\u00e1ly\u00e1zaton?<\/strong><\/span><\/p> <ol> <li><span style=\"font-size: 10pt;\">K\u00e9sz\u00edtsd el az alkot\u00e1sod!<\/span><\/li> <li><span style=\"font-size: 10pt;\">F\u00e9nyk\u00e9pezd le!<\/span><\/li> <li><span style=\"font-size: 10pt;\">Ha m\u00e1r elm\u00falt\u00e1l 16 \u00e9ves regisztr\u00e1lj be a p\u00e1ly\u00e1zatra! Ha m\u00e9g nem m\u00falt\u00e1l el 16, k\u00e9rd sz\u00fcleid seg\u00edts\u00e9g\u00e9t a regisztr\u00e1ci\u00f3s lap kit\u00f6lt\u00e9s\u00e9ben. <\/span><span style=\"font-size: 10pt;\">Regisztr\u00e1ci\u00f3 itt: <a href=\"https:\/\/indico.univet.hu\/e\/kreativpalyazat2020\">www.indico.univet.hu\/e\/kreativpalyazat2020<\/a><\/span><\/li> <\/ol> <ol start=\"4\"> <li><span style=\"font-size: 10pt;\">K\u00fcldd el nek\u00fcnk a f\u00e9nyk\u00e9pet a beregisztr\u00e1lt e-mail c\u00edmedr\u0151l a\u00a0\u00a0<a class=\"decrypt\" rel=\"lsfbujwqbmzb{bu3131Avojwfu\/iv\" href=\"javascript:void(0);\">[Kattintson az emailc\u00edmhez]<\/a> e-mail c\u00edmre!<\/span><\/li> <li><span style=\"font-size: 10pt;\">K\u00f6vesd figyelemmel m\u00e1sok alkot\u00e1sait is a weboldalunkon!<\/span><\/li> <li><span style=\"font-size: 10pt;\">N\u00e9zd meg m\u00e1jus 10-\u00e9n, hogy a nyertesek k\u00f6z\u00f6tt vagy-e.<\/span><\/li> <\/ol> <p><span style=\"font-size: 10pt;\"><strong>F\u00e9nyk\u00e9pek bek\u00fcld\u00e9s\u00e9nek a hat\u00e1rideje: <\/strong>2020. m\u00e1jus 3.<\/span><\/p> <p><span style=\"font-size: 10pt;\"><strong>Eredm\u00e9nyhirdet\u00e9s:<\/strong> 2020. m\u00e1jus 10.\u00a0<\/span><\/p> <p><span style=\"font-size: 10pt;\"><strong>Zs\u0171ritagok<\/strong><\/span><\/p> <ul> <li><span style=\"font-size: 10pt;\">Dr. S\u00f3tonyi P\u00e9ter, az \u00c1llatorvostudom\u00e1nyi Egyetem Rektora<\/span><\/li> <li><span style=\"font-size: 10pt;\">Dr. Boh\u00e1tka Gergely, az \u00c1llatorvostudom\u00e1nyi Egyetem Kancell\u00e1rja<\/span><\/li> <li><span style=\"font-size: 10pt;\">Buj\u00e1ki L\u00e1szl\u00f3, fest\u0151m\u0171v\u00e9sz<\/span><\/li> <li><span style=\"font-size: 10pt;\">Jakab Fl\u00f3ra, term\u00e9szetfot\u00f3s \u00e9s az \u00c1llatorvostudom\u00e1nyi Egyetem V. \u00e9ves di\u00e1kja<\/span><\/li> <li><span style=\"font-size: 10pt;\">Az \u00c1llatorvostudom\u00e1nyi Egyetem Kommunik\u00e1ci\u00f3s Oszt\u00e1ly\u00e1nak csapata<\/span><\/li> <\/ul> <p><span style=\"font-size: 10pt;\">A zs\u0171ri \u00e1ltal legjobbnak \u00edt\u00e9lt alkot\u00e1sok k\u00f6z\u00fcl az els\u0151 h\u00e1rom k\u00e9sz\u00edt\u0151je d\u00edjaz\u00e1sban r\u00e9szes\u00fcl.\u00a0<\/span><span style=\"font-size: 10pt;\">Az \u00e9rt\u00e9kel\u00e9sn\u00e9l fontosnak tartjuk a t\u00e9mah\u0171s\u00e9get \u00e9s a kreativit\u00e1sotokat!<\/span><\/p> <p><span style=\"font-size: 10pt;\"><strong>Mit nyerhetsz?<\/strong><\/span><\/p> <p><span style=\"font-size: 10pt;\">Az \u00f6sszes be\u00e9rkezett fot\u00f3 megjelenik az \u00c1llatorvostudom\u00e1nyi Egyetem weboldal\u00e1n, valamint a szeptemberi Kutat\u00f3k \u00c9jszak\u00e1j\u00e1n \u00e9p\u00fclet f\u00e9nyfest\u00e9ssel is bemutatjuk a bek\u00fcld\u00f6tt p\u00e1lyamunk\u00e1kat a rendezv\u00e9ny l\u00e1togat\u00f3i sz\u00e1m\u00e1ra.<\/span><\/p> <p><span style=\"font-size: 10pt;\">Az p\u00e1ly\u00e1zat els\u0151 h\u00e1rom helyezettje \u00e9s a k\u00fcl\u00f6nd\u00edj nyertese k\u00fcl\u00f6nleges aj\u00e1nd\u00e9kokkal lesz gazdagabb.\u00a0<\/span><span style=\"font-size: 10pt;\">Az izgalmak fokoz\u00e1s\u00e1\u00e9rt, a d\u00edjakat p\u00e1r naponta jelentj\u00fck be sz\u00e1motokra a <em>d\u00edjak<\/em> men\u00fcpontban, valamint k\u00f6z\u00f6ss\u00e9gi m\u00e9dia fel\u00fcleteinken. <\/span><\/p> <p><span style=\"font-size: 10pt;\">Az els\u0151 bejelent\u00e9s id\u0151pontja, amikor felfedj\u00fck a 3. helyezettnek j\u00e1r\u00f3 d\u00edjat: \u00e1prilis 13.<\/span><\/p> <figure id=\"attachment_52388\" aria-describedby=\"caption-attachment-52388\" style=\"width: 211px\" class=\"wp-caption alignright\"><a href=\"https:\/\/univet.hu\/wp-content\/uploads\/2020\/04\/9n.jpg\"><img loading=\"lazy\" decoding=\"async\" class=\"wp-image-52388 size-medium\" src=\"https:\/\/univet.hu\/wp-content\/uploads\/2020\/04\/9n-e1586434373543-211x320.jpg\" alt=\"\" width=\"211\" height=\"320\" srcset=\"https:\/\/univet.hu\/wp-content\/uploads\/2020\/04\/9n-e1586434373543-211x320.jpg 211w, https:\/\/univet.hu\/wp-content\/uploads\/2020\/04\/9n-e1586434373543.jpg 594w\" sizes=\"auto, (max-width: 211px) 100vw, 211px\" \/><\/a><figcaption id=\"caption-attachment-52388\" class=\"wp-caption-text\">Buj\u00e1ki L\u00e1szl\u00f3 festm\u00e9nye<\/figcaption><\/figure> <p><span style=\"font-size: 10pt;\"><strong>A p\u00e1ly\u00e1z\u00f3 a p\u00e1ly\u00e1zati anyag bek\u00fcld\u00e9s\u00e9vel:<\/strong><\/span><\/p> <ul> <li><span style=\"font-size: 10pt;\">elfogadja a p\u00e1ly\u00e1zati felt\u00e9teleket;<\/span> <ul> <li><span style=\"font-size: 10pt;\">a p\u00e1ly\u00e1zati r\u00e9szv\u00e9tel regisztr\u00e1ci\u00f3hoz k\u00f6t\u00f6tt<\/span><\/li> <li><span style=\"font-size: 10pt;\">16 \u00e9v alatti gyermekek regisztr\u00e1ci\u00f3j\u00e1t a sz\u00fcl\u0151nek kell elv\u00e9geznie<\/span><\/li> <li><span style=\"font-size: 10pt;\">minden r\u00e9sztvev\u0151 kateg\u00f3ri\u00e1nk\u00e9nt egy alkot\u00e1ssal nevezhet<\/span><\/li> <li><span style=\"font-size: 10pt;\">csak saj\u00e1t k\u00e9sz\u00edt\u00e9s\u0171 alkot\u00e1st lehet beny\u00fajtani a p\u00e1ly\u00e1zatra<\/span><\/li> <li><span style=\"font-size: 10pt;\">minden fot\u00f3t c\u00edmmel ell\u00e1tva kell bek\u00fcldeni. A f\u00e1jln\u00e9vnek meg kell egyeznie a k\u00e9p c\u00edm\u00e9vel. C\u00edm n\u00e9lk\u00fcl bek\u00fcld\u00f6tt fot\u00f3 eset\u00e9ben a jelentkez\u00e9s \u00e9rv\u00e9nytelen.<\/span><\/li> <li><span style=\"font-size: 10pt;\">Jelentkezni a fot\u00f3 \u00e9s az elektronikusan kit\u00f6lt\u00f6tt nevez\u00e9si lap egy\u00fcttes bek\u00fcld\u00e9s\u00e9vel lehet.<\/span><\/li> <\/ul> <\/li> <li><span style=\"font-size: 10pt;\">kijelenti, hogy a zs\u0171ri d\u00f6nt\u00e9s\u00e9t elfogadja, az ellen panaszt nem tesz;<\/span><\/li> <li><span style=\"font-size: 10pt;\">kijelenti, hogy k\u00e9pei ki\u00e1ll\u00edt\u00e1sra ker\u00fclhetnek a p\u00e1ly\u00e1zatot ki\u00edr\u00f3 szervez\u0151 \u00e1ltal;<\/span><\/li> <li><span style=\"font-size: 10pt;\">Kijelenti, hogy a bek\u00fcld\u00f6tt p\u00e1ly\u00e1zati anyag a p\u00e1ly\u00e1z\u00f3 nev\u00e9nek \u00e9s \u00e9letkor\u00e1nak felt\u00fcntet\u00e9s\u00e9vel, felker\u00fclhet az esem\u00e9ny honlapj\u00e1ra \u00e9s az \u00c1llatorvostudom\u00e1nyi Egyetem k\u00f6z\u00f6ss\u00e9gi oldalaira.<\/span><\/li> <\/ul> <p>&nbsp;<\/p> <p><span style=\"font-size: 10pt;\"><strong>Izgalmakkal teli alkot\u00e1st k\u00edv\u00e1nunk Nektek! <\/strong><\/span><\/p> <p>&nbsp;<\/p> <p>&nbsp;<\/p>","protected":false},"excerpt":{"rendered":"<p>Kreat\u00edv p\u00e1ly\u00e1zat a Madarak \u00e9s F\u00e1k Napja alkalm\u00e1b\u00f3l! T\u00e1n a tuk\u00e1n? Vagy a picinke cinke? Minden \u00e9v m\u00e1jus 10-\u00e9n \u00fcnnepelj\u00fck a Madarak \u00e9s F\u00e1k Vil\u00e1gnapj\u00e1t, \u00e9s ezt most a Ti seg\u00edts\u00e9getekkel szeretn\u00e9nk eml\u00e9kezetess\u00e9 tenni. Ez\u00e9rt az \u00c1llatorvostudom\u00e1nyi Egyetem rajz- \u00e9s bark\u00e1csp\u00e1ly\u00e1zatot ind\u00edt! K\u00e9sz\u00edtsetek rajzot, festm\u00e9nyt, grafik\u00e1t kedvenc madaratokr\u00f3l, f\u00e1tokr\u00f3l, vagy tervezzetek, bark\u00e1csoljatok h\u00e1ztart\u00e1si hullad\u00e9kb\u00f3l mad\u00e1rh\u00e1zik\u00f3t,<\/p>\n","protected":false},"author":887,"featured_media":0,"parent":52347,"menu_order":0,"comment_status":"open","ping_status":"open","template":"","meta":{"_acf_changed":false,"footnotes":""},"categories":[],"tags":[],"class_list":["post-52417","page","type-page","status-publish","hentry"],"acf":[],"_links":{"self":[{"href":"https:\/\/univet.hu\/hu\/wp-json\/wp\/v2\/pages\/52417","targetHints":{"allow":["GET"]}}],"collection":[{"href":"https:\/\/univet.hu\/hu\/wp-json\/wp\/v2\/pages"}],"about":[{"href":"https:\/\/univet.hu\/hu\/wp-json\/wp\/v2\/types\/page"}],"author":[{"embeddable":true,"href":"https:\/\/univet.hu\/hu\/wp-json\/wp\/v2\/users\/887"}],"replies":[{"embeddable":true,"href":"https:\/\/univet.hu\/hu\/wp-json\/wp\/v2\/comments?post=52417"}],"version-history":[{"count":0,"href":"https:\/\/univet.hu\/hu\/wp-json\/wp\/v2\/pages\/52417\/revisions"}],"up":[{"embeddable":true,"href":"https:\/\/univet.hu\/hu\/wp-json\/wp\/v2\/pages\/52347"}],"wp:attachment":[{"href":"https:\/\/univet.hu\/hu\/wp-json\/wp\/v2\/media?parent=52417"}],"wp:term":[{"taxonomy":"category","embeddable":true,"href":"https:\/\/univet.hu\/hu\/wp-json\/wp\/v2\/categories?post=52417"},{"taxonomy":"post_tag","embeddable":true,"href":"https:\/\/univet.hu\/hu\/wp-json\/wp\/v2\/tags?post=52417"}],"curies":[{"name":"wp","href":"https:\/\/api.w.org\/{rel}","templated":true}]}}