{"id":52424,"date":"2020-04-09T14:32:07","date_gmt":"2020-04-09T12:32:07","guid":{"rendered":"https:\/\/univet.hu\/hu\/name\/"},"modified":"2020-05-18T15:16:10","modified_gmt":"2020-05-18T13:16:10","slug":"dijak","status":"publish","type":"page","link":"https:\/\/univet.hu\/hu\/alumni\/kreativ-palyazat-2020\/dijak\/","title":{"rendered":"D\u00edjak"},"content":{"rendered":"<figure id=\"attachment_52433\" aria-describedby=\"caption-attachment-52433\" style=\"width: 280px\" class=\"wp-caption alignleft\"><a style=\"font-size: 16px;\" href=\"https:\/\/univet.hu\/wp-content\/uploads\/2020\/04\/12-1.jpg\"><img loading=\"lazy\" decoding=\"async\" class=\"wp-image-52433\" src=\"https:\/\/univet.hu\/wp-content\/uploads\/2020\/04\/12-1.jpg\" alt=\"\" width=\"280\" height=\"193\" srcset=\"https:\/\/univet.hu\/wp-content\/uploads\/2020\/04\/12-1.jpg 765w, https:\/\/univet.hu\/wp-content\/uploads\/2020\/04\/12-1-320x220.jpg 320w\" sizes=\"auto, (max-width: 280px) 100vw, 280px\" \/><\/a><figcaption id=\"caption-attachment-52433\" class=\"wp-caption-text\">Buj\u00e1ki L\u00e1szl\u00f3 festm\u00e9nye<\/figcaption><\/figure> <p>&nbsp;<\/p> <p>&nbsp;<\/p> <p>&nbsp;<\/p> <p>&nbsp;<\/p> <p>&nbsp;<\/p> <p>&nbsp;<\/p> <h3>Gy\u00f6ny\u00f6r\u0171 k\u00e9peket k\u00fcldtetek nek\u00fcnk, nagyon k\u00f6sz\u00f6nj\u00fck!<\/h3> <h5><span style=\"font-size: 12pt; color: #000000;\">Eredm\u00e9nyhirdet\u00e9s napj\u00e1n m\u00e9g k\u00e9sz\u00fcl\u00fcnk meglepet\u00e9ssel!<\/span><\/h5> <p>&nbsp;<\/p> <p style=\"text-align: left;\"><strong>6-13 \u00e9ves koroszt\u00e1ly nyerem\u00e9nyei:<\/strong><\/p> <p style=\"text-align: left;\">I. helyezettnek j\u00e1r\u00f3 d\u00edj: <a href=\"https:\/\/univet.hu\/hu\/alumni\/kreativ-palyazat-2020\/dijak\/fovarosi-allat-es-novenykert-dija\/\" target=\"_blank\" rel=\"noopener\">\u00c1llati \u00f6r\u00f6kbefogad\u00e1s \u00e9s \u00c1llatkerti bel\u00e9p\u0151<\/a><\/p> <p style=\"text-align: left;\">II. helyezettnek j\u00e1r\u00f3 d\u00edj: <a href=\"https:\/\/yourart.hu\" target=\"_blank\" rel=\"noopener\">Egy alkalmas online fest\u0151tanfolyam<\/a><\/p> <p style=\"text-align: left;\">III. helyezettnek j\u00e1r\u00f3 d\u00edj: <a href=\"https:\/\/univet.hu\/hu\/alumni\/kreativ-palyazat-2020\/dijak\/bonsai-hungary-team-dija\/\" target=\"_blank\" rel=\"noopener\">Bonsai Hungary Team aj\u00e1nd\u00e9ka, bonsai fa<\/a><\/p> <p>&nbsp;<\/p> <p style=\"text-align: left;\"><strong>14-18 \u00e9ves koroszt\u00e1ly nyerem\u00e9nyei:<\/strong><\/p> <p style=\"text-align: left;\">I. helyezettnek j\u00e1r\u00f3 d\u00edj: <a href=\"https:\/\/univet.hu\/hu\/alumni\/kreativ-palyazat-2020\/dijak\/fovarosi-allat-es-novenykert-dija\/\" target=\"_blank\" rel=\"noopener\">\u00c1llati \u00f6r\u00f6kbefogad\u00e1s \u00e9s \u00c1llatkerti esti s\u00e9ta<\/a><\/p> <p style=\"text-align: left;\">II. helyezettnek j\u00e1r\u00f3 d\u00edj: <a href=\"https:\/\/univet.hu\/wp-content\/uploads\/2020\/04\/Flora-dija.pdf\" target=\"_blank\" rel=\"noopener\">Jakab Fl\u00f3ra term\u00e9szetfot\u00f3s k\u00e9pe<\/a><\/p> <p style=\"text-align: left;\">III. helyezettnek j\u00e1r\u00f3 d\u00edj:\u00a0<a href=\"https:\/\/univet.hu\/hu\/alumni\/kreativ-palyazat-2020\/dijak\/bonsai-hungary-team-dija\/\" target=\"_blank\" rel=\"noopener\">Bonsai Hungary Team aj\u00e1nd\u00e9ka, bonsai fa<\/a><\/p> <p>&nbsp;<\/p> <h2 style=\"text-align: left;\"><span style=\"font-size: 12pt; color: #000000;\">K\u00fcl\u00f6nd\u00edjak:<\/span><\/h2> <p>Buj\u00e1ki L\u00e1szl\u00f3 fest\u0151m\u0171v\u00e9sz alkot\u00e1sa <a href=\"https:\/\/univet.hu\/wp-content\/uploads\/2020\/05\/kattints-ide.jpeg\">(kattints ide)<\/a><\/p> <p>Dr. G\u00e1l J\u00e1nos k\u00f6nyvei a kam\u00e9leonokr\u00f3l \u00e9s a kir\u00e1lysikl\u00f3kr\u00f3l (<a href=\"https:\/\/univet.hu\/wp-content\/uploads\/2020\/05\/kattints-ide.pdf\">kattints ide<\/a>)<\/p> <p>4 db. \u00c1TE aj\u00e1nd\u00e9kcsomag<\/p> <p>Az \u00fcll\u0151i <a href=\"https:\/\/univet.hu\/hu\/tangazdasag\/\" target=\"_blank\" rel=\"noopener\">D\u00f3ra-majorunk l\u00e1togat\u00e1sa<\/a> (kocsik\u00e1z\u00e1s, \u00edj\u00e1szkod\u00e1s, \u00e1llatsimogat\u00e1s, lovagl\u00e1s)<\/p> <p>Aj\u00e1nd\u00e9k k\u00f6nyvutalv\u00e1ny 10 000,- Ft \u00e9rt\u00e9kben<\/p> <p>A Kommunik\u00e1ci\u00f3s \u00e9s Nemzetk\u00f6zi Kapcsolatok Oszt\u00e1ly k\u00fcl\u00f6nd\u00edja (saj\u00e1t alkot\u00e1soddal d\u00edsz\u00edtett p\u00f3l\u00f3)<\/p> <h2 style=\"text-align: left;\"><\/h2>","protected":false},"excerpt":{"rendered":"<p>&nbsp; &nbsp; &nbsp; &nbsp; &nbsp; &nbsp; Gy\u00f6ny\u00f6r\u0171 k\u00e9peket k\u00fcldtetek nek\u00fcnk, nagyon k\u00f6sz\u00f6nj\u00fck! Eredm\u00e9nyhirdet\u00e9s napj\u00e1n m\u00e9g k\u00e9sz\u00fcl\u00fcnk meglepet\u00e9ssel! &nbsp; 6-13 \u00e9ves koroszt\u00e1ly nyerem\u00e9nyei: I. helyezettnek j\u00e1r\u00f3 d\u00edj: \u00c1llati \u00f6r\u00f6kbefogad\u00e1s \u00e9s \u00c1llatkerti bel\u00e9p\u0151 II. helyezettnek j\u00e1r\u00f3 d\u00edj: Egy alkalmas online fest\u0151tanfolyam III. helyezettnek j\u00e1r\u00f3 d\u00edj: Bonsai Hungary Team aj\u00e1nd\u00e9ka, bonsai fa &nbsp; 14-18 \u00e9ves koroszt\u00e1ly nyerem\u00e9nyei: I.<\/p>\n","protected":false},"author":887,"featured_media":0,"parent":52347,"menu_order":0,"comment_status":"open","ping_status":"open","template":"","meta":{"_acf_changed":false,"footnotes":""},"categories":[],"tags":[],"class_list":["post-52424","page","type-page","status-publish","hentry"],"acf":[],"_links":{"self":[{"href":"https:\/\/univet.hu\/hu\/wp-json\/wp\/v2\/pages\/52424","targetHints":{"allow":["GET"]}}],"collection":[{"href":"https:\/\/univet.hu\/hu\/wp-json\/wp\/v2\/pages"}],"about":[{"href":"https:\/\/univet.hu\/hu\/wp-json\/wp\/v2\/types\/page"}],"author":[{"embeddable":true,"href":"https:\/\/univet.hu\/hu\/wp-json\/wp\/v2\/users\/887"}],"replies":[{"embeddable":true,"href":"https:\/\/univet.hu\/hu\/wp-json\/wp\/v2\/comments?post=52424"}],"version-history":[{"count":0,"href":"https:\/\/univet.hu\/hu\/wp-json\/wp\/v2\/pages\/52424\/revisions"}],"up":[{"embeddable":true,"href":"https:\/\/univet.hu\/hu\/wp-json\/wp\/v2\/pages\/52347"}],"wp:attachment":[{"href":"https:\/\/univet.hu\/hu\/wp-json\/wp\/v2\/media?parent=52424"}],"wp:term":[{"taxonomy":"category","embeddable":true,"href":"https:\/\/univet.hu\/hu\/wp-json\/wp\/v2\/categories?post=52424"},{"taxonomy":"post_tag","embeddable":true,"href":"https:\/\/univet.hu\/hu\/wp-json\/wp\/v2\/tags?post=52424"}],"curies":[{"name":"wp","href":"https:\/\/api.w.org\/{rel}","templated":true}]}}