{"id":52648,"date":"2020-04-15T10:11:34","date_gmt":"2020-04-15T08:11:34","guid":{"rendered":"https:\/\/univet.hu\/?page_id=52648"},"modified":"2026-03-24T14:07:23","modified_gmt":"2026-03-24T13:07:23","slug":"szakos-david-2","status":"publish","type":"page","link":"https:\/\/univet.hu\/hu\/egyetem\/munkatarsak\/szakos-david-2\/","title":{"rendered":"Szakos D\u00e1vid"},"content":{"rendered":"<p><strong>Bemutatkoz\u00e1s <\/strong><\/p> <p>\u00c9lelmiszerm\u00e9rn\u00f6ki BSc diplom\u00e1j\u00e1t 2014-ben szerezte meg jeles min\u0151s\u00edt\u00e9ssel a Budapesti Corvinus Egyetem \u00c9lelmiszertudom\u00e1nyi Kar\u00e1n, majd 2017-ben kit\u00fcntet\u00e9ses vegy\u00e9szm\u00e9rn\u00f6ki MSc diplom\u00e1t szerzett Budapesti M\u0171szaki \u00e9s Gazdas\u00e1gtudom\u00e1nyi Egyetem Vegy\u00e9sz \u00e9s Biom\u00e9rn\u00f6ki Kar\u00e1n. Mesterszakos tanulm\u00e1nyaival p\u00e1rhuzamosan 2016-ban kezdett el dolgozni a Nemzeti \u00c9lelmiszerl\u00e1nc-biztons\u00e1gi Hivatal Kock\u00e1zatkezel\u00e9si Igazgat\u00f3s\u00e1g\u00e1n strat\u00e9giai elemz\u0151k\u00e9nt. PhD tanulm\u00e1nyait 2018-ban kezdte meg az \u00c1llatorvostudom\u00e1nyi Egyetemen, 2022-ben summa cum laude min\u0151s\u00edt\u00e9ssel v\u00e9dte meg &#8222;Funkcion\u00e1lis \u00e9lelmiszerek eg\u00e9szs\u00e9gt\u00e1mogat\u00f3 szerep\u00e9nek fogyaszt\u00f3i vizsg\u00e1lata az id\u0151sebb kor\u00fa v\u00e1s\u00e1rl\u00f3k szempontj\u00e1b\u00f3l&#8221; c\u00edm\u0171 \u00e9rtekez\u00e9s\u00e9t, amelyet k\u00f6vet\u0151en 2022 \u0151sz\u00e9t\u0151l az Egyetem tudom\u00e1nyos munkat\u00e1rsak\u00e9nt dolgozik.<\/p> <p><strong>F\u0151bb kutat\u00e1si ter\u00fcletek:<\/strong><\/p> <ul> <li>\u00c9lelmiszerbiztons\u00e1g<\/li> <li>\u00c9lelmiszerpazarl\u00e1s-cs\u00f6kkent\u00e9s<\/li> <li>Funkcion\u00e1lis \u00e9lelmiszerek<\/li> <li>Kock\u00e1zatkommunik\u00e1ci\u00f3<\/li> <li>Fogyaszt\u00f3i kutat\u00e1sok<\/li> <\/ul> <p><strong>\u00a0<\/strong><\/p> <p><strong>El\u0151rehalad\u00e1s<\/strong><\/p> <p>&nbsp;<\/p> <table style=\"height: 292px\" width=\"850\"> <tbody> <tr style=\"height: 39px\"> <td style=\"width: 276px;height: 39px;text-align: center\">Id\u0151tartam<\/td> <td style=\"width: 276px;height: 39px;text-align: center\">Int\u00e9zm\u00e9ny neve<\/td> <td style=\"width: 276px;height: 39px;text-align: center\">Beoszt\u00e1s<\/td> <\/tr> <tr style=\"height: 53px\"> <td style=\"width: 276px;height: 53px;text-align: center\">2022-<\/td> <td style=\"width: 276px;height: 53px;text-align: center\">\u00c1llatorvostudom\u00e1nyi Egyetem, \u00c9lelmiszerhigi\u00e9niai Tansz\u00e9k<\/td> <td style=\"width: 276px;height: 53px;text-align: center\">tudom\u00e1nyos munkat\u00e1rs<\/td> <\/tr> <tr style=\"height: 77px\"> <td style=\"width: 276px;height: 77px;text-align: center\">2018-2022<\/td> <td style=\"width: 276px;height: 77px;text-align: center\">\u00c1llatorvostudom\u00e1nyi Egyetem, T\u00f6rv\u00e9nysz\u00e9ki \u00c1llatorvostani \u00e9s Gazdas\u00e1gtudom\u00e1nyi Tansz\u00e9k<\/td> <td style=\"width: 276px;height: 77px;text-align: center\">PhD hallgat\u00f3<\/td> <\/tr> <tr style=\"height: 64px\"> <td style=\"width: 276px;height: 64px;text-align: center\">2016-2022<\/td> <td style=\"width: 276px;height: 64px;text-align: center\">Nemzeti \u00c9lelmiszerl\u00e1nc-biztons\u00e1gi Hivatal, Kock\u00e1zatkezel\u00e9si Igazgat\u00f3s\u00e1g<\/td> <td style=\"width: 276px;height: 64px;text-align: center\">strat\u00e9giai elemz\u0151<\/td> <\/tr> <tr style=\"height: 59px\"> <td style=\"width: 276px;height: 59px;text-align: center\">2013-2015<\/td> <td style=\"width: 276px;height: 59px;text-align: center\">Budapesti Corvinus Egyetem, \u00c9lelmiszertudom\u00e1nyi Kar<\/td> <td style=\"width: 276px;height: 59px;text-align: center\">oktat\u00e1si \u00e9s kutat\u00e1si seg\u00e9dmunkat\u00e1rs<\/td> <\/tr> <\/tbody> <\/table> <p>&nbsp;<\/p> <p><strong>Szakmai szervezeti tags\u00e1g<\/strong><\/p> <table width=\"604\"> <tbody> <tr> <td style=\"text-align: center\" width=\"323\"><strong>Bizotts\u00e1g neve<\/strong><\/td> <td style=\"text-align: center\" width=\"92\"><strong>Id\u0151<\/strong><\/td> <td style=\"text-align: center\" width=\"188\"><strong>Tiszts\u00e9g<\/strong><\/td> <\/tr> <tr> <td style=\"text-align: center\" width=\"323\">Magyar T\u00e1pl\u00e1lkoz\u00e1studom\u00e1nyi T\u00e1rsas\u00e1g<\/td> <td style=\"text-align: center\" width=\"92\">2021-<\/td> <td style=\"text-align: center\" width=\"188\">tag<\/td> <\/tr> <tr> <td style=\"text-align: center\" width=\"323\">Magyar Zoon\u00f3zis T\u00e1rsas\u00e1g<\/td> <td style=\"text-align: center\" width=\"92\">2014-<\/td> <td style=\"text-align: center\" width=\"188\">tag<\/td> <\/tr> <tr> <td style=\"text-align: center\" width=\"323\">\u00c1TE Doktorandusz Hallgat\u00f3i \u00d6nkorm\u00e1nyzat<\/td> <td style=\"text-align: center\" width=\"92\">2018-2022<\/td> <td style=\"text-align: center\" width=\"188\">k\u00fcld\u00f6tt, eln\u00f6k<\/td> <\/tr> <\/tbody> <\/table> <p><strong>\u00a0<\/strong><\/p> <p><strong>\u00a0<\/strong><\/p> <p><strong>Eddigi szakdolgozat\/TDK hallgat\u00f3k sz\u00e1ma: 1<\/strong><\/p> <p><strong>PhD-hallgat\u00f3k<\/strong><\/p> <p><strong>\u00a0<\/strong><\/p> <p><strong>Publik\u00e1ci\u00f3s lista (Top10)<\/strong><\/p> <p>MTMT:\u00a0https:\/\/m2.mtmt.hu\/gui2\/?type=authors&amp;mode=browse&amp;sel=authors10052942<\/p> <ol> <li>Szakos, D., \u00d3zsv\u00e1ri, L., &amp; Kasza, G. (2022). Health-related nutritional preferences of older adults: A segmentation study for functional food development. Journal of Functional Foods, 92, 105065.<\/li> <li>Kasza, G., Csenki, E., Szakos, D., &amp; Izs\u00f3, T. (2022). The evolution of food safety risk communication: Models and trends in the past and the future. Food Control, 138, 109025.<\/li> <li>Kunszab\u00f3, A., Szakos, D., Dork\u00f3, A., Farkas, C., &amp; Kasza, G. (2022). Household food waste composting habits and behaviours in Hungary: a segmentation study. Sustainable Chemistry and Pharmacy, 30, 100839.<\/li> <li>Madar\u00e1sz, T., Kontor, E., Antal, E., Kasza, G., Szakos, D., &amp; Szak\u00e1ly, Z. (2022). Food Purchase Behavior during The First Wave of COVID-19: The Case of Hungary. International Journal of Environmental Research and Public Health, 19(2), 872.<\/li> <li>Ol\u00e1h, J., Kasza, G., Szab\u00f3-B\u00f3di, B., Szakos, D., Popp, J., &amp; Lakner, Z. (2022). Household food waste research: the current state of the art and a guided tour for further development. Frontiers in Environmental Science, 10, 1-18.<\/li> <li>Visy, A., J\u00f3n\u00e1s, G., Szakos, D., Horv\u00e1th-Mez\u0151fi, Z., Hidas, K. I., Bark\u00f3, A., &amp; Friedrich, L. (2021). Evaluation of ultrasound and microbubbles effect on pork meat during brining process. Ultrasonics Sonochemistry, 75, 105589.<\/li> <li>Szakos, D., Szab\u00f3-B\u00f3di, B., &amp; Kasza, G. (2021). Consumer awareness campaign to reduce household food waste based on structural equation behavior modeling in Hungary. Environmental Science and Pollution Research, 28(19), 24580-24589.<\/li> <li>Szakos, D., \u00d3zsv\u00e1ri, L., &amp; Kasza, G. (2020). Perception of older adults about health-related functionality of foods compared with other age groups. Sustainability, 12(7), 2748.<\/li> <li>Fricz, A. S., Ittz\u00e9s, A., \u00d3zsv\u00e1ri, L., Szakos, D., &amp; Kasza, G. (2020). Consumer perception of local food products in Hungary. British Food Journal, 122(9), 2965-2979.<\/li> <li>Szab\u00f3-B\u00f3di, B., Kasza, G., &amp; Szakos, D. (2018). Assessment of household food waste in Hungary. British Food Journal, 120(3), 625-638.<\/li> <\/ol> <p>&nbsp;<\/p>","protected":false},"excerpt":{"rendered":"<p>Bemutatkoz\u00e1s \u00c9lelmiszerm\u00e9rn\u00f6ki BSc diplom\u00e1j\u00e1t 2014-ben szerezte meg jeles min\u0151s\u00edt\u00e9ssel a Budapesti Corvinus Egyetem \u00c9lelmiszertudom\u00e1nyi Kar\u00e1n, majd 2017-ben kit\u00fcntet\u00e9ses vegy\u00e9szm\u00e9rn\u00f6ki MSc diplom\u00e1t szerzett Budapesti M\u0171szaki \u00e9s Gazdas\u00e1gtudom\u00e1nyi Egyetem Vegy\u00e9sz \u00e9s Biom\u00e9rn\u00f6ki Kar\u00e1n. Mesterszakos tanulm\u00e1nyaival p\u00e1rhuzamosan 2016-ban kezdett el dolgozni a Nemzeti \u00c9lelmiszerl\u00e1nc-biztons\u00e1gi Hivatal Kock\u00e1zatkezel\u00e9si Igazgat\u00f3s\u00e1g\u00e1n strat\u00e9giai elemz\u0151k\u00e9nt. PhD tanulm\u00e1nyait 2018-ban kezdte meg az \u00c1llatorvostudom\u00e1nyi Egyetemen, 2022-ben<\/p>\n","protected":false},"author":5824,"featured_media":0,"parent":858,"menu_order":37,"comment_status":"closed","ping_status":"closed","template":"","meta":{"_acf_changed":false,"footnotes":""},"categories":[56],"tags":[],"class_list":["post-52648","page","type-page","status-publish","hentry","category-munkatarsak"],"acf":[],"_links":{"self":[{"href":"https:\/\/univet.hu\/hu\/wp-json\/wp\/v2\/pages\/52648","targetHints":{"allow":["GET"]}}],"collection":[{"href":"https:\/\/univet.hu\/hu\/wp-json\/wp\/v2\/pages"}],"about":[{"href":"https:\/\/univet.hu\/hu\/wp-json\/wp\/v2\/types\/page"}],"author":[{"embeddable":true,"href":"https:\/\/univet.hu\/hu\/wp-json\/wp\/v2\/users\/5824"}],"replies":[{"embeddable":true,"href":"https:\/\/univet.hu\/hu\/wp-json\/wp\/v2\/comments?post=52648"}],"version-history":[{"count":4,"href":"https:\/\/univet.hu\/hu\/wp-json\/wp\/v2\/pages\/52648\/revisions"}],"predecessor-version":[{"id":204096,"href":"https:\/\/univet.hu\/hu\/wp-json\/wp\/v2\/pages\/52648\/revisions\/204096"}],"up":[{"embeddable":true,"href":"https:\/\/univet.hu\/hu\/wp-json\/wp\/v2\/pages\/858"}],"wp:attachment":[{"href":"https:\/\/univet.hu\/hu\/wp-json\/wp\/v2\/media?parent=52648"}],"wp:term":[{"taxonomy":"category","embeddable":true,"href":"https:\/\/univet.hu\/hu\/wp-json\/wp\/v2\/categories?post=52648"},{"taxonomy":"post_tag","embeddable":true,"href":"https:\/\/univet.hu\/hu\/wp-json\/wp\/v2\/tags?post=52648"}],"curies":[{"name":"wp","href":"https:\/\/api.w.org\/{rel}","templated":true}]}}