{"id":53246,"date":"2020-04-24T12:28:56","date_gmt":"2020-04-24T10:28:56","guid":{"rendered":"https:\/\/univet.hu\/?page_id=53246"},"modified":"2020-05-04T15:12:48","modified_gmt":"2020-05-04T13:12:48","slug":"fovarosi-allat-es-novenykert-dija","status":"publish","type":"page","link":"https:\/\/univet.hu\/hu\/alumni\/kreativ-palyazat-2020\/dijak\/fovarosi-allat-es-novenykert-dija\/","title":{"rendered":"A F\u0151v\u00e1rosi \u00c1llat- \u00e9s N\u00f6v\u00e9nykert D\u00edja"},"content":{"rendered":"<p>&nbsp;<\/p> <p>&nbsp;<\/p> <p style=\"text-align: left;\"><span class=\"emphasis\" style=\"font-size: 14pt;\">A p\u00e1ly\u00e1zat f\u0151 t\u00e1mogat\u00f3ja a F\u0151v\u00e1rosi \u00c1llat- \u00e9s N\u00f6v\u00e9nykert<\/span><\/p> <p>&nbsp;<\/p> <p><strong>6-13 \u00e9ves koroszt\u00e1ly<\/strong><\/p> <p>A p\u00e1ly\u00e1zat nyertese <strong>arany fokozat\u00fa \u00f6r\u00f6kbefogad\u00f3ja<\/strong> lehet egy \u00e1ltala kiv\u00e1lasztott \u00e1llatkerti mad\u00e1rnak, amelyr\u0151l d\u00edszes oklevelet kap \u00e9s nev\u00e9t \u2013 egy t\u00e1mogat\u00f3i t\u00e1bl\u00e1n felt\u00fcntetve \u2013 egy \u00e9ven kereszt\u00fcl kihelyezz\u00fck a v\u00e1lasztott mad\u00e1r kifut\u00f3j\u00e1hoz. Emellett megkapja a mad\u00e1r \u00e9letrajzi lapj\u00e1t, f\u00e9nyk\u00e9p\u00e9t \u00e9s egy nevel\u0151sz\u00fcl\u0151i k\u00e1rty\u00e1t, amely az \u00e9vente k\u00e9t alkalommal, az \u00c1llatkerti Nevel\u0151sz\u00fcl\u0151k Napj\u00e1n ingyenes\u00a0 bel\u00e9p\u00e9st biztos\u00edt a F\u0151v\u00e1rosi \u00e1llat- \u00e9s N\u00f6v\u00e9nykertbe. <a href=\"http:\/\/www.allatkertialapitvany.hu\/orokbefogadas\/\" target=\"_blank\" rel=\"noopener\">R\u00e9szletek\u00e9rt kattints.<\/a><\/p> <p>Kieg\u00e9sz\u00edt\u00e9sk\u00e9ppen kap m\u00e9g <strong>4 db \u00e1llatl\u00e1togat\u00f3i szelv\u00e9nyt<\/strong>, amellyel az \u00e9v v\u00e9g\u00e9ig b\u00e1rmelyik id\u0151pontban megl\u00e1togathatj\u00e1k az \u00e1llatot az \u00c1llatkertben.<\/p> <p>&nbsp;<\/p> <figure id=\"attachment_53293\" aria-describedby=\"caption-attachment-53293\" style=\"width: 275px\" class=\"wp-caption aligncenter\"><a href=\"https:\/\/univet.hu\/wp-content\/uploads\/2020\/04\/oklevel_A4_RGB20170918-1.jpg\"><img loading=\"lazy\" decoding=\"async\" class=\"wp-image-53293\" src=\"https:\/\/univet.hu\/wp-content\/uploads\/2020\/04\/oklevel_A4_RGB20170918-1-320x229.jpg\" alt=\"\" width=\"275\" height=\"197\" srcset=\"https:\/\/univet.hu\/wp-content\/uploads\/2020\/04\/oklevel_A4_RGB20170918-1-320x229.jpg 320w, https:\/\/univet.hu\/wp-content\/uploads\/2020\/04\/oklevel_A4_RGB20170918-1-768x550.jpg 768w, https:\/\/univet.hu\/wp-content\/uploads\/2020\/04\/oklevel_A4_RGB20170918-1-960x688.jpg 960w\" sizes=\"auto, (max-width: 275px) 100vw, 275px\" \/><\/a><figcaption id=\"caption-attachment-53293\" class=\"wp-caption-text\">Nagyobb felbont\u00e1s\u00e9rt, kattints a k\u00e9pre!<\/figcaption><\/figure> <p>&nbsp;<\/p> <p><strong>14-18 \u00e9ves koroszt\u00e1ly<\/strong><\/p> <p>A p\u00e1ly\u00e1zat nyertese <strong>arany fokozat\u00fa \u00f6r\u00f6kbefogad\u00f3ja<\/strong> lehet egy \u00e1ltala kiv\u00e1lasztott \u00e1llatkerti mad\u00e1rnak, amelyr\u0151l d\u00edszes oklevelet kap \u00e9s nev\u00e9t \u2013 egy t\u00e1mogat\u00f3i t\u00e1bl\u00e1n felt\u00fcntetve \u2013 egy \u00e9ven kereszt\u00fcl kihelyezz\u00fck a v\u00e1lasztott mad\u00e1r kifut\u00f3j\u00e1hoz. Emellett megkapja a mad\u00e1r \u00e9letrajzi lapj\u00e1t, f\u00e9nyk\u00e9p\u00e9t \u00e9s egy nevel\u0151sz\u00fcl\u0151i k\u00e1rty\u00e1t, amely az \u00e9vente k\u00e9t alkalommal, az \u00c1llatkerti Nevel\u0151sz\u00fcl\u0151k Napj\u00e1n ingyenes\u00a0 bel\u00e9p\u00e9st biztos\u00edt a F\u0151v\u00e1rosi \u00e1llat- \u00e9s N\u00f6v\u00e9nykertbe.\u00a0<a href=\"http:\/\/www.allatkertialapitvany.hu\/orokbefogadas\/\" target=\"_blank\" rel=\"noopener\">R\u00e9szletek\u00e9rt kattints.<\/a><\/p> <p>Kieg\u00e9sz\u00edt\u00e9sk\u00e9ppen a nyertest \u00e9s csal\u00e1dj\u00e1t\/vagy bar\u00e1tait (\u00f6sszesen n\u00e9gy f\u0151t) megh\u00edvunk egy <strong>\u00e1llatkerti esti s\u00e9t\u00e1ra<\/strong> (el\u0151re egyeztetett id\u0151pontban), amelyen az \u00e1llatkert z\u00e1r\u00e1s ut\u00e1ni \u00e9let\u00e9be pillanthatnak bele, szakvezet\u0151 seg\u00edts\u00e9g\u00e9vel.<\/p> <p>&nbsp;<\/p> <p><strong>Mivel mostan\u00e1ban nem tudtok ell\u00e1togatni az \u00c1llatkertbe, az ottani csapat egy webkamera seg\u00edts\u00e9g\u00e9vel mutatja be nektek az \u00e1llatok vil\u00e1g\u00e1t! N\u00e9zz\u00e9tek meg, hogy\u00a0mit csin\u00e1lnak\u00a0kedvenceitek ebben a pillanatban. <a href=\"https:\/\/zoobudapest.com\/ezt-latnod-kell\/webkamera\" target=\"_blank\" rel=\"noopener\">Kattintsatok ide!<\/a><\/strong><\/p> <p>&nbsp;<\/p> <p>Ha szeretn\u00e9tek t\u00e1mogatni a F\u0151v\u00e1rosi N\u00f6v\u00e9ny- \u00e9s \u00c1llatkert munk\u00e1j\u00e1t, <a href=\"http:\/\/www.allatkertialapitvany.hu\/tamogatas\/\" target=\"_blank\" rel=\"noopener\">itt<\/a> tudj\u00e1tok megn\u00e9zni, hogy hogyan tudtok seg\u00edteni.<\/p> <p>&nbsp;<\/p>","protected":false},"excerpt":{"rendered":"<p>&nbsp; &nbsp; A p\u00e1ly\u00e1zat f\u0151 t\u00e1mogat\u00f3ja a F\u0151v\u00e1rosi \u00c1llat- \u00e9s N\u00f6v\u00e9nykert &nbsp; 6-13 \u00e9ves koroszt\u00e1ly A p\u00e1ly\u00e1zat nyertese arany fokozat\u00fa \u00f6r\u00f6kbefogad\u00f3ja lehet egy \u00e1ltala kiv\u00e1lasztott \u00e1llatkerti mad\u00e1rnak, amelyr\u0151l d\u00edszes oklevelet kap \u00e9s nev\u00e9t \u2013 egy t\u00e1mogat\u00f3i t\u00e1bl\u00e1n felt\u00fcntetve \u2013 egy \u00e9ven kereszt\u00fcl kihelyezz\u00fck a v\u00e1lasztott mad\u00e1r kifut\u00f3j\u00e1hoz. Emellett megkapja a mad\u00e1r \u00e9letrajzi lapj\u00e1t, f\u00e9nyk\u00e9p\u00e9t \u00e9s<\/p>\n","protected":false},"author":2518,"featured_media":0,"parent":52424,"menu_order":0,"comment_status":"closed","ping_status":"closed","template":"","meta":{"_acf_changed":false,"footnotes":""},"categories":[],"tags":[],"class_list":["post-53246","page","type-page","status-publish","hentry"],"acf":[],"_links":{"self":[{"href":"https:\/\/univet.hu\/hu\/wp-json\/wp\/v2\/pages\/53246","targetHints":{"allow":["GET"]}}],"collection":[{"href":"https:\/\/univet.hu\/hu\/wp-json\/wp\/v2\/pages"}],"about":[{"href":"https:\/\/univet.hu\/hu\/wp-json\/wp\/v2\/types\/page"}],"author":[{"embeddable":true,"href":"https:\/\/univet.hu\/hu\/wp-json\/wp\/v2\/users\/2518"}],"replies":[{"embeddable":true,"href":"https:\/\/univet.hu\/hu\/wp-json\/wp\/v2\/comments?post=53246"}],"version-history":[{"count":0,"href":"https:\/\/univet.hu\/hu\/wp-json\/wp\/v2\/pages\/53246\/revisions"}],"up":[{"embeddable":true,"href":"https:\/\/univet.hu\/hu\/wp-json\/wp\/v2\/pages\/52424"}],"wp:attachment":[{"href":"https:\/\/univet.hu\/hu\/wp-json\/wp\/v2\/media?parent=53246"}],"wp:term":[{"taxonomy":"category","embeddable":true,"href":"https:\/\/univet.hu\/hu\/wp-json\/wp\/v2\/categories?post=53246"},{"taxonomy":"post_tag","embeddable":true,"href":"https:\/\/univet.hu\/hu\/wp-json\/wp\/v2\/tags?post=53246"}],"curies":[{"name":"wp","href":"https:\/\/api.w.org\/{rel}","templated":true}]}}