{"id":53352,"date":"2020-04-27T10:14:25","date_gmt":"2020-04-27T08:14:25","guid":{"rendered":"https:\/\/univet.hu\/?page_id=53352"},"modified":"2020-07-07T11:03:02","modified_gmt":"2020-07-07T09:03:02","slug":"applikacio","status":"publish","type":"page","link":"https:\/\/univet.hu\/hu\/applikacio\/","title":{"rendered":"Applik\u00e1ci\u00f3"},"content":{"rendered":"<p>&nbsp;<\/p> <p><span class=\"emphasis\" style=\"font-size: 14pt;\">Egyetemi \u00e9let testk\u00f6zelb\u0151l! Legyen mindig naprak\u00e9sz!<\/span><\/p> <p>&nbsp;<\/p> <p>Az UnivetApp az \u00c1llatorvostudom\u00e1nyi Egyetem hivatalos mobil applik\u00e1ci\u00f3ja, melyet hallgat\u00f3ink, oktat\u00f3ink \u00e9s vend\u00e9geink sz\u00e1m\u00e1ra tervezt\u00fcnk. Haszn\u00e1lat\u00e1val els\u0151k\u00e9nt \u00e9rtes\u00fclhet az egyetemet \u00e9rint\u0151 legfrissebb h\u00edrekr\u0151l, esem\u00e9nyekr\u0151l vagy m\u00e1s fontos \u00fczenetr\u0151l, mindezt a mobiltelefonj\u00e1n kereszt\u00fcl.<\/p> <p>&nbsp;<\/p> <ul style=\"list-style-type: square;\"> <li>Elt\u00e9vedt? Haszn\u00e1lja a t\u00e9rk\u00e9p funkci\u00f3t \u00e9s tal\u00e1lja meg a megfelel\u0151 \u00e9p\u00fcletet, tantermet, el\u0151ad\u00f3t!<\/li> <li>Hallotta? Olvassa el legfrissebb h\u00edreinket mobilj\u00e1n!<\/li> <li>Ott lesz? Iratkozzon fel esem\u00e9nyeinkre \u00e9s eml\u00e9keztet\u0151t k\u00fcld\u00fcnk!<\/li> <li>Milyen \u00f3ra k\u00f6vetkezik? Hallgat\u00f3k\u00e9nt bejelentkezve az \u00f3rarend is hozz\u00e1f\u00e9rhet\u0151!<\/li> <\/ul> <p>&nbsp;<\/p> <p>Az applik\u00e1ci\u00f3n kereszt\u00fcl k\u00f6nnyed\u00e9n hozz\u00e1f\u00e9rhet egyetemi inform\u00e1ci\u00f3khoz, szolg\u00e1ltat\u00e1sokhoz \u00e9s m\u00e9g sok minden m\u00e1shoz.<\/p> <p>T\u00f6ltse le ingyen az UnivetApp-ot androidos mobilra a <a href=\"https:\/\/play.google.com\/store\/apps\/details?id=com.univet.campus\" target=\"_blank\" rel=\"noopener\">Google Play \u00e1ruh\u00e1zb\u00f3l<\/a> vagy Apple k\u00e9sz\u00fcl\u00e9kre az <a href=\"https:\/\/apps.apple.com\/hu\/app\/univetapp\/id1519744197?l=hu\" target=\"_blank\" rel=\"noopener\">App Store-b\u00f3l<\/a>!<\/p> <p>&nbsp;<\/p>","protected":false},"excerpt":{"rendered":"<p>&nbsp; Egyetemi \u00e9let testk\u00f6zelb\u0151l! Legyen mindig naprak\u00e9sz! &nbsp; Az UnivetApp az \u00c1llatorvostudom\u00e1nyi Egyetem hivatalos mobil applik\u00e1ci\u00f3ja, melyet hallgat\u00f3ink, oktat\u00f3ink \u00e9s vend\u00e9geink sz\u00e1m\u00e1ra tervezt\u00fcnk. Haszn\u00e1lat\u00e1val els\u0151k\u00e9nt \u00e9rtes\u00fclhet az egyetemet \u00e9rint\u0151 legfrissebb h\u00edrekr\u0151l, esem\u00e9nyekr\u0151l vagy m\u00e1s fontos \u00fczenetr\u0151l, mindezt a mobiltelefonj\u00e1n kereszt\u00fcl. &nbsp; Elt\u00e9vedt? Haszn\u00e1lja a t\u00e9rk\u00e9p funkci\u00f3t \u00e9s tal\u00e1lja meg a megfelel\u0151 \u00e9p\u00fcletet, tantermet, el\u0151ad\u00f3t! Hallotta?<\/p>\n","protected":false},"author":2518,"featured_media":0,"parent":0,"menu_order":39,"comment_status":"closed","ping_status":"closed","template":"","meta":{"_acf_changed":false,"footnotes":""},"categories":[],"tags":[],"class_list":["post-53352","page","type-page","status-publish","hentry"],"acf":[],"_links":{"self":[{"href":"https:\/\/univet.hu\/hu\/wp-json\/wp\/v2\/pages\/53352","targetHints":{"allow":["GET"]}}],"collection":[{"href":"https:\/\/univet.hu\/hu\/wp-json\/wp\/v2\/pages"}],"about":[{"href":"https:\/\/univet.hu\/hu\/wp-json\/wp\/v2\/types\/page"}],"author":[{"embeddable":true,"href":"https:\/\/univet.hu\/hu\/wp-json\/wp\/v2\/users\/2518"}],"replies":[{"embeddable":true,"href":"https:\/\/univet.hu\/hu\/wp-json\/wp\/v2\/comments?post=53352"}],"version-history":[{"count":0,"href":"https:\/\/univet.hu\/hu\/wp-json\/wp\/v2\/pages\/53352\/revisions"}],"wp:attachment":[{"href":"https:\/\/univet.hu\/hu\/wp-json\/wp\/v2\/media?parent=53352"}],"wp:term":[{"taxonomy":"category","embeddable":true,"href":"https:\/\/univet.hu\/hu\/wp-json\/wp\/v2\/categories?post=53352"},{"taxonomy":"post_tag","embeddable":true,"href":"https:\/\/univet.hu\/hu\/wp-json\/wp\/v2\/tags?post=53352"}],"curies":[{"name":"wp","href":"https:\/\/api.w.org\/{rel}","templated":true}]}}