{"id":53363,"date":"2020-04-27T10:19:51","date_gmt":"2020-04-27T08:19:51","guid":{"rendered":"https:\/\/univet.hu\/hu\/applikacio\/oktato\/"},"modified":"2020-07-29T09:31:19","modified_gmt":"2020-07-29T07:31:19","slug":"oktato","status":"publish","type":"page","link":"https:\/\/univet.hu\/hu\/applikacio\/oktato\/","title":{"rendered":"Oktat\u00f3knak"},"content":{"rendered":"<p>Az UnivetApp-ba oktat\u00f3k\u00e9nt t\u00f6rt\u00e9n\u0151 bejelentkez\u00e9shez haszn\u00e1lja az egyetemi rendszerekhez tartoz\u00f3 felhaszn\u00e1l\u00f3nev\u00e9t \u00e9s jelszav\u00e1t.<\/p> <p>Tudjon meg t\u00f6bbet az applik\u00e1ci\u00f3 funkci\u00f3ir\u00f3l \u00e9s azok haszn\u00e1lat\u00e1r\u00f3l:<\/p> <p><a href=\"https:\/\/univet.hu\/wp-content\/uploads\/2020\/07\/UnivetApp-Alkalmaza\u0301s-Felhaszna\u0301lo\u0301i-Ke\u0301ziko\u0308nyv-Oktat\u00f3knak.pdf\">UnivetApp Alkalmaza\u0301s Felhaszna\u0301lo\u0301i Ke\u0301ziko\u0308nyv Oktat\u00f3knak<\/a><\/p>","protected":false},"excerpt":{"rendered":"<p>Az UnivetApp-ba oktat\u00f3k\u00e9nt t\u00f6rt\u00e9n\u0151 bejelentkez\u00e9shez haszn\u00e1lja az egyetemi rendszerekhez tartoz\u00f3 felhaszn\u00e1l\u00f3nev\u00e9t \u00e9s jelszav\u00e1t. Tudjon meg t\u00f6bbet az applik\u00e1ci\u00f3 funkci\u00f3ir\u00f3l \u00e9s azok haszn\u00e1lat\u00e1r\u00f3l: UnivetApp Alkalmaza\u0301s Felhaszna\u0301lo\u0301i Ke\u0301ziko\u0308nyv Oktat\u00f3knak<\/p>\n","protected":false},"author":2518,"featured_media":0,"parent":53352,"menu_order":0,"comment_status":"open","ping_status":"open","template":"","meta":{"_acf_changed":false,"footnotes":""},"categories":[],"tags":[],"class_list":["post-53363","page","type-page","status-publish","hentry"],"acf":[],"_links":{"self":[{"href":"https:\/\/univet.hu\/hu\/wp-json\/wp\/v2\/pages\/53363","targetHints":{"allow":["GET"]}}],"collection":[{"href":"https:\/\/univet.hu\/hu\/wp-json\/wp\/v2\/pages"}],"about":[{"href":"https:\/\/univet.hu\/hu\/wp-json\/wp\/v2\/types\/page"}],"author":[{"embeddable":true,"href":"https:\/\/univet.hu\/hu\/wp-json\/wp\/v2\/users\/2518"}],"replies":[{"embeddable":true,"href":"https:\/\/univet.hu\/hu\/wp-json\/wp\/v2\/comments?post=53363"}],"version-history":[{"count":0,"href":"https:\/\/univet.hu\/hu\/wp-json\/wp\/v2\/pages\/53363\/revisions"}],"up":[{"embeddable":true,"href":"https:\/\/univet.hu\/hu\/wp-json\/wp\/v2\/pages\/53352"}],"wp:attachment":[{"href":"https:\/\/univet.hu\/hu\/wp-json\/wp\/v2\/media?parent=53363"}],"wp:term":[{"taxonomy":"category","embeddable":true,"href":"https:\/\/univet.hu\/hu\/wp-json\/wp\/v2\/categories?post=53363"},{"taxonomy":"post_tag","embeddable":true,"href":"https:\/\/univet.hu\/hu\/wp-json\/wp\/v2\/tags?post=53363"}],"curies":[{"name":"wp","href":"https:\/\/api.w.org\/{rel}","templated":true}]}}