{"id":53366,"date":"2020-04-27T10:21:50","date_gmt":"2020-04-27T08:21:50","guid":{"rendered":"https:\/\/univet.hu\/hu\/applikacio\/vendeg\/"},"modified":"2020-07-29T09:30:13","modified_gmt":"2020-07-29T07:30:13","slug":"vendeg","status":"publish","type":"page","link":"https:\/\/univet.hu\/hu\/applikacio\/vendeg\/","title":{"rendered":"Vend\u00e9g felhaszn\u00e1l\u00f3knak"},"content":{"rendered":"<p>Az UnivetApp egyetem\u00fcnk ir\u00e1nt \u00e9rdekl\u0151d\u0151 vend\u00e9geink sz\u00e1m\u00e1ra bejelentkez\u00e9s n\u00e9lk\u00fcl haszn\u00e1lhat\u00f3.<\/p> <p>Tudjon meg t\u00f6bbet az applik\u00e1ci\u00f3 funkci\u00f3ir\u00f3l \u00e9s azok haszn\u00e1lat\u00e1r\u00f3l:<\/p> <p><a href=\"https:\/\/univet.hu\/wp-content\/uploads\/2020\/07\/UnivetApp-Alkalmaza\u0301s-Felhaszna\u0301lo\u0301i-Ke\u0301ziko\u0308nyv-Vend\u00e9geknek.pdf\">UnivetApp Alkalmaza\u0301s Felhaszna\u0301lo\u0301i Ke\u0301ziko\u0308nyv Vend\u00e9geknek<\/a><\/p>","protected":false},"excerpt":{"rendered":"<p>Az UnivetApp egyetem\u00fcnk ir\u00e1nt \u00e9rdekl\u0151d\u0151 vend\u00e9geink sz\u00e1m\u00e1ra bejelentkez\u00e9s n\u00e9lk\u00fcl haszn\u00e1lhat\u00f3. Tudjon meg t\u00f6bbet az applik\u00e1ci\u00f3 funkci\u00f3ir\u00f3l \u00e9s azok haszn\u00e1lat\u00e1r\u00f3l: UnivetApp Alkalmaza\u0301s Felhaszna\u0301lo\u0301i Ke\u0301ziko\u0308nyv Vend\u00e9geknek<\/p>\n","protected":false},"author":2518,"featured_media":0,"parent":53352,"menu_order":0,"comment_status":"open","ping_status":"open","template":"","meta":{"_acf_changed":false,"footnotes":""},"categories":[],"tags":[],"class_list":["post-53366","page","type-page","status-publish","hentry"],"acf":[],"_links":{"self":[{"href":"https:\/\/univet.hu\/hu\/wp-json\/wp\/v2\/pages\/53366","targetHints":{"allow":["GET"]}}],"collection":[{"href":"https:\/\/univet.hu\/hu\/wp-json\/wp\/v2\/pages"}],"about":[{"href":"https:\/\/univet.hu\/hu\/wp-json\/wp\/v2\/types\/page"}],"author":[{"embeddable":true,"href":"https:\/\/univet.hu\/hu\/wp-json\/wp\/v2\/users\/2518"}],"replies":[{"embeddable":true,"href":"https:\/\/univet.hu\/hu\/wp-json\/wp\/v2\/comments?post=53366"}],"version-history":[{"count":0,"href":"https:\/\/univet.hu\/hu\/wp-json\/wp\/v2\/pages\/53366\/revisions"}],"up":[{"embeddable":true,"href":"https:\/\/univet.hu\/hu\/wp-json\/wp\/v2\/pages\/53352"}],"wp:attachment":[{"href":"https:\/\/univet.hu\/hu\/wp-json\/wp\/v2\/media?parent=53366"}],"wp:term":[{"taxonomy":"category","embeddable":true,"href":"https:\/\/univet.hu\/hu\/wp-json\/wp\/v2\/categories?post=53366"},{"taxonomy":"post_tag","embeddable":true,"href":"https:\/\/univet.hu\/hu\/wp-json\/wp\/v2\/tags?post=53366"}],"curies":[{"name":"wp","href":"https:\/\/api.w.org\/{rel}","templated":true}]}}