{"id":54312,"date":"2020-05-04T15:07:00","date_gmt":"2020-05-04T13:07:00","guid":{"rendered":"https:\/\/univet.hu\/hu\/alumni\/kreativ-palyazat-2020\/dijak\/bonsai-hungary\/"},"modified":"2020-05-06T10:01:52","modified_gmt":"2020-05-06T08:01:52","slug":"bonsai-hungary-team-dija","status":"publish","type":"page","link":"https:\/\/univet.hu\/hu\/alumni\/kreativ-palyazat-2020\/dijak\/bonsai-hungary-team-dija\/","title":{"rendered":"Bonsai Hungary Team d\u00edja"},"content":{"rendered":"<h4><\/h4> <h4>Mi a bonsai?<\/h4> <p>A jap\u00e1n sz\u00f3 jelent\u00e9se lapos ed\u00e9nyben nevelt n\u00f6v\u00e9nyt jelent. A \u201cbon\u201d sz\u00f3 lapos ed\u00e9nyt vagy t\u00e1lc\u00e1t jelent, m\u00edg a \u201csai\u201d kifejez\u00e9s a n\u00f6v\u00e9nyre utal.<\/p> <p>\u00c1m a bonsai t\u00f6bb mint egyszer\u0171 nyelvtani ford\u00edt\u00e1s. M\u0171v\u00e9szet, mely a term\u00e9szetben szabadon \u00e9l\u0151 n\u00f6v\u00e9nyek \u00e9let\u00e9t \u00e9s fejl\u0151d\u00e9s\u00e9t hivatott egyfajta idealiz\u00e1lt, m\u00e9gis \u00e9leth\u0171 form\u00e1ba \u00f6nteni. Ezek a l\u00e9nyek csod\u00e1latos, \u00e9s olykor hihetetlen k\u00f6r\u00fclm\u00e9nyek k\u00f6z\u00f6tt fejl\u0151dnek, ez\u00e9rt fel kell k\u00e9sz\u00fcln\u00fcnk r\u00e1, hogy sosem k\u00e9sz\u00fcl el a m\u0171, melyre megihlett\u00fcnk. A bonsai \u00f6nkifejez\u0151 eszk\u00f6z, melyet t\u00f6bb \u00e9vsz\u00e1zados megfigyel\u00e9seken alapul\u00f3 dogm\u00e1k betart\u00e1s\u00e1val hozhatunk l\u00e9tre.<\/p> <h4><\/h4> <h4>Mi\u00e9rt j\u00f3 egy bonsai tulajdonos\u00e1nak lenni?<\/h4> <p>A bonsai felel\u0151ss\u00e9gre nevel, \u00f6szt\u00f6k\u00e9l, el\u0151hozza rejtett vagy elfeledett m\u0171v\u00e9szi k\u00e9pess\u00e9geink. A bonsai fejleszti kreat\u00edv gondolkod\u00e1sunk, term\u00e9szetim\u00e1datra, tiszteletre nevel \u00e9s tiszteletet k\u00f6vetel m\u00e1sok szem\u00e9ben. A bonsai az \u00e9ltet\u0151 er\u0151 jelk\u00e9pe. A bonsai, mint alkot\u00e1s, mindaz ami \u00c9n vagyok. T\u00f6rzse az \u00e9letutam, \u00e1gai c\u00e9lok melyek el\u00e9r\u00e9s\u00e9hez t\u00fcrelem kell. A tervez\u00e9st\u0151l a kivitelez\u00e9sen kereszt\u00fcl a \u201ck\u00e9sz\u201d alkot\u00e1sig oktat, fejleszt, kisz\u00e9les\u00edti l\u00e1t\u00f3k\u00f6r\u00fcnk.<\/p> <h4><\/h4> <h4>Mivel aj\u00e1nd\u00e9kozza meg a <a href=\"https:\/\/bonsaimeglepetes.hu\/\" target=\"_blank\" rel=\"noopener\">Bonsai Hungary Team<\/a> a harmadik helyezetteket?<\/h4> <p>1db ficus 15\/s bonsai f\u00e1t \u00e9s 5 r\u00e9szes online vide\u00f3s tanfolyamot a f\u00e1cska nevel\u00e9s\u00e9r\u0151l<\/p> <p>1db ulmus 12\/b bonsai f\u00e1t \u00e9s 5 r\u00e9szes online vide\u00f3s tanfolyamunkat a f\u00e1cska nevel\u00e9s\u00e9r\u0151l<\/p> <p>&nbsp;<\/p> <p>A kisf\u00e1t 2020. m\u00e1jus 17. napj\u00e1n k\u00fcldj\u00fck a nyerteseknek.<\/p> <figure id=\"attachment_54442\" aria-describedby=\"caption-attachment-54442\" style=\"width: 223px\" class=\"wp-caption alignright\"><a href=\"https:\/\/univet.hu\/wp-content\/uploads\/2020\/05\/ficus.jpg\"><img loading=\"lazy\" decoding=\"async\" class=\"wp-image-54442\" src=\"https:\/\/univet.hu\/wp-content\/uploads\/2020\/05\/ficus.jpg\" alt=\"\" width=\"223\" height=\"223\" \/><\/a><figcaption id=\"caption-attachment-54442\" class=\"wp-caption-text\">Ficus<\/figcaption><\/figure> <figure id=\"attachment_54443\" aria-describedby=\"caption-attachment-54443\" style=\"width: 222px\" class=\"wp-caption alignleft\"><a href=\"https:\/\/univet.hu\/wp-content\/uploads\/2020\/05\/ulmus.jpg\"><img loading=\"lazy\" decoding=\"async\" class=\"wp-image-54443\" src=\"https:\/\/univet.hu\/wp-content\/uploads\/2020\/05\/ulmus.jpg\" alt=\"\" width=\"222\" height=\"222\" \/><\/a><figcaption id=\"caption-attachment-54443\" class=\"wp-caption-text\">Ulmus<\/figcaption><\/figure> <p>&nbsp;<\/p> <p>&nbsp;<\/p> <p>&nbsp;<\/p> <p><span style=\"font-size: 16px;\">\u00a0 \u00a0 \u00a0 \u00a0 \u00a0 \u00a0 \u00a0 \u00a0 \u00a0 \u00a0Bonsai inform\u00e1ci\u00f3 <\/span><a style=\"font-size: 16px;\" href=\"https:\/\/bonsaihungary.hu\/\" target=\"_blank\" rel=\"noopener\">itt<\/a><\/p>","protected":false},"excerpt":{"rendered":"<p>Mi a bonsai? A jap\u00e1n sz\u00f3 jelent\u00e9se lapos ed\u00e9nyben nevelt n\u00f6v\u00e9nyt jelent. A \u201cbon\u201d sz\u00f3 lapos ed\u00e9nyt vagy t\u00e1lc\u00e1t jelent, m\u00edg a \u201csai\u201d kifejez\u00e9s a n\u00f6v\u00e9nyre utal. \u00c1m a bonsai t\u00f6bb mint egyszer\u0171 nyelvtani ford\u00edt\u00e1s. M\u0171v\u00e9szet, mely a term\u00e9szetben szabadon \u00e9l\u0151 n\u00f6v\u00e9nyek \u00e9let\u00e9t \u00e9s fejl\u0151d\u00e9s\u00e9t hivatott egyfajta idealiz\u00e1lt, m\u00e9gis \u00e9leth\u0171 form\u00e1ba \u00f6nteni. Ezek a l\u00e9nyek<\/p>\n","protected":false},"author":2518,"featured_media":0,"parent":52424,"menu_order":0,"comment_status":"open","ping_status":"open","template":"","meta":{"_acf_changed":false,"footnotes":""},"categories":[],"tags":[],"class_list":["post-54312","page","type-page","status-publish","hentry"],"acf":[],"_links":{"self":[{"href":"https:\/\/univet.hu\/hu\/wp-json\/wp\/v2\/pages\/54312","targetHints":{"allow":["GET"]}}],"collection":[{"href":"https:\/\/univet.hu\/hu\/wp-json\/wp\/v2\/pages"}],"about":[{"href":"https:\/\/univet.hu\/hu\/wp-json\/wp\/v2\/types\/page"}],"author":[{"embeddable":true,"href":"https:\/\/univet.hu\/hu\/wp-json\/wp\/v2\/users\/2518"}],"replies":[{"embeddable":true,"href":"https:\/\/univet.hu\/hu\/wp-json\/wp\/v2\/comments?post=54312"}],"version-history":[{"count":0,"href":"https:\/\/univet.hu\/hu\/wp-json\/wp\/v2\/pages\/54312\/revisions"}],"up":[{"embeddable":true,"href":"https:\/\/univet.hu\/hu\/wp-json\/wp\/v2\/pages\/52424"}],"wp:attachment":[{"href":"https:\/\/univet.hu\/hu\/wp-json\/wp\/v2\/media?parent=54312"}],"wp:term":[{"taxonomy":"category","embeddable":true,"href":"https:\/\/univet.hu\/hu\/wp-json\/wp\/v2\/categories?post=54312"},{"taxonomy":"post_tag","embeddable":true,"href":"https:\/\/univet.hu\/hu\/wp-json\/wp\/v2\/tags?post=54312"}],"curies":[{"name":"wp","href":"https:\/\/api.w.org\/{rel}","templated":true}]}}