{"id":54359,"date":"2020-05-05T13:41:51","date_gmt":"2020-05-05T11:41:51","guid":{"rendered":"https:\/\/univet.hu\/hu\/kutatas\/deokfii\/intezet\/"},"modified":"2020-06-07T17:54:53","modified_gmt":"2020-06-07T15:54:53","slug":"intezet","status":"publish","type":"page","link":"https:\/\/univet.hu\/hu\/kutatas\/deokfii\/intezet\/","title":{"rendered":"Int\u00e9zet"},"content":{"rendered":"<p>&nbsp;<\/p> <p>Az Int\u00e9zet az \u00e9lelmiszerl\u00e1nc-biztons\u00e1gi adatokkal kapcsolatos elemz\u00e9seket \u00e9s kutat\u00e1sokat integr\u00e1lja az \u00e9lelmiszerl\u00e1nc ment\u00e9n, valamint \u00faj szintre emeli a h\u00e1l\u00f3zatos egy\u00fcttm\u0171k\u00f6d\u00e9st ezen a ter\u00fcleten. Az Int\u00e9zet egy nemzetk\u00f6zileg is elismert, szak\u00e9rt\u0151i \u00e9s kutat\u00f3i csom\u00f3pont k\u00edv\u00e1n lenni az \u00e9lelmiszerl\u00e1nc-biztons\u00e1gi adatelemz\u00e9s ter\u00fclet\u00e9n.<\/p>","protected":false},"excerpt":{"rendered":"<p>&nbsp; Az Int\u00e9zet az \u00e9lelmiszerl\u00e1nc-biztons\u00e1gi adatokkal kapcsolatos elemz\u00e9seket \u00e9s kutat\u00e1sokat integr\u00e1lja az \u00e9lelmiszerl\u00e1nc ment\u00e9n, valamint \u00faj szintre emeli a h\u00e1l\u00f3zatos egy\u00fcttm\u0171k\u00f6d\u00e9st ezen a ter\u00fcleten. Az Int\u00e9zet egy nemzetk\u00f6zileg is elismert, szak\u00e9rt\u0151i \u00e9s kutat\u00f3i csom\u00f3pont k\u00edv\u00e1n lenni az \u00e9lelmiszerl\u00e1nc-biztons\u00e1gi adatelemz\u00e9s ter\u00fclet\u00e9n.<\/p>\n","protected":false},"author":2518,"featured_media":0,"parent":54354,"menu_order":52,"comment_status":"open","ping_status":"open","template":"","meta":{"_acf_changed":false,"footnotes":""},"categories":[],"tags":[],"class_list":["post-54359","page","type-page","status-publish","hentry"],"acf":[],"_links":{"self":[{"href":"https:\/\/univet.hu\/hu\/wp-json\/wp\/v2\/pages\/54359","targetHints":{"allow":["GET"]}}],"collection":[{"href":"https:\/\/univet.hu\/hu\/wp-json\/wp\/v2\/pages"}],"about":[{"href":"https:\/\/univet.hu\/hu\/wp-json\/wp\/v2\/types\/page"}],"author":[{"embeddable":true,"href":"https:\/\/univet.hu\/hu\/wp-json\/wp\/v2\/users\/2518"}],"replies":[{"embeddable":true,"href":"https:\/\/univet.hu\/hu\/wp-json\/wp\/v2\/comments?post=54359"}],"version-history":[{"count":0,"href":"https:\/\/univet.hu\/hu\/wp-json\/wp\/v2\/pages\/54359\/revisions"}],"up":[{"embeddable":true,"href":"https:\/\/univet.hu\/hu\/wp-json\/wp\/v2\/pages\/54354"}],"wp:attachment":[{"href":"https:\/\/univet.hu\/hu\/wp-json\/wp\/v2\/media?parent=54359"}],"wp:term":[{"taxonomy":"category","embeddable":true,"href":"https:\/\/univet.hu\/hu\/wp-json\/wp\/v2\/categories?post=54359"},{"taxonomy":"post_tag","embeddable":true,"href":"https:\/\/univet.hu\/hu\/wp-json\/wp\/v2\/tags?post=54359"}],"curies":[{"name":"wp","href":"https:\/\/api.w.org\/{rel}","templated":true}]}}