{"id":54361,"date":"2020-05-05T13:44:38","date_gmt":"2020-05-05T11:44:38","guid":{"rendered":"https:\/\/univet.hu\/hu\/kutatas\/deokfii\/aktualitasok\/"},"modified":"2021-06-25T10:30:55","modified_gmt":"2021-06-25T08:30:55","slug":"aktualitasok","status":"publish","type":"page","link":"https:\/\/univet.hu\/hu\/kutatas\/deokfii\/aktualitasok\/","title":{"rendered":"Aktualit\u00e1sok"},"content":{"rendered":"<p>&nbsp;<\/p> <p><span style=\"color: #79bcc9; font-size: 14pt;\"><strong>Virtu\u00e1lisan zajlott le a CCMAS 41. \u00fcl\u00e9se<\/strong><\/span><\/p> <p>2021.06.11.<\/p> <p>2021. m\u00e1jus 11-25. k\u00f6z\u00f6tt lezajlott a FAO\/WHO Codex Alimentarius Analitikai \u00e9s Mintav\u00e9teli M\u00f3dszerek Szakbizotts\u00e1g\u00e1nak (CCMAS) 41. \u00fcl\u00e9se, id\u00e9n el\u0151sz\u00f6r rendhagy\u00f3 m\u00f3don virtu\u00e1lisan a pand\u00e9mi\u00e1ra val\u00f3 tekintettel. A test\u00fclet eln\u00f6ki feladatait \u00e9vtizedek \u00f3ta magyar szakember l\u00e1tja el. A poz\u00edci\u00f3t dr. Nagy Attila, a Nemzeti \u00c9lelmiszerl\u00e1nc-biztons\u00e1gi Hivatal (N\u00e9bih) \u00c9lelmiszerl\u00e1nc-biztons\u00e1gi Laborat\u00f3rium Igazgat\u00f3s\u00e1g igazgat\u00f3ja t\u00f6lti be, m\u00edg az aleln\u00f6ki feladatokat az \u00c1llatorvostudom\u00e1nyi Egyetem Digit\u00e1lis \u00c9lelmiszerl\u00e1nc Oktat\u00e1si, Kutat\u00e1si, Fejleszt\u00e9si \u00e9s Innov\u00e1ci\u00f3s Int\u00e9zet munkat\u00e1rsa, Dr. Farkas Zsuzsa l\u00e1tja el.<\/p> <p>A virtu\u00e1lis \u00fcl\u00e9s a szervez\u0151ket \u00e9s a r\u00e9sztvev\u0151ket egyar\u00e1nt \u00faj kih\u00edv\u00e1sok el\u00e9 \u00e1ll\u00edtotta, ugyanakkor \u00faj lehet\u0151s\u00e9geket is megnyitott, ugyanis id\u00e9n a vil\u00e1g olyan t\u00e1jair\u00f3l is csatlakozhattak \u00e9rdekl\u0151d\u0151k, ahonnan kor\u00e1bban a t\u00e1vols\u00e1g miatt a k\u00e9pzett szakemberek nem tudtak r\u00e9szt venni a fizikai \u00fcl\u00e9seken \u00e9s a Bizotts\u00e1g legfontosabb eredm\u00e9nyeinek megfogalmaz\u00e1s\u00e1ban, az \u00e9v k\u00f6zben v\u00e9gzett munk\u00e1k konszenzusos v\u00e9gleges\u00edt\u00e9s\u00e9ben. \u00d6sszesen t\u00f6bb, mint 350 r\u00e9sztvev\u0151je volt a 41. \u00fcl\u00e9snek.<\/p> <p>A r\u00e9sztvev\u0151k szakmai profizmus\u00e1val \u00e9s rugalmass\u00e1g\u00e1val az \u00fajonnan kialakult helyzetben is eredm\u00e9nyesen z\u00e1rult az \u00fcl\u00e9s, a m\u00e9r\u00e9si bizonytalans\u00e1gr\u00f3l k\u00e9sz\u00edtett \u00fatmutat\u00f3 v\u00e9gleges\u00edt\u00e9sre ker\u00fclt, utols\u00f3 l\u00e9p\u00e9sk\u00e9nt a publik\u00e1l\u00e1s el\u0151tt m\u00e1r csak a Codex Alimentarius Bizotts\u00e1g elfogad\u00e1s\u00e1ra v\u00e1r. A mintav\u00e9tellel kapcsolatos \u00fatmutat\u00f3 is elfogad\u00e1sra ker\u00fclt jelen f\u00e1zisban, ugyanakkor a v\u00e9gleges\u00edt\u00e9shez sz\u00fcks\u00e9ges munka a k\u00f6vetkez\u0151 \u00e9v sor\u00e1n folytat\u00f3dik elektronikus munkacsoport \u00e1ltal. A vizsg\u00e1lati m\u00f3dszereket \u00f6sszefog\u00f3 szabv\u00e1nygy\u0171jtem\u00e9ny aktualiz\u00e1l\u00e1sa munkacsomagonk\u00e9nt t\u00f6rt\u00e9nik, ezek k\u00f6z\u00fcl a tejjel \u00e9s tejterm\u00e9kekkel kapcsolatos szabv\u00e1nyok \u00e1ttekint\u00e9se az idei \u00fcl\u00e9sen befejez\u0151d\u00f6tt, a gabona- illetve a zs\u00edrok\/olajok szabv\u00e1nyaival kapcsolatos munka folytat\u00f3dik, \u00e9s \u00faj munkacsomagk\u00e9nt a feldolgozott gy\u00fcm\u00f6lcs\u00f6kkel kapcsolatos szabv\u00e1nyok \u00e1ttekint\u00e9se ker\u00fcl ter\u00edt\u00e9kre.<\/p> <hr \/> <p>&nbsp;<\/p> <p><span style=\"color: #79bcc9; font-size: 14pt;\"><strong>Virtu\u00e1lis keretek k\u00f6z\u00f6tt ker\u00fcl sor a FAO\/WHO Codex Alimentarius Analitikai \u00e9s Mintav\u00e9teli M\u00f3dszerek Szakbizotts\u00e1g\u00e1nak 41. \u00fcl\u00e9s\u00e9re<\/strong><\/span><\/p> <p>2021.05.13.<\/p> <p>A FAO\/WHO Codex Alimentarius Analitikai \u00e9s Mintav\u00e9teli M\u00f3dszerek Szakbizotts\u00e1ga (CCMAS) 2021. m\u00e1jus 11-25. k\u00f6z\u00f6tt tartja 41. \u00fcl\u00e9s\u00e9t. A tal\u00e1lkoz\u00f3nak 1972 \u00f3ta Magyarorsz\u00e1g ad otthont, l\u00e9treh\u00edv\u00e1sa \u00f3ta azonban els\u0151 alkalommal fordul el\u0151, hogy a szakemberek nem szem\u00e9lyesen, hanem online fel\u00fcleten tal\u00e1lkoznak.<\/p> <p>A test\u00fclet legf\u0151bb k\u00fcldet\u00e9se a nemzetk\u00f6zi szervezet szabv\u00e1nyrendszereinek laborat\u00f3riumi k\u00e9rd\u00e9seinek \u00f6sszefog\u00e1sa. Az eln\u00f6ki feladatokat \u00e9vtizedek \u00f3ta magyar szakember l\u00e1tja el. A poz\u00edci\u00f3t dr. Nagy Attila, az \u00c9lelmiszerl\u00e1nc-biztons\u00e1gi Laborat\u00f3rium Igazgat\u00f3s\u00e1g igazgat\u00f3ja t\u00f6lti be, m\u00edg az aleln\u00f6ki feladatokat az \u00c1llatorvostudom\u00e1nyi Egyetem Digit\u00e1lis \u00c9lelmiszerl\u00e1nc Oktat\u00e1si, Kutat\u00e1si, Fejleszt\u00e9si \u00e9s Innov\u00e1ci\u00f3s Int\u00e9zet munkat\u00e1rsa, dr. Farkas Zsuzsa l\u00e1tja el. A kiemelt jelent\u0151s\u00e9g\u0171 szakmai esem\u00e9ny megrendez\u00e9s\u00e9ben ez alkalommal is fontos szerepet v\u00e1llalt az Agr\u00e1rminiszt\u00e9rium \u00e9s a Nemzeti \u00c9lelmiszerl\u00e1nc-biztons\u00e1gi Hivatal (N\u00e9bih).<\/p> <p>Az esem\u00e9nyr\u0151l r\u00e9szletesebb le\u00edr\u00e1st olvashatnak a <a href=\"https:\/\/portal.nebih.gov.hu\/-\/virtualisan-uleseznek-a-fao\/who-codex-alimentarius-analitikai-es-mintaveteli-modszerek-szakbizottsaganak-tagjai\" target=\"_blank\" rel=\"noopener\">N\u00e9bih k\u00f6zlem\u00e9ny\u00e9ben<\/a>.<\/p> <hr \/> <p>&nbsp;<\/p> <p><span style=\"color: #79bcc9; font-size: 14pt;\"><strong>Sikeresen p\u00e1ly\u00e1zott Int\u00e9zet\u00fcnk az EU-FORA \u00f6szt\u00f6nd\u00edj programra<\/strong><\/span><\/p> <p>2021.04.01.<\/p> <p class=\"paragraph\" style=\"vertical-align: baseline; margin: 0cm 0cm 6.0pt 0cm;\"><span style=\"font-family: georgia, palatino, serif;\"><span class=\"normaltextrun\">Az \u00c1llatorvo<\/span><span style=\"user-select: text; -webkit-user-drag: none; -webkit-tap-highlight-color: transparent; font-variant-ligatures: none !important;\" xml:lang=\"HU-HU\" data-contrast=\"auto\"><span style=\"user-select: text; -webkit-user-drag: none; -webkit-tap-highlight-color: transparent;\">s<\/span><\/span><span style=\"user-select: text; -webkit-user-drag: none; -webkit-tap-highlight-color: transparent; font-variant-ligatures: none !important;\" xml:lang=\"HU-HU\" data-contrast=\"auto\"><span style=\"user-select: text; -webkit-user-drag: none; -webkit-tap-highlight-color: transparent;\">tudom\u00e1nyi<\/span><\/span><span style=\"user-select: text; -webkit-user-drag: none; -webkit-tap-highlight-color: transparent; font-variant-ligatures: none !important;\" xml:lang=\"HU-HU\" data-contrast=\"auto\"><span style=\"user-select: text; -webkit-user-drag: none; -webkit-tap-highlight-color: transparent;\"> Egyetem tagja az EFSA egy\u00fcttm\u0171k\u00f6d\u0151 szervezetei<\/span><\/span><span style=\"user-select: text; -webkit-user-drag: none; -webkit-tap-highlight-color: transparent; font-variant-ligatures: none !important;\" xml:lang=\"HU-HU\" data-contrast=\"auto\"><span style=\"user-select: text; -webkit-user-drag: none; -webkit-tap-highlight-color: transparent;\">nek <span xml:lang=\"HU-HU\" data-contrast=\"auto\">(a <span class=\"TextRun BCX9 SCXW219227684\" lang=\"HU-HU\" xml:lang=\"HU-HU\" data-contrast=\"auto\"><span class=\"NormalTextRun BCX9 SCXW219227684\" data-ccp-parastyle=\"footnote text\"><a href=\"https:\/\/eur-lex.europa.eu\/legal-content\/HU\/TXT\/?uri=CELEX%3A32002R0178\" target=\"_blank\" rel=\"noopener\">178\/2002\/EK rendelet<\/a> 36. cikke szerint<\/span><\/span>)<\/span><\/span><\/span><span style=\"user-select: text; -webkit-user-drag: none; -webkit-tap-highlight-color: transparent; font-variant-ligatures: none !important;\" xml:lang=\"HU-HU\" data-contrast=\"auto\"><span style=\"user-select: text; -webkit-user-drag: none; -webkit-tap-highlight-color: transparent; background-color: inherit;\" data-fontsize=\"12\">, \u00e9s \u00edgy<\/span><\/span><span style=\"user-select: text; -webkit-user-drag: none; -webkit-tap-highlight-color: transparent; font-variant-ligatures: none !important;\" xml:lang=\"HU-HU\" data-contrast=\"auto\"><span style=\"user-select: text; -webkit-user-drag: none; -webkit-tap-highlight-color: transparent;\"> lehet\u0151s\u00e9g<\/span><\/span><span style=\"user-select: text; -webkit-user-drag: none; -webkit-tap-highlight-color: transparent; font-variant-ligatures: none !important;\" xml:lang=\"HU-HU\" data-contrast=\"auto\"><span style=\"user-select: text; -webkit-user-drag: none; -webkit-tap-highlight-color: transparent;\">\u00fcnk<\/span><\/span><span style=\"user-select: text; -webkit-user-drag: none; -webkit-tap-highlight-color: transparent; font-variant-ligatures: none !important;\" xml:lang=\"HU-HU\" data-contrast=\"auto\"><span style=\"user-select: text; -webkit-user-drag: none; -webkit-tap-highlight-color: transparent;\"> volt p\u00e1ly\u00e1zni az <span xml:lang=\"HU-HU\" data-contrast=\"auto\"> <a href=\"https:\/\/www.efsa.europa.eu\/en\/engage\/fellowship\" target=\"_blank\" rel=\"noopener\">EU-FORA<\/a><\/span> (<\/span><span style=\"user-select: text; -webkit-user-drag: none; -webkit-tap-highlight-color: transparent;\">The European Food<\/span><span style=\"user-select: text; -webkit-user-drag: none; -webkit-tap-highlight-color: transparent;\"> Risk<\/span><span style=\"user-select: text; -webkit-user-drag: none; -webkit-tap-highlight-color: transparent;\"> Assessment<\/span><span style=\"user-select: text; -webkit-user-drag: none; -webkit-tap-highlight-color: transparent;\">) \u00f6szt\u00f6nd\u00edj program<\/span><span style=\"user-select: text; -webkit-user-drag: none; -webkit-tap-highlight-color: transparent;\">ra, k\u00e9pz\u00e9si helyk\u00e9nt<\/span><span style=\"user-select: text; -webkit-user-drag: none; -webkit-tap-highlight-color: transparent;\">. A program c\u00e9lja a tud\u00e1scsere, kapcsolatok \u00e9p\u00edt\u00e9s\u00e9nek el\u0151seg\u00edt\u00e9se azon szervezetek k\u00f6z\u00f6tt, melyek az EU-ban kock\u00e1zatbecsl\u00e9st vagy ahhoz kapcsol\u00f3d\u00f3 tev\u00e9kenys\u00e9get v\u00e9geznek. <\/span><\/span><\/span><\/p> <p class=\"paragraph\" style=\"vertical-align: baseline; margin: 0cm 0cm 6.0pt 0cm;\"><span class=\"normaltextrun\" style=\"font-family: georgia, palatino, serif;\"><span style=\"color: #333333;\">Az Int\u00e9zet\u00fcnk sikeresen elnyerte a lehet\u0151s\u00e9get arra, hogy fogad\u00f3 f\u00e9l legyen. Az \u00f6szt\u00f6nd\u00edjas kutat\u00f3 kiv\u00e1laszt\u00e1sa 2021. II. negyed\u00e9v\u00e9ben t\u00f6rt\u00e9nik, a kutat\u00f3 b\u00e9rk\u00f6lts\u00e9geit az EFSA finansz\u00edrozza.<\/span><\/span><\/p> <hr \/> <p>&nbsp;<\/p> <p><span style=\"color: #79bcc9; font-size: 14pt;\"><strong>Lezajlott a Codex Alimentarius Analitikai \u00e9s Mintav\u00e9teli M\u00f3dszerek Bizotts\u00e1g\u00e1nak webin\u00e1riuma<\/strong><\/span><\/p> <p>2020.12.04.<\/p> <p>A Codex Alimentarius Analitikai \u00e9s Mintav\u00e9teli M\u00f3dszerek Bizotts\u00e1ga (CCMAS) minden \u00e9vben Budapesten \u00fcl\u00e9sezik, az idei \u00fcl\u00e9s azonban a j\u00e1rv\u00e1nyhelyzetre val\u00f3 tekintettel elmaradt. A munka hat\u00e9kony folytat\u00e1sa \u00e9rdek\u00e9ben november 23-25. k\u00f6z\u00f6tt webin\u00e1rium ker\u00fclt megrendez\u00e9sre, amelynek c\u00e9lja az elektronikus munkacsoportok \u00e1ltal v\u00e9gzett feladatokkal kapcsolatos naprak\u00e9sz t\u00e1j\u00e9koztat\u00e1s volt.<\/p> <p>A munkacsoportokat vezet\u0151 orsz\u00e1gok szak\u00e9rt\u0151inek prezent\u00e1ci\u00f3ja \u00e1ltal a r\u00e9sztvev\u0151k betekint\u00e9st nyerhettek az egyes feladatok jelenlegi \u00e1llapot\u00e1ba, t\u00e1j\u00e9koztat\u00e1st kaptak a tov\u00e1bbi megoldand\u00f3 k\u00e9rd\u00e9sekkel \u00e9s a k\u00f6vetkez\u0151 plen\u00e1ris \u00fcl\u00e9sig tervezett elv\u00e9gzend\u0151 feladatokkal kapcsolatban.<\/p> <p>Az al\u00e1bbi t\u00e9m\u00e1k ker\u00fcltek bemutat\u00e1sra \u00e9s megt\u00e1rgyal\u00e1sra:<\/p> <ul> <li>M\u00e9r\u00e9si bizonytalans\u00e1ggal kapcsolatos \u00fatmutat\u00f3 (CAC\/GL 54-2004) fel\u00fclvizsg\u00e1lata<\/li> <li>Mintav\u00e9teli bizonytalans\u00e1ggal kapcsolatos \u00fatmutat\u00f3 (CAC\/GL 50-2004) fel\u00fclvizsg\u00e1lata<\/li> <li>Aj\u00e1nlott analitikai \u00e9s mintav\u00e9teli m\u00f3dszerek szabv\u00e1ny\u00e1nak (CXS 234-1999) fel\u00fclvizsg\u00e1lata, m\u00f3dszerek j\u00f3v\u00e1hagy\u00e1sa<\/li> <\/ul> <p>Emellett a CCMAS munk\u00e1j\u00e1ban r\u00e9sztvev\u0151 szabv\u00e1nyfejleszt\u0151 szervezetek is t\u00e1j\u00e9koztat\u00e1st adtak a ter\u00fclet\u00fck\u00f6n elv\u00e9gzett leg\u00fajabb m\u00f3dszerfejleszt\u00e9sekr\u0151l.<\/p> <p>Hab\u00e1r a webin\u00e1rium inform\u00e1lis esem\u00e9nynek sz\u00e1m\u00edtott, levezet\u00e9s\u00e9ben a plen\u00e1ris \u00fcl\u00e9sekhez hasonl\u00f3an az eln\u00f6k, dr. Nagy Attila (N\u00c9BIH) mellett a CCMAS aleln\u00f6kek\u00e9nt a D\u00c9OKFII munkat\u00e1rsa, Dr. Farkas Zsuzsa is r\u00e9szt vett.<\/p> <p>A k\u00f6vetkez\u0151 \u00fcl\u00e9s tervezett id\u0151pontja 2021. m\u00e1jus 17-21. A program megtekinthet\u0151 <a href=\"http:\/\/www.fao.org\/fao-who-codexalimentarius\/meetings\/detail\/jp\/?meeting=CCMAS&amp;session=41\">itt<\/a>.<\/p> <hr \/> <p>&nbsp;<\/p> <p><span style=\"color: #79bcc9; font-size: 14pt;\"><strong>EFSA, FAO-WHO, N\u00c9BIH World Food Safety day<\/strong><\/span><\/p> <p>2020.06.07.<\/p> <p>J\u00fanius 7-\u00e9n m\u00e1sodik alkalommal ker\u00fcl megrendez\u00e9sre az \u00c9lelmiszerbiztons\u00e1gi Vil\u00e1gnap.<\/p> <p>A tematikus vil\u00e1gnap bevezet\u00e9s\u00e9t els\u0151k\u00e9nt Awilo Ochieng Pernet, a Codex Alimentarius Bizotts\u00e1g eln\u00f6ke vetette fel 2015-ben, amit a bizotts\u00e1g k\u00f6vetkez\u0151 \u00e9vi \u00fcl\u00e9s\u00e9n az ENSZ fel\u00e9 ir\u00e1nyul\u00f3 javaslatk\u00e9nt is megszavazott. 2017-ben a FAO, majd a WHO szint\u00e9n elfogadott egy \u00e1ll\u00e1sfoglal\u00e1st a vil\u00e1gnap t\u00e1mogat\u00e1s\u00e1r\u00f3l. Az ENSZ v\u00e9g\u00fcl 2018. decemberben megszavazta, hogy ezent\u00fal j\u00fanius 7-e az \u00c9lelmiszerbiztons\u00e1g Vil\u00e1gnapja legyen. Az \u00e9lelmiszerbiztons\u00e1g k\u00e9rd\u00e9se vil\u00e1gszerte az \u00e9rdekl\u0151d\u00e9s el\u0151ter\u00e9ben van. A WHO becsl\u00e9se szerint az \u00e9lelmiszer-fogyaszt\u00e1ssal \u00f6sszef\u00fcgg\u00e9sbe hozhat\u00f3 megbeteged\u00e9sek sz\u00e1ma az eg\u00e9sz vil\u00e1gon folyamatosan emelkedik, az iparilag fejlett orsz\u00e1gokban is a lakoss\u00e1g 30%-\u00e1t \u00e9rinti \u00e9vente. Az \u00e9lelmiszerbiztons\u00e1gi helyzet sehol a vil\u00e1gon nem javult a v\u00e1rakoz\u00e1snak \u00e9s a technikai fejl\u0151d\u00e9s szintj\u00e9nek megfelel\u0151en, s\u0151t ezzel ellent\u00e9tes tendenci\u00e1k is \u00e9rv\u00e9nyes\u00fclnek. A tematikus vil\u00e1gnap c\u00e9lja, hogy felh\u00edvja a figyelmet az \u00e9lelmiszerbiztons\u00e1g fontoss\u00e1g\u00e1ra \u00e9s az egyes szerepl\u0151k &#8211; bele\u00e9rtve az ipart \u00e9s a fogyaszt\u00f3kat is &#8211; felel\u0151ss\u00e9g\u00e9re.<\/p> <p>A D\u00c9OKFII kommunik\u00e1ci\u00f3ja az\u00a0\u00c9lelmiszerbiztons\u00e1gi Vil\u00e1gnap alkalm\u00e1b\u00f3l az Int\u00e9zet <a href=\"https:\/\/twitter.com\/digitalfoodins1\">Twitter-csatorn\u00e1j\u00e1n<\/a> olvashat\u00f3.<\/p> <p>A kezdem\u00e9nyez\u00e9shez hazai \u00e9s nemzetk\u00f6zi szervezetek is csatlakoztak, amelyek k\u00f6z\u00fcl az al\u00e1bbiakat emeln\u00e9nk ki:<br \/> <a href=\"http:\/\/www.fao.org\/fao-who-codexalimentarius\/wfsd\/en\/\">FAO &#8211; WHO<\/a><br \/> <a href=\"https:\/\/www.efsa.europa.eu\/en\/news\/food-safety-everyones-business-now-and-future-celebrating-world-food-safety-day\">EFSA<\/a><br \/> <a href=\"https:\/\/portal.nebih.gov.hu\/-\/oktatasi-honlapot-inditott-a-nebih\">N\u00c9BIH<\/a><\/p>","protected":false},"excerpt":{"rendered":"<p>&nbsp; Virtu\u00e1lisan zajlott le a CCMAS 41. \u00fcl\u00e9se 2021.06.11. 2021. m\u00e1jus 11-25. k\u00f6z\u00f6tt lezajlott a FAO\/WHO Codex Alimentarius Analitikai \u00e9s Mintav\u00e9teli M\u00f3dszerek Szakbizotts\u00e1g\u00e1nak (CCMAS) 41. \u00fcl\u00e9se, id\u00e9n el\u0151sz\u00f6r rendhagy\u00f3 m\u00f3don virtu\u00e1lisan a pand\u00e9mi\u00e1ra val\u00f3 tekintettel. A test\u00fclet eln\u00f6ki feladatait \u00e9vtizedek \u00f3ta magyar szakember l\u00e1tja el. A poz\u00edci\u00f3t dr. Nagy Attila, a Nemzeti \u00c9lelmiszerl\u00e1nc-biztons\u00e1gi Hivatal (N\u00e9bih)<\/p>\n","protected":false},"author":2518,"featured_media":0,"parent":54354,"menu_order":60,"comment_status":"open","ping_status":"open","template":"","meta":{"_acf_changed":false,"footnotes":""},"categories":[4],"tags":[],"class_list":["post-54361","page","type-page","status-publish","hentry","category-hirek"],"acf":[],"_links":{"self":[{"href":"https:\/\/univet.hu\/hu\/wp-json\/wp\/v2\/pages\/54361","targetHints":{"allow":["GET"]}}],"collection":[{"href":"https:\/\/univet.hu\/hu\/wp-json\/wp\/v2\/pages"}],"about":[{"href":"https:\/\/univet.hu\/hu\/wp-json\/wp\/v2\/types\/page"}],"author":[{"embeddable":true,"href":"https:\/\/univet.hu\/hu\/wp-json\/wp\/v2\/users\/2518"}],"replies":[{"embeddable":true,"href":"https:\/\/univet.hu\/hu\/wp-json\/wp\/v2\/comments?post=54361"}],"version-history":[{"count":0,"href":"https:\/\/univet.hu\/hu\/wp-json\/wp\/v2\/pages\/54361\/revisions"}],"up":[{"embeddable":true,"href":"https:\/\/univet.hu\/hu\/wp-json\/wp\/v2\/pages\/54354"}],"wp:attachment":[{"href":"https:\/\/univet.hu\/hu\/wp-json\/wp\/v2\/media?parent=54361"}],"wp:term":[{"taxonomy":"category","embeddable":true,"href":"https:\/\/univet.hu\/hu\/wp-json\/wp\/v2\/categories?post=54361"},{"taxonomy":"post_tag","embeddable":true,"href":"https:\/\/univet.hu\/hu\/wp-json\/wp\/v2\/tags?post=54361"}],"curies":[{"name":"wp","href":"https:\/\/api.w.org\/{rel}","templated":true}]}}