{"id":54366,"date":"2020-05-05T13:49:08","date_gmt":"2020-05-05T11:49:08","guid":{"rendered":"https:\/\/univet.hu\/hu\/kutatas\/deokfii\/kutatasi-projektek\/"},"modified":"2021-04-06T18:21:25","modified_gmt":"2021-04-06T16:21:25","slug":"kutatasi-projektek","status":"publish","type":"page","link":"https:\/\/univet.hu\/hu\/kutatas\/deokfii\/kutatasi-projektek\/","title":{"rendered":"Kutat\u00e1si projektek"},"content":{"rendered":"<p>&nbsp;<\/p> <p><span data-sheets-value=\"{&quot;1&quot;:2,&quot;2&quot;:&quot;A kutat\u00e1s-fejleszt\u00e9si-innov\u00e1ci\u00f3s tev\u00e9kenys\u00e9gek f\u00f3kusza az \u00e9lelmiszerl\u00e1nc biztons\u00e1g\u00e1t c\u00e9lz\u00f3 hazai \u00e9s nemzetk\u00f6zi projektekben val\u00f3 r\u00e9szv\u00e9tel, \u00edgy, az Int\u00e9zet profilj\u00e1b\u00f3l ad\u00f3d\u00f3an, els\u0151sorban az al\u00e1bbi, \u00e9lelmiszerl\u00e1nc-biztons\u00e1ggal kapcsolatos kutat\u00e1si ter\u00fcleteket c\u00e9lozza meg:\\n- Adatelemz\u00e9si kutat\u00e1sok (adatb\u00e1ny\u00e1szat, sz\u00f6vegb\u00e1ny\u00e1szat, h\u00e1l\u00f3zatkutat\u00e1s, mesters\u00e9ges intelligencia alkalmaz\u00e1sa)\\n- El\u0151rejelz\u00e9si kutat\u00e1sok (\u00fajonnan felmer\u00fcl\u0151 kock\u00e1zatok felt\u00e1r\u00e1sa, epidemiol\u00f3giai modellez\u00e9s)\\n- D\u00f6nt\u00e9shozatali m\u00f3dszertani kutat\u00e1sok (k\u00f6lts\u00e9g-haszon, kock\u00e1zat-haszon elemz\u00e9sek, kock\u00e1zatbecsl\u00e9s)&quot;}\" data-sheets-userformat=\"{&quot;2&quot;:11009,&quot;3&quot;:{&quot;1&quot;:0},&quot;11&quot;:4,&quot;12&quot;:0,&quot;14&quot;:{&quot;1&quot;:2,&quot;2&quot;:0},&quot;16&quot;:11}\">A kutat\u00e1s-fejleszt\u00e9si-innov\u00e1ci\u00f3s tev\u00e9kenys\u00e9gek f\u00f3kusza az \u00e9lelmiszerl\u00e1nc biztons\u00e1g\u00e1t c\u00e9lz\u00f3 hazai \u00e9s nemzetk\u00f6zi projektekben val\u00f3 r\u00e9szv\u00e9tel, \u00edgy, az Int\u00e9zet profilj\u00e1b\u00f3l ad\u00f3d\u00f3an, els\u0151sorban az al\u00e1bbi, \u00e9lelmiszerl\u00e1nc-biztons\u00e1ggal kapcsolatos kutat\u00e1si ter\u00fcleteket c\u00e9lozza meg:<\/span><\/p> <ul> <li><span data-sheets-value=\"{&quot;1&quot;:2,&quot;2&quot;:&quot;A kutat\u00e1s-fejleszt\u00e9si-innov\u00e1ci\u00f3s tev\u00e9kenys\u00e9gek f\u00f3kusza az \u00e9lelmiszerl\u00e1nc biztons\u00e1g\u00e1t c\u00e9lz\u00f3 hazai \u00e9s nemzetk\u00f6zi projektekben val\u00f3 r\u00e9szv\u00e9tel, \u00edgy, az Int\u00e9zet profilj\u00e1b\u00f3l ad\u00f3d\u00f3an, els\u0151sorban az al\u00e1bbi, \u00e9lelmiszerl\u00e1nc-biztons\u00e1ggal kapcsolatos kutat\u00e1si ter\u00fcleteket c\u00e9lozza meg:\\n- Adatelemz\u00e9si kutat\u00e1sok (adatb\u00e1ny\u00e1szat, sz\u00f6vegb\u00e1ny\u00e1szat, h\u00e1l\u00f3zatkutat\u00e1s, mesters\u00e9ges intelligencia alkalmaz\u00e1sa)\\n- El\u0151rejelz\u00e9si kutat\u00e1sok (\u00fajonnan felmer\u00fcl\u0151 kock\u00e1zatok felt\u00e1r\u00e1sa, epidemiol\u00f3giai modellez\u00e9s)\\n- D\u00f6nt\u00e9shozatali m\u00f3dszertani kutat\u00e1sok (k\u00f6lts\u00e9g-haszon, kock\u00e1zat-haszon elemz\u00e9sek, kock\u00e1zatbecsl\u00e9s)&quot;}\" data-sheets-userformat=\"{&quot;2&quot;:11009,&quot;3&quot;:{&quot;1&quot;:0},&quot;11&quot;:4,&quot;12&quot;:0,&quot;14&quot;:{&quot;1&quot;:2,&quot;2&quot;:0},&quot;16&quot;:11}\">Adatelemz\u00e9si kutat\u00e1sok (adatb\u00e1ny\u00e1szat, sz\u00f6vegb\u00e1ny\u00e1szat, h\u00e1l\u00f3zatkutat\u00e1s, mesters\u00e9ges intelligencia alkalmaz\u00e1sa)<\/span><\/li> <li><span data-sheets-value=\"{&quot;1&quot;:2,&quot;2&quot;:&quot;A kutat\u00e1s-fejleszt\u00e9si-innov\u00e1ci\u00f3s tev\u00e9kenys\u00e9gek f\u00f3kusza az \u00e9lelmiszerl\u00e1nc biztons\u00e1g\u00e1t c\u00e9lz\u00f3 hazai \u00e9s nemzetk\u00f6zi projektekben val\u00f3 r\u00e9szv\u00e9tel, \u00edgy, az Int\u00e9zet profilj\u00e1b\u00f3l ad\u00f3d\u00f3an, els\u0151sorban az al\u00e1bbi, \u00e9lelmiszerl\u00e1nc-biztons\u00e1ggal kapcsolatos kutat\u00e1si ter\u00fcleteket c\u00e9lozza meg:\\n- Adatelemz\u00e9si kutat\u00e1sok (adatb\u00e1ny\u00e1szat, sz\u00f6vegb\u00e1ny\u00e1szat, h\u00e1l\u00f3zatkutat\u00e1s, mesters\u00e9ges intelligencia alkalmaz\u00e1sa)\\n- El\u0151rejelz\u00e9si kutat\u00e1sok (\u00fajonnan felmer\u00fcl\u0151 kock\u00e1zatok felt\u00e1r\u00e1sa, epidemiol\u00f3giai modellez\u00e9s)\\n- D\u00f6nt\u00e9shozatali m\u00f3dszertani kutat\u00e1sok (k\u00f6lts\u00e9g-haszon, kock\u00e1zat-haszon elemz\u00e9sek, kock\u00e1zatbecsl\u00e9s)&quot;}\" data-sheets-userformat=\"{&quot;2&quot;:11009,&quot;3&quot;:{&quot;1&quot;:0},&quot;11&quot;:4,&quot;12&quot;:0,&quot;14&quot;:{&quot;1&quot;:2,&quot;2&quot;:0},&quot;16&quot;:11}\">El\u0151rejelz\u00e9si kutat\u00e1sok (\u00fajonnan felmer\u00fcl\u0151 kock\u00e1zatok felt\u00e1r\u00e1sa, epidemiol\u00f3giai modellez\u00e9s)<\/span><\/li> <li><span data-sheets-value=\"{&quot;1&quot;:2,&quot;2&quot;:&quot;A kutat\u00e1s-fejleszt\u00e9si-innov\u00e1ci\u00f3s tev\u00e9kenys\u00e9gek f\u00f3kusza az \u00e9lelmiszerl\u00e1nc biztons\u00e1g\u00e1t c\u00e9lz\u00f3 hazai \u00e9s nemzetk\u00f6zi projektekben val\u00f3 r\u00e9szv\u00e9tel, \u00edgy, az Int\u00e9zet profilj\u00e1b\u00f3l ad\u00f3d\u00f3an, els\u0151sorban az al\u00e1bbi, \u00e9lelmiszerl\u00e1nc-biztons\u00e1ggal kapcsolatos kutat\u00e1si ter\u00fcleteket c\u00e9lozza meg:\\n- Adatelemz\u00e9si kutat\u00e1sok (adatb\u00e1ny\u00e1szat, sz\u00f6vegb\u00e1ny\u00e1szat, h\u00e1l\u00f3zatkutat\u00e1s, mesters\u00e9ges intelligencia alkalmaz\u00e1sa)\\n- El\u0151rejelz\u00e9si kutat\u00e1sok (\u00fajonnan felmer\u00fcl\u0151 kock\u00e1zatok felt\u00e1r\u00e1sa, epidemiol\u00f3giai modellez\u00e9s)\\n- D\u00f6nt\u00e9shozatali m\u00f3dszertani kutat\u00e1sok (k\u00f6lts\u00e9g-haszon, kock\u00e1zat-haszon elemz\u00e9sek, kock\u00e1zatbecsl\u00e9s)&quot;}\" data-sheets-userformat=\"{&quot;2&quot;:11009,&quot;3&quot;:{&quot;1&quot;:0},&quot;11&quot;:4,&quot;12&quot;:0,&quot;14&quot;:{&quot;1&quot;:2,&quot;2&quot;:0},&quot;16&quot;:11}\">D\u00f6nt\u00e9shozatali m\u00f3dszertani kutat\u00e1sok (k\u00f6lts\u00e9g-haszon, kock\u00e1zat-haszon elemz\u00e9sek, kock\u00e1zatbecsl\u00e9s)<\/span><\/li> <\/ul> <p>&nbsp;<\/p> <p><span class=\"emphasis\">Kutat\u00e1si t\u00e9ma\u00f6tletek, nemzetk\u00f6zi \u00e9s hazai partnerkeres\u00e9s<\/span><\/p> <p>Az Int\u00e9zet megalakul\u00e1sa \u00f3ta akt\u00edvan keresi az egy\u00fcttm\u0171k\u00f6d\u00e9si lehet\u0151s\u00e9geket az egyetemen bel\u00fcl \u00e9s azon k\u00edv\u00fcl egyar\u00e1nt. T\u00f6bb egyetemmel (pl. Debreceni Egyetem, Magyar Agr\u00e1r- \u00e9s \u00c9lettudom\u00e1nyi Egyetem), illetve for-profit szervezettel\/v\u00e1llalkoz\u00e1ssal is siker\u00fclt munkakapcsolatot l\u00e9tes\u00edteni. A kutat\u00e1si t\u00e9ma\u00f6tletek felt\u00e1r\u00e1sa, a hazai \u00e9s nemzetk\u00f6zi partnerkeres\u00e9s folyamatosan zajlik.<\/p> <p>&nbsp;<\/p> <p><span class=\"emphasis\">A D\u00c9OKFII \u00e1ltal\u00a0azonos\u00edtott digitaliz\u00e1ci\u00f3s projektjavaslatok<\/span><span data-ccp-props=\"{&quot;201341983&quot;:0,&quot;335551550&quot;:6,&quot;335551620&quot;:6,&quot;335559739&quot;:160,&quot;335559740&quot;:276}\">\u00a0<\/span><\/p> <ul> <li data-leveltext=\"\uf0a7\" data-font=\"Wingdings\" data-listid=\"15\" aria-setsize=\"-1\" data-aria-posinset=\"3\" data-aria-level=\"1\">A gazdas\u00e1gi<span data-contrast=\"auto\"> szerepl\u0151ket t\u00e1mogat\u00f3, \u00e9lelmiszerl\u00e1nc-biztons\u00e1gi korai vesz\u00e9ly el\u0151rejelz\u0151<\/span><span data-contrast=\"auto\"> \u00e9s \u00fajonnan felmer\u00fcl\u0151 kock\u00e1zatokat azonos\u00edt\u00f3 rendszer;<\/span><span data-ccp-props=\"{&quot;134233279&quot;:true,&quot;201341983&quot;:0,&quot;335551550&quot;:6,&quot;335551620&quot;:6,&quot;335559739&quot;:160,&quot;335559740&quot;:259}\">\u00a0<\/span><\/li> <li data-leveltext=\"\uf0a7\" data-font=\"Wingdings\" data-listid=\"15\" aria-setsize=\"-1\" data-aria-posinset=\"3\" data-aria-level=\"1\"><span data-contrast=\"auto\">Az \u00e9lelmiszerl\u00e1nc-biztons\u00e1gi eg\u00e9szs\u00e9g\u00fcgyi technol\u00f3gia\u00e9rt\u00e9kel\u0151, k\u00f6lts\u00e9g-hasznoss\u00e1gi \u00e9s kock\u00e1zat-haszon elemz\u0151 rendszerek;<\/span><span data-ccp-props=\"{&quot;134233279&quot;:true,&quot;201341983&quot;:0,&quot;335551550&quot;:6,&quot;335551620&quot;:6,&quot;335559739&quot;:160,&quot;335559740&quot;:259}\">\u00a0<\/span><\/li> <li data-leveltext=\"\uf0a7\" data-font=\"Wingdings\" data-listid=\"15\" aria-setsize=\"-1\" data-aria-posinset=\"3\" data-aria-level=\"1\"><span data-contrast=\"auto\">\u00c9lelmiszerl\u00e1nc-biztons\u00e1gi, min\u0151s\u00e9gir\u00e1ny\u00edt\u00e1si d\u00f6nt\u00e9st\u00e1mogat\u00f3 rendszerek az \u00e9lelmiszerl\u00e1nc menedzserek sz\u00e1m\u00e1ra;<\/span><\/li> <li data-leveltext=\"\uf0a7\" data-font=\"Wingdings\" data-listid=\"15\" aria-setsize=\"-1\" data-aria-posinset=\"3\" data-aria-level=\"1\"><span data-contrast=\"auto\">Egy vagy k\u00e9t term\u00e9kp\u00e1lya biztons\u00e1gos, hitelt \u00e9rdeml\u0151, blockchain-alap\u00fa nyomonk\u00f6vethet\u0151s\u00e9gi pilot rendszere;<\/span><span data-ccp-props=\"{&quot;134233279&quot;:true,&quot;201341983&quot;:0,&quot;335551550&quot;:6,&quot;335551620&quot;:6,&quot;335559739&quot;:160,&quot;335559740&quot;:259}\">\u00a0<\/span><\/li> <li data-leveltext=\"\uf0a7\" data-font=\"Wingdings\" data-listid=\"15\" aria-setsize=\"-1\" data-aria-posinset=\"3\" data-aria-level=\"1\"><span data-contrast=\"auto\">H\u00fasvizsg\u00e1lat digitaliz\u00e1l\u00e1s;<\/span><span data-ccp-props=\"{&quot;134233279&quot;:true,&quot;201341983&quot;:0,&quot;335551550&quot;:6,&quot;335551620&quot;:6,&quot;335559739&quot;:160,&quot;335559740&quot;:259}\">\u00a0<\/span><\/li> <li data-leveltext=\"\uf0a7\" data-font=\"Wingdings\" data-listid=\"15\" aria-setsize=\"-1\" data-aria-posinset=\"3\" data-aria-level=\"1\"><span data-contrast=\"auto\">Digit\u00e1lis \u00e9lelmiszerl\u00e1nc fel\u00fcgyeleti alrendszerek fejleszt\u00e9se a hat\u00f3s\u00e1g sz\u00e1m\u00e1ra, a hat\u00f3s\u00e1ggal k\u00f6z\u00f6sen;<\/span><span data-ccp-props=\"{&quot;134233279&quot;:true,&quot;201341983&quot;:0,&quot;335551550&quot;:6,&quot;335551620&quot;:6,&quot;335559739&quot;:160,&quot;335559740&quot;:259}\">\u00a0<\/span><\/li> <li data-leveltext=\"\uf0a7\" data-font=\"Wingdings\" data-listid=\"15\" aria-setsize=\"-1\" data-aria-posinset=\"3\" data-aria-level=\"1\"><span data-contrast=\"auto\">A fogyaszt\u00f3kat \u00e9r\u0151 \u00e9lelmiszer-biztons\u00e1gi \u00e9s t\u00e1pl\u00e1lkoz\u00e1s-\u00e9lettani hat\u00e1sok felm\u00e9r\u00e9se molekul\u00e1ris szinten, adatvez\u00e9relt, AI-assziszt\u00e1lt m\u00f3dszerekkel<\/span><span data-ccp-props=\"{&quot;134233279&quot;:true,&quot;201341983&quot;:0,&quot;335551550&quot;:6,&quot;335551620&quot;:6,&quot;335559739&quot;:160,&quot;335559740&quot;:259}\">\u00a0<\/span><\/li> <\/ul>","protected":false},"excerpt":{"rendered":"<p>&nbsp; A kutat\u00e1s-fejleszt\u00e9si-innov\u00e1ci\u00f3s tev\u00e9kenys\u00e9gek f\u00f3kusza az \u00e9lelmiszerl\u00e1nc biztons\u00e1g\u00e1t c\u00e9lz\u00f3 hazai \u00e9s nemzetk\u00f6zi projektekben val\u00f3 r\u00e9szv\u00e9tel, \u00edgy, az Int\u00e9zet profilj\u00e1b\u00f3l ad\u00f3d\u00f3an, els\u0151sorban az al\u00e1bbi, \u00e9lelmiszerl\u00e1nc-biztons\u00e1ggal kapcsolatos kutat\u00e1si ter\u00fcleteket c\u00e9lozza meg: Adatelemz\u00e9si kutat\u00e1sok (adatb\u00e1ny\u00e1szat, sz\u00f6vegb\u00e1ny\u00e1szat, h\u00e1l\u00f3zatkutat\u00e1s, mesters\u00e9ges intelligencia alkalmaz\u00e1sa) El\u0151rejelz\u00e9si kutat\u00e1sok (\u00fajonnan felmer\u00fcl\u0151 kock\u00e1zatok felt\u00e1r\u00e1sa, epidemiol\u00f3giai modellez\u00e9s) D\u00f6nt\u00e9shozatali m\u00f3dszertani kutat\u00e1sok (k\u00f6lts\u00e9g-haszon, kock\u00e1zat-haszon elemz\u00e9sek, kock\u00e1zatbecsl\u00e9s) &nbsp; Kutat\u00e1si t\u00e9ma\u00f6tletek,<\/p>\n","protected":false},"author":2518,"featured_media":0,"parent":54354,"menu_order":63,"comment_status":"open","ping_status":"open","template":"","meta":{"_acf_changed":false,"footnotes":""},"categories":[],"tags":[],"class_list":["post-54366","page","type-page","status-publish","hentry"],"acf":[],"_links":{"self":[{"href":"https:\/\/univet.hu\/hu\/wp-json\/wp\/v2\/pages\/54366","targetHints":{"allow":["GET"]}}],"collection":[{"href":"https:\/\/univet.hu\/hu\/wp-json\/wp\/v2\/pages"}],"about":[{"href":"https:\/\/univet.hu\/hu\/wp-json\/wp\/v2\/types\/page"}],"author":[{"embeddable":true,"href":"https:\/\/univet.hu\/hu\/wp-json\/wp\/v2\/users\/2518"}],"replies":[{"embeddable":true,"href":"https:\/\/univet.hu\/hu\/wp-json\/wp\/v2\/comments?post=54366"}],"version-history":[{"count":0,"href":"https:\/\/univet.hu\/hu\/wp-json\/wp\/v2\/pages\/54366\/revisions"}],"up":[{"embeddable":true,"href":"https:\/\/univet.hu\/hu\/wp-json\/wp\/v2\/pages\/54354"}],"wp:attachment":[{"href":"https:\/\/univet.hu\/hu\/wp-json\/wp\/v2\/media?parent=54366"}],"wp:term":[{"taxonomy":"category","embeddable":true,"href":"https:\/\/univet.hu\/hu\/wp-json\/wp\/v2\/categories?post=54366"},{"taxonomy":"post_tag","embeddable":true,"href":"https:\/\/univet.hu\/hu\/wp-json\/wp\/v2\/tags?post=54366"}],"curies":[{"name":"wp","href":"https:\/\/api.w.org\/{rel}","templated":true}]}}