{"id":54370,"date":"2020-05-05T13:52:24","date_gmt":"2020-05-05T11:52:24","guid":{"rendered":"https:\/\/univet.hu\/hu\/kutatas\/deokfii\/nemzetkozi-kapcsolatok\/"},"modified":"2020-06-07T19:50:20","modified_gmt":"2020-06-07T17:50:20","slug":"nemzetkozi-kapcsolatok","status":"publish","type":"page","link":"https:\/\/univet.hu\/hu\/kutatas\/deokfii\/nemzetkozi-kapcsolatok\/","title":{"rendered":"Nemzetk\u00f6zi kapcsolatok"},"content":{"rendered":"<p>&nbsp;<\/p> <p><span data-sheets-value=\"{&quot;1&quot;:2,&quot;2&quot;:&quot;Az \u00e9lelmiszerl\u00e1nc-biztons\u00e1gi \u00e9s adatelemz\u00e9si ter\u00fcletek metszet\u00e9ben kev\u00e9s int\u00e9zm\u00e9ny tev\u00e9kenykedik Eur\u00f3p\u00e1ban, illetve szerte a vil\u00e1gon. Ezek jellemz\u0151en egyetemek, kutat\u00f3csoportok \u00e9s k\u00f6zigazgat\u00e1si int\u00e9zm\u00e9nyek, \u00e9s k\u00f6z\u00f6s kih\u00edv\u00e1sokkal n\u00e9znek szembe (p\u00e9ld\u00e1ul az adatok el\u00e9rhet\u0151s\u00e9ge \u00e9s min\u0151s\u00e9ge, a szabv\u00e1nyos\u00edt\u00e1s hi\u00e1nya, hi\u00e1nyz\u00f3 ontol\u00f3gi\u00e1k, alacsony szint\u0171 adatelemz\u00e9si k\u00e9pess\u00e9g), amelyek csak szoros nemzetk\u00f6zi egy\u00fcttm\u0171k\u00f6d\u00e9ssel oldhat\u00f3k meg. \\nAz Int\u00e9zet m\u0171k\u00f6d\u00e9se sor\u00e1n \u00f6sszegy\u0171jt\u00f6tt tapasztalatot, valamint a kutat\u00e1si eredm\u00e9nyeket is be kell kapcsolni a nemzetk\u00f6zi szakmai-tudom\u00e1nyos v\u00e9rkering\u00e9sbe, valamint az Int\u00e9zetnek is kritikusan fontos a nemzetk\u00f6zi kapcsolatrendszer fenntart\u00e1sa, inform\u00e1ci\u00f3k \u00f6sszegy\u0171jt\u00e9se, potenci\u00e1lis konzorciumi partnerekkel val\u00f3 kapcsolattart\u00e1s. Ennek keret\u00e9ben az Int\u00e9zet workshopokat, konferenci\u00e1kat szervez a tev\u00e9kenys\u00e9gi k\u00f6r\u00e9be tartoz\u00f3 t\u00e9mak\u00f6r\u00f6kben.&quot;}\" data-sheets-userformat=\"{&quot;2&quot;:11009,&quot;3&quot;:{&quot;1&quot;:0},&quot;11&quot;:4,&quot;12&quot;:0,&quot;14&quot;:{&quot;1&quot;:2,&quot;2&quot;:0},&quot;16&quot;:11}\">Az \u00e9lelmiszerl\u00e1nc-biztons\u00e1gi \u00e9s adatelemz\u00e9si ter\u00fcletek metszet\u00e9ben kev\u00e9s int\u00e9zm\u00e9ny tev\u00e9kenykedik Eur\u00f3p\u00e1ban, illetve szerte a vil\u00e1gon. Ezek jellemz\u0151en egyetemek, kutat\u00f3csoportok \u00e9s k\u00f6zigazgat\u00e1si int\u00e9zm\u00e9nyek, \u00e9s k\u00f6z\u00f6s kih\u00edv\u00e1sokkal n\u00e9znek szembe (p\u00e9ld\u00e1ul az adatok el\u00e9rhet\u0151s\u00e9ge \u00e9s min\u0151s\u00e9ge, a szabv\u00e1nyos\u00edt\u00e1s hi\u00e1nya, hi\u00e1nyz\u00f3 ontol\u00f3gi\u00e1k, alacsony szint\u0171 adatelemz\u00e9si k\u00e9pess\u00e9g), amelyek csak szoros nemzetk\u00f6zi egy\u00fcttm\u0171k\u00f6d\u00e9ssel oldhat\u00f3k meg. <\/span><\/p> <p><span data-sheets-value=\"{&quot;1&quot;:2,&quot;2&quot;:&quot;Az \u00e9lelmiszerl\u00e1nc-biztons\u00e1gi \u00e9s adatelemz\u00e9si ter\u00fcletek metszet\u00e9ben kev\u00e9s int\u00e9zm\u00e9ny tev\u00e9kenykedik Eur\u00f3p\u00e1ban, illetve szerte a vil\u00e1gon. Ezek jellemz\u0151en egyetemek, kutat\u00f3csoportok \u00e9s k\u00f6zigazgat\u00e1si int\u00e9zm\u00e9nyek, \u00e9s k\u00f6z\u00f6s kih\u00edv\u00e1sokkal n\u00e9znek szembe (p\u00e9ld\u00e1ul az adatok el\u00e9rhet\u0151s\u00e9ge \u00e9s min\u0151s\u00e9ge, a szabv\u00e1nyos\u00edt\u00e1s hi\u00e1nya, hi\u00e1nyz\u00f3 ontol\u00f3gi\u00e1k, alacsony szint\u0171 adatelemz\u00e9si k\u00e9pess\u00e9g), amelyek csak szoros nemzetk\u00f6zi egy\u00fcttm\u0171k\u00f6d\u00e9ssel oldhat\u00f3k meg. \\nAz Int\u00e9zet m\u0171k\u00f6d\u00e9se sor\u00e1n \u00f6sszegy\u0171jt\u00f6tt tapasztalatot, valamint a kutat\u00e1si eredm\u00e9nyeket is be kell kapcsolni a nemzetk\u00f6zi szakmai-tudom\u00e1nyos v\u00e9rkering\u00e9sbe, valamint az Int\u00e9zetnek is kritikusan fontos a nemzetk\u00f6zi kapcsolatrendszer fenntart\u00e1sa, inform\u00e1ci\u00f3k \u00f6sszegy\u0171jt\u00e9se, potenci\u00e1lis konzorciumi partnerekkel val\u00f3 kapcsolattart\u00e1s. Ennek keret\u00e9ben az Int\u00e9zet workshopokat, konferenci\u00e1kat szervez a tev\u00e9kenys\u00e9gi k\u00f6r\u00e9be tartoz\u00f3 t\u00e9mak\u00f6r\u00f6kben.&quot;}\" data-sheets-userformat=\"{&quot;2&quot;:11009,&quot;3&quot;:{&quot;1&quot;:0},&quot;11&quot;:4,&quot;12&quot;:0,&quot;14&quot;:{&quot;1&quot;:2,&quot;2&quot;:0},&quot;16&quot;:11}\">Az Int\u00e9zet m\u0171k\u00f6d\u00e9se sor\u00e1n \u00f6sszegy\u0171jt\u00f6tt tapasztalatot, valamint a kutat\u00e1si eredm\u00e9nyeket is be kell kapcsolni a nemzetk\u00f6zi szakmai-tudom\u00e1nyos v\u00e9rkering\u00e9sbe, valamint az Int\u00e9zetnek is kritikusan fontos a nemzetk\u00f6zi kapcsolatrendszer fenntart\u00e1sa, inform\u00e1ci\u00f3k \u00f6sszegy\u0171jt\u00e9se, potenci\u00e1lis konzorciumi partnerekkel val\u00f3 kapcsolattart\u00e1s. Ennek keret\u00e9ben az Int\u00e9zet workshopokat, konferenci\u00e1kat szervez a tev\u00e9kenys\u00e9gi k\u00f6r\u00e9be tartoz\u00f3 t\u00e9mak\u00f6r\u00f6kben.<\/span><\/p>","protected":false},"excerpt":{"rendered":"<p>&nbsp; Az \u00e9lelmiszerl\u00e1nc-biztons\u00e1gi \u00e9s adatelemz\u00e9si ter\u00fcletek metszet\u00e9ben kev\u00e9s int\u00e9zm\u00e9ny tev\u00e9kenykedik Eur\u00f3p\u00e1ban, illetve szerte a vil\u00e1gon. Ezek jellemz\u0151en egyetemek, kutat\u00f3csoportok \u00e9s k\u00f6zigazgat\u00e1si int\u00e9zm\u00e9nyek, \u00e9s k\u00f6z\u00f6s kih\u00edv\u00e1sokkal n\u00e9znek szembe (p\u00e9ld\u00e1ul az adatok el\u00e9rhet\u0151s\u00e9ge \u00e9s min\u0151s\u00e9ge, a szabv\u00e1nyos\u00edt\u00e1s hi\u00e1nya, hi\u00e1nyz\u00f3 ontol\u00f3gi\u00e1k, alacsony szint\u0171 adatelemz\u00e9si k\u00e9pess\u00e9g), amelyek csak szoros nemzetk\u00f6zi egy\u00fcttm\u0171k\u00f6d\u00e9ssel oldhat\u00f3k meg. Az Int\u00e9zet m\u0171k\u00f6d\u00e9se sor\u00e1n \u00f6sszegy\u0171jt\u00f6tt tapasztalatot,<\/p>\n","protected":false},"author":2518,"featured_media":0,"parent":54354,"menu_order":72,"comment_status":"open","ping_status":"open","template":"","meta":{"_acf_changed":false,"footnotes":""},"categories":[],"tags":[],"class_list":["post-54370","page","type-page","status-publish","hentry"],"acf":[],"_links":{"self":[{"href":"https:\/\/univet.hu\/hu\/wp-json\/wp\/v2\/pages\/54370","targetHints":{"allow":["GET"]}}],"collection":[{"href":"https:\/\/univet.hu\/hu\/wp-json\/wp\/v2\/pages"}],"about":[{"href":"https:\/\/univet.hu\/hu\/wp-json\/wp\/v2\/types\/page"}],"author":[{"embeddable":true,"href":"https:\/\/univet.hu\/hu\/wp-json\/wp\/v2\/users\/2518"}],"replies":[{"embeddable":true,"href":"https:\/\/univet.hu\/hu\/wp-json\/wp\/v2\/comments?post=54370"}],"version-history":[{"count":0,"href":"https:\/\/univet.hu\/hu\/wp-json\/wp\/v2\/pages\/54370\/revisions"}],"up":[{"embeddable":true,"href":"https:\/\/univet.hu\/hu\/wp-json\/wp\/v2\/pages\/54354"}],"wp:attachment":[{"href":"https:\/\/univet.hu\/hu\/wp-json\/wp\/v2\/media?parent=54370"}],"wp:term":[{"taxonomy":"category","embeddable":true,"href":"https:\/\/univet.hu\/hu\/wp-json\/wp\/v2\/categories?post=54370"},{"taxonomy":"post_tag","embeddable":true,"href":"https:\/\/univet.hu\/hu\/wp-json\/wp\/v2\/tags?post=54370"}],"curies":[{"name":"wp","href":"https:\/\/api.w.org\/{rel}","templated":true}]}}