{"id":54377,"date":"2020-05-05T15:45:15","date_gmt":"2020-05-05T13:45:15","guid":{"rendered":"https:\/\/univet.hu\/hu\/kutatas\/deokfii\/intezet\/rolunk\/"},"modified":"2020-06-07T17:57:31","modified_gmt":"2020-06-07T15:57:31","slug":"rolunk","status":"publish","type":"page","link":"https:\/\/univet.hu\/hu\/kutatas\/deokfii\/intezet\/rolunk\/","title":{"rendered":"R\u00f3lunk"},"content":{"rendered":"<p>&nbsp;<\/p> <p>A Digit\u00e1lis \u00c9lelmiszerl\u00e1nc Oktat\u00e1si, Kutat\u00e1si, Fejleszt\u00e9si \u00e9s Innov\u00e1ci\u00f3s Int\u00e9zet (D\u00c9OKFII) l\u00e9trehoz\u00e1s\u00e1nak jogszab\u00e1lyi alapjait a Korm\u00e1ny 1470\/2019. (VIII. 1.) Korm. hat\u00e1rozata a magyar agr\u00e1rium digitaliz\u00e1ci\u00f3j\u00e1nak el\u0151mozd\u00edt\u00e1s\u00e1r\u00f3l \u00e9s \u00f6sszehangol\u00e1s\u00e1r\u00f3l, Magyarorsz\u00e1g Digit\u00e1lis Agr\u00e1r Strat\u00e9gi\u00e1j\u00e1r\u00f3l 8. pontja fektette le, amely \u00e9rtelm\u00e9ben a Korm\u00e1ny \u201et\u00e1mogatja a Digit\u00e1lis \u00c9lelmiszerl\u00e1nc Kutat\u00e1si, Fejleszt\u00e9si \u00e9s Innov\u00e1ci\u00f3s K\u00f6zpont l\u00e9trehoz\u00e1s\u00e1t az \u00c1llatorvostudom\u00e1nyi Egyetemen, amely \u00e9lelmiszerl\u00e1nc (\u00e1llattart\u00e1s, takarm\u00e1ny-el\u0151\u00e1ll\u00edt\u00e1s, \u00e9lelmiszeralapanyag-termeszt\u00e9s stb.) vizsg\u00e1l\u00f3, adatelemz\u0151, oktat\u00f3, kutat\u00f3, fejleszt\u0151 \u00e9s innov\u00e1ci\u00f3s k\u00f6zpontk\u00e9nt, az \u00e9lelmiszerl\u00e1nc-fel\u00fcgyeleti szerv \u00e1ltal m\u0171k\u00f6dtetett \u00e9lelmiszerl\u00e1nc-fel\u00fcgyeleti inform\u00e1ci\u00f3s rendszert\u0151l elk\u00fcl\u00f6n\u00fclten biztos\u00edtja az agr\u00e1r- \u00e9s \u00e9lelmiszer- gazdas\u00e1g szerepl\u0151inek gyakorlati t\u00e1mogat\u00e1s\u00e1t, digitaliz\u00e1ci\u00f3s lehet\u0151s\u00e9geinek fejleszt\u00e9s\u00e9t \u00e9s az \u00e9lelmiszerl\u00e1nc szeml\u00e9let\u0171, digit\u00e1lis technol\u00f3gi\u00e1n alapul\u00f3 komplex \u00e1llatorvosk\u00e9pz\u00e9st.\u201d<\/p> <p>Az Int\u00e9zet 2020. \u00e1prilis 1-j\u00e9n kezdte meg m\u0171k\u00f6d\u00e9s\u00e9t az \u00c1llatorvostudom\u00e1nyi Egyetemen, amely a hazai \u00e9lelmiszer-biztons\u00e1gi szakemberk\u00e9pz\u00e9s egyik legfontosabb helye. Az \u00e1llatorvosi k\u00f6zeg\u00e9szs\u00e9g\u00fcgy hazai let\u00e9tem\u00e9nyesek\u00e9nt az Egyetemnek kiemelt szerepe van az \u00e9lelmiszer-biztons\u00e1gi k\u00e9pz\u00e9s naprak\u00e9szen tart\u00e1s\u00e1ban \u00e9s folyamatos fejleszt\u00e9s\u00e9ben.<\/p>","protected":false},"excerpt":{"rendered":"<p>&nbsp; A Digit\u00e1lis \u00c9lelmiszerl\u00e1nc Oktat\u00e1si, Kutat\u00e1si, Fejleszt\u00e9si \u00e9s Innov\u00e1ci\u00f3s Int\u00e9zet (D\u00c9OKFII) l\u00e9trehoz\u00e1s\u00e1nak jogszab\u00e1lyi alapjait a Korm\u00e1ny 1470\/2019. (VIII. 1.) Korm. hat\u00e1rozata a magyar agr\u00e1rium digitaliz\u00e1ci\u00f3j\u00e1nak el\u0151mozd\u00edt\u00e1s\u00e1r\u00f3l \u00e9s \u00f6sszehangol\u00e1s\u00e1r\u00f3l, Magyarorsz\u00e1g Digit\u00e1lis Agr\u00e1r Strat\u00e9gi\u00e1j\u00e1r\u00f3l 8. pontja fektette le, amely \u00e9rtelm\u00e9ben a Korm\u00e1ny \u201et\u00e1mogatja a Digit\u00e1lis \u00c9lelmiszerl\u00e1nc Kutat\u00e1si, Fejleszt\u00e9si \u00e9s Innov\u00e1ci\u00f3s K\u00f6zpont l\u00e9trehoz\u00e1s\u00e1t az \u00c1llatorvostudom\u00e1nyi Egyetemen, amely \u00e9lelmiszerl\u00e1nc<\/p>\n","protected":false},"author":2518,"featured_media":0,"parent":54359,"menu_order":40,"comment_status":"open","ping_status":"open","template":"","meta":{"_acf_changed":false,"footnotes":""},"categories":[],"tags":[],"class_list":["post-54377","page","type-page","status-publish","hentry"],"acf":[],"_links":{"self":[{"href":"https:\/\/univet.hu\/hu\/wp-json\/wp\/v2\/pages\/54377","targetHints":{"allow":["GET"]}}],"collection":[{"href":"https:\/\/univet.hu\/hu\/wp-json\/wp\/v2\/pages"}],"about":[{"href":"https:\/\/univet.hu\/hu\/wp-json\/wp\/v2\/types\/page"}],"author":[{"embeddable":true,"href":"https:\/\/univet.hu\/hu\/wp-json\/wp\/v2\/users\/2518"}],"replies":[{"embeddable":true,"href":"https:\/\/univet.hu\/hu\/wp-json\/wp\/v2\/comments?post=54377"}],"version-history":[{"count":0,"href":"https:\/\/univet.hu\/hu\/wp-json\/wp\/v2\/pages\/54377\/revisions"}],"up":[{"embeddable":true,"href":"https:\/\/univet.hu\/hu\/wp-json\/wp\/v2\/pages\/54359"}],"wp:attachment":[{"href":"https:\/\/univet.hu\/hu\/wp-json\/wp\/v2\/media?parent=54377"}],"wp:term":[{"taxonomy":"category","embeddable":true,"href":"https:\/\/univet.hu\/hu\/wp-json\/wp\/v2\/categories?post=54377"},{"taxonomy":"post_tag","embeddable":true,"href":"https:\/\/univet.hu\/hu\/wp-json\/wp\/v2\/tags?post=54377"}],"curies":[{"name":"wp","href":"https:\/\/api.w.org\/{rel}","templated":true}]}}