{"id":54381,"date":"2020-05-05T15:48:32","date_gmt":"2020-05-05T13:48:32","guid":{"rendered":"https:\/\/univet.hu\/hu\/kutatas\/deokfii\/intezet\/munkatarsak\/"},"modified":"2021-07-28T16:39:06","modified_gmt":"2021-07-28T14:39:06","slug":"munkatarsak","status":"publish","type":"page","link":"https:\/\/univet.hu\/hu\/kutatas\/deokfii\/intezet\/munkatarsak\/","title":{"rendered":"Munkat\u00e1rsak"},"content":{"rendered":"<p>&nbsp;<\/p> <p><span class=\"emphasis\">Dr. S\u00fcth Mikl\u00f3s<\/span><br \/> igazgat\u00f3<\/p> <p>S\u00fcth Mikl\u00f3s \u00e1llatorvosdoktor, \u00e9lelmiszer-higi\u00e9nikus szak\u00e1llatorvos. Szakmai ismereteinek kisz\u00e9les\u00edt\u00e9se v\u00e9gett elv\u00e9gezte a Budapesti Gazdas\u00e1gi F\u0151iskola, K\u00fclkereskedelmi F\u0151iskolai Kar Total Quality Management szakir\u00e1ny\u00fa szakk\u00f6zgazd\u00e1sz k\u00e9pz\u00e9s\u00e9t, szakokleveles TQM szak\u00e9rt\u0151 diplom\u00e1t, illetve a holland Hogeschool Zeeland MSc (Master of Science (economy), TQM expert) bizony\u00edtv\u00e1ny\u00e1t szerezte meg. A FAO\/WHO Codex Alimentarius Commission Magyar Nemzeti Bizotts\u00e1g \u00c9lelmiszer-higi\u00e9niai Munkabizotts\u00e1g\u00e1nak tagja, \u00e9s a H\u00fashigi\u00e9niai Magyar Munkabizotts\u00e1g eln\u00f6ke volt.<br \/> 2003 \u00e9s 2010 k\u00f6z\u00f6tt a k\u00f6zigazgat\u00e1sban dolgozott, el\u0151sz\u00f6r a F\u00f6ldm\u0171vel\u00e9s\u00fcgyi \u00e9s Vid\u00e9kfejleszt\u00e9si Miniszt\u00e9rium \u00c1llateg\u00e9szs\u00e9g\u00fcgyi \u00e9s \u00c9lelmiszerellen\u0151rz\u00e9si F\u0151oszt\u00e1ly \u00c9lelmiszerbiztons\u00e1gi \u00e9s Min\u0151s\u00e9gellen\u0151rz\u00e9si Oszt\u00e1ly\u00e1n tan\u00e1csos, majd az Orsz\u00e1gos \u00c9lelmiszervizsg\u00e1l\u00f3 Int\u00e9zet igazgat\u00f3i feladatait l\u00e1tta el. 2005-t\u0151l a F\u00f6ldm\u0171vel\u00e9s\u00fcgyi \u00e9s Vid\u00e9kfejleszt\u00e9si Miniszt\u00e9rium \u00c1llateg\u00e9szs\u00e9g\u00fcgyi \u00e9s \u00c9lelmiszer Ellen\u0151rz\u00e9si F\u0151oszt\u00e1ly\u00e1nak vezet\u0151je, orsz\u00e1gos f\u0151\u00e1llatorvos volt, kezdem\u00e9nyez\u00e9s\u00e9re \u00e9s munk\u00e1ss\u00e1g\u00e1nak eredm\u00e9nyek\u00e9nt j\u00f6tt l\u00e9tre Magyarorsz\u00e1gon az egys\u00e9ges \u00e9lelmiszerl\u00e1nc fel\u00fcgyeleti hat\u00f3s\u00e1g, melynek munk\u00e1j\u00e1t szak\u00e1llamtitk\u00e1ri rangban orsz\u00e1gos f\u0151\u00e1llatorvosk\u00e9nt vezette 2010-ig. 2005 \u00e9s 2010 k\u00f6z\u00f6tt Magyarorsz\u00e1g k\u00e9pviselet\u00e9t l\u00e1tta el az Eur\u00f3pai Uni\u00f3 F\u0151\u00e1llatorvosi (CVO) Tan\u00e1csi munkacsoportj\u00e1ban, Magyarorsz\u00e1g deleg\u00e1ltja volt az \u00c1llateg\u00e9szs\u00e9g\u00fcgyi Vil\u00e1gszervezetbe (OIE), az Eur\u00f3pai Uni\u00f3 Potsdam munkacsoportjaiban (USA, Canada, Sv\u00e1jc) tagorsz\u00e1gi deleg\u00e1lt volt, illetve az \u00c1zsiai orsz\u00e1gok munkacsoportj\u00e1nak tagorsz\u00e1gi vezet\u00e9s\u00e9t l\u00e1tta el. 2008 \u00e9s 2010 k\u00f6z\u00f6tt a Hamis\u00edt\u00e1s Elleni Nemzeti Test\u00fclet tagja, a K\u00fcl\u00f6n\u00f6s Kock\u00e1zat\u00fa Term\u00e9kek munkacsoportj\u00e1nak vezet\u0151je, az Alb\u00e1n mez\u0151gazdas\u00e1gi munkabizotts\u00e1g eln\u00f6ke, orosz, ukr\u00e1n, k\u00ednai mez\u0151gazdas\u00e1gi munkabizotts\u00e1g t\u00e1rseln\u00f6ke, a szerb, alg\u00e9riai, vietn\u00e1mi, laoszi egy\u00fcttm\u0171k\u00f6d\u00e9s magyar t\u00e1rseln\u00f6ki feladatait l\u00e1tta el, a FAO Magyar Nemzeti Bizotts\u00e1g eln\u00f6ke, a Magyar Agr\u00e1rgazdas\u00e1gi Min\u0151s\u00e9gd\u00edj Bizotts\u00e1g eln\u00f6ke, a Fogyaszt\u00f3v\u00e9delmi Tan\u00e1cs tagja, a Fogyaszt\u00f3v\u00e9delmi Tan\u00e1cs \u00e9lelmiszeripari szakkoll\u00e9gium\u00e1nak eln\u00f6ke volt. A Magyar Sz\u00f3viv\u0151k Sz\u00f6vets\u00e9ge a sajt\u00f3munk\u00e1j\u00e1t a Hiteles T\u00e1j\u00e9koztat\u00e1s\u00e9rt d\u00edjjal jutalmazta 2007-ben, melyet el\u0151sz\u00f6r \u00edt\u00e9ltek oda szakm\u00e1n k\u00edv\u00fcli jel\u00f6ltnek.<br \/> 2010 \u00e9s 2018 k\u00f6z\u00f6tt a Fornetti Franchise strat\u00e9giai igazgat\u00f3ja volt. 2015-ben az \u00c9lelmiszer Szaklap a magyarorsz\u00e1gi TOP50 FMCG szakembere k\u00f6z\u00e9 v\u00e1lasztotta. PhD doktori fokozat\u00e1t a Kaposv\u00e1ri Egyetem Gazd\u00e1lkod\u00e1s- \u00e9s Szervez\u00e9studom\u00e1nyok Doktori Iskol\u00e1ban szerezte meg. Tudom\u00e1nyos kutat\u00f3munk\u00e1j\u00e1nak alapj\u00e1t a magyar t\u00e1rsadalom \u00e9lelmiszerl\u00e1nc biztons\u00e1gi tud\u00e1s\u00e1r\u00f3l \u00e9s tudatoss\u00e1g\u00e1r\u00f3l gy\u0171jt\u00f6tt adatok elemz\u00e9se jelentette, amely alapj\u00e1n javaslatokat tett a c\u00e9lzott \u00e9s prec\u00edzi\u00f3s hat\u00f3s\u00e1gi kock\u00e1zat kommunik\u00e1ci\u00f3 m\u00f3dszereire. 2018-t\u00f3l az \u00c1llatorvostudom\u00e1nyi Egyetem rektori f\u0151tan\u00e1csad\u00f3ja.<br \/> 2019-ben r\u00e9szt vett f\u00e9l \u00e9ven kereszt\u00fcl az Innov\u00e1ci\u00f3s \u00e9s Technol\u00f3giai Miniszt\u00e9rium munk\u00e1j\u00e1ban tan\u00e1csad\u00f3k\u00e9nt, t\u00f6bbek k\u00f6z\u00f6tt kiemelt feladata volt a magyar agr\u00e1rium digitaliz\u00e1ci\u00f3j\u00e1nak el\u0151mozd\u00edt\u00e1s\u00e1r\u00f3l \u00e9s \u00f6sszehangol\u00e1s\u00e1r\u00f3l, Magyarorsz\u00e1g Digit\u00e1lis Agr\u00e1r Strat\u00e9gi\u00e1j\u00e1r\u00f3l sz\u00f3l\u00f3 Korm\u00e1ny Hat\u00e1rozat el\u0151k\u00e9sz\u00edt\u00e9s\u00e9ben val\u00f3 szak\u00e9rt\u0151i k\u00f6zrem\u0171k\u00f6d\u00e9s.<\/p> <p>&nbsp;<\/p> <p><span class=\"emphasis\">Dr. J\u00f3\u017awiak \u00c1kos Bernard<\/span><br \/> igazgat\u00f3helyettes<\/p> <p>J\u00f3\u017awiak \u00c1kos Bernard \u00e1llatorvos, az \u00e1llatorvos-tudom\u00e1nyok doktora.\u00a015 \u00e9ven \u00e1t a Nemzeti \u00c9lelmiszerl\u00e1nc-biztons\u00e1gi Hivataln\u00e1l (N\u00c9BIH) \u00e9s annak el\u0151dein\u00e9l dolgozott k\u00fcl\u00f6nf\u00e9le poz\u00edci\u00f3kban: a Nemzeti Referencia Laborat\u00f3riumok vezet\u0151je volt, majd a kock\u00e1zatalap\u00fa mintav\u00e9teli \u00e9s ellen\u0151rz\u00e9si tervek tervez\u00e9s\u00e9n dolgozott, \u00e9s a nemzeti \u00c9lelmiszerl\u00e1nc-biztons\u00e1gi Strat\u00e9gia 2013-2022 kidolgoz\u00e1s\u00e1\u00e9rt volt felel\u0151s. Az ut\u00f3bbi \u00e9vekben a strat\u00e9giai tervez\u00e9s, az \u00e9lelmiszer-biztons\u00e1gi kock\u00e1zat\u00e9rt\u00e9kel\u00e9s \u00e9s adatelemz\u00e9s ter\u00fclet\u00e9n dolgozott.<br \/> J\u00f3\u017awiak \u00c1kos az Eur\u00f3pai \u00c9lelmiszerbiztons\u00e1gi Hat\u00f3s\u00e1g (EFSA) Tan\u00e1csad\u00f3 F\u00f3rum\u00e1nak \u00e9s az EFSA \u00dajonnan Felmer\u00fcl\u0151 Kock\u00e1zatok H\u00e1l\u00f3zat\u00e1nak tagja. E h\u00e1l\u00f3zatokon kereszt\u00fcl sz\u00e1mos projektben \u00e9s kezdem\u00e9nyez\u00e9sben vett r\u00e9szt; jelenleg az EFSA Tan\u00e1csad\u00f3 F\u00f3rum Adatgy\u0171jt\u00e9si \u00e9s Adatmodellez\u00e9si Munkacsoportj\u00e1nak eln\u00f6ke.<br \/> Emellett sz\u00e1mos nemzetk\u00f6zi kapacit\u00e1s\u00e9p\u00edt\u00e9si projektben vett r\u00e9szt junior projektvezet\u0151k\u00e9nt, komponensvezet\u0151k\u00e9nt \u00e9s szak\u00e9rt\u0151k\u00e9nt. Emellett oktat\u00f3k\u00e9nt vesz r\u00e9szt az Eur\u00f3pai Bizotts\u00e1g Jobb K\u00e9pz\u00e9s a Biztons\u00e1gosabb \u00c9lelmiszerek\u00e9rt (BTSF) kezdem\u00e9nyez\u00e9s\u00e9ben \u00e9s k\u00fcl\u00f6nf\u00e9le egyetemi kurzusokon. A FAO-WHO Analitikai \u00e9s Mintav\u00e9teli M\u00f3dszerek Codex Bizotts\u00e1g (Codex Committee on Methods of Analysis and Sampling (CCMAS) magyar bizotts\u00e1g\u00e1nak eln\u00f6ke.<br \/> Kutat\u00e1si tev\u00e9kenys\u00e9ge f\u00f3kusz\u00e1ban \u00faj elemz\u00e9si m\u00f3dszerek kidolgoz\u00e1sa \u00e9s alkalmaz\u00e1sa \u00e1ll az \u00e9lelmiszerl\u00e1nc-biztons\u00e1g ellen\u0151rz\u00e9si hat\u00e9konys\u00e1g\u00e1nak jav\u00edt\u00e1sa \u00e9rdek\u00e9ben. Ezen a ter\u00fcleten a f\u0151 kutat\u00e1si ter\u00fcletei a (1) sz\u00e1m\u00edt\u00e1studom\u00e1nyi m\u00f3dszerek alkalmaz\u00e1sa az \u00fajonnan felmer\u00fcl\u0151 kock\u00e1zatok meghat\u00e1roz\u00e1s\u00e1ra \u00e9s a kock\u00e1zatalap\u00fa ellen\u0151rz\u00e9sek jav\u00edt\u00e1s\u00e1ra; (2) betegs\u00e9gek terjed\u00e9s\u00e9nek epidemiol\u00f3giai modellez\u00e9se; (3) az \u00e9lelmiszer eredet\u0171 megbeteged\u00e9sek gazdas\u00e1gi terheinek meghat\u00e1roz\u00e1sa \u00e9s az eg\u00e9szs\u00e9g\u00fcgyi technol\u00f3giai \u00e9rt\u00e9kel\u00e9si m\u00f3dszerek alkalmaz\u00e1sa az \u00e9lelmiszerl\u00e1nc-biztons\u00e1ggal kapcsolatos d\u00f6nt\u00e9sek meghozatal\u00e1ban.<br \/> Email: <a class=\"decrypt\" rel=\"Kp{xjbl\/BlptAvojwfu\/iv\" href=\"javascript:void(0);\">[Kattintson az emailc\u00edmhez]<\/a><br \/> <a href=\"https:\/\/m2.mtmt.hu\/gui2\/?type=authors&amp;mode=browse&amp;sel=10026580&amp;view=simpleList\">Publik\u00e1ci\u00f3k<\/a><br \/> <a href=\"http:\/\/hu.linkedin.com\/in\/AkosBernardJozwiak\">LinkedIn<\/a><\/p> <p>&nbsp;<\/p> <p><span class=\"emphasis\">Csorba Szilveszter<\/span><br \/> \u00e9lelmiszerl\u00e1nc adatelemz\u0151<\/p> <p>Csorba Szilveszter okleveles k\u00f6rnyezetm\u00e9rn\u00f6k agr\u00e1r-k\u00f6rnyezetv\u00e9delmi szakir\u00e1nnyal. 11 \u00e9ven \u00e1t dolgozott a N\u00c9BIH-n\u00e9l \u00e9s annak jogel\u0151dj\u00e9n\u00e9l t\u00f6bb szakter\u00fcleten is. A talajv\u00e9delmi szakter\u00fcleten r\u00e9sz vett a hat\u00f3s\u00e1gi d\u00f6nt\u00e9st t\u00e1mogat\u00f3 elemz\u00e9si folyamatok kidolgoz\u00e1s\u00e1ban, valamint alkalmazott talajtani kutat\u00e1sokban. Fontosabb feladatai, a szennyv\u00edziszap mez\u0151gazdas\u00e1gi felhaszn\u00e1l\u00e1s\u00e1nak k\u00e9rd\u00e9sei, term\u00e9sn\u00f6vel\u0151 anyagok \u00e9lelmiszerl\u00e1ncot is \u00e9rint\u0151 kock\u00e1zatai, valamint a talajok hidrol\u00f3giai tulajdons\u00e1gainak vizsg\u00e1lata a kl\u00edmav\u00e1ltoz\u00e1s t\u00fckr\u00e9ben. Ezt k\u00f6vet\u0151en \u00e9lelmiszerl\u00e1nc adatelemz\u0151k\u00e9nt feladata volt az \u00e9lelmiszerl\u00e1nc ter\u00fclet\u00e9t \u00e9rint\u0151 folyamatok sor\u00e1n keletkez\u0151 adatok gy\u0171jt\u00e9se, feldolgoz\u00e1sa, adatok elemz\u00e9se, korszer\u0171 sz\u00e1m\u00edt\u00e1studom\u00e1nyi m\u00f3dszerek alkalmaz\u00e1s\u00e1val (adat- \u00e9s sz\u00f6vegb\u00e1ny\u00e1szat, h\u00e1l\u00f3zatkutat\u00e1s, g\u00e9pi tanul\u00e1s).<br \/> Jelenleg az Int\u00e9zet \u00e9lelmiszerl\u00e1nc adatelemz\u00e9si munkat\u00e1rsa. F\u0151bb ter\u00fcletei: Komplex adatelemz\u00e9si m\u00f3dszertanok fejleszt\u00e9se \u00e9s bevezet\u00e9se, mint p\u00e9ld\u00e1ul az \u00fajonnan felmer\u00fcl\u0151 \u00e9lelmiszerl\u00e1nc kock\u00e1zatok azonos\u00edt\u00e1sa. Szak\u00e1gazati folyamatelemz\u00e9sek kidolgoz\u00e1sa a magasabb min\u0151s\u00e9g\u0171 \u00e9s magasabb szint\u0171 \u00e9lelmiszer-biztons\u00e1g megteremt\u00e9se \u00e9rdek\u00e9ben.<br \/> Email: <a class=\"decrypt\" rel=\"Dtpscb\/T{jmwft{ufsAvojwfu\/iv\" href=\"javascript:void(0);\">[Kattintson az emailc\u00edmhez]<\/a><br \/> <a href=\"https:\/\/m2.mtmt.hu\/gui2\/?type=authors&amp;mode=browse&amp;sel=10031496&amp;view=simpleList\">Publik\u00e1ci\u00f3k<\/a><\/p> <p>&nbsp;<\/p> <p><span class=\"emphasis\">Dr. Engelhardt Tekla<\/span><br \/> \u00e9lelmiszerl\u00e1nc adatelemz\u0151<\/p> <p>Engelhardt Tekla \u00e9lelmiszerm\u00e9rn\u00f6k, az \u00e9lelmiszertudom\u00e1nyok doktora. Tudom\u00e1nyos kutat\u00f3munk\u00e1ja az \u00e9lelmiszerbiztons\u00e1g ter\u00fclet\u00e9n kezdte meg 2011-ben a diploma megszerz\u00e9se ut\u00e1n BCE, \u00c9lelmiszertudom\u00e1nyi Karon (k\u00e9s\u0151bb SZIE). A doktori munk\u00e1ja sor\u00e1n az \u00e9lelmiszer eredet\u0171 patog\u00e9n mikrob\u00e1k kimutat\u00e1s\u00e1val \u00e9s szaporod\u00e1s\u00e1nak g\u00e1tl\u00e1s\u00e1val \u00e9s annak modellez\u00e9s\u00e9vel foglalkozott. Ezzel p\u00e1rhuzamosan folyamatosan r\u00e9szt vett k\u00fcl\u00f6nb\u00f6z\u0151 \u00e9lelmiszerbiztons\u00e1gi ipar\u00e1gi probl\u00e9m\u00e1k felt\u00e1r\u00e1s\u00e1ban, tan\u00e1csad\u00e1sban. 2016-ban szerezte meg a tudom\u00e1nyos fokozat\u00e1t. 2017-ben csatlakozott a Nemzeti \u00c9lelmiszerl\u00e1nc-biztons\u00e1gi Hivatal Rendszerszervez\u00e9si \u00e9s Fel\u00fcgyeleti Igazgat\u00f3s\u00e1g\u00e1hoz, mint elemz\u0151. F\u0151bb feladatai k\u00f6z\u00e9 tartozott epidemiol\u00f3giai el\u0151rejelz\u00e9sek k\u00e9sz\u00edt\u00e9se; \u00fajonnan felmer\u00fcl\u0151 kock\u00e1zatok azonos\u00edt\u00e1sa \u00e9s a strat\u00e9giai tervez\u00e9shez sz\u00fcks\u00e9ges \u00e9lelmiszerbiztons\u00e1g f\u00f3kusz\u00fa elemz\u00e9sek k\u00e9sz\u00edt\u00e9se. Emellett angol \u00e9s magyar nyelven oktat Kock\u00e1zatelemz\u00e9s kurzusokban a SZIE, \u00c9lelmiszertudom\u00e1nyi Karon, tov\u00e1bb\u00e1 doktori t\u00e9mavezet\u00e9sben vesz r\u00e9szt. Az \u00e1ltala vezetett doktori kutat\u00f3munk\u00e1k az \u00e9lelmiszerl\u00e1ncban el\u0151fordul\u00f3 mikrobi\u00e1lis kock\u00e1zatok jellemz\u00e9se \u00e9s cs\u00f6kkent\u00e9si lehet\u0151s\u00e9gei k\u00f6r\u00e9 f\u00f3kusz\u00e1lnak. 2013. janu\u00e1rj\u00e1t\u00f3l t\u00f6lti be a Hungarian Association for Food Protection titk\u00e1ri tiszts\u00e9get. 2018. december\u00e9t\u0151l az MTA k\u00f6ztest\u00fcleti tagja (K\u00e9miai Tudom\u00e1nyok Oszt\u00e1lya, \u00c9lelmiszer-tudom\u00e1nyi Bizotts\u00e1g).<br \/> Az Int\u00e9zetben f\u0151 feladatai az oktat\u00e1s koordin\u00e1l\u00e1sa, a posztgradu\u00e1lis k\u00e9pz\u00e9sek kialak\u00edt\u00e1sa, elind\u00edt\u00e1sa; labor ig\u00e9ny\u0171 munk\u00e1k ir\u00e1ny\u00edt\u00e1sa. Munk\u00e1ja sor\u00e1n tov\u00e1bb\u00e1 r\u00e9szt vesz az \u00fajonnan felmer\u00fcl\u0151 kock\u00e1zatok azonos\u00edt\u00e1s\u00e1ban, betegs\u00e9gek terjed\u00e9s\u00e9nek epidemiol\u00f3giai modellez\u00e9sben.<br \/> Email: <a class=\"decrypt\" rel=\"Fohfmibseu\/UflmbAvojwfu\/iv\" href=\"javascript:void(0);\">[Kattintson az emailc\u00edmhez]<\/a><br \/> <a href=\"https:\/\/m2.mtmt.hu\/gui2\/?type=authors&amp;mode=browse&amp;sel=10045696&amp;view=simpleList\">Publik\u00e1ci\u00f3k<\/a><br \/> <a href=\"https:\/\/www.linkedin.com\/in\/teklaengelhardt\/\">LinkedIn<\/a><\/p> <p>&nbsp;<\/p> <p><span class=\"emphasis\">Dr. Farkas Zsuzsa<\/span><br \/> \u00e9lelmiszerl\u00e1nc adatelemz\u0151<\/p> <p>Farkas Zsuzsa biol\u00f3gus, okleveles t\u00e1pl\u00e1lkoz\u00e1studom\u00e1nyi szakember, az \u00e9lelmiszertudom\u00e1nyok doktora. 7 \u00e9ven \u00e1t dolgozott a Nemzeti \u00c9lelmiszerl\u00e1nc-biztons\u00e1gi Hivataln\u00e1l (N\u00c9BIH). 2013-2017 k\u00f6z\u00f6tt az \u00c9lelmiszerbiztons\u00e1gi Kock\u00e1zat\u00e9rt\u00e9kel\u00e9si Igazgat\u00f3s\u00e1g munkat\u00e1rsak\u00e9nt f\u0151k\u00e9nt \u00e9lelmiszerekben el\u0151fordul\u00f3 k\u00e9miai szennyez\u0151kkel kapcsolatos kutat\u00e1sokkal foglalkozott. A Szent Istv\u00e1n Egyetem \u00c9lelmiszertudom\u00e1nyi Doktori Iskol\u00e1j\u00e1t ebben az id\u0151szakban v\u00e9gezte el. Disszert\u00e1ci\u00f3j\u00e1nak t\u00e9m\u00e1ja k\u00e9miai szennyez\u0151k mintav\u00e9teli \u00e9s m\u00e9r\u00e9si bizonytalans\u00e1ga, mintav\u00e9teli tervek optimaliz\u00e1l\u00e1sa. 2017-2020 k\u00f6z\u00f6tt a N\u00c9BIH Rendszerszervez\u00e9si \u00e9s Fel\u00fcgyeleti Igazgat\u00f3s\u00e1g\u00e1n dolgozott adatelemz\u0151k\u00e9nt. F\u0151 feladatai az \u00fajonnan felmer\u00fcl\u0151 \u00e9lelmiszerbiztons\u00e1gi kock\u00e1zatok azonos\u00edt\u00e1si m\u00f3dszertan\u00e1nak kidolgoz\u00e1sa, az azonos\u00edt\u00e1st t\u00e1mogat\u00f3 adatelemz\u00e9si, adatb\u00e1ny\u00e1szati algoritmusok kidolgoz\u00e1sa, valamint epidemiol\u00f3giai modellez\u00e9si feladatok voltak. Emellett r\u00e9szt vett strat\u00e9giaalkot\u00e1ssal, strat\u00e9giai elemz\u00e9sekkel kapcsolatos anyagok kidolgoz\u00e1s\u00e1ban, \u00e9lelmiszerbiztons\u00e1gi kock\u00e1zat\u00e9rt\u00e9kel\u00e9si feladatokban. R\u00e9szt vett sz\u00e1mos hazai \u00e9s nemzetk\u00f6zi kutat\u00e1si projektben, aflatoxinokkal kapcsolatos kutat\u00e1si projektben szakmai projektvezet\u0151k\u00e9nt. A Szent Istv\u00e1n Egyetem \u00c9lelmiszertudom\u00e1nyi Kar\u00e1nak vend\u00e9goktat\u00f3ja. A FAO-WHO Analitikai \u00e9s Mintav\u00e9teli M\u00f3dszerek Codex Bizotts\u00e1g (Codex Committee on Methods of Analysis and Sampling (CCMAS)) mintav\u00e9teli szabv\u00e1nyokkal kapcsolatos munk\u00e1k hazai szakmai vezet\u0151je 2018 \u00f3ta, illetve a nemzetk\u00f6zi bizotts\u00e1g aleln\u00f6ke 2020 \u00f3ta. 2019 \u00f3ta az Eur\u00f3pai \u00c9lelmiszerbiztons\u00e1gi Hat\u00f3s\u00e1g (EFSA) \u00dajonnan Felmer\u00fcl\u0151 Kock\u00e1zatok H\u00e1l\u00f3zat\u00e1nak helyettes tagja. Az Int\u00e9zetben a f\u0151 feladatai az \u00fajonnan felmer\u00fcl\u0151 kock\u00e1zatok azonos\u00edt\u00e1s\u00e1nak, valamint az ezeket t\u00e1mogat\u00f3 adatelemz\u00e9si m\u00f3dszerek kutat\u00e1s-fejleszt\u00e9s\u00e9nek koordin\u00e1l\u00e1sa \u00e9s alkalmaz\u00e1s\u00e1nak fel\u00fcgyelete, illetve betegs\u00e9gek terjed\u00e9s\u00e9nek epidemiol\u00f3giai modellez\u00e9se.<br \/> E-mail: <a class=\"decrypt\" rel=\"Gbslbt\/[tv{tbAvojwfu\/iv\" href=\"javascript:void(0);\">[Kattintson az emailc\u00edmhez]<\/a><br \/> <a href=\"https:\/\/m2.mtmt.hu\/gui2\/?type=authors&amp;mode=browse&amp;sel=10058062&amp;view=simpleList\">Publik\u00e1ci\u00f3k<\/a><br \/> <a href=\"https:\/\/www.linkedin.com\/in\/zsuzsa-farkas-aa290683\/\">LinkedIn<\/a><\/p> <p>&nbsp;<\/p> <p><span class=\"emphasis\">Orsz\u00e1gh Erika<\/span><br \/> \u00e9lelmiszerl\u00e1nc adatelemz\u0151<\/p> <p>Orsz\u00e1gh Erika okleves szociol\u00f3gus \u00e9s eg\u00e9szs\u00e9gpolitikai szak\u00e9rt\u0151i (eg\u00e9szs\u00e9g-gazdas\u00e1gtani specializ\u00e1ci\u00f3) v\u00e9gzetts\u00e9ggel rendelkezik. K\u00f6zel 6 \u00e9ven \u00e1t a Nemzeti \u00c9lelmiszerl\u00e1nc-biztons\u00e1gi Hivataln\u00e1l (N\u00c9BIH) dolgozott. R\u00e9szt vett az \u00c9lelmiszerl\u00e1nc-biztons\u00e1gi Strat\u00e9gia c\u00e9ljainak megval\u00f3sul\u00e1s\u00e1t nyomon k\u00f6vet\u0151 indik\u00e1torrendszer kidolgoz\u00e1s\u00e1ban \u00e9s a kapcsol\u00f3d\u00f3 adatgy\u0171jt\u00e9sekben, fogyaszt\u00f3i \u00e9s v\u00e1llalkoz\u00f3i felm\u00e9r\u00e9sek megtervez\u00e9s\u00e9ben \u00e9s az adatok elemz\u00e9s\u00e9ben. Emellett k\u00fcl\u00f6nb\u00f6z\u0151 \u00e9lelmiszerl\u00e1nc-biztons\u00e1g t\u00e9m\u00e1hoz kapcsol\u00f3d\u00f3 adatgy\u0171jt\u00e9si \u00e9s elemz\u00e9si munk\u00e1kban, strat\u00e9giai helyzetelemz\u00e9sek k\u00e9sz\u00edt\u00e9s\u00e9ben seg\u00e9dkezett, illetve az \u00fajonnan felmer\u00fcl\u0151 kock\u00e1zatok azonos\u00edt\u00e1s\u00e1val is foglalkozott. Az ut\u00f3bbi \u00e9vekben els\u0151sorban az \u00e9lelmiszer eredet\u0171 megbeteged\u00e9sek gazdas\u00e1gi terheinek meghat\u00e1roz\u00e1s\u00e1ban \u00e9s az eg\u00e9szs\u00e9g\u00fcgyi technol\u00f3gia \u00e9rt\u00e9kel\u00e9s m\u00f3dszertan\u00e1nak az \u00e9lelmiszerbiztons\u00e1g ter\u00fclet\u00e9re val\u00f3 adapt\u00e1l\u00e1si lehet\u0151s\u00e9geinek (Food HTA) felt\u00e9rk\u00e9pez\u00e9s\u00e9ben vett r\u00e9szt.<br \/> Jelenleg az EFSA kommunik\u00e1ci\u00f3s szak\u00e9rt\u0151i h\u00e1l\u00f3zat\u00e1nak (CEN) tagja, amelyen kereszt\u00fcl a t\u00e1rsadalomtudom\u00e1nyi m\u00f3dszerek \u00e9lelmiszerbiztons\u00e1gi kock\u00e1zat\u00e9rt\u00e9kel\u00e9s folyamat\u00e1ba val\u00f3 adapt\u00e1l\u00e1s\u00e1t t\u00e1mogatja.<br \/> Az Int\u00e9zetben f\u0151 feladata az eg\u00e9szs\u00e9g\u00fcgyi technol\u00f3gia \u00e9rt\u00e9kel\u00e9s m\u00f3dszertan\u00e1t alkalmaz\u00f3 elemz\u00e9sek k\u00e9sz\u00edt\u00e9se, p\u00e9ld\u00e1ul gazdas\u00e1gi betegs\u00e9gteher sz\u00e1m\u00edt\u00e1sok, k\u00f6lts\u00e9g-hasznoss\u00e1gi vagy kock\u00e1zat-haszon elemz\u00e9sek, illetve r\u00e9szv\u00e9tel az \u00fajonnan felmer\u00fcl\u0151 kock\u00e1zatok azonos\u00edt\u00e1s\u00e1ban.<br \/> Email: <a class=\"decrypt\" rel=\"Pst{bhi\/FsjlbAvojwfu\/iv\" href=\"javascript:void(0);\">[Kattintson az emailc\u00edmhez]<\/a><br \/> <a href=\"https:\/\/m2.mtmt.hu\/gui2\/?type=authors&amp;mode=browse&amp;sel=authors10073157\">Publik\u00e1ci\u00f3k <\/a><br \/> <a href=\"https:\/\/www.linkedin.com\/in\/erika-orsz%C3%A1gh-a06411146\/\">LinkedIn<\/a><\/p>","protected":false},"excerpt":{"rendered":"<p>&nbsp; Dr. S\u00fcth Mikl\u00f3s igazgat\u00f3 S\u00fcth Mikl\u00f3s \u00e1llatorvosdoktor, \u00e9lelmiszer-higi\u00e9nikus szak\u00e1llatorvos. Szakmai ismereteinek kisz\u00e9les\u00edt\u00e9se v\u00e9gett elv\u00e9gezte a Budapesti Gazdas\u00e1gi F\u0151iskola, K\u00fclkereskedelmi F\u0151iskolai Kar Total Quality Management szakir\u00e1ny\u00fa szakk\u00f6zgazd\u00e1sz k\u00e9pz\u00e9s\u00e9t, szakokleveles TQM szak\u00e9rt\u0151 diplom\u00e1t, illetve a holland Hogeschool Zeeland MSc (Master of Science (economy), TQM expert) bizony\u00edtv\u00e1ny\u00e1t szerezte meg. A FAO\/WHO Codex Alimentarius Commission Magyar Nemzeti Bizotts\u00e1g<\/p>\n","protected":false},"author":2518,"featured_media":0,"parent":54359,"menu_order":52,"comment_status":"open","ping_status":"open","template":"","meta":{"_acf_changed":false,"footnotes":""},"categories":[],"tags":[],"class_list":["post-54381","page","type-page","status-publish","hentry"],"acf":[],"_links":{"self":[{"href":"https:\/\/univet.hu\/hu\/wp-json\/wp\/v2\/pages\/54381","targetHints":{"allow":["GET"]}}],"collection":[{"href":"https:\/\/univet.hu\/hu\/wp-json\/wp\/v2\/pages"}],"about":[{"href":"https:\/\/univet.hu\/hu\/wp-json\/wp\/v2\/types\/page"}],"author":[{"embeddable":true,"href":"https:\/\/univet.hu\/hu\/wp-json\/wp\/v2\/users\/2518"}],"replies":[{"embeddable":true,"href":"https:\/\/univet.hu\/hu\/wp-json\/wp\/v2\/comments?post=54381"}],"version-history":[{"count":0,"href":"https:\/\/univet.hu\/hu\/wp-json\/wp\/v2\/pages\/54381\/revisions"}],"up":[{"embeddable":true,"href":"https:\/\/univet.hu\/hu\/wp-json\/wp\/v2\/pages\/54359"}],"wp:attachment":[{"href":"https:\/\/univet.hu\/hu\/wp-json\/wp\/v2\/media?parent=54381"}],"wp:term":[{"taxonomy":"category","embeddable":true,"href":"https:\/\/univet.hu\/hu\/wp-json\/wp\/v2\/categories?post=54381"},{"taxonomy":"post_tag","embeddable":true,"href":"https:\/\/univet.hu\/hu\/wp-json\/wp\/v2\/tags?post=54381"}],"curies":[{"name":"wp","href":"https:\/\/api.w.org\/{rel}","templated":true}]}}