{"id":54383,"date":"2020-05-05T15:49:51","date_gmt":"2020-05-05T13:49:51","guid":{"rendered":"https:\/\/univet.hu\/hu\/kutatas\/deokfii\/intezet\/kapcsolat\/"},"modified":"2020-06-09T18:17:14","modified_gmt":"2020-06-09T16:17:14","slug":"kapcsolat","status":"publish","type":"page","link":"https:\/\/univet.hu\/hu\/kutatas\/deokfii\/intezet\/kapcsolat\/","title":{"rendered":"Kapcsolat"},"content":{"rendered":"<p>&nbsp;<\/p> <p>\u00c1llatorvostudom\u00e1nyi Egyetem<br \/> Digit\u00e1lis \u00c9lelmiszerl\u00e1nc Oktat\u00e1si, Kutat\u00e1si, Fejleszt\u00e9si \u00e9s Innov\u00e1ci\u00f3s Int\u00e9zet<br \/> 1078 Budapest, Istv\u00e1n u. 2.<br \/> Email:\u00a0<a class=\"decrypt\" rel=\"efplgjjAvojwfu\/iv\" href=\"javascript:void(0);\">[Kattintson az emailc\u00edmhez]<\/a><br \/> <a href=\"https:\/\/twitter.com\/digitalfoodins1\">Twitter<\/a><\/p>","protected":false},"excerpt":{"rendered":"<p>&nbsp; \u00c1llatorvostudom\u00e1nyi Egyetem Digit\u00e1lis \u00c9lelmiszerl\u00e1nc Oktat\u00e1si, Kutat\u00e1si, Fejleszt\u00e9si \u00e9s Innov\u00e1ci\u00f3s Int\u00e9zet 1078 Budapest, Istv\u00e1n u. 2. Email:\u00a0[Kattintson az emailc\u00edmhez] Twitter<\/p>\n","protected":false},"author":2518,"featured_media":0,"parent":54359,"menu_order":53,"comment_status":"open","ping_status":"open","template":"","meta":{"_acf_changed":false,"footnotes":""},"categories":[],"tags":[],"class_list":["post-54383","page","type-page","status-publish","hentry"],"acf":[],"_links":{"self":[{"href":"https:\/\/univet.hu\/hu\/wp-json\/wp\/v2\/pages\/54383","targetHints":{"allow":["GET"]}}],"collection":[{"href":"https:\/\/univet.hu\/hu\/wp-json\/wp\/v2\/pages"}],"about":[{"href":"https:\/\/univet.hu\/hu\/wp-json\/wp\/v2\/types\/page"}],"author":[{"embeddable":true,"href":"https:\/\/univet.hu\/hu\/wp-json\/wp\/v2\/users\/2518"}],"replies":[{"embeddable":true,"href":"https:\/\/univet.hu\/hu\/wp-json\/wp\/v2\/comments?post=54383"}],"version-history":[{"count":0,"href":"https:\/\/univet.hu\/hu\/wp-json\/wp\/v2\/pages\/54383\/revisions"}],"up":[{"embeddable":true,"href":"https:\/\/univet.hu\/hu\/wp-json\/wp\/v2\/pages\/54359"}],"wp:attachment":[{"href":"https:\/\/univet.hu\/hu\/wp-json\/wp\/v2\/media?parent=54383"}],"wp:term":[{"taxonomy":"category","embeddable":true,"href":"https:\/\/univet.hu\/hu\/wp-json\/wp\/v2\/categories?post=54383"},{"taxonomy":"post_tag","embeddable":true,"href":"https:\/\/univet.hu\/hu\/wp-json\/wp\/v2\/tags?post=54383"}],"curies":[{"name":"wp","href":"https:\/\/api.w.org\/{rel}","templated":true}]}}