{"id":54389,"date":"2020-05-05T15:55:44","date_gmt":"2020-05-05T13:55:44","guid":{"rendered":"https:\/\/univet.hu\/hu\/kutatas\/deokfii\/tevekenyseg\/uj-kockazat-azonositasa\/"},"modified":"2020-10-02T14:10:23","modified_gmt":"2020-10-02T12:10:23","slug":"ujonnan-felmerulo-kockazatok-azonositasa","status":"publish","type":"page","link":"https:\/\/univet.hu\/hu\/kutatas\/deokfii\/tevekenyseg\/ujonnan-felmerulo-kockazatok-azonositasa\/","title":{"rendered":"\u00dajonnan felmer\u00fcl\u0151 kock\u00e1zatok azonos\u00edt\u00e1sa"},"content":{"rendered":"<p>&nbsp;<\/p> <p>Az \u00fajonnan felmer\u00fcl\u0151 kock\u00e1zat olyan hum\u00e1n-, \u00e1llat- \u00e9s n\u00f6v\u00e9nyeg\u00e9szs\u00e9g\u00fcggyel, valamint gazdas\u00e1gi aspektusokkal \u00f6sszef\u00fcgg\u00e9sbe hozhat\u00f3 k\u00e1rosod\u00e1s, mely vagy \u00fajonnan azonos\u00edtott vesz\u00e9lyekkel \u00e1llhat kapcsolatban, amelyekre n\u00e9zve a c\u00e9lszervezetek kitetts\u00e9ge szignifik\u00e1ns, vagy m\u00e1r ismert vesz\u00e9lyre megn\u00f6vekedett \u00e9rz\u00e9kenys\u00e9g \u00e9s\/vagy kitetts\u00e9g miatt k\u00f6vetkezik be.<\/p> <p>Az \u00fajonnan felmer\u00fcl\u0151 kock\u00e1zatok azonos\u00edt\u00e1sa komplex feladat, mely nagyfok\u00fa szak\u00e9rtelmet \u00e9s interdiszciplin\u00e1ris megk\u00f6zel\u00edt\u00e9st ig\u00e9nyel a gyakran hi\u00e1nyos adatok, bizonytalans\u00e1gok megfelel\u0151 kezel\u00e9s\u00e9re az egyes \u00fcgyek \u00e9rt\u00e9kel\u00e9se, prioriz\u00e1l\u00e1sa sor\u00e1n. A folyamat c\u00e9lja \u00f6sszetett: hum\u00e1n-, \u00e1llat- \u00e9s n\u00f6v\u00e9nyeg\u00e9szs\u00e9g\u00fcgy v\u00e9delm\u00e9n t\u00fal inputot ad a strat\u00e9giai tervez\u00e9shez \u00e9s elemz\u00e9shez, d\u00f6nt\u00e9sel\u0151k\u00e9sz\u00edt\u0151 folyamatokhoz, kock\u00e1zatbecsl\u00e9shez \u00e9s a megfelel\u0151 kock\u00e1zatkezel\u00e9si int\u00e9zked\u00e9sek meghozatal\u00e1hoz. Az \u00fajonnan felmer\u00fcl\u0151 kock\u00e1zatokat felismerve a relev\u00e1ns szervezetek, int\u00e9zm\u00e9nyek, szem\u00e9lyek \u00e1ltal v\u00e9grehajtott megfelel\u0151 megel\u0151z\u0151 \u00e9s kock\u00e1zatcs\u00f6kkent\u0151 int\u00e9zked\u00e9sek id\u0151ben, c\u00e9lzottan j\u00e1rulnak hozz\u00e1 a fenti c\u00e9lok el\u00e9r\u00e9s\u00e9hez.<\/p> <p>Az azonos\u00edt\u00e1si folyamat alapvet\u0151en a k\u00fcl\u00f6nb\u00f6z\u0151 adat\/inform\u00e1ci\u00f3forr\u00e1sokb\u00f3l sz\u00e1rmaz\u00f3 \u00fajonnan felmer\u00fcl\u0151 \u00fcgyek \u00f6sszegy\u0171jt\u00e9s\u00e9b\u0151l, majd struktur\u00e1lt sz\u0171r\u00e9si folyamatok sor\u00e1n ezen \u00fcgyekb\u0151l az int\u00e9zked\u00e9st ig\u00e9nyl\u0151 \u00fajonnan felmer\u00fcl\u0151 kock\u00e1zatok kiv\u00e1laszt\u00e1s\u00e1b\u00f3l \u00e1ll. Az \u00fajonnan felmer\u00fcl\u0151 \u00fcgyek becsatorn\u00e1z\u00e1s\u00e1t adatelemz\u00e9ssel v\u00e9gezz\u00fck. A nagysz\u00e1m\u00fa relev\u00e1ns adatb\u00e1zis \u00e9s nagy t\u00f6meg\u0171 adat miatt automatiz\u00e1lt algoritmusok fejleszt\u00e9se \u00e9s alkalmaz\u00e1sa elengedhetetlen. Ugyanakkor megjegyzend\u0151, hogy az \u00fajonnan felmer\u00fcl\u0151 \u00fcgyek komplexit\u00e1sa \u00e9s a jelleg\u00fckb\u0151l ad\u00f3d\u00f3an gyakran hi\u00e1nyos inform\u00e1ci\u00f3k, adatok miatt teljesen automatiz\u00e1lt rendszer nem \u00e9p\u00edthet\u0151 ki, az \u00fcgyek \u00fajdons\u00e1g\u00e1nak \u00e9s relevanci\u00e1j\u00e1nak meg\u00edt\u00e9l\u00e9s\u00e9hez minden esetben szak\u00e9rt\u0151i tapasztalat sz\u00fcks\u00e9ges.<\/p> <p>Jelenleg szabadalmi adatb\u00e1zisok h\u00e1l\u00f3zat alap\u00fa elemz\u00e9s\u00e9vel, valamint \u00e9lelmiszerekkel, \u00e9lelmiszerbiztons\u00e1ggal kapcsolatos h\u00edrek sz\u00f6vegb\u00e1ny\u00e1szati elemz\u00e9s\u00e9vel jutunk hozz\u00e1 lehets\u00e9ges \u00fajonnan felmer\u00fcl\u0151 kock\u00e1zatokkal kapcsolatos inform\u00e1ci\u00f3khoz. Az ezekkel kapcsolatos m\u00f3dszertanok, algoritmusok kidolgoz\u00e1sa \u00e9s gyakorlati alkalmaz\u00e1sa Int\u00e9zet\u00fcnk \u00e1lland\u00f3 feladatai k\u00f6z\u00e9 tartozik. Az \u00fajonnan felmer\u00fcl\u0151 kock\u00e1zatok azonos\u00edt\u00e1si folyamat\u00e1t egy\u00e9b m\u00f3dszertanok is seg\u00edtik, ilyenek az ismert vesz\u00e9lyek korai el\u0151rejelz\u00e9se (early warning rendszerek), a kock\u00e1zatok kialakul\u00e1s\u00e1t induk\u00e1l\u00f3 egy\u00e9b t\u00e9nyez\u0151k (\u00fan. driverek) elemz\u00e9se \u00e9s nyomonk\u00f6vet\u00e9se, illetve r\u00e9sze lehet esetenk\u00e9nt hossz\u00fat\u00e1v\u00fa, foresight tanulm\u00e1nyok, forgat\u00f3k\u00f6nyv elemz\u00e9sek k\u00e9sz\u00edt\u00e9se. Ezen m\u00f3dszertanokat eseti jelleggel, az \u00fcgyek t\u00edpus\u00e1t\u00f3l f\u00fcgg\u0151en, ig\u00e9ny szerint alkalmazzuk.<\/p> <p>&nbsp;<\/p> <p>Az \u00fajonnan felmer\u00fcl\u0151 kock\u00e1zatok (emerging risks) azonos\u00edt\u00e1sa folyamatosan zajlik. A k\u00f6zelm\u00faltban detekt\u00e1lt kock\u00e1zatok \u00e9s jelz\u00e9sek <a href=\"https:\/\/univet.hu\/hu\/?page_id=58752&amp;preview=true\">itt<\/a> tal\u00e1lhat\u00f3k, a kor\u00e1bban felder\u00edtett \u00fcgyek \u00f6sszefoglal\u00f3i pedig ezen <a href=\"https:\/\/univet.hu\/hu\/?page_id=58237&amp;preview=true\">az oldalon<\/a> \u00e9rhet\u0151k el.<\/p>","protected":false},"excerpt":{"rendered":"<p>&nbsp; Az \u00fajonnan felmer\u00fcl\u0151 kock\u00e1zat olyan hum\u00e1n-, \u00e1llat- \u00e9s n\u00f6v\u00e9nyeg\u00e9szs\u00e9g\u00fcggyel, valamint gazdas\u00e1gi aspektusokkal \u00f6sszef\u00fcgg\u00e9sbe hozhat\u00f3 k\u00e1rosod\u00e1s, mely vagy \u00fajonnan azonos\u00edtott vesz\u00e9lyekkel \u00e1llhat kapcsolatban, amelyekre n\u00e9zve a c\u00e9lszervezetek kitetts\u00e9ge szignifik\u00e1ns, vagy m\u00e1r ismert vesz\u00e9lyre megn\u00f6vekedett \u00e9rz\u00e9kenys\u00e9g \u00e9s\/vagy kitetts\u00e9g miatt k\u00f6vetkezik be. Az \u00fajonnan felmer\u00fcl\u0151 kock\u00e1zatok azonos\u00edt\u00e1sa komplex feladat, mely nagyfok\u00fa szak\u00e9rtelmet \u00e9s interdiszciplin\u00e1ris megk\u00f6zel\u00edt\u00e9st ig\u00e9nyel a<\/p>\n","protected":false},"author":2518,"featured_media":0,"parent":54363,"menu_order":0,"comment_status":"open","ping_status":"open","template":"","meta":{"_acf_changed":false,"footnotes":""},"categories":[],"tags":[],"class_list":["post-54389","page","type-page","status-publish","hentry"],"acf":[],"_links":{"self":[{"href":"https:\/\/univet.hu\/hu\/wp-json\/wp\/v2\/pages\/54389","targetHints":{"allow":["GET"]}}],"collection":[{"href":"https:\/\/univet.hu\/hu\/wp-json\/wp\/v2\/pages"}],"about":[{"href":"https:\/\/univet.hu\/hu\/wp-json\/wp\/v2\/types\/page"}],"author":[{"embeddable":true,"href":"https:\/\/univet.hu\/hu\/wp-json\/wp\/v2\/users\/2518"}],"replies":[{"embeddable":true,"href":"https:\/\/univet.hu\/hu\/wp-json\/wp\/v2\/comments?post=54389"}],"version-history":[{"count":0,"href":"https:\/\/univet.hu\/hu\/wp-json\/wp\/v2\/pages\/54389\/revisions"}],"up":[{"embeddable":true,"href":"https:\/\/univet.hu\/hu\/wp-json\/wp\/v2\/pages\/54363"}],"wp:attachment":[{"href":"https:\/\/univet.hu\/hu\/wp-json\/wp\/v2\/media?parent=54389"}],"wp:term":[{"taxonomy":"category","embeddable":true,"href":"https:\/\/univet.hu\/hu\/wp-json\/wp\/v2\/categories?post=54389"},{"taxonomy":"post_tag","embeddable":true,"href":"https:\/\/univet.hu\/hu\/wp-json\/wp\/v2\/tags?post=54389"}],"curies":[{"name":"wp","href":"https:\/\/api.w.org\/{rel}","templated":true}]}}