{"id":54418,"date":"2020-05-06T08:22:22","date_gmt":"2020-05-06T06:22:22","guid":{"rendered":"https:\/\/univet.hu\/hu\/kutatas\/deokfii\/nemzetkozi-kapcsolatok\/ccmas\/"},"modified":"2020-06-07T20:42:14","modified_gmt":"2020-06-07T18:42:14","slug":"ccmas","status":"publish","type":"page","link":"https:\/\/univet.hu\/hu\/kutatas\/deokfii\/nemzetkozi-kapcsolatok\/ccmas\/","title":{"rendered":"CCMAS"},"content":{"rendered":"<p>&nbsp;<\/p> <p><span data-sheets-value=\"{&quot;1&quot;:2,&quot;2&quot;:&quot;Az Analitikai \u00e9s Mintav\u00e9teli M\u00f3dszerek Szakbizotts\u00e1g (Codex Committee on Methods of Analysis and Sampling - CCMAS) az \u00c9lelmez\u00e9si \u00e9s Mez\u0151gazdas\u00e1gi Vil\u00e1gszervezete (FAO) \u00e9s az Eg\u00e9szs\u00e9g\u00fcgyi Vil\u00e1gszervezete (WHO) \u00e1ltal 1963-ban l\u00e9trehozott Codex Aliment\u00e1rius F\u0151bizotts\u00e1g (CAC) egyik, az \u00e9lelmiszerl\u00e1ncot \u00e9rint\u0151 \u00e1ltal\u00e1nos k\u00e9rd\u00e9sekkel foglalkoz\u00f3, \u00fan. horizont\u00e1lis szakbizotts\u00e1ga. F\u0151 feladata a Codex el\u0151\u00edr\u00e1sok teljes\u00fcl\u00e9s\u00e9t vizsg\u00e1l\u00f3 m\u00f3dszerek megfelel\u0151s\u00e9g\u00e9nek \u00e9rt\u00e9kel\u00e9se, a szak\u00e9rtelem biztos\u00edt\u00e1sa az analitikai \u00e9s mintav\u00e9teli m\u00f3dszereket \u00e9rint\u0151 k\u00fcl\u00f6nb\u00f6z\u0151 k\u00e9rd\u00e9sekben. A CCMAS titk\u00e1rs\u00e1gi feladatait \u00e9s a bizotts\u00e1g \u00fcl\u00e9seinek a megrendez\u00e9s\u00e9t 1972 \u00f3ta Magyarorsz\u00e1g l\u00e1tja el. \\n\\nEln\u00f6k: Nagy Attila (N\u00c9BIH)\\nAleln\u00f6k: Farkas Zsuzsa (D\u00c9OKFII), Zentai Andrea (N\u00c9BIH)\\nCCMAS Magyar Nemzeti Bizotts\u00e1g eln\u00f6ke: J\u00f3\u017awiak \u00c1kos (D\u00c9OKFII)&quot;}\" data-sheets-userformat=\"{&quot;2&quot;:11069,&quot;3&quot;:{&quot;1&quot;:0},&quot;5&quot;:{&quot;1&quot;:[{&quot;1&quot;:2,&quot;2&quot;:0,&quot;5&quot;:{&quot;1&quot;:0}},{&quot;1&quot;:0,&quot;2&quot;:0,&quot;3&quot;:3},{&quot;1&quot;:1,&quot;2&quot;:0,&quot;4&quot;:1}]},&quot;6&quot;:{&quot;1&quot;:[{&quot;1&quot;:2,&quot;2&quot;:0,&quot;5&quot;:{&quot;1&quot;:0}},{&quot;1&quot;:0,&quot;2&quot;:0,&quot;3&quot;:3},{&quot;1&quot;:1,&quot;2&quot;:0,&quot;4&quot;:1}]},&quot;7&quot;:{&quot;1&quot;:[{&quot;1&quot;:2,&quot;2&quot;:0,&quot;5&quot;:{&quot;1&quot;:0}},{&quot;1&quot;:0,&quot;2&quot;:0,&quot;3&quot;:3},{&quot;1&quot;:1,&quot;2&quot;:0,&quot;4&quot;:1}]},&quot;8&quot;:{&quot;1&quot;:[{&quot;1&quot;:2,&quot;2&quot;:0,&quot;5&quot;:{&quot;1&quot;:0}},{&quot;1&quot;:0,&quot;2&quot;:0,&quot;3&quot;:3},{&quot;1&quot;:1,&quot;2&quot;:0,&quot;4&quot;:1}]},&quot;11&quot;:4,&quot;12&quot;:0,&quot;14&quot;:{&quot;1&quot;:2,&quot;2&quot;:0},&quot;16&quot;:11}\">Az Analitikai \u00e9s Mintav\u00e9teli M\u00f3dszerek Szakbizotts\u00e1g (<a href=\"http:\/\/www.fao.org\/fao-who-codexalimentarius\/committees\/committee\/en\/?committee=CCMAS\">Codex Committee on Methods of Analysis and Sampling &#8211; CCMAS<\/a>) az \u00c9lelmez\u00e9si \u00e9s Mez\u0151gazdas\u00e1gi Vil\u00e1gszervezete (FAO) \u00e9s az Eg\u00e9szs\u00e9g\u00fcgyi Vil\u00e1gszervezete (WHO) \u00e1ltal 1963-ban l\u00e9trehozott Codex Aliment\u00e1rius F\u0151bizotts\u00e1g (CAC) egyik, az \u00e9lelmiszerl\u00e1ncot \u00e9rint\u0151 \u00e1ltal\u00e1nos k\u00e9rd\u00e9sekkel foglalkoz\u00f3, \u00fan. horizont\u00e1lis szakbizotts\u00e1ga. F\u0151 feladata a Codex el\u0151\u00edr\u00e1sok teljes\u00fcl\u00e9s\u00e9t vizsg\u00e1l\u00f3 m\u00f3dszerek megfelel\u0151s\u00e9g\u00e9nek \u00e9rt\u00e9kel\u00e9se, a szak\u00e9rtelem biztos\u00edt\u00e1sa az analitikai \u00e9s mintav\u00e9teli m\u00f3dszereket \u00e9rint\u0151 k\u00fcl\u00f6nb\u00f6z\u0151 k\u00e9rd\u00e9sekben. A CCMAS titk\u00e1rs\u00e1gi feladatait \u00e9s a bizotts\u00e1g \u00fcl\u00e9seinek a megrendez\u00e9s\u00e9t 1972 \u00f3ta <a href=\"https:\/\/portal.nebih.gov.hu\/ccmas\">Magyarorsz\u00e1g<\/a> l\u00e1tja el.<\/p> <p>Eln\u00f6k: Nagy Attila (N\u00c9BIH)<br \/> Aleln\u00f6k: <a href=\"https:\/\/univet.hu\/hu\/kutatas\/deokfii\/intezet\/munkatarsak\/\">Farkas Zsuzsa<\/a> (D\u00c9OKFII), Zentai Andrea (N\u00c9BIH)<br \/> CCMAS Magyar Nemzeti Bizotts\u00e1g eln\u00f6ke: <a href=\"https:\/\/univet.hu\/hu\/kutatas\/deokfii\/intezet\/munkatarsak\/\">J\u00f3\u017awiak \u00c1kos<\/a> (D\u00c9OKFII)<\/span><\/p>","protected":false},"excerpt":{"rendered":"<p>&nbsp; Az Analitikai \u00e9s Mintav\u00e9teli M\u00f3dszerek Szakbizotts\u00e1g (Codex Committee on Methods of Analysis and Sampling &#8211; CCMAS) az \u00c9lelmez\u00e9si \u00e9s Mez\u0151gazdas\u00e1gi Vil\u00e1gszervezete (FAO) \u00e9s az Eg\u00e9szs\u00e9g\u00fcgyi Vil\u00e1gszervezete (WHO) \u00e1ltal 1963-ban l\u00e9trehozott Codex Aliment\u00e1rius F\u0151bizotts\u00e1g (CAC) egyik, az \u00e9lelmiszerl\u00e1ncot \u00e9rint\u0151 \u00e1ltal\u00e1nos k\u00e9rd\u00e9sekkel foglalkoz\u00f3, \u00fan. horizont\u00e1lis szakbizotts\u00e1ga. F\u0151 feladata a Codex el\u0151\u00edr\u00e1sok teljes\u00fcl\u00e9s\u00e9t vizsg\u00e1l\u00f3 m\u00f3dszerek megfelel\u0151s\u00e9g\u00e9nek \u00e9rt\u00e9kel\u00e9se,<\/p>\n","protected":false},"author":2518,"featured_media":0,"parent":54370,"menu_order":43,"comment_status":"open","ping_status":"open","template":"","meta":{"_acf_changed":false,"footnotes":""},"categories":[],"tags":[],"class_list":["post-54418","page","type-page","status-publish","hentry"],"acf":[],"_links":{"self":[{"href":"https:\/\/univet.hu\/hu\/wp-json\/wp\/v2\/pages\/54418","targetHints":{"allow":["GET"]}}],"collection":[{"href":"https:\/\/univet.hu\/hu\/wp-json\/wp\/v2\/pages"}],"about":[{"href":"https:\/\/univet.hu\/hu\/wp-json\/wp\/v2\/types\/page"}],"author":[{"embeddable":true,"href":"https:\/\/univet.hu\/hu\/wp-json\/wp\/v2\/users\/2518"}],"replies":[{"embeddable":true,"href":"https:\/\/univet.hu\/hu\/wp-json\/wp\/v2\/comments?post=54418"}],"version-history":[{"count":0,"href":"https:\/\/univet.hu\/hu\/wp-json\/wp\/v2\/pages\/54418\/revisions"}],"up":[{"embeddable":true,"href":"https:\/\/univet.hu\/hu\/wp-json\/wp\/v2\/pages\/54370"}],"wp:attachment":[{"href":"https:\/\/univet.hu\/hu\/wp-json\/wp\/v2\/media?parent=54418"}],"wp:term":[{"taxonomy":"category","embeddable":true,"href":"https:\/\/univet.hu\/hu\/wp-json\/wp\/v2\/categories?post=54418"},{"taxonomy":"post_tag","embeddable":true,"href":"https:\/\/univet.hu\/hu\/wp-json\/wp\/v2\/tags?post=54418"}],"curies":[{"name":"wp","href":"https:\/\/api.w.org\/{rel}","templated":true}]}}