{"id":54426,"date":"2020-05-06T08:36:35","date_gmt":"2020-05-06T06:36:35","guid":{"rendered":"https:\/\/univet.hu\/hu\/kutatas\/deokfii\/nemzetkozi-kapcsolatok\/efsa\/advisory-forum\/"},"modified":"2020-06-07T20:33:06","modified_gmt":"2020-06-07T18:33:06","slug":"advisory-forum","status":"publish","type":"page","link":"https:\/\/univet.hu\/hu\/kutatas\/deokfii\/nemzetkozi-kapcsolatok\/efsa\/advisory-forum\/","title":{"rendered":"Advisory Forum"},"content":{"rendered":"<p>&nbsp;<\/p> <p><span data-sheets-value=\"{&quot;1&quot;:2,&quot;2&quot;:&quot;A Tan\u00e1csad\u00f3 F\u00f3rumon (Advisory Forum - AF) kereszt\u00fcl az EFSA \u00e9s a tag\u00e1llamok megvitathatj\u00e1k az eur\u00f3pai kock\u00e1zat\u00e9rt\u00e9kel\u00e9si \u00e9s kock\u00e1zatkommunik\u00e1ci\u00f3s k\u00e9rd\u00e9seket. A tagok tan\u00e1csot adnak az EFSA-nak tudom\u00e1nyos k\u00e9rd\u00e9sekben, az EFSA munkaprogramj\u00e1t \u00e9s priorit\u00e1sait illet\u0151en, illetve a felmer\u00fcl\u0151 vesz\u00e9lyek  lehet\u0151 leghamarabbi azonos\u00edt\u00e1s\u00e1t is seg\u00edtik. A tagok c\u00e9lja a tudom\u00e1nyos inform\u00e1ci\u00f3k megoszt\u00e1sa, az er\u0151forr\u00e1sok \u00f6sszevon\u00e1sa \u00e9s a munkaprogramok \u00f6sszehangol\u00e1sa az EFSA-val \u00e9s egym\u00e1ssal, k\u00fcl\u00f6n\u00f6s tekintettel a k\u00f6vetkez\u0151kre:\\n- Tudom\u00e1nyos adatok cser\u00e9je\\n- Kock\u00e1zatkommunik\u00e1ci\u00f3s tev\u00e9kenys\u00e9gek \u00e9s \u00fczenetek koordin\u00e1l\u00e1sa\\n- Vitatott k\u00e9rd\u00e9sek \u00e9s elt\u00e9r\u0151 v\u00e9lem\u00e9nyek kezel\u00e9se\\n- A munk\u00e1k koordin\u00e1l\u00e1sa \u00e9s a p\u00e1rhuzamos munkav\u00e9gz\u00e9s elker\u00fcl\u00e9se\\n\\nTan\u00e1csad\u00f3 F\u00f3rum: https:\/\/www.efsa.europa.eu\/en\/partnersnetworks\/eumembers\\nA Tan\u00e1csad\u00f3 F\u00f3rum k\u00f6vetkez\u0151 \u00fcl\u00e9se: https:\/\/www.efsa.europa.eu\/en\/events\/event\/76th-advisory-forum-meeting\\nK\u00e9pvisel\u0151: Jozwiak \u00c1kos (D\u00c9OKFII) https:\/\/univet.hu\/hu\/kutatas\/deokfii\/intezet\/munkatarsak\/\\nHelyettes: Varga Enik\u0151 (N\u00c9BIH) \\nEFSA Focal Point: Sali Judit (N\u00c9BIH) https:\/\/portal.nebih.gov.hu\/efsa-focal-point&quot;}\" data-sheets-userformat=\"{&quot;2&quot;:11069,&quot;3&quot;:{&quot;1&quot;:0},&quot;5&quot;:{&quot;1&quot;:[{&quot;1&quot;:2,&quot;2&quot;:0,&quot;5&quot;:{&quot;1&quot;:0}},{&quot;1&quot;:0,&quot;2&quot;:0,&quot;3&quot;:3},{&quot;1&quot;:1,&quot;2&quot;:0,&quot;4&quot;:1}]},&quot;6&quot;:{&quot;1&quot;:[{&quot;1&quot;:2,&quot;2&quot;:0,&quot;5&quot;:{&quot;1&quot;:0}},{&quot;1&quot;:0,&quot;2&quot;:0,&quot;3&quot;:3},{&quot;1&quot;:1,&quot;2&quot;:0,&quot;4&quot;:1}]},&quot;7&quot;:{&quot;1&quot;:[{&quot;1&quot;:2,&quot;2&quot;:0,&quot;5&quot;:{&quot;1&quot;:0}},{&quot;1&quot;:0,&quot;2&quot;:0,&quot;3&quot;:3},{&quot;1&quot;:1,&quot;2&quot;:0,&quot;4&quot;:1}]},&quot;8&quot;:{&quot;1&quot;:[{&quot;1&quot;:2,&quot;2&quot;:0,&quot;5&quot;:{&quot;1&quot;:0}},{&quot;1&quot;:0,&quot;2&quot;:0,&quot;3&quot;:3},{&quot;1&quot;:1,&quot;2&quot;:0,&quot;4&quot;:1}]},&quot;11&quot;:4,&quot;12&quot;:0,&quot;14&quot;:{&quot;1&quot;:2,&quot;2&quot;:0},&quot;16&quot;:11}\">A <a href=\"https:\/\/www.efsa.europa.eu\/en\/partnersnetworks\/eumembers\">Tan\u00e1csad\u00f3 F\u00f3rumon<\/a> (Advisory Forum &#8211; AF) kereszt\u00fcl az EFSA \u00e9s a tag\u00e1llamok megvitathatj\u00e1k az eur\u00f3pai kock\u00e1zat\u00e9rt\u00e9kel\u00e9si \u00e9s kock\u00e1zatkommunik\u00e1ci\u00f3s k\u00e9rd\u00e9seket. A tagok tan\u00e1csot adnak az EFSA-nak tudom\u00e1nyos k\u00e9rd\u00e9sekben, az EFSA munkaprogramj\u00e1t \u00e9s priorit\u00e1sait illet\u0151en, illetve a felmer\u00fcl\u0151 vesz\u00e9lyek lehet\u0151 leghamarabbi azonos\u00edt\u00e1s\u00e1t is seg\u00edtik. A tagok c\u00e9lja a tudom\u00e1nyos inform\u00e1ci\u00f3k megoszt\u00e1sa, az er\u0151forr\u00e1sok \u00f6sszevon\u00e1sa \u00e9s a munkaprogramok \u00f6sszehangol\u00e1sa az EFSA-val \u00e9s egym\u00e1ssal, k\u00fcl\u00f6n\u00f6s tekintettel a k\u00f6vetkez\u0151kre:<\/span><\/p> <ul> <li><span data-sheets-value=\"{&quot;1&quot;:2,&quot;2&quot;:&quot;A Tan\u00e1csad\u00f3 F\u00f3rumon (Advisory Forum - AF) kereszt\u00fcl az EFSA \u00e9s a tag\u00e1llamok megvitathatj\u00e1k az eur\u00f3pai kock\u00e1zat\u00e9rt\u00e9kel\u00e9si \u00e9s kock\u00e1zatkommunik\u00e1ci\u00f3s k\u00e9rd\u00e9seket. A tagok tan\u00e1csot adnak az EFSA-nak tudom\u00e1nyos k\u00e9rd\u00e9sekben, az EFSA munkaprogramj\u00e1t \u00e9s priorit\u00e1sait illet\u0151en, illetve a felmer\u00fcl\u0151 vesz\u00e9lyek  lehet\u0151 leghamarabbi azonos\u00edt\u00e1s\u00e1t is seg\u00edtik. A tagok c\u00e9lja a tudom\u00e1nyos inform\u00e1ci\u00f3k megoszt\u00e1sa, az er\u0151forr\u00e1sok \u00f6sszevon\u00e1sa \u00e9s a munkaprogramok \u00f6sszehangol\u00e1sa az EFSA-val \u00e9s egym\u00e1ssal, k\u00fcl\u00f6n\u00f6s tekintettel a k\u00f6vetkez\u0151kre:\\n- Tudom\u00e1nyos adatok cser\u00e9je\\n- Kock\u00e1zatkommunik\u00e1ci\u00f3s tev\u00e9kenys\u00e9gek \u00e9s \u00fczenetek koordin\u00e1l\u00e1sa\\n- Vitatott k\u00e9rd\u00e9sek \u00e9s elt\u00e9r\u0151 v\u00e9lem\u00e9nyek kezel\u00e9se\\n- A munk\u00e1k koordin\u00e1l\u00e1sa \u00e9s a p\u00e1rhuzamos munkav\u00e9gz\u00e9s elker\u00fcl\u00e9se\\n\\nTan\u00e1csad\u00f3 F\u00f3rum: https:\/\/www.efsa.europa.eu\/en\/partnersnetworks\/eumembers\\nA Tan\u00e1csad\u00f3 F\u00f3rum k\u00f6vetkez\u0151 \u00fcl\u00e9se: https:\/\/www.efsa.europa.eu\/en\/events\/event\/76th-advisory-forum-meeting\\nK\u00e9pvisel\u0151: Jozwiak \u00c1kos (D\u00c9OKFII) https:\/\/univet.hu\/hu\/kutatas\/deokfii\/intezet\/munkatarsak\/\\nHelyettes: Varga Enik\u0151 (N\u00c9BIH) \\nEFSA Focal Point: Sali Judit (N\u00c9BIH) https:\/\/portal.nebih.gov.hu\/efsa-focal-point&quot;}\" data-sheets-userformat=\"{&quot;2&quot;:11069,&quot;3&quot;:{&quot;1&quot;:0},&quot;5&quot;:{&quot;1&quot;:[{&quot;1&quot;:2,&quot;2&quot;:0,&quot;5&quot;:{&quot;1&quot;:0}},{&quot;1&quot;:0,&quot;2&quot;:0,&quot;3&quot;:3},{&quot;1&quot;:1,&quot;2&quot;:0,&quot;4&quot;:1}]},&quot;6&quot;:{&quot;1&quot;:[{&quot;1&quot;:2,&quot;2&quot;:0,&quot;5&quot;:{&quot;1&quot;:0}},{&quot;1&quot;:0,&quot;2&quot;:0,&quot;3&quot;:3},{&quot;1&quot;:1,&quot;2&quot;:0,&quot;4&quot;:1}]},&quot;7&quot;:{&quot;1&quot;:[{&quot;1&quot;:2,&quot;2&quot;:0,&quot;5&quot;:{&quot;1&quot;:0}},{&quot;1&quot;:0,&quot;2&quot;:0,&quot;3&quot;:3},{&quot;1&quot;:1,&quot;2&quot;:0,&quot;4&quot;:1}]},&quot;8&quot;:{&quot;1&quot;:[{&quot;1&quot;:2,&quot;2&quot;:0,&quot;5&quot;:{&quot;1&quot;:0}},{&quot;1&quot;:0,&quot;2&quot;:0,&quot;3&quot;:3},{&quot;1&quot;:1,&quot;2&quot;:0,&quot;4&quot;:1}]},&quot;11&quot;:4,&quot;12&quot;:0,&quot;14&quot;:{&quot;1&quot;:2,&quot;2&quot;:0},&quot;16&quot;:11}\">Tudom\u00e1nyos adatok cser\u00e9je<\/span><\/li> <li><span data-sheets-value=\"{&quot;1&quot;:2,&quot;2&quot;:&quot;A Tan\u00e1csad\u00f3 F\u00f3rumon (Advisory Forum - AF) kereszt\u00fcl az EFSA \u00e9s a tag\u00e1llamok megvitathatj\u00e1k az eur\u00f3pai kock\u00e1zat\u00e9rt\u00e9kel\u00e9si \u00e9s kock\u00e1zatkommunik\u00e1ci\u00f3s k\u00e9rd\u00e9seket. A tagok tan\u00e1csot adnak az EFSA-nak tudom\u00e1nyos k\u00e9rd\u00e9sekben, az EFSA munkaprogramj\u00e1t \u00e9s priorit\u00e1sait illet\u0151en, illetve a felmer\u00fcl\u0151 vesz\u00e9lyek  lehet\u0151 leghamarabbi azonos\u00edt\u00e1s\u00e1t is seg\u00edtik. A tagok c\u00e9lja a tudom\u00e1nyos inform\u00e1ci\u00f3k megoszt\u00e1sa, az er\u0151forr\u00e1sok \u00f6sszevon\u00e1sa \u00e9s a munkaprogramok \u00f6sszehangol\u00e1sa az EFSA-val \u00e9s egym\u00e1ssal, k\u00fcl\u00f6n\u00f6s tekintettel a k\u00f6vetkez\u0151kre:\\n- Tudom\u00e1nyos adatok cser\u00e9je\\n- Kock\u00e1zatkommunik\u00e1ci\u00f3s tev\u00e9kenys\u00e9gek \u00e9s \u00fczenetek koordin\u00e1l\u00e1sa\\n- Vitatott k\u00e9rd\u00e9sek \u00e9s elt\u00e9r\u0151 v\u00e9lem\u00e9nyek kezel\u00e9se\\n- A munk\u00e1k koordin\u00e1l\u00e1sa \u00e9s a p\u00e1rhuzamos munkav\u00e9gz\u00e9s elker\u00fcl\u00e9se\\n\\nTan\u00e1csad\u00f3 F\u00f3rum: https:\/\/www.efsa.europa.eu\/en\/partnersnetworks\/eumembers\\nA Tan\u00e1csad\u00f3 F\u00f3rum k\u00f6vetkez\u0151 \u00fcl\u00e9se: https:\/\/www.efsa.europa.eu\/en\/events\/event\/76th-advisory-forum-meeting\\nK\u00e9pvisel\u0151: Jozwiak \u00c1kos (D\u00c9OKFII) https:\/\/univet.hu\/hu\/kutatas\/deokfii\/intezet\/munkatarsak\/\\nHelyettes: Varga Enik\u0151 (N\u00c9BIH) \\nEFSA Focal Point: Sali Judit (N\u00c9BIH) https:\/\/portal.nebih.gov.hu\/efsa-focal-point&quot;}\" data-sheets-userformat=\"{&quot;2&quot;:11069,&quot;3&quot;:{&quot;1&quot;:0},&quot;5&quot;:{&quot;1&quot;:[{&quot;1&quot;:2,&quot;2&quot;:0,&quot;5&quot;:{&quot;1&quot;:0}},{&quot;1&quot;:0,&quot;2&quot;:0,&quot;3&quot;:3},{&quot;1&quot;:1,&quot;2&quot;:0,&quot;4&quot;:1}]},&quot;6&quot;:{&quot;1&quot;:[{&quot;1&quot;:2,&quot;2&quot;:0,&quot;5&quot;:{&quot;1&quot;:0}},{&quot;1&quot;:0,&quot;2&quot;:0,&quot;3&quot;:3},{&quot;1&quot;:1,&quot;2&quot;:0,&quot;4&quot;:1}]},&quot;7&quot;:{&quot;1&quot;:[{&quot;1&quot;:2,&quot;2&quot;:0,&quot;5&quot;:{&quot;1&quot;:0}},{&quot;1&quot;:0,&quot;2&quot;:0,&quot;3&quot;:3},{&quot;1&quot;:1,&quot;2&quot;:0,&quot;4&quot;:1}]},&quot;8&quot;:{&quot;1&quot;:[{&quot;1&quot;:2,&quot;2&quot;:0,&quot;5&quot;:{&quot;1&quot;:0}},{&quot;1&quot;:0,&quot;2&quot;:0,&quot;3&quot;:3},{&quot;1&quot;:1,&quot;2&quot;:0,&quot;4&quot;:1}]},&quot;11&quot;:4,&quot;12&quot;:0,&quot;14&quot;:{&quot;1&quot;:2,&quot;2&quot;:0},&quot;16&quot;:11}\">Kock\u00e1zatkommunik\u00e1ci\u00f3s tev\u00e9kenys\u00e9gek \u00e9s \u00fczenetek koordin\u00e1l\u00e1sa<\/span><\/li> <li><span data-sheets-value=\"{&quot;1&quot;:2,&quot;2&quot;:&quot;A Tan\u00e1csad\u00f3 F\u00f3rumon (Advisory Forum - AF) kereszt\u00fcl az EFSA \u00e9s a tag\u00e1llamok megvitathatj\u00e1k az eur\u00f3pai kock\u00e1zat\u00e9rt\u00e9kel\u00e9si \u00e9s kock\u00e1zatkommunik\u00e1ci\u00f3s k\u00e9rd\u00e9seket. A tagok tan\u00e1csot adnak az EFSA-nak tudom\u00e1nyos k\u00e9rd\u00e9sekben, az EFSA munkaprogramj\u00e1t \u00e9s priorit\u00e1sait illet\u0151en, illetve a felmer\u00fcl\u0151 vesz\u00e9lyek  lehet\u0151 leghamarabbi azonos\u00edt\u00e1s\u00e1t is seg\u00edtik. A tagok c\u00e9lja a tudom\u00e1nyos inform\u00e1ci\u00f3k megoszt\u00e1sa, az er\u0151forr\u00e1sok \u00f6sszevon\u00e1sa \u00e9s a munkaprogramok \u00f6sszehangol\u00e1sa az EFSA-val \u00e9s egym\u00e1ssal, k\u00fcl\u00f6n\u00f6s tekintettel a k\u00f6vetkez\u0151kre:\\n- Tudom\u00e1nyos adatok cser\u00e9je\\n- Kock\u00e1zatkommunik\u00e1ci\u00f3s tev\u00e9kenys\u00e9gek \u00e9s \u00fczenetek koordin\u00e1l\u00e1sa\\n- Vitatott k\u00e9rd\u00e9sek \u00e9s elt\u00e9r\u0151 v\u00e9lem\u00e9nyek kezel\u00e9se\\n- A munk\u00e1k koordin\u00e1l\u00e1sa \u00e9s a p\u00e1rhuzamos munkav\u00e9gz\u00e9s elker\u00fcl\u00e9se\\n\\nTan\u00e1csad\u00f3 F\u00f3rum: https:\/\/www.efsa.europa.eu\/en\/partnersnetworks\/eumembers\\nA Tan\u00e1csad\u00f3 F\u00f3rum k\u00f6vetkez\u0151 \u00fcl\u00e9se: https:\/\/www.efsa.europa.eu\/en\/events\/event\/76th-advisory-forum-meeting\\nK\u00e9pvisel\u0151: Jozwiak \u00c1kos (D\u00c9OKFII) https:\/\/univet.hu\/hu\/kutatas\/deokfii\/intezet\/munkatarsak\/\\nHelyettes: Varga Enik\u0151 (N\u00c9BIH) \\nEFSA Focal Point: Sali Judit (N\u00c9BIH) https:\/\/portal.nebih.gov.hu\/efsa-focal-point&quot;}\" data-sheets-userformat=\"{&quot;2&quot;:11069,&quot;3&quot;:{&quot;1&quot;:0},&quot;5&quot;:{&quot;1&quot;:[{&quot;1&quot;:2,&quot;2&quot;:0,&quot;5&quot;:{&quot;1&quot;:0}},{&quot;1&quot;:0,&quot;2&quot;:0,&quot;3&quot;:3},{&quot;1&quot;:1,&quot;2&quot;:0,&quot;4&quot;:1}]},&quot;6&quot;:{&quot;1&quot;:[{&quot;1&quot;:2,&quot;2&quot;:0,&quot;5&quot;:{&quot;1&quot;:0}},{&quot;1&quot;:0,&quot;2&quot;:0,&quot;3&quot;:3},{&quot;1&quot;:1,&quot;2&quot;:0,&quot;4&quot;:1}]},&quot;7&quot;:{&quot;1&quot;:[{&quot;1&quot;:2,&quot;2&quot;:0,&quot;5&quot;:{&quot;1&quot;:0}},{&quot;1&quot;:0,&quot;2&quot;:0,&quot;3&quot;:3},{&quot;1&quot;:1,&quot;2&quot;:0,&quot;4&quot;:1}]},&quot;8&quot;:{&quot;1&quot;:[{&quot;1&quot;:2,&quot;2&quot;:0,&quot;5&quot;:{&quot;1&quot;:0}},{&quot;1&quot;:0,&quot;2&quot;:0,&quot;3&quot;:3},{&quot;1&quot;:1,&quot;2&quot;:0,&quot;4&quot;:1}]},&quot;11&quot;:4,&quot;12&quot;:0,&quot;14&quot;:{&quot;1&quot;:2,&quot;2&quot;:0},&quot;16&quot;:11}\">Vitatott k\u00e9rd\u00e9sek \u00e9s elt\u00e9r\u0151 v\u00e9lem\u00e9nyek kezel\u00e9se<\/span><\/li> <li><span data-sheets-value=\"{&quot;1&quot;:2,&quot;2&quot;:&quot;A Tan\u00e1csad\u00f3 F\u00f3rumon (Advisory Forum - AF) kereszt\u00fcl az EFSA \u00e9s a tag\u00e1llamok megvitathatj\u00e1k az eur\u00f3pai kock\u00e1zat\u00e9rt\u00e9kel\u00e9si \u00e9s kock\u00e1zatkommunik\u00e1ci\u00f3s k\u00e9rd\u00e9seket. A tagok tan\u00e1csot adnak az EFSA-nak tudom\u00e1nyos k\u00e9rd\u00e9sekben, az EFSA munkaprogramj\u00e1t \u00e9s priorit\u00e1sait illet\u0151en, illetve a felmer\u00fcl\u0151 vesz\u00e9lyek  lehet\u0151 leghamarabbi azonos\u00edt\u00e1s\u00e1t is seg\u00edtik. A tagok c\u00e9lja a tudom\u00e1nyos inform\u00e1ci\u00f3k megoszt\u00e1sa, az er\u0151forr\u00e1sok \u00f6sszevon\u00e1sa \u00e9s a munkaprogramok \u00f6sszehangol\u00e1sa az EFSA-val \u00e9s egym\u00e1ssal, k\u00fcl\u00f6n\u00f6s tekintettel a k\u00f6vetkez\u0151kre:\\n- Tudom\u00e1nyos adatok cser\u00e9je\\n- Kock\u00e1zatkommunik\u00e1ci\u00f3s tev\u00e9kenys\u00e9gek \u00e9s \u00fczenetek koordin\u00e1l\u00e1sa\\n- Vitatott k\u00e9rd\u00e9sek \u00e9s elt\u00e9r\u0151 v\u00e9lem\u00e9nyek kezel\u00e9se\\n- A munk\u00e1k koordin\u00e1l\u00e1sa \u00e9s a p\u00e1rhuzamos munkav\u00e9gz\u00e9s elker\u00fcl\u00e9se\\n\\nTan\u00e1csad\u00f3 F\u00f3rum: https:\/\/www.efsa.europa.eu\/en\/partnersnetworks\/eumembers\\nA Tan\u00e1csad\u00f3 F\u00f3rum k\u00f6vetkez\u0151 \u00fcl\u00e9se: https:\/\/www.efsa.europa.eu\/en\/events\/event\/76th-advisory-forum-meeting\\nK\u00e9pvisel\u0151: Jozwiak \u00c1kos (D\u00c9OKFII) https:\/\/univet.hu\/hu\/kutatas\/deokfii\/intezet\/munkatarsak\/\\nHelyettes: Varga Enik\u0151 (N\u00c9BIH) \\nEFSA Focal Point: Sali Judit (N\u00c9BIH) https:\/\/portal.nebih.gov.hu\/efsa-focal-point&quot;}\" data-sheets-userformat=\"{&quot;2&quot;:11069,&quot;3&quot;:{&quot;1&quot;:0},&quot;5&quot;:{&quot;1&quot;:[{&quot;1&quot;:2,&quot;2&quot;:0,&quot;5&quot;:{&quot;1&quot;:0}},{&quot;1&quot;:0,&quot;2&quot;:0,&quot;3&quot;:3},{&quot;1&quot;:1,&quot;2&quot;:0,&quot;4&quot;:1}]},&quot;6&quot;:{&quot;1&quot;:[{&quot;1&quot;:2,&quot;2&quot;:0,&quot;5&quot;:{&quot;1&quot;:0}},{&quot;1&quot;:0,&quot;2&quot;:0,&quot;3&quot;:3},{&quot;1&quot;:1,&quot;2&quot;:0,&quot;4&quot;:1}]},&quot;7&quot;:{&quot;1&quot;:[{&quot;1&quot;:2,&quot;2&quot;:0,&quot;5&quot;:{&quot;1&quot;:0}},{&quot;1&quot;:0,&quot;2&quot;:0,&quot;3&quot;:3},{&quot;1&quot;:1,&quot;2&quot;:0,&quot;4&quot;:1}]},&quot;8&quot;:{&quot;1&quot;:[{&quot;1&quot;:2,&quot;2&quot;:0,&quot;5&quot;:{&quot;1&quot;:0}},{&quot;1&quot;:0,&quot;2&quot;:0,&quot;3&quot;:3},{&quot;1&quot;:1,&quot;2&quot;:0,&quot;4&quot;:1}]},&quot;11&quot;:4,&quot;12&quot;:0,&quot;14&quot;:{&quot;1&quot;:2,&quot;2&quot;:0},&quot;16&quot;:11}\">A munk\u00e1k koordin\u00e1l\u00e1sa \u00e9s a p\u00e1rhuzamos munkav\u00e9gz\u00e9s elker\u00fcl\u00e9se<\/span><\/li> <\/ul> <p><span data-sheets-value=\"{&quot;1&quot;:2,&quot;2&quot;:&quot;A Tan\u00e1csad\u00f3 F\u00f3rumon (Advisory Forum - AF) kereszt\u00fcl az EFSA \u00e9s a tag\u00e1llamok megvitathatj\u00e1k az eur\u00f3pai kock\u00e1zat\u00e9rt\u00e9kel\u00e9si \u00e9s kock\u00e1zatkommunik\u00e1ci\u00f3s k\u00e9rd\u00e9seket. A tagok tan\u00e1csot adnak az EFSA-nak tudom\u00e1nyos k\u00e9rd\u00e9sekben, az EFSA munkaprogramj\u00e1t \u00e9s priorit\u00e1sait illet\u0151en, illetve a felmer\u00fcl\u0151 vesz\u00e9lyek  lehet\u0151 leghamarabbi azonos\u00edt\u00e1s\u00e1t is seg\u00edtik. A tagok c\u00e9lja a tudom\u00e1nyos inform\u00e1ci\u00f3k megoszt\u00e1sa, az er\u0151forr\u00e1sok \u00f6sszevon\u00e1sa \u00e9s a munkaprogramok \u00f6sszehangol\u00e1sa az EFSA-val \u00e9s egym\u00e1ssal, k\u00fcl\u00f6n\u00f6s tekintettel a k\u00f6vetkez\u0151kre:\\n- Tudom\u00e1nyos adatok cser\u00e9je\\n- Kock\u00e1zatkommunik\u00e1ci\u00f3s tev\u00e9kenys\u00e9gek \u00e9s \u00fczenetek koordin\u00e1l\u00e1sa\\n- Vitatott k\u00e9rd\u00e9sek \u00e9s elt\u00e9r\u0151 v\u00e9lem\u00e9nyek kezel\u00e9se\\n- A munk\u00e1k koordin\u00e1l\u00e1sa \u00e9s a p\u00e1rhuzamos munkav\u00e9gz\u00e9s elker\u00fcl\u00e9se\\n\\nTan\u00e1csad\u00f3 F\u00f3rum: https:\/\/www.efsa.europa.eu\/en\/partnersnetworks\/eumembers\\nA Tan\u00e1csad\u00f3 F\u00f3rum k\u00f6vetkez\u0151 \u00fcl\u00e9se: https:\/\/www.efsa.europa.eu\/en\/events\/event\/76th-advisory-forum-meeting\\nK\u00e9pvisel\u0151: Jozwiak \u00c1kos (D\u00c9OKFII) https:\/\/univet.hu\/hu\/kutatas\/deokfii\/intezet\/munkatarsak\/\\nHelyettes: Varga Enik\u0151 (N\u00c9BIH) \\nEFSA Focal Point: Sali Judit (N\u00c9BIH) https:\/\/portal.nebih.gov.hu\/efsa-focal-point&quot;}\" data-sheets-userformat=\"{&quot;2&quot;:11069,&quot;3&quot;:{&quot;1&quot;:0},&quot;5&quot;:{&quot;1&quot;:[{&quot;1&quot;:2,&quot;2&quot;:0,&quot;5&quot;:{&quot;1&quot;:0}},{&quot;1&quot;:0,&quot;2&quot;:0,&quot;3&quot;:3},{&quot;1&quot;:1,&quot;2&quot;:0,&quot;4&quot;:1}]},&quot;6&quot;:{&quot;1&quot;:[{&quot;1&quot;:2,&quot;2&quot;:0,&quot;5&quot;:{&quot;1&quot;:0}},{&quot;1&quot;:0,&quot;2&quot;:0,&quot;3&quot;:3},{&quot;1&quot;:1,&quot;2&quot;:0,&quot;4&quot;:1}]},&quot;7&quot;:{&quot;1&quot;:[{&quot;1&quot;:2,&quot;2&quot;:0,&quot;5&quot;:{&quot;1&quot;:0}},{&quot;1&quot;:0,&quot;2&quot;:0,&quot;3&quot;:3},{&quot;1&quot;:1,&quot;2&quot;:0,&quot;4&quot;:1}]},&quot;8&quot;:{&quot;1&quot;:[{&quot;1&quot;:2,&quot;2&quot;:0,&quot;5&quot;:{&quot;1&quot;:0}},{&quot;1&quot;:0,&quot;2&quot;:0,&quot;3&quot;:3},{&quot;1&quot;:1,&quot;2&quot;:0,&quot;4&quot;:1}]},&quot;11&quot;:4,&quot;12&quot;:0,&quot;14&quot;:{&quot;1&quot;:2,&quot;2&quot;:0},&quot;16&quot;:11}\">K\u00e9pvisel\u0151: <a href=\"https:\/\/univet.hu\/hu\/kutatas\/deokfii\/intezet\/munkatarsak\/\">Jozwiak \u00c1kos<\/a> (D\u00c9OKFII)<br \/> Helyettes: Varga Enik\u0151 (N\u00c9BIH)<br \/> <a href=\"https:\/\/portal.nebih.gov.hu\/efsa-focal-point\">EFSA Focal Point<\/a>: Sali Judit (N\u00c9BIH)<\/span><\/p>","protected":false},"excerpt":{"rendered":"<p>&nbsp; A Tan\u00e1csad\u00f3 F\u00f3rumon (Advisory Forum &#8211; AF) kereszt\u00fcl az EFSA \u00e9s a tag\u00e1llamok megvitathatj\u00e1k az eur\u00f3pai kock\u00e1zat\u00e9rt\u00e9kel\u00e9si \u00e9s kock\u00e1zatkommunik\u00e1ci\u00f3s k\u00e9rd\u00e9seket. A tagok tan\u00e1csot adnak az EFSA-nak tudom\u00e1nyos k\u00e9rd\u00e9sekben, az EFSA munkaprogramj\u00e1t \u00e9s priorit\u00e1sait illet\u0151en, illetve a felmer\u00fcl\u0151 vesz\u00e9lyek lehet\u0151 leghamarabbi azonos\u00edt\u00e1s\u00e1t is seg\u00edtik. A tagok c\u00e9lja a tudom\u00e1nyos inform\u00e1ci\u00f3k megoszt\u00e1sa, az er\u0151forr\u00e1sok \u00f6sszevon\u00e1sa \u00e9s<\/p>\n","protected":false},"author":2518,"featured_media":0,"parent":54416,"menu_order":40,"comment_status":"open","ping_status":"open","template":"","meta":{"_acf_changed":false,"footnotes":""},"categories":[],"tags":[],"class_list":["post-54426","page","type-page","status-publish","hentry"],"acf":[],"_links":{"self":[{"href":"https:\/\/univet.hu\/hu\/wp-json\/wp\/v2\/pages\/54426","targetHints":{"allow":["GET"]}}],"collection":[{"href":"https:\/\/univet.hu\/hu\/wp-json\/wp\/v2\/pages"}],"about":[{"href":"https:\/\/univet.hu\/hu\/wp-json\/wp\/v2\/types\/page"}],"author":[{"embeddable":true,"href":"https:\/\/univet.hu\/hu\/wp-json\/wp\/v2\/users\/2518"}],"replies":[{"embeddable":true,"href":"https:\/\/univet.hu\/hu\/wp-json\/wp\/v2\/comments?post=54426"}],"version-history":[{"count":0,"href":"https:\/\/univet.hu\/hu\/wp-json\/wp\/v2\/pages\/54426\/revisions"}],"up":[{"embeddable":true,"href":"https:\/\/univet.hu\/hu\/wp-json\/wp\/v2\/pages\/54416"}],"wp:attachment":[{"href":"https:\/\/univet.hu\/hu\/wp-json\/wp\/v2\/media?parent=54426"}],"wp:term":[{"taxonomy":"category","embeddable":true,"href":"https:\/\/univet.hu\/hu\/wp-json\/wp\/v2\/categories?post=54426"},{"taxonomy":"post_tag","embeddable":true,"href":"https:\/\/univet.hu\/hu\/wp-json\/wp\/v2\/tags?post=54426"}],"curies":[{"name":"wp","href":"https:\/\/api.w.org\/{rel}","templated":true}]}}