{"id":54432,"date":"2020-05-06T08:43:53","date_gmt":"2020-05-06T06:43:53","guid":{"rendered":"https:\/\/univet.hu\/hu\/kutatas\/deokfii\/nemzetkozi-kapcsolatok\/efsa\/eren\/"},"modified":"2020-06-08T14:11:43","modified_gmt":"2020-06-08T12:11:43","slug":"eren","status":"publish","type":"page","link":"https:\/\/univet.hu\/hu\/kutatas\/deokfii\/nemzetkozi-kapcsolatok\/efsa\/eren\/","title":{"rendered":"EREN"},"content":{"rendered":"<p>&nbsp;<\/p> <p>Az \u00fajonnan felmer\u00f6l\u0151 kock\u00e1zatokkal foglalkoz\u00f3 h\u00e1l\u00f3zatot (<a href=\"https:\/\/www.efsa.europa.eu\/en\/cross-cutting-issues\/networks\">EREN<\/a>) 2010-ben hozt\u00e1k l\u00e9tre, azzal a c\u00e9llal, hogy megk\u00f6nny\u00edtse az inform\u00e1ci\u00f3 \u00e9s a szak\u00e9rtelem cser\u00e9j\u00e9t, valamint a tev\u00e9kenys\u00e9gek koordin\u00e1l\u00e1s\u00e1t a tag\u00e1llamok k\u00f6z\u00f6tt. Ezenk\u00edv\u00fcl el\u0151seg\u00edtette a tag\u00e1llamok t\u00e1mogat\u00e1s\u00e1t \u00e9s elk\u00f6telezetts\u00e9g\u00e9t az EFSA \u00fajonnan felmer\u00fcl\u0151 kock\u00e1zatok azonos\u00edt\u00e1s\u00e1val kapcsolatos tev\u00e9kenys\u00e9ge ir\u00e1nt. A h\u00e1l\u00f3zat f\u0151 c\u00e9ljai:<\/p> <ul> <li>Az \u00fajonnan felmer\u00fcl\u0151 probl\u00e9m\u00e1k \/ kock\u00e1zatok azonos\u00edt\u00e1sa \u00e9s megoszt\u00e1sa<\/li> <li>Tov\u00e1bbi adatok szolg\u00e1ltat\u00e1sa az EREN \u00e1ltal kor\u00e1bban megvitatott k\u00e9rd\u00e9sekkel \/ kock\u00e1zatokkal kapcsolatban<\/li> <li>M\u00f3dszertan megoszt\u00e1sa az \u00fajonnan felmer\u00fcl\u0151 probl\u00e9m\u00e1k \u00e9s kock\u00e1zatok azonos\u00edt\u00e1sa \u00e9rdek\u00e9ben<\/li> <\/ul> <p>K\u00e9pvisel\u0151:\u00a0<a href=\"https:\/\/www.efsa.europa.eu\/en\/cross-cutting-issues\/networks\">Jozwiak \u00c1kos<\/a>\u00a0(D\u00c9OKFII)<br \/> Helyettes:\u00a0<a href=\"https:\/\/www.efsa.europa.eu\/en\/cross-cutting-issues\/networks\">Farkas Zsuzsa<\/a>\u00a0(D\u00c9OKFII)<\/p>","protected":false},"excerpt":{"rendered":"<p>&nbsp; Az \u00fajonnan felmer\u00f6l\u0151 kock\u00e1zatokkal foglalkoz\u00f3 h\u00e1l\u00f3zatot (EREN) 2010-ben hozt\u00e1k l\u00e9tre, azzal a c\u00e9llal, hogy megk\u00f6nny\u00edtse az inform\u00e1ci\u00f3 \u00e9s a szak\u00e9rtelem cser\u00e9j\u00e9t, valamint a tev\u00e9kenys\u00e9gek koordin\u00e1l\u00e1s\u00e1t a tag\u00e1llamok k\u00f6z\u00f6tt. Ezenk\u00edv\u00fcl el\u0151seg\u00edtette a tag\u00e1llamok t\u00e1mogat\u00e1s\u00e1t \u00e9s elk\u00f6telezetts\u00e9g\u00e9t az EFSA \u00fajonnan felmer\u00fcl\u0151 kock\u00e1zatok azonos\u00edt\u00e1s\u00e1val kapcsolatos tev\u00e9kenys\u00e9ge ir\u00e1nt. A h\u00e1l\u00f3zat f\u0151 c\u00e9ljai: Az \u00fajonnan felmer\u00fcl\u0151 probl\u00e9m\u00e1k \/ kock\u00e1zatok<\/p>\n","protected":false},"author":2518,"featured_media":0,"parent":54416,"menu_order":43,"comment_status":"open","ping_status":"open","template":"","meta":{"_acf_changed":false,"footnotes":""},"categories":[],"tags":[],"class_list":["post-54432","page","type-page","status-publish","hentry"],"acf":[],"_links":{"self":[{"href":"https:\/\/univet.hu\/hu\/wp-json\/wp\/v2\/pages\/54432","targetHints":{"allow":["GET"]}}],"collection":[{"href":"https:\/\/univet.hu\/hu\/wp-json\/wp\/v2\/pages"}],"about":[{"href":"https:\/\/univet.hu\/hu\/wp-json\/wp\/v2\/types\/page"}],"author":[{"embeddable":true,"href":"https:\/\/univet.hu\/hu\/wp-json\/wp\/v2\/users\/2518"}],"replies":[{"embeddable":true,"href":"https:\/\/univet.hu\/hu\/wp-json\/wp\/v2\/comments?post=54432"}],"version-history":[{"count":0,"href":"https:\/\/univet.hu\/hu\/wp-json\/wp\/v2\/pages\/54432\/revisions"}],"up":[{"embeddable":true,"href":"https:\/\/univet.hu\/hu\/wp-json\/wp\/v2\/pages\/54416"}],"wp:attachment":[{"href":"https:\/\/univet.hu\/hu\/wp-json\/wp\/v2\/media?parent=54432"}],"wp:term":[{"taxonomy":"category","embeddable":true,"href":"https:\/\/univet.hu\/hu\/wp-json\/wp\/v2\/categories?post=54432"},{"taxonomy":"post_tag","embeddable":true,"href":"https:\/\/univet.hu\/hu\/wp-json\/wp\/v2\/tags?post=54432"}],"curies":[{"name":"wp","href":"https:\/\/api.w.org\/{rel}","templated":true}]}}