{"id":54581,"date":"2020-05-07T15:29:50","date_gmt":"2020-05-07T13:29:50","guid":{"rendered":"https:\/\/univet.hu\/?page_id=54581"},"modified":"2026-03-23T09:24:23","modified_gmt":"2026-03-23T08:24:23","slug":"digitalis-elelmiszerlanc-oktatasi-kutatasi-fejlesztesi-es-innovacios-intezet","status":"publish","type":"page","link":"https:\/\/univet.hu\/hu\/egyetem\/szervezeti-egysegek\/elelmiszerlanc-tudomanyi-intezet\/tanszekek\/digitalis-elelmiszerlanc-oktatasi-kutatasi-fejlesztesi-es-innovacios-intezet\/","title":{"rendered":"Digit\u00e1lis \u00c9lelmiszertudom\u00e1nyi Tansz\u00e9k (D\u00c9T)"},"content":{"rendered":"<p>&nbsp;<\/p> <p>A tansz\u00e9k Digit\u00e1lis \u00c9lelmiszerl\u00e1nc Oktat\u00e1si, Kutat\u00e1si, Fejleszt\u00e9si \u00e9s Innov\u00e1ci\u00f3s Int\u00e9zet (D\u00c9OKFII) n\u00e9ven 2020. \u00e1prilis 1-j\u00e9n kezdte meg m\u0171k\u00f6d\u00e9s\u00e9t az \u00c1llatorvostudom\u00e1nyi Egyetemen, amely a hazai \u00e9lelmiszer-biztons\u00e1gi szakemberk\u00e9pz\u00e9s egyik legfontosabb helye. Az egys\u00e9g az \u00e9lelmiszerl\u00e1nc-biztons\u00e1gi adatokkal kapcsolatos elemz\u00e9seket \u00e9s kutat\u00e1sokat k\u00edv\u00e1nja az \u00e9lelmiszerl\u00e1nc ment\u00e9n integr\u00e1lni, valamint \u00faj szintre emelni a h\u00e1l\u00f3zatos egy\u00fcttm\u0171k\u00f6d\u00e9st ezen a ter\u00fcleten. A tansz\u00e9k egy nemzetk\u00f6zileg is elismert, szak\u00e9rt\u0151i \u00e9s kutat\u00f3i csom\u00f3pont k\u00edv\u00e1n lenni az \u00e9lelmiszerl\u00e1nc-biztons\u00e1gi adatelemz\u00e9s ter\u00fclet\u00e9n.<\/p> <p>2023. j\u00fanius 21-t\u0151l a D\u00c9OKFII az \u00c9lelmiszerl\u00e1nc-tudom\u00e1nyi Int\u00e9zet al\u00e1 tartozik, \u00e9s Digit\u00e1lis \u00c9lelmiszertudom\u00e1nyi Tansz\u00e9k (D\u00c9T) n\u00e9ven folytatja m\u0171k\u00f6d\u00e9s\u00e9t.<\/p> <p>B\u0151vebb inform\u00e1ci\u00f3k\u00e9rt k\u00e9rj\u00fck l\u00e1togasson el a D\u00c9T <a href=\"https:\/\/dfi.univet.hu\/\" target=\"_blank\" rel=\"noopener\">honlapj\u00e1ra<\/a>.<\/p>","protected":false},"excerpt":{"rendered":"<p>&nbsp; A tansz\u00e9k Digit\u00e1lis \u00c9lelmiszerl\u00e1nc Oktat\u00e1si, Kutat\u00e1si, Fejleszt\u00e9si \u00e9s Innov\u00e1ci\u00f3s Int\u00e9zet (D\u00c9OKFII) n\u00e9ven 2020. \u00e1prilis 1-j\u00e9n kezdte meg m\u0171k\u00f6d\u00e9s\u00e9t az \u00c1llatorvostudom\u00e1nyi Egyetemen, amely a hazai \u00e9lelmiszer-biztons\u00e1gi szakemberk\u00e9pz\u00e9s egyik legfontosabb helye. Az egys\u00e9g az \u00e9lelmiszerl\u00e1nc-biztons\u00e1gi adatokkal kapcsolatos elemz\u00e9seket \u00e9s kutat\u00e1sokat k\u00edv\u00e1nja az \u00e9lelmiszerl\u00e1nc ment\u00e9n integr\u00e1lni, valamint \u00faj szintre emelni a h\u00e1l\u00f3zatos egy\u00fcttm\u0171k\u00f6d\u00e9st ezen a ter\u00fcleten. A<\/p>\n","protected":false},"author":3837,"featured_media":0,"parent":203477,"menu_order":2,"comment_status":"closed","ping_status":"closed","template":"","meta":{"_acf_changed":false,"footnotes":""},"categories":[58],"tags":[],"class_list":["post-54581","page","type-page","status-publish","hentry","category-szervezeti-egysegek"],"acf":[],"_links":{"self":[{"href":"https:\/\/univet.hu\/hu\/wp-json\/wp\/v2\/pages\/54581","targetHints":{"allow":["GET"]}}],"collection":[{"href":"https:\/\/univet.hu\/hu\/wp-json\/wp\/v2\/pages"}],"about":[{"href":"https:\/\/univet.hu\/hu\/wp-json\/wp\/v2\/types\/page"}],"author":[{"embeddable":true,"href":"https:\/\/univet.hu\/hu\/wp-json\/wp\/v2\/users\/3837"}],"replies":[{"embeddable":true,"href":"https:\/\/univet.hu\/hu\/wp-json\/wp\/v2\/comments?post=54581"}],"version-history":[{"count":2,"href":"https:\/\/univet.hu\/hu\/wp-json\/wp\/v2\/pages\/54581\/revisions"}],"predecessor-version":[{"id":199016,"href":"https:\/\/univet.hu\/hu\/wp-json\/wp\/v2\/pages\/54581\/revisions\/199016"}],"up":[{"embeddable":true,"href":"https:\/\/univet.hu\/hu\/wp-json\/wp\/v2\/pages\/203477"}],"wp:attachment":[{"href":"https:\/\/univet.hu\/hu\/wp-json\/wp\/v2\/media?parent=54581"}],"wp:term":[{"taxonomy":"category","embeddable":true,"href":"https:\/\/univet.hu\/hu\/wp-json\/wp\/v2\/categories?post=54581"},{"taxonomy":"post_tag","embeddable":true,"href":"https:\/\/univet.hu\/hu\/wp-json\/wp\/v2\/tags?post=54581"}],"curies":[{"name":"wp","href":"https:\/\/api.w.org\/{rel}","templated":true}]}}