{"id":54599,"date":"2020-05-10T07:00:17","date_gmt":"2020-05-10T05:00:17","guid":{"rendered":"https:\/\/new.univet.hu\/en\/alumni\/artwork-2020\/winners\/"},"modified":"2020-05-17T10:34:37","modified_gmt":"2020-05-17T08:34:37","slug":"eredmenyhirdetes","status":"publish","type":"page","link":"https:\/\/univet.hu\/hu\/alumni\/kreativ-palyazat-2020\/eredmenyhirdetes\/","title":{"rendered":"Eredm\u00e9nyhirdet\u00e9s"},"content":{"rendered":"<p>Lez\u00e1rult az \u00c1llatorvostudom\u00e1nyi Egyetem Madarak \u00e9s F\u00e1k Napja alkalm\u00e1b\u00f3l rendezett kreat\u00edv p\u00e1ly\u00e1zata. \u00d6sszesen <strong>581<\/strong> madarakr\u00f3l \u00e9s f\u00e1kr\u00f3l k\u00e9sz\u00fclt, k\u00fcl\u00f6nf\u00e9le technik\u00e1kkal megval\u00f3s\u00edtott alkot\u00e1s \u00e9rkezett be hozz\u00e1nk. A zs\u0171rinek nem volt k\u00f6nny\u0171 dolga, hiszen az egyt\u0151l egyig csod\u00e1latos rajzok, festm\u00e9nyek \u00e9s bark\u00e1csm\u0171vek k\u00f6z\u00fcl kellett kiv\u00e1lasztaniuk a gy\u0151zteseket.<\/p> <p>Szerett\u00fcnk volna mindenkinek adni valamit, ez\u00e9rt<strong> elk\u00e9sz\u00edtett\u00fck k\u00f6z\u00f6s mozaikunkat, ami 2020 \u00e9v madar\u00e1t az erdei f\u00fclesbaglyot \u00e1br\u00e1zolja &#8211; csak \u00e9s kiz\u00e1r\u00f3lag a ti k\u00e9peitekb\u0151l!<\/strong><\/p> <p><a href=\"https:\/\/mosaically.com\/photomosaic\/170447bc-1c12-4323-895d-727c1b1e920e\">Ide kattintva<\/a> kinagy\u00edthatj\u00e1tok \u00e9s megkereshetitek saj\u00e1t m\u0171veteket.<\/p> <p><a href=\"https:\/\/univet.hu\/wp-content\/uploads\/2020\/05\/owl.png\"><img loading=\"lazy\" decoding=\"async\" class=\"size-full wp-image-54608 aligncenter\" src=\"https:\/\/univet.hu\/wp-content\/uploads\/2020\/05\/owl.png\" alt=\"\" width=\"1188\" height=\"816\" srcset=\"https:\/\/univet.hu\/wp-content\/uploads\/2020\/05\/owl.png 1188w, https:\/\/univet.hu\/wp-content\/uploads\/2020\/05\/owl-320x220.png 320w, https:\/\/univet.hu\/wp-content\/uploads\/2020\/05\/owl-768x528.png 768w, https:\/\/univet.hu\/wp-content\/uploads\/2020\/05\/owl-960x659.png 960w\" sizes=\"auto, (max-width: 1188px) 100vw, 1188px\" \/><\/a><\/p> <p>K\u00f6sz\u00f6nj\u00fck, hogy r\u00e9szt vettetek a versenyben, rem\u00e9lj\u00fck j\u00f3l sz\u00f3rakoztatok.<\/p> <p><span class=\"emphasis\" style=\"color: #ffffff;\">L\u00e1togassatok vissza oldalunkra m\u00e1jus 17.-\u00e9n, hogy megtudj\u00e1tok ki nyerte az <a style=\"color: #ffffff;\" href=\"https:\/\/univet.hu\/hu\/alumni\/kreativ-palyazat-2020\/dijak\/univet-kozosseg-kulondija\/\" target=\"_blank\" rel=\"noopener\">UNIVET K\u00f6z\u00f6ss\u00e9g K\u00fcl\u00f6nd\u00edj\u00e1t<\/a>, melyr\u0151l egyetem\u00fcnk hallgat\u00f3i szavaznak.<\/span><\/p> <h2>Nyertesek<\/h2> <p><strong>6-13 \u00e9ves koroszt\u00e1ly nyertesei:<\/strong><\/p> <p>I. helyezett:\u00a0<span style=\"font-size: 14pt;\">G\u00e1sp\u00e1r Vivien N\u00f3ra<\/span> (10) &#8211; nyerem\u00e9nye:\u00a0<a href=\"https:\/\/univet.hu\/hu\/alumni\/kreativ-palyazat-2020\/dijak\/fovarosi-allat-es-novenykert-dija\/\" target=\"_blank\" rel=\"noopener\">\u00c1llati \u00f6r\u00f6kbefogad\u00e1s \u00e9s \u00c1llatkerti bel\u00e9p\u0151<\/a><\/p> <p>II. helyezett:\u00a0<span style=\"font-size: 14pt;\">Rozgonyi Gr\u00e9ta<\/span> (12) &#8211; nyerem\u00e9nye:\u00a0<a href=\"https:\/\/yourart.hu\/\" target=\"_blank\" rel=\"noopener\">Egy alkalmas online fest\u0151tanfolyam<\/a><\/p> <p>III. helyezett:\u00a0<span style=\"font-size: 14pt;\">Schmidt M\u00e1ria<\/span> (9) &#8211; nyerem\u00e9nye: <a href=\"https:\/\/univet.hu\/hu\/alumni\/kreativ-palyazat-2020\/dijak\/bonsai-hungary-team-dija\/\" target=\"_blank\" rel=\"noopener\">Bonsai Hungary Team aj\u00e1nd\u00e9ka, bonsai fa<\/a><\/p> <p>&nbsp;<\/p> <p><strong>14-18 \u00e9ves koroszt\u00e1ly nyertesei:<\/strong><\/p> <p>I. helyezett:\u00a0<span style=\"font-size: 14pt;\">Karlovics T\u00edmea<\/span> (17) &#8211; nyerem\u00e9nye: <a href=\"https:\/\/univet.hu\/hu\/alumni\/kreativ-palyazat-2020\/dijak\/fovarosi-allat-es-novenykert-dija\/\" target=\"_blank\" rel=\"noopener\">\u00c1llati \u00f6r\u00f6kbefogad\u00e1s \u00e9s \u00c1llatkerti esti s\u00e9ta<\/a><\/p> <p>II. helyezett:\u00a0<span style=\"font-size: 14pt;\">Leszkovits K\u00edra<\/span> (16) &#8211; nyerem\u00e9nye: <a href=\"https:\/\/univet.hu\/wp-content\/uploads\/2020\/04\/Flora-dija.pdf\" target=\"_blank\" rel=\"noopener\">Jakab Fl\u00f3ra term\u00e9szetfot\u00f3s k\u00e9pe<\/a><\/p> <p>III. helyezett:\u00a0<span style=\"font-size: 14pt;\">Vizi Viktor<\/span> (14) &#8211; nyerem\u00e9nye: <a href=\"https:\/\/univet.hu\/hu\/alumni\/kreativ-palyazat-2020\/dijak\/bonsai-hungary-team-dija\/\" target=\"_blank\" rel=\"noopener\">Bonsai Hungary Team aj\u00e1nd\u00e9ka, bonsai fa<\/a><\/p> <p>&nbsp;<\/p> <p><strong>K\u00fcl\u00f6nd\u00edjat nyert:<\/strong><\/p> <p><span style=\"font-size: 14pt;\">Kov\u00e1cs Brigitta Eperke<\/span> (14) \u2013 nyerem\u00e9nye az\u00a0<a href=\"https:\/\/univet.hu\/hu\/alumni\/kreativ-palyazat-2020\/dijak\/univet-kozosseg-kulondija\/\" target=\"_blank\" rel=\"noopener\">UNIVET K\u00f6z\u00f6ss\u00e9g K\u00fcl\u00f6nd\u00edja<\/a><\/p> <p><span style=\"font-size: 14pt;\">Hidasi Georgina<\/span> (9) &#8211; nyerem\u00e9nye: Buj\u00e1ki L\u00e1szl\u00f3 fest\u0151m\u0171v\u00e9sz alkot\u00e1sa\u00a0<a class=\"ari-fancybox\" href=\"https:\/\/univet.hu\/wp-content\/uploads\/2020\/05\/kattints-ide.jpeg\">(kattints ide)<\/a><\/p> <p><span style=\"font-size: 14pt;\">P\u00e9csi Benedek<\/span>\u00a0(11) &#8211;\u00a0nyerem\u00e9nye: Dr. G\u00e1l J\u00e1nos k\u00f6nyve a kam\u00e9leonokr\u00f3l\u00a0(<a href=\"https:\/\/univet.hu\/wp-content\/uploads\/2020\/05\/kattints-ide.pdf\">kattints ide<\/a>)<\/p> <p><span style=\"font-size: 14pt;\">Varga M\u00e1rton<\/span> (15) &#8211; nyerem\u00e9nye: Dr. G\u00e1l J\u00e1nos k\u00f6nyve a kir\u00e1lysikl\u00f3kr\u00f3l (<a href=\"https:\/\/univet.hu\/wp-content\/uploads\/2020\/05\/kattints-ide.pdf\">kattints ide<\/a>)<\/p> <p><span style=\"font-size: 14pt;\">\u010congov\u00e1 J\u00falia<\/span> (13) &#8211; nyerem\u00e9nye:\u00a0<a href=\"https:\/\/univet.hu\/wp-content\/uploads\/2020\/05\/%C3%81TE-aj%C3%A1nd%C3%A9kcsomag.pdf\">\u00c1TE aj\u00e1nd\u00e9kcsomag<\/a><\/p> <p><span style=\"font-size: 14pt;\">Teleki Let\u00edcia<\/span> (8) &#8211; nyerem\u00e9nye:\u00a0<a href=\"https:\/\/univet.hu\/wp-content\/uploads\/2020\/05\/%C3%81TE-aj%C3%A1nd%C3%A9kcsomag.pdf\">\u00c1TE aj\u00e1nd\u00e9kcsomag<\/a><\/p> <p><span style=\"font-size: 14pt;\">Balogh R\u00e9ka<\/span> (11) &#8211; nyerem\u00e9nye:\u00a0<a href=\"https:\/\/univet.hu\/wp-content\/uploads\/2020\/05\/%C3%81TE-aj%C3%A1nd%C3%A9kcsomag.pdf\">\u00c1TE aj\u00e1nd\u00e9kcsomag<\/a><\/p> <p><span style=\"font-size: 14pt;\">Izsa Bogl\u00e1rka<\/span> (11) &#8211; nyerem\u00e9nye:\u00a0<a href=\"https:\/\/univet.hu\/wp-content\/uploads\/2020\/05\/%C3%81TE-aj%C3%A1nd%C3%A9kcsomag.pdf\">\u00c1TE aj\u00e1nd\u00e9kcsomag<\/a><\/p> <p><span style=\"font-size: 14pt;\">Halmen Lea<\/span> (8) &#8211; nyerem\u00e9nye: Aj\u00e1nd\u00e9k k\u00f6nyvutalv\u00e1ny 10 000,- Ft \u00e9rt\u00e9kben<\/p> <p><span style=\"font-size: 14pt;\">Balogh T\u00fcnde<\/span> (6) &#8211; nyerem\u00e9nye: Az \u00c1TE Kommunik\u00e1ci\u00f3s \u00e9s Nemzetk\u00f6zi Kapcsolatok Oszt\u00e1ly k\u00fcl\u00f6nd\u00edja (saj\u00e1t alkot\u00e1soddal d\u00edsz\u00edtett p\u00f3l\u00f3)<\/p> <p><span style=\"font-size: 14pt;\">Rem\u00e9nysug\u00e1r Gyermekotthon<\/span> &#8211; nyerem\u00e9nye: Az \u00fcll\u0151i\u00a0<a href=\"https:\/\/univet.hu\/hu\/tangazdasag\/\" target=\"_blank\" rel=\"noopener\">D\u00f3ra-majorunk l\u00e1togat\u00e1sa<\/a>\u00a0(kocsik\u00e1z\u00e1s, \u00edj\u00e1szkod\u00e1s, \u00e1llatsimogat\u00e1s, lovagl\u00e1s)<\/p> <p>&nbsp;<\/p> <p>&nbsp;<\/p> <p>Gratul\u00e1lunk a d\u00edjazottaknak!<\/p> <p>A j\u00f6v\u0151 h\u00e9t folyam\u00e1n a regisztr\u00e1ci\u00f3kor megadott el\u00e9rhet\u0151s\u00e9geken jelentkez\u00fcnk a d\u00edjak \u00e1tad\u00e1s\u00e1nak r\u00e9szleteivel.<\/p> <p>&nbsp;<\/p>","protected":false},"excerpt":{"rendered":"<p>Lez\u00e1rult az \u00c1llatorvostudom\u00e1nyi Egyetem Madarak \u00e9s F\u00e1k Napja alkalm\u00e1b\u00f3l rendezett kreat\u00edv p\u00e1ly\u00e1zata. \u00d6sszesen 581 madarakr\u00f3l \u00e9s f\u00e1kr\u00f3l k\u00e9sz\u00fclt, k\u00fcl\u00f6nf\u00e9le technik\u00e1kkal megval\u00f3s\u00edtott alkot\u00e1s \u00e9rkezett be hozz\u00e1nk. A zs\u0171rinek nem volt k\u00f6nny\u0171 dolga, hiszen az egyt\u0151l egyig csod\u00e1latos rajzok, festm\u00e9nyek \u00e9s bark\u00e1csm\u0171vek k\u00f6z\u00fcl kellett kiv\u00e1lasztaniuk a gy\u0151zteseket. Szerett\u00fcnk volna mindenkinek adni valamit, ez\u00e9rt elk\u00e9sz\u00edtett\u00fck k\u00f6z\u00f6s mozaikunkat, ami<\/p>\n","protected":false},"author":2518,"featured_media":0,"parent":52347,"menu_order":0,"comment_status":"open","ping_status":"open","template":"","meta":{"_acf_changed":false,"footnotes":""},"categories":[],"tags":[],"class_list":["post-54599","page","type-page","status-publish","hentry"],"acf":[],"_links":{"self":[{"href":"https:\/\/univet.hu\/hu\/wp-json\/wp\/v2\/pages\/54599","targetHints":{"allow":["GET"]}}],"collection":[{"href":"https:\/\/univet.hu\/hu\/wp-json\/wp\/v2\/pages"}],"about":[{"href":"https:\/\/univet.hu\/hu\/wp-json\/wp\/v2\/types\/page"}],"author":[{"embeddable":true,"href":"https:\/\/univet.hu\/hu\/wp-json\/wp\/v2\/users\/2518"}],"replies":[{"embeddable":true,"href":"https:\/\/univet.hu\/hu\/wp-json\/wp\/v2\/comments?post=54599"}],"version-history":[{"count":0,"href":"https:\/\/univet.hu\/hu\/wp-json\/wp\/v2\/pages\/54599\/revisions"}],"up":[{"embeddable":true,"href":"https:\/\/univet.hu\/hu\/wp-json\/wp\/v2\/pages\/52347"}],"wp:attachment":[{"href":"https:\/\/univet.hu\/hu\/wp-json\/wp\/v2\/media?parent=54599"}],"wp:term":[{"taxonomy":"category","embeddable":true,"href":"https:\/\/univet.hu\/hu\/wp-json\/wp\/v2\/categories?post=54599"},{"taxonomy":"post_tag","embeddable":true,"href":"https:\/\/univet.hu\/hu\/wp-json\/wp\/v2\/tags?post=54599"}],"curies":[{"name":"wp","href":"https:\/\/api.w.org\/{rel}","templated":true}]}}