{"id":54633,"date":"2020-05-09T12:07:28","date_gmt":"2020-05-09T10:07:28","guid":{"rendered":"https:\/\/univet.hu\/hu\/alumni\/kreativ-palyazat-2020\/dijak\/univet-kozosseg\/"},"modified":"2020-05-09T12:09:03","modified_gmt":"2020-05-09T10:09:03","slug":"univet-kozosseg-kulondija","status":"publish","type":"page","link":"https:\/\/univet.hu\/hu\/alumni\/kreativ-palyazat-2020\/dijak\/univet-kozosseg-kulondija\/","title":{"rendered":"UNIVET K\u00f6z\u00f6ss\u00e9g K\u00fcl\u00f6nd\u00edja"},"content":{"rendered":"<p>&nbsp;<\/p> <p><span class=\"emphasis\">Az UNIVET K\u00f6z\u00f6ss\u00e9g K\u00fcl\u00f6nd\u00edj\u00e1t az \u00c1llatorvostudom\u00e1nyi Egyetem hallgat\u00f3i szavazt\u00e1k meg.<\/span><\/p> <p>&nbsp;<\/p> <p><strong>A nyerem\u00e9ny<\/strong>:\u00a0<span style=\"font-size: 14pt;\">M\u00e1t\u00e9 Bence \u2013 A ki\u00e1ll\u00edt\u00e1s album<\/span><\/p> <p>M\u00e1t\u00e9 Bence nagysiker\u0171 k\u00fclt\u00e9ri term\u00e9szetfot\u00f3-ki\u00e1ll\u00edt\u00e1s\u00e1nak hatalmas m\u00e9ret\u0171, k\u00fcl\u00f6nlegesen magas min\u0151s\u00e9g\u0171 nyomdatechnikai elj\u00e1r\u00e1ssal k\u00e9sz\u00edtett albuma. A ki\u00e1ll\u00edt\u00e1s minden fot\u00f3j\u00e1t \u00e9s sz\u00f6veg\u00e9t tartalmazza magyar \u00e9s angol nyelven is.<\/p> <p><strong>M\u00e1t\u00e9 Bence<\/strong> a BBC vil\u00e1gverseny t\u00f6rt\u00e9net\u00e9nek legeredm\u00e9nyesebb term\u00e9szetfot\u00f3sa. Az egyetlen ember, akit az \u00e9v ifj\u00fa term\u00e9szetfot\u00f3s\u00e1nak \u00e9s az \u00e9v term\u00e9szetfot\u00f3s\u00e1nak is megv\u00e1lasztottak a vil\u00e1gon, illetve egy id\u0151ben a verseny minden\u00a0<a href=\"https:\/\/en.wikipedia.org\/wiki\/Wildlife_Photographer_of_the_Year\">ranglist\u00e1j\u00e1t<\/a>\u00a0vezeti. A Spektrum csatorn\u00e1n sug\u00e1rzott h\u00e1romr\u00e9szes sorozatb\u00f3l, \u201ea l\u00e1thatatlan mad\u00e1rfot\u00f3s\u201d n\u00e9ven ismeri a k\u00f6z\u00f6ns\u00e9g. Sz\u00e1mos eredm\u00e9nye mellett nemzetk\u00f6zi h\u00edrnevet a sz\u00e9les k\u00f6rben elterjedt k\u00fcl\u00f6nleges kivitelez\u00e9s\u0171 detekt\u00edv\u00fcveges lesek tervez\u00e9s\u00e9vel szerzett mag\u00e1nak.<\/p> <p>Szabad\u00fasz\u00f3k\u00e9nt term\u00e9szetfot\u00f3z\u00e1ssal \u00e9s lesek \u00e9p\u00edt\u00e9s\u00e9vel foglalkozik vil\u00e1gszerte. K\u00e9pei, d\u00edjai ugyan t\u00f6bb kontinenshez k\u00f6tik, de legf\u0151bb inspir\u00e1ci\u00f3j\u00e1t saj\u00e1t lakhely\u00e9b\u0151l mer\u00edti a Kiskuns\u00e1gi Nemzeti Park ter\u00fclet\u00e9n, amely Magyarorsz\u00e1g egyik leggazdagabb mad\u00e1rvil\u00e1g\u00e1nak ad otthont.<\/p> <p><strong>K\u00f6nyvei<\/strong><\/p> <p>\u201eL\u00e1thatatlanul\u201d (magyar\/angol)<\/p> <p>\u201eA mad\u00e1rfot\u00f3z\u00e1s k\u00e9zik\u00f6nyve\u201d (Markus Varesvuo, Jari Peltom\u00e4ki, M\u00e1t\u00e9 Bence; angol\/n\u00e9met\/finn\/francia\/k\u00ednai)<\/p> <p>\u201eA ki\u00e1ll\u00edt\u00e1s\u201d (magyar\/angol)<\/p> <p><a href=\"http:\/\/www.matebence.hu\">www.matebence.hu<\/a><\/p>","protected":false},"excerpt":{"rendered":"<p>&nbsp; Az UNIVET K\u00f6z\u00f6ss\u00e9g K\u00fcl\u00f6nd\u00edj\u00e1t az \u00c1llatorvostudom\u00e1nyi Egyetem hallgat\u00f3i szavazt\u00e1k meg. &nbsp; A nyerem\u00e9ny:\u00a0M\u00e1t\u00e9 Bence \u2013 A ki\u00e1ll\u00edt\u00e1s album M\u00e1t\u00e9 Bence nagysiker\u0171 k\u00fclt\u00e9ri term\u00e9szetfot\u00f3-ki\u00e1ll\u00edt\u00e1s\u00e1nak hatalmas m\u00e9ret\u0171, k\u00fcl\u00f6nlegesen magas min\u0151s\u00e9g\u0171 nyomdatechnikai elj\u00e1r\u00e1ssal k\u00e9sz\u00edtett albuma. A ki\u00e1ll\u00edt\u00e1s minden fot\u00f3j\u00e1t \u00e9s sz\u00f6veg\u00e9t tartalmazza magyar \u00e9s angol nyelven is. M\u00e1t\u00e9 Bence a BBC vil\u00e1gverseny t\u00f6rt\u00e9net\u00e9nek legeredm\u00e9nyesebb term\u00e9szetfot\u00f3sa. Az egyetlen<\/p>\n","protected":false},"author":2518,"featured_media":0,"parent":52424,"menu_order":0,"comment_status":"open","ping_status":"open","template":"","meta":{"_acf_changed":false,"footnotes":""},"categories":[],"tags":[],"class_list":["post-54633","page","type-page","status-publish","hentry"],"acf":[],"_links":{"self":[{"href":"https:\/\/univet.hu\/hu\/wp-json\/wp\/v2\/pages\/54633","targetHints":{"allow":["GET"]}}],"collection":[{"href":"https:\/\/univet.hu\/hu\/wp-json\/wp\/v2\/pages"}],"about":[{"href":"https:\/\/univet.hu\/hu\/wp-json\/wp\/v2\/types\/page"}],"author":[{"embeddable":true,"href":"https:\/\/univet.hu\/hu\/wp-json\/wp\/v2\/users\/2518"}],"replies":[{"embeddable":true,"href":"https:\/\/univet.hu\/hu\/wp-json\/wp\/v2\/comments?post=54633"}],"version-history":[{"count":0,"href":"https:\/\/univet.hu\/hu\/wp-json\/wp\/v2\/pages\/54633\/revisions"}],"up":[{"embeddable":true,"href":"https:\/\/univet.hu\/hu\/wp-json\/wp\/v2\/pages\/52424"}],"wp:attachment":[{"href":"https:\/\/univet.hu\/hu\/wp-json\/wp\/v2\/media?parent=54633"}],"wp:term":[{"taxonomy":"category","embeddable":true,"href":"https:\/\/univet.hu\/hu\/wp-json\/wp\/v2\/categories?post=54633"},{"taxonomy":"post_tag","embeddable":true,"href":"https:\/\/univet.hu\/hu\/wp-json\/wp\/v2\/tags?post=54633"}],"curies":[{"name":"wp","href":"https:\/\/api.w.org\/{rel}","templated":true}]}}