{"id":54657,"date":"2020-05-11T10:48:38","date_gmt":"2020-05-11T08:48:38","guid":{"rendered":"https:\/\/univet.hu\/?page_id=54657"},"modified":"2021-10-20T17:48:11","modified_gmt":"2021-10-20T15:48:11","slug":"intezmenyiranyitast-tamogato-rendszerek-fejlesztese-a-felsooktatasban","status":"publish","type":"page","link":"https:\/\/univet.hu\/hu\/egyetem\/palyazati-projektek\/eu-projektek\/intezmenyiranyitast-tamogato-rendszerek-fejlesztese-a-felsooktatasban\/","title":{"rendered":"Int\u00e9zm\u00e9nyir\u00e1ny\u00edt\u00e1st t\u00e1mogat\u00f3 rendszerek fejleszt\u00e9se a fels\u0151oktat\u00e1sban"},"content":{"rendered":"<p><strong>PROJEKT ADATLAP\u00a0 \u00a0 \u00a0 \u00a0 \u00a0 \u00a0 \u00a0 \u00a0 \u00a0 \u00a0 \u00a0 \u00a0 \u00a0 \u00a0<\/strong><\/p> <p><strong>A felh\u00edv\u00e1s megnevez\u00e9se:<\/strong>\u00a0EFOP-3.4.6-VEKOP-17 Int\u00e9zm\u00e9nyi ir\u00e1ny\u00edt\u00e1s fejleszt\u00e9se a fels\u0151oktat\u00e1sban<\/p> <p><strong>A projekt c\u00edme:<\/strong>\u00a0Int\u00e9zm\u00e9nyir\u00e1ny\u00edt\u00e1st t\u00e1mogat\u00f3 rendszerek fejleszt\u00e9se a fels\u0151oktat\u00e1sban<\/p> <p><strong>Azonos\u00edt\u00f3:<\/strong>\u00a0EFOP-3.4.6-VEKOP-17-2017-00002<\/p> <p><strong>T\u00e1mogat\u00e1s \u00f6sszege:<\/strong>\u00a03.983.494.662 Ft<\/p> <p><strong>T\u00e1mogat\u00e1s intenzit\u00e1sa:<\/strong>\u00a0100%<\/p> <p><strong>Futamid\u0151:<\/strong>\u00a0<strong>A projekt a Sz\u00e9chenyi 2020 program keret\u00e9ben val\u00f3sul meg 2017. szeptember 1. \u00e9s 2019. j\u00fanius 30. k\u00f6z\u00f6tt<\/strong><\/p> <p><strong>Szakmai vezet\u0151:<\/strong> Figler K\u00e1lm\u00e1n<\/p> <p><strong>A konzorcium tagjai:<\/strong><\/p> <ul style=\"list-style-type: square;\"> <li>E\u00f6tv\u00f6s Lor\u00e1nd Tudom\u00e1nyegyetem (Konzorcium vezet\u0151)<\/li> <li>NISZ Nemzeti Infokommunik\u00e1ci\u00f3s Szolg\u00e1ltat\u00f3 Zrt.<\/li> <li>\u00c1llatorvostudom\u00e1nyi Egyetem<\/li> <li>Budapesti Corvinus Egyetem<\/li> <li>Budapesti Gazdas\u00e1gi Egyetem<\/li> <li>Duna\u00fajv\u00e1rosi Egyetem<\/li> <li>Eszterh\u00e1zy K\u00e1roly Egyetem<\/li> <li>Kaposv\u00e1ri Egyetem<\/li> <li>Miskolci Egyetem<\/li> <li>\u00d3budai Egyetem<\/li> <li>Neumann J\u00e1nos Egyetem<\/li> <li>Pannon Egyetem<\/li> <li>Soproni Egyetem<\/li> <li>Sz\u00e9chenyi Istv\u00e1n Egyetem<\/li> <li>Szent Istv\u00e1n Egyetem<\/li> <li>Testnevel\u00e9si Egyetem<\/li> <\/ul> <p><strong>A projekt c\u00e9lja:<\/strong>\u00a0 Egys\u00e9ges, egym\u00e1ssal integr\u00e1lt int\u00e9zm\u00e9nyir\u00e1ny\u00edt\u00e1si, gazd\u00e1lkod\u00e1si, teljes\u00edtm\u00e9nym\u00e9r\u00e9si, kontrolling, HR \u00e9s tanulm\u00e1nyi adminisztr\u00e1ci\u00f3s folyamatok \u00e9s ezeket t\u00e1mogat\u00f3 informatikai rendszerek bevezet\u00e9se, finansz\u00edroz\u00e1si rendszer megval\u00f3s\u00edt\u00e1s\u00e1hoz \u00e9s m\u0171k\u00f6dtet\u00e9s\u00e9hez sz\u00fcks\u00e9ges egys\u00e9ges szervezeti, folyamatir\u00e1ny\u00edt\u00e1si \u00e9s informatikai felt\u00e9telek megteremt\u00e9se<\/p> <p><strong>A projekt \u00e1tfog\u00f3 c\u00e9ljai a projekt hat\u00f3k\u00f6r\u00e9be tartoz\u00f3 \u00e1llami fels\u0151oktat\u00e1si int\u00e9zm\u00e9nyekn\u00e9l:<\/strong><\/p> <ul style=\"list-style-type: square;\"> <li>Az Eur\u00f3pai Uni\u00f3 fels\u0151oktat\u00e1s korszer\u0171s\u00edt\u00e9s\u00e9t c\u00e9lz\u00f3 \u00fctemterv\u00e9vel, a Fokozatv\u00e1lt\u00e1s a fels\u0151oktat\u00e1sban strat\u00e9gi\u00e1val, valamint a tov\u00e1bbi hazai strat\u00e9gi\u00e1kkal \u00e9s jogszab\u00e1lyokkal \u00f6sszhangban egys\u00e9ges, egym\u00e1ssal integr\u00e1lt int\u00e9zm\u00e9nyir\u00e1ny\u00edt\u00e1sai, gazd\u00e1lkod\u00e1si, teljes\u00edtm\u00e9nym\u00e9r\u00e9si, kontrolling, HR \u00e9s tanulm\u00e1nyi adminisztr\u00e1ci\u00f3s folyamatok \u00e9s ezeket t\u00e1mogat\u00f3 informatikai rendszerek bevezet\u00e9s\u00e9vel a konzorciumi tag int\u00e9zm\u00e9nyek ir\u00e1ny\u00edt\u00e1sa hat\u00e9konys\u00e1g\u00e1nak, valamint k\u00e9pz\u00e9s \u00e9s kutat\u00e1sszervez\u00e9si k\u00e9pess\u00e9geinek jav\u00edt\u00e1sa.<\/li> <li>A vonatkoz\u00f3 jogszab\u00e1lyi el\u0151\u00edr\u00e1sok ment\u00e9n a teljes\u00edtm\u00e9ny szerint differenci\u00e1lt \u00e1llami fels\u0151oktat\u00e1si finansz\u00edroz\u00e1si rendszer megval\u00f3s\u00edt\u00e1s\u00e1hoz \u00e9s m\u0171k\u00f6dtet\u00e9s\u00e9hez sz\u00fcks\u00e9ges egys\u00e9ges szervezeti, folyamatir\u00e1ny\u00edt\u00e1si \u00e9s informatikai felt\u00e9telek megteremt\u00e9se<\/li> <li>Az int\u00e9zm\u00e9nyek hallgat\u00f3k sz\u00e1m\u00e1ra relev\u00e1ns m\u0171k\u00f6d\u00e9si \u00e9s ir\u00e1ny\u00edt\u00e1si folyamatainak, az int\u00e9zm\u00e9nyir\u00e1ny\u00edt\u00e1si rendszerek hallgat\u00f3i funkci\u00f3i haszn\u00e1lat\u00e1nak, valamint az ehhez sz\u00fcks\u00e9ges digit\u00e1lis \u00edr\u00e1stud\u00e1si k\u00e9szs\u00e9geknek \u00e9s ismereteknek az elsaj\u00e1t\u00edt\u00e1s\u00e1t t\u00e1mogat\u00f3 hallgat\u00f3i k\u00e9pz\u00e9si \u00e9s mentori program megtervez\u00e9se \u00e9s v\u00e9grehajt\u00e1sa a fels\u0151oktat\u00e1si hallgat\u00f3i sikeress\u00e9g int\u00e9zm\u00e9nyi el\u0151mozd\u00edt\u00e1sa, valamint a hallgat\u00f3k fels\u0151oktat\u00e1sban val\u00f3 bennmarad\u00e1s\u00e1nak t\u00e1mogat\u00e1sa \u00e9rdek\u00e9ben.<\/li> <li>A kutat\u00e1si programok el\u0151k\u00e9sz\u00edt\u00e9s\u00e9hez, lebonyol\u00edt\u00e1s\u00e1hoz, kutat\u00e1si bev\u00e9telek, kiad\u00e1sok \u00e9s kutat\u00e1si eredm\u00e9nyek nyilv\u00e1ntart\u00e1s\u00e1hoz kapcsol\u00f3d\u00f3 folyamatok, valamint a bevezetni k\u00edv\u00e1nt egys\u00e9ges int\u00e9zm\u00e9nyir\u00e1ny\u00edt\u00e1si rendszerek ezeket t\u00e1mogat\u00f3 funkci\u00f3i haszn\u00e1lat\u00e1nak elsaj\u00e1t\u00edt\u00e1s\u00e1t biztos\u00edt\u00f3 kutat\u00f3i tov\u00e1bbk\u00e9pz\u00e9si program megtervez\u00e9se \u00e9s v\u00e9grehajt\u00e1sa a K+F+I szakemberek K+F+I projektek sikeres lebonyol\u00edt\u00e1s\u00e1ra t\u00f6rt\u00e9n\u0151 felk\u00e9sz\u00edt\u00e9se \u00e9s ezen kereszt\u00fcl a kutat\u00f3k megtart\u00e1sa, illetve ut\u00e1np\u00f3tl\u00e1suk biztos\u00edt\u00e1sa \u00e9rdek\u00e9ben.<\/li> <\/ul> <p><strong>V\u00e1rhat\u00f3 eredm\u00e9nyek:<\/strong> A konzorciumi tag fels\u0151oktat\u00e1si int\u00e9zm\u00e9nyek egys\u00e9ges, egym\u00e1ssal integr\u00e1lt, korszer\u0171 \u00e9s a megfogalmazott c\u00e9lokat, r\u00e9szc\u00e9lokat szolg\u00e1l\u00f3 gazd\u00e1lkod\u00e1si, kontrolling, hum\u00e1n er\u0151forr\u00e1s menedzsment \u00e9s tanulm\u00e1nyi adminisztr\u00e1ci\u00f3s folyamatokat m\u0171k\u00f6dtetnek, egys\u00e9ges, \u00e9s a megfogalmazott c\u00e9lokat, r\u00e9szc\u00e9lokat szolg\u00e1l\u00f3 gazd\u00e1lkod\u00e1si, kontrolling, hum\u00e1n er\u0151forr\u00e1s menedzsment, tanulm\u00e1nyi adminisztr\u00e1ci\u00f3s \u00e9s \u00fczemeltet\u00e9si szab\u00e1lyzatok szerint m\u0171k\u00f6dnek \u00e9s egys\u00e9ges, a megfogalmazott c\u00e9lok, r\u00e9szc\u00e9lok teljes\u00edt\u00e9s\u00e9t szolg\u00e1l\u00f3, egys\u00e9ges alapokon \u00e9s megold\u00e1sokon nyugv\u00f3, integr\u00e1lt int\u00e9zm\u00e9nyir\u00e1ny\u00edt\u00e1si szakrendszereket haszn\u00e1lnak az egys\u00e9ges folyamataik t\u00e1mogat\u00e1s\u00e1ra.<\/p> <p>A konzorciumi tag fels\u0151oktat\u00e1si int\u00e9zm\u00e9nyek az int\u00e9zm\u00e9nyir\u00e1ny\u00edt\u00e1si szakrendszerek hallgat\u00f3i funkci\u00f3i haszn\u00e1lat\u00e1nak, valamint az ehhez sz\u00fcks\u00e9ges digit\u00e1lis \u00edr\u00e1stud\u00e1si k\u00e9szs\u00e9geknek \u00e9s ismereteknek az elsaj\u00e1t\u00edt\u00e1s\u00e1t t\u00e1mogat\u00f3 hallgat\u00f3i k\u00e9pz\u00e9si \u00e9s mentori programot m\u0171k\u00f6dtetnek a hallgat\u00f3i IKT kompetenci\u00e1k fejleszt\u00e9se \u00e9rdek\u00e9ben.<\/p> <p>A konzorciumvezet\u0151 ELTE a kutat\u00e1si programok el\u0151k\u00e9sz\u00edt\u00e9s\u00e9hez, lebonyol\u00edt\u00e1s\u00e1hoz, kutat\u00e1si bev\u00e9telek, kiad\u00e1sok \u00e9s kutat\u00e1si eredm\u00e9nyek nyilv\u00e1ntart\u00e1s\u00e1hoz kapcsol\u00f3d\u00f3 folyamatok, valamint a bevezetni k\u00edv\u00e1nt egys\u00e9ges int\u00e9zm\u00e9nyir\u00e1ny\u00edt\u00e1si szakrendszerek ezeket t\u00e1mogat\u00f3 funkci\u00f3i haszn\u00e1lat\u00e1nak elsaj\u00e1t\u00edt\u00e1s\u00e1t biztos\u00edt\u00f3 kutat\u00f3i tov\u00e1bbk\u00e9pz\u00e9si programot ind\u00edt \u00e9s m\u0171k\u00f6dtet.<\/p> <p><strong>A projekt val\u00f3sz\u00edn\u0171s\u00edthet\u0151 hat\u00e1sai:<\/strong><\/p> <ul style=\"list-style-type: square;\"> <li>A fels\u0151oktat\u00e1si int\u00e9zm\u00e9nyeken bel\u00fcli ir\u00e1ny\u00edt\u00e1s \u00e9s finansz\u00edroz\u00e1s javul\u00e1sa<\/li> <li>Fenntart\u00f3i ir\u00e1ny\u00edt\u00e1s \u00e9s finansz\u00edroz\u00e1s javul\u00e1sa<\/li> <li>Int\u00e9zm\u00e9nyek m\u0171k\u00f6d\u00e9s\u00e9nek, gazd\u00e1lkod\u00e1s\u00e1nak stabiliz\u00e1l\u00f3d\u00e1sa<\/li> <li>Munkaer\u0151-piaci k\u00f6vetelm\u00e9nyekhez jobban igazodni k\u00e9pes fels\u0151oktat\u00e1si rendszer<\/li> <li>Profiltiszt\u00edt\u00e1s \u00e9s specializ\u00e1ci\u00f3<\/li> <li>Mukaer\u0151-piaci kompetenci\u00e1k szintj\u00e9nek emelked\u00e9se a fels\u0151oktat\u00e1si hallgat\u00f3k k\u00f6r\u00e9ben<\/li> <li>Fels\u0151fok\u00fanak megfelel\u0151 szint\u0171 oktat\u00e1sban val\u00f3 r\u00e9szv\u00e9tel n\u00f6veked\u00e9se<\/li> <li>Piaci forr\u00e1sbevon\u00f3 k\u00e9pess\u00e9g javul\u00e1sa<\/li> <li>Stabil \u00e9s fenntarthat\u00f3 kutat\u00f3i b\u00e1zis ki\u00e9p\u00edt\u00e9se<\/li> <li>A kutat\u00e1st, a technol\u00f3giai fejl\u0151d\u00e9st \u00e9s az innov\u00e1ci\u00f3t \u00f6szt\u00f6nz\u0151 k\u00f6rnyezet<\/li> <li>Legjobb oktat\u00f3k \u00e9s kutat\u00f3k vonz\u00e1sa, illetve megtart\u00e1sa<\/li> <\/ul> <p>&nbsp;<\/p> <p>&nbsp;<\/p>","protected":false},"excerpt":{"rendered":"<p>PROJEKT ADATLAP\u00a0 \u00a0 \u00a0 \u00a0 \u00a0 \u00a0 \u00a0 \u00a0 \u00a0 \u00a0 \u00a0 \u00a0 \u00a0 \u00a0 A felh\u00edv\u00e1s megnevez\u00e9se:\u00a0EFOP-3.4.6-VEKOP-17 Int\u00e9zm\u00e9nyi ir\u00e1ny\u00edt\u00e1s fejleszt\u00e9se a fels\u0151oktat\u00e1sban A projekt c\u00edme:\u00a0Int\u00e9zm\u00e9nyir\u00e1ny\u00edt\u00e1st t\u00e1mogat\u00f3 rendszerek fejleszt\u00e9se a fels\u0151oktat\u00e1sban Azonos\u00edt\u00f3:\u00a0EFOP-3.4.6-VEKOP-17-2017-00002 T\u00e1mogat\u00e1s \u00f6sszege:\u00a03.983.494.662 Ft T\u00e1mogat\u00e1s intenzit\u00e1sa:\u00a0100% Futamid\u0151:\u00a0A projekt a Sz\u00e9chenyi 2020 program keret\u00e9ben val\u00f3sul meg 2017. szeptember 1. \u00e9s 2019. j\u00fanius 30. k\u00f6z\u00f6tt Szakmai<\/p>\n","protected":false},"author":1195,"featured_media":0,"parent":45566,"menu_order":279,"comment_status":"closed","ping_status":"closed","template":"page-templates\/page-project.php","meta":{"_acf_changed":false,"footnotes":""},"categories":[],"tags":[],"class_list":["post-54657","page","type-page","status-publish","hentry"],"acf":[],"_links":{"self":[{"href":"https:\/\/univet.hu\/hu\/wp-json\/wp\/v2\/pages\/54657","targetHints":{"allow":["GET"]}}],"collection":[{"href":"https:\/\/univet.hu\/hu\/wp-json\/wp\/v2\/pages"}],"about":[{"href":"https:\/\/univet.hu\/hu\/wp-json\/wp\/v2\/types\/page"}],"author":[{"embeddable":true,"href":"https:\/\/univet.hu\/hu\/wp-json\/wp\/v2\/users\/1195"}],"replies":[{"embeddable":true,"href":"https:\/\/univet.hu\/hu\/wp-json\/wp\/v2\/comments?post=54657"}],"version-history":[{"count":0,"href":"https:\/\/univet.hu\/hu\/wp-json\/wp\/v2\/pages\/54657\/revisions"}],"up":[{"embeddable":true,"href":"https:\/\/univet.hu\/hu\/wp-json\/wp\/v2\/pages\/45566"}],"wp:attachment":[{"href":"https:\/\/univet.hu\/hu\/wp-json\/wp\/v2\/media?parent=54657"}],"wp:term":[{"taxonomy":"category","embeddable":true,"href":"https:\/\/univet.hu\/hu\/wp-json\/wp\/v2\/categories?post=54657"},{"taxonomy":"post_tag","embeddable":true,"href":"https:\/\/univet.hu\/hu\/wp-json\/wp\/v2\/tags?post=54657"}],"curies":[{"name":"wp","href":"https:\/\/api.w.org\/{rel}","templated":true}]}}