{"id":55003,"date":"2020-05-28T09:36:26","date_gmt":"2020-05-28T07:36:26","guid":{"rendered":"https:\/\/univet.hu\/hu\/egyetem\/palyazati-projektek\/nkfih-palyazatok\/uj-nemzeti-kivalosag-program\/name\/"},"modified":"2021-06-09T13:32:56","modified_gmt":"2021-06-09T11:32:56","slug":"unkp-2020-2021","status":"publish","type":"page","link":"https:\/\/univet.hu\/hu\/egyetem\/palyazati-projektek\/nkfih-palyazatok\/uj-nemzeti-kivalosag-program\/unkp-2020-2021\/","title":{"rendered":"\u00daNKP 2020\/2021"},"content":{"rendered":"<p>&nbsp;<\/p> <p><a href=\"https:\/\/univet.hu\/wp-content\/uploads\/2021\/01\/Elszamolhato_koltsegek_UNKP_2020_OMSZ_5_MELLEKLET.pdf\">Elsz\u00e1molhat\u00f3 k\u00f6lts\u00e9gek &#8211; \u00d6MSZ 5. mell\u00e9klet<\/a><\/p> <p><a href=\"https:\/\/univet.hu\/wp-content\/uploads\/2020\/06\/2.2_UNKP_PALYAZATI_KIIRAS_2_MELLEKLET_TUDOMANYAGI_KEPZESI_BESOROLAS_2020.pdf\">\u00daNKP P\u00e1ly\u00e1zati ki\u00edr\u00e1s- 2. sz. mell\u00e9klet<\/a><\/p> <p><a href=\"https:\/\/univet.hu\/wp-content\/uploads\/2021\/01\/ATE_UNKP_UGYREND_20200801.pdf\">\u00daNKP \u00dcgyrendje 2020\/2021<\/a><\/p> <p>&nbsp;<\/p> <p><strong>\u00daNKP 2020\/2021 BESZ\u00c1MOL\u00d3 RENDEZV\u00c9NY<\/strong><\/p> <p>Int\u00e9zm\u00e9nyi \u00daNKP rendezv\u00e9ny c\u00e9lja, hogy a 2020\/2021-es tan\u00e9v \u00daNKP \u00f6sz\u00f6nd\u00edjasai ismertess\u00e9k a kutat\u00e1si terv\u00fckben v\u00e1llalt kutat\u00e1si feladatok megval\u00f3s\u00edt\u00e1s\u00e1t, a kutat\u00e1s eredm\u00e9nyeit.<\/p> <p class=\"gmail-m-2378737871377276093xxmsonormal\"><b><span style=\"font-size: 12.0pt;\">Az esem\u00e9ny id\u0151pontja:<\/span><\/b><span style=\"font-size: 12.0pt;\"> 2021. j\u00fanius 10. (cs\u00fct\u00f6rt\u00f6k) 10:00<\/span><\/p> <p class=\"gmail-m-2378737871377276093xxmsonormal\"><b><span style=\"font-size: 12.0pt;\">Esem\u00e9ny helye:<\/span><\/b><span style=\"font-size: 12.0pt;\"> ONLINE\u00a0 (MS Teams), csatlakozni az al\u00e1bbi linken lehet<\/span><\/p> <p class=\"gmail-m-2378737871377276093xxmsonormal\"><span style=\"font-size: 12.0pt;\">\u00a0<\/span><span style=\"font-size: 12.0pt;\"><a href=\"https:\/\/teams.microsoft.com\/l\/meetup-join\/19%3ameeting_MzVlMGJlNjEtNDVhZC00NjUyLWIwNTktYmZmZDY1YjI5MTJl%40thread.v2\/0?context=%7b%22Tid%22%3a%223d888f70-bd6a-4491-8913-da9d1bafc747%22%2c%22Oid%22%3a%22d3e337d6-2600-41d2-9a1c-928251e56e78%22%7d\" target=\"_blank\" rel=\"noopener\">\u00daNKP 2020\/2021 Rendezv\u00e9ny<\/a><\/span><\/p> <p>&nbsp;<\/p>","protected":false},"excerpt":{"rendered":"<p>&nbsp; Elsz\u00e1molhat\u00f3 k\u00f6lts\u00e9gek &#8211; \u00d6MSZ 5. mell\u00e9klet \u00daNKP P\u00e1ly\u00e1zati ki\u00edr\u00e1s- 2. sz. mell\u00e9klet \u00daNKP \u00dcgyrendje 2020\/2021 &nbsp; \u00daNKP 2020\/2021 BESZ\u00c1MOL\u00d3 RENDEZV\u00c9NY Int\u00e9zm\u00e9nyi \u00daNKP rendezv\u00e9ny c\u00e9lja, hogy a 2020\/2021-es tan\u00e9v \u00daNKP \u00f6sz\u00f6nd\u00edjasai ismertess\u00e9k a kutat\u00e1si terv\u00fckben v\u00e1llalt kutat\u00e1si feladatok megval\u00f3s\u00edt\u00e1s\u00e1t, a kutat\u00e1s eredm\u00e9nyeit. Az esem\u00e9ny id\u0151pontja: 2021. j\u00fanius 10. (cs\u00fct\u00f6rt\u00f6k) 10:00 Esem\u00e9ny helye: ONLINE\u00a0 (MS Teams),<\/p>\n","protected":false},"author":1195,"featured_media":0,"parent":49839,"menu_order":0,"comment_status":"open","ping_status":"open","template":"","meta":{"_acf_changed":false,"footnotes":""},"categories":[],"tags":[],"class_list":["post-55003","page","type-page","status-publish","hentry"],"acf":[],"_links":{"self":[{"href":"https:\/\/univet.hu\/hu\/wp-json\/wp\/v2\/pages\/55003","targetHints":{"allow":["GET"]}}],"collection":[{"href":"https:\/\/univet.hu\/hu\/wp-json\/wp\/v2\/pages"}],"about":[{"href":"https:\/\/univet.hu\/hu\/wp-json\/wp\/v2\/types\/page"}],"author":[{"embeddable":true,"href":"https:\/\/univet.hu\/hu\/wp-json\/wp\/v2\/users\/1195"}],"replies":[{"embeddable":true,"href":"https:\/\/univet.hu\/hu\/wp-json\/wp\/v2\/comments?post=55003"}],"version-history":[{"count":0,"href":"https:\/\/univet.hu\/hu\/wp-json\/wp\/v2\/pages\/55003\/revisions"}],"up":[{"embeddable":true,"href":"https:\/\/univet.hu\/hu\/wp-json\/wp\/v2\/pages\/49839"}],"wp:attachment":[{"href":"https:\/\/univet.hu\/hu\/wp-json\/wp\/v2\/media?parent=55003"}],"wp:term":[{"taxonomy":"category","embeddable":true,"href":"https:\/\/univet.hu\/hu\/wp-json\/wp\/v2\/categories?post=55003"},{"taxonomy":"post_tag","embeddable":true,"href":"https:\/\/univet.hu\/hu\/wp-json\/wp\/v2\/tags?post=55003"}],"curies":[{"name":"wp","href":"https:\/\/api.w.org\/{rel}","templated":true}]}}