{"id":55017,"date":"2020-05-28T10:10:00","date_gmt":"2020-05-28T08:10:00","guid":{"rendered":"https:\/\/univet.hu\/hu\/egyetem\/palyazati-projektek\/nkfih-palyazatok\/uj-nemzeti-kivalosag-program\/unkp-2020-2021\/name\/"},"modified":"2020-06-16T12:31:11","modified_gmt":"2020-06-16T10:31:11","slug":"tehetseggel-fel","status":"publish","type":"page","link":"https:\/\/univet.hu\/hu\/egyetem\/palyazati-projektek\/nkfih-palyazatok\/uj-nemzeti-kivalosag-program\/unkp-2020-2021\/tehetseggel-fel\/","title":{"rendered":"\u201cTehets\u00e9ggel fel!\u201d Fels\u0151oktat\u00e1st  Megkezd\u0151 Kutat\u00f3i  \u00d6szt\u00f6nd\u00edj"},"content":{"rendered":"<p>&nbsp;<\/p> <p><span style=\"font-size: 14pt;\"><strong>P\u00e1ly\u00e1z\u00e1shoz sz\u00fcks\u00e9ges dokumentumok<\/strong><\/span><\/p> <p>&nbsp;<\/p> <p><a href=\"https:\/\/univet.hu\/wp-content\/uploads\/2020\/06\/1.6_UNKP_PALYAZATI_KIIRAS_TEHETSEGGEL_FEL_2020.pdf\">P\u00e1ly\u00e1zati ki\u00edr\u00e1s<\/a><\/p> <p><a href=\"https:\/\/univet.hu\/wp-content\/uploads\/2020\/05\/2.1.1_UNKP_PALYAZATI-KIIRAS_1_MELLEKLET_Palyazati-adatlap.xlsx\">P\u00e1ly\u00e1zati ki\u00edr\u00e1s 1. mell\u00e9klet &#8211; P\u00e1ly\u00e1zati adatlap<\/a><\/p> <p><a href=\"https:\/\/univet.hu\/wp-content\/uploads\/2020\/05\/2.1.1.1_UNKP_PALYAZATI-ADATLAP_1_MELLEKELT_ALAPKEPZES_ELSO_EVES_MESTERKEPZES_OSZTATLAN_ELSO_EVES_TEHETSEGGEL_FEL_KUTATASI_TERV_2020.docx\">Adatlap 1. mell\u00e9klet- Kutat\u00e1si terv<\/a><\/p> <p><a href=\"https:\/\/univet.hu\/wp-content\/uploads\/2020\/05\/2.1.2_UNKP_PALYAZATI_ADATLAP_2_MELLEKLET_A_FELSOOKTATASI_INTEZMENY_SZANDEK_NYILATKOZATA_UNKP_2020.docx\">Adatlap 2. mell\u00e9klet-Fels\u0151oktat\u00e1si int\u00e9zm\u00e9ny sz\u00e1nd\u00e9knyilatkozata<\/a><\/p> <p><a href=\"https:\/\/univet.hu\/wp-content\/uploads\/2020\/05\/2.1.3_UNKP_PALYAZATI_ADATLAP_3_MELLEKLET_PALYAZOI_NYILATKOZAT_UNKP_2020.docx\">Adatlap 3. mell\u00e9klet-P\u00e1ly\u00e1z\u00f3i nyilatkozat<\/a><\/p> <p>&nbsp;<\/p> <p>A p\u00e1ly\u00e1zati dokument\u00e1ci\u00f3t az\u00a0<a class=\"decrypt\" rel=\"volq\/ufifutfhhfmgfmAvojwfu\/iv\" href=\"javascript:void(0);\">[Kattintson az emailc\u00edmhez]<\/a> e-mail c\u00edmre v\u00e1rj\u00e1k <strong>2020. m\u00e1jus 29. \u00e9s 2020. j\u00fanius 30. k\u00f6z\u00f6tt.<\/strong><\/p>","protected":false},"excerpt":{"rendered":"<p>&nbsp; P\u00e1ly\u00e1z\u00e1shoz sz\u00fcks\u00e9ges dokumentumok &nbsp; P\u00e1ly\u00e1zati ki\u00edr\u00e1s P\u00e1ly\u00e1zati ki\u00edr\u00e1s 1. mell\u00e9klet &#8211; P\u00e1ly\u00e1zati adatlap Adatlap 1. mell\u00e9klet- Kutat\u00e1si terv Adatlap 2. mell\u00e9klet-Fels\u0151oktat\u00e1si int\u00e9zm\u00e9ny sz\u00e1nd\u00e9knyilatkozata Adatlap 3. mell\u00e9klet-P\u00e1ly\u00e1z\u00f3i nyilatkozat &nbsp; A p\u00e1ly\u00e1zati dokument\u00e1ci\u00f3t az\u00a0[Kattintson az emailc\u00edmhez] e-mail c\u00edmre v\u00e1rj\u00e1k 2020. m\u00e1jus 29. \u00e9s 2020. j\u00fanius 30. k\u00f6z\u00f6tt.<\/p>\n","protected":false},"author":1195,"featured_media":0,"parent":55003,"menu_order":0,"comment_status":"open","ping_status":"open","template":"","meta":{"_acf_changed":false,"footnotes":""},"categories":[],"tags":[],"class_list":["post-55017","page","type-page","status-publish","hentry"],"acf":[],"_links":{"self":[{"href":"https:\/\/univet.hu\/hu\/wp-json\/wp\/v2\/pages\/55017","targetHints":{"allow":["GET"]}}],"collection":[{"href":"https:\/\/univet.hu\/hu\/wp-json\/wp\/v2\/pages"}],"about":[{"href":"https:\/\/univet.hu\/hu\/wp-json\/wp\/v2\/types\/page"}],"author":[{"embeddable":true,"href":"https:\/\/univet.hu\/hu\/wp-json\/wp\/v2\/users\/1195"}],"replies":[{"embeddable":true,"href":"https:\/\/univet.hu\/hu\/wp-json\/wp\/v2\/comments?post=55017"}],"version-history":[{"count":0,"href":"https:\/\/univet.hu\/hu\/wp-json\/wp\/v2\/pages\/55017\/revisions"}],"up":[{"embeddable":true,"href":"https:\/\/univet.hu\/hu\/wp-json\/wp\/v2\/pages\/55003"}],"wp:attachment":[{"href":"https:\/\/univet.hu\/hu\/wp-json\/wp\/v2\/media?parent=55017"}],"wp:term":[{"taxonomy":"category","embeddable":true,"href":"https:\/\/univet.hu\/hu\/wp-json\/wp\/v2\/categories?post=55017"},{"taxonomy":"post_tag","embeddable":true,"href":"https:\/\/univet.hu\/hu\/wp-json\/wp\/v2\/tags?post=55017"}],"curies":[{"name":"wp","href":"https:\/\/api.w.org\/{rel}","templated":true}]}}