{"id":55181,"date":"2020-06-03T14:42:01","date_gmt":"2020-06-03T12:42:01","guid":{"rendered":"https:\/\/univet.hu\/hu\/otdk2021\/az-egyetemrol\/"},"modified":"2021-03-23T13:02:04","modified_gmt":"2021-03-23T12:02:04","slug":"bemutatkozas","status":"publish","type":"page","link":"https:\/\/univet.hu\/hu\/otdk2021\/bemutatkozas\/","title":{"rendered":"Bemutatkoz\u00e1s"},"content":{"rendered":"<p>&nbsp;<\/p> <p>Az \u00c1llatorvostudom\u00e1nyi Egyetem Eur\u00f3pa egyik legr\u00e9gebbi \u00e1llatorvosk\u00e9pz\u0151 int\u00e9zm\u00e9nye, 2016 \u00f3ta \u00fajra \u00f6n\u00e1ll\u00f3 egyetem. Az \u0151si Alma Mater falai k\u00f6z\u00f6tt \u00e9vsz\u00e1zados hagyom\u00e1nyok \u00e9s el\u0151deink hagyat\u00e9ka \u00e9l tov\u00e1bb.<\/p> <p>B\u00fcszk\u00e9k vagyunk, hogy azokban az \u00e9p\u00fcletekben tanulhatunk, oktathatunk, ahol olyan szem\u00e9lyis\u00e9gek dolgoztak, akik legy\u0151zt\u00e9k az el\u0151tt\u00fck \u00e1ll\u00f3 akad\u00e1lyokat \u00e9s be\u00edrt\u00e1k nev\u00fcket a vil\u00e1g egyetemes-tudom\u00e1ny\u00e1nak t\u00f6rt\u00e9net\u00e9be. Felfedez\u00e9seik mindm\u00e1ig nemzetk\u00f6zi figyelmet \u00e9lveznek \u00e9s szellemis\u00e9g\u00fck meghat\u00e1rozza a j\u00f6v\u0151t \u00e9s az eg\u00e9sz \u00e1llatorvosi kar magatart\u00e1s\u00e1t, hivat\u00e1studat\u00e1t.<\/p> <p>A hagyom\u00e1ny \u00e9rt\u00e9ket- \u00e9s k\u00f6z\u00f6ss\u00e9get teremt\u0151 er\u0151. Rem\u00e9lj\u00fck, hogy a j\u00f6v\u0151ben sz\u00e1mos \u00e1llatorvos gener\u00e1ci\u00f3 tanulhat e t\u00f6rt\u00e9nelmi falak k\u00f6z\u00f6tt \u00e9s az itt k\u00f6t\u00f6tt bar\u00e1ts\u00e1gok \u00e9s k\u00f6z\u00f6s \u00e9lm\u00e9nyek biztos alapjai lehetnek annak az \u00f6sszefog\u00e1snak \u00e9s szakmai \u00f6sszetartoz\u00e1s \u00e9rz\u00e9s\u00e9nek, amelyre m\u00e9g ma is m\u00e9lt\u00e1n b\u00fcszke lehet int\u00e9zm\u00e9ny\u00fcnk.<\/p> <p><a href=\"https:\/\/univet.hu\/wp-content\/uploads\/2020\/06\/\u00e1o86.jpg\"><img loading=\"lazy\" decoding=\"async\" class=\"alignleft size-thumbnail wp-image-55185\" src=\"https:\/\/univet.hu\/wp-content\/uploads\/2020\/06\/\u00e1o86-320x320.jpg\" alt=\"\" width=\"320\" height=\"320\" srcset=\"https:\/\/univet.hu\/wp-content\/uploads\/2020\/06\/\u00e1o86-320x320.jpg 320w, https:\/\/univet.hu\/wp-content\/uploads\/2020\/06\/\u00e1o86-640x640.jpg 640w\" sizes=\"auto, (max-width: 320px) 100vw, 320px\" \/><\/a>Magas sz\u00ednvonal\u00fa k\u00e9pz\u00e9seink sor\u00e1n mindig arra t\u00f6rekedt\u00fcnk, hogy az \u00e9rt\u00e9k legyen, mert itt a siker\u00e9rt \u00e9s tud\u00e1s\u00e9rt kem\u00e9nyen meg kell dolgozni. Hatalmas tud\u00e1ssal rendelkezik szinte mindenki, aki elv\u00e9gzi ezt az egyetemet. Az elm\u00falt \u00e9vtizedek sok v\u00e1ltoz\u00e1st hoztak, de hitvall\u00e1sunk nem v\u00e1ltozott: a k\u00e9pz\u00e9s\u00fcnk c\u00e9lja ma is az, hogy olyan \u00e1llatorvosokat k\u00e9pezz\u00fcnk, akik az \u00e1llatorvosi hivat\u00e1s b\u00e1rmely ter\u00fclet\u00e9n meg\u00e1llj\u00e1k a hely\u00fcket.<\/p> <p>A hazai \u00e1llatorvosk\u00e9pz\u00e9s egyed\u00fcl\u00e1ll\u00f3 m\u00f3don a magyar mellett angol \u00e9s n\u00e9met nyelven is folyik, a vil\u00e1g k\u00f6zel 50 orsz\u00e1g\u00e1b\u00f3l \u00e9rkeznek hozz\u00e1nk di\u00e1kok, akik komoly \u00e9s felel\u0151ss\u00e9gteljes misszi\u00f3t t\u00f6ltenek be: az itt elsaj\u00e1t\u00edtott tud\u00e1suk alapj\u00e1n fogj\u00e1k meg\u00edt\u00e9lni az int\u00e9zm\u00e9ny\u00fcnkben foly\u00f3 oktat\u00e1s sz\u00ednvonal\u00e1t. Hazat\u00e9rve munk\u00e1jukkal nagyk\u00f6veteink lesznek a nagyvil\u00e1gban.<\/p> <p>Kutat\u00f3egyetemk\u00e9nt itt k\u00e9zzel tapinthat\u00f3 a tudom\u00e1ny, a siker \u00e9s a fejl\u0151d\u00e9s. Ennek k\u00f6sz\u00f6nhet\u0151, hogy az Eur\u00f3pai \u00c1llatorvosk\u00e9pz\u0151 Int\u00e9zm\u00e9nyek Egyes\u00fclet (EAEVE) d\u00f6nt\u00e9shoz\u00f3 test\u00fclet\u00e9nek hat\u00e1rozata \u00e9rtelm\u00e9ben int\u00e9zm\u00e9ny\u00fcnk, Eur\u00f3p\u00e1ban 97 \u00e1llatorvosk\u00e9pz\u0151 int\u00e9zm\u00e9nye k\u00f6z\u00fcl hetedikk\u00e9nt, elnyerte a teljes akkredit\u00e1ci\u00f3t.<\/p> <p>K\u00f6zponti honlap el\u00e9rhet\u0151s\u00e9ge: <a href=\"http:\/\/univet.hu\" target=\"_blank\" rel=\"noopener\">univet.hu\u00a0<\/a><\/p> <p><b><strong>AGR\u00c1RTUDOM\u00c1NYI SZEKCI\u00d3<\/strong><\/b><\/p> <p><strong>Helysz\u00edn<\/strong><i>:\u00a0<\/i>Budapest<\/p> <p><strong>Id\u0151pont<\/strong><i>:\u00a0<\/i>2021. m\u00e1rcius 29-31.<\/p> <p><strong>Rendez\u0151 int\u00e9zm\u00e9ny:<\/strong><i>\u00a0<\/i>\u00c1llatorvostudom\u00e1nyi Egyetem<\/p> <p><strong>Szakmai bizotts\u00e1gi eln\u00f6k:<\/strong><i>\u00a0<\/i>Dr. P\u00e9nzes B\u00e9la<\/p> <p><strong>Szekci\u00f3 \u00fcgyvezet\u0151 eln\u00f6k:<\/strong><i>\u00a0<\/i>Dr. R\u00e1cz Bence<\/p> <p><strong>Szekci\u00f3 \u00fcgyvezet\u0151 titk\u00e1r:<\/strong> Dr. Battay M\u00e1rton<\/p> <p><strong>Hallgat\u00f3i k\u00e9pvisel\u0151:<\/strong> Zs\u00f3t\u00e9r Nikolett<\/p> <p><strong>Hallgat\u00f3i k\u00e9pvisel\u0151:<\/strong> Hrutka Ivett<\/p> <p>El\u00e9rhet\u0151s\u00e9gek: 1078, Budapest, Istv\u00e1n utca 2.<\/p> <p>Email: <a class=\"decrypt\" rel=\"puelAvojwfu\/iv\" href=\"javascript:void(0);\">[Kattintson az emailc\u00edmhez]<\/a>\u00a0illetve a hallgat\u00f3 k\u00e9pviselet el\u00e9rhet\u0151s\u00e9ge\u00a0<a class=\"decrypt\" rel=\"t{fswf{p\/pbwAhnbjm\/dpn\" href=\"javascript:void(0);\">[Kattintson az emailc\u00edmhez]<\/a><\/p> <p><a href=\"https:\/\/univet.hu\/wp-content\/uploads\/2020\/06\/20180606-FLO_5537.jpg\"><img loading=\"lazy\" decoding=\"async\" class=\"aligncenter size-full wp-image-55182\" src=\"https:\/\/univet.hu\/wp-content\/uploads\/2020\/06\/20180606-FLO_5537.jpg\" alt=\"\" width=\"5184\" height=\"3456\" srcset=\"https:\/\/univet.hu\/wp-content\/uploads\/2020\/06\/20180606-FLO_5537.jpg 5184w, https:\/\/univet.hu\/wp-content\/uploads\/2020\/06\/20180606-FLO_5537-320x213.jpg 320w, https:\/\/univet.hu\/wp-content\/uploads\/2020\/06\/20180606-FLO_5537-768x512.jpg 768w, https:\/\/univet.hu\/wp-content\/uploads\/2020\/06\/20180606-FLO_5537-960x640.jpg 960w\" sizes=\"auto, (max-width: 5184px) 100vw, 5184px\" \/><\/a><\/p> <p>&nbsp;<\/p>","protected":false},"excerpt":{"rendered":"<p>&nbsp; Az \u00c1llatorvostudom\u00e1nyi Egyetem Eur\u00f3pa egyik legr\u00e9gebbi \u00e1llatorvosk\u00e9pz\u0151 int\u00e9zm\u00e9nye, 2016 \u00f3ta \u00fajra \u00f6n\u00e1ll\u00f3 egyetem. Az \u0151si Alma Mater falai k\u00f6z\u00f6tt \u00e9vsz\u00e1zados hagyom\u00e1nyok \u00e9s el\u0151deink hagyat\u00e9ka \u00e9l tov\u00e1bb. B\u00fcszk\u00e9k vagyunk, hogy azokban az \u00e9p\u00fcletekben tanulhatunk, oktathatunk, ahol olyan szem\u00e9lyis\u00e9gek dolgoztak, akik legy\u0151zt\u00e9k az el\u0151tt\u00fck \u00e1ll\u00f3 akad\u00e1lyokat \u00e9s be\u00edrt\u00e1k nev\u00fcket a vil\u00e1g egyetemes-tudom\u00e1ny\u00e1nak t\u00f6rt\u00e9net\u00e9be. Felfedez\u00e9seik mindm\u00e1ig nemzetk\u00f6zi<\/p>\n","protected":false},"author":2518,"featured_media":0,"parent":52223,"menu_order":0,"comment_status":"open","ping_status":"open","template":"","meta":{"_acf_changed":false,"footnotes":""},"categories":[],"tags":[],"class_list":["post-55181","page","type-page","status-publish","hentry"],"acf":[],"_links":{"self":[{"href":"https:\/\/univet.hu\/hu\/wp-json\/wp\/v2\/pages\/55181","targetHints":{"allow":["GET"]}}],"collection":[{"href":"https:\/\/univet.hu\/hu\/wp-json\/wp\/v2\/pages"}],"about":[{"href":"https:\/\/univet.hu\/hu\/wp-json\/wp\/v2\/types\/page"}],"author":[{"embeddable":true,"href":"https:\/\/univet.hu\/hu\/wp-json\/wp\/v2\/users\/2518"}],"replies":[{"embeddable":true,"href":"https:\/\/univet.hu\/hu\/wp-json\/wp\/v2\/comments?post=55181"}],"version-history":[{"count":0,"href":"https:\/\/univet.hu\/hu\/wp-json\/wp\/v2\/pages\/55181\/revisions"}],"up":[{"embeddable":true,"href":"https:\/\/univet.hu\/hu\/wp-json\/wp\/v2\/pages\/52223"}],"wp:attachment":[{"href":"https:\/\/univet.hu\/hu\/wp-json\/wp\/v2\/media?parent=55181"}],"wp:term":[{"taxonomy":"category","embeddable":true,"href":"https:\/\/univet.hu\/hu\/wp-json\/wp\/v2\/categories?post=55181"},{"taxonomy":"post_tag","embeddable":true,"href":"https:\/\/univet.hu\/hu\/wp-json\/wp\/v2\/tags?post=55181"}],"curies":[{"name":"wp","href":"https:\/\/api.w.org\/{rel}","templated":true}]}}