{"id":55187,"date":"2020-06-03T15:16:26","date_gmt":"2020-06-03T13:16:26","guid":{"rendered":"https:\/\/univet.hu\/hu\/otdk2021\/otdk\/"},"modified":"2021-02-14T10:35:26","modified_gmt":"2021-02-14T09:35:26","slug":"otdk","status":"publish","type":"page","link":"https:\/\/univet.hu\/hu\/otdk2021\/otdk\/","title":{"rendered":"OTDK"},"content":{"rendered":"<p>&nbsp;<\/p> <p>Az Orsz\u00e1gos Tudom\u00e1nyos Di\u00e1kk\u00f6ri Tan\u00e1cs (OTDT), az Emberi Er\u0151forr\u00e1sok Miniszt\u00e9riuma, az Innov\u00e1ci\u00f3s \u00e9s Technol\u00f3giai Miniszt\u00e9rium, valamint a Magyar Tudom\u00e1nyos Akad\u00e9mia f\u0151v\u00e9dn\u00f6ks\u00e9g\u00e9vel, tov\u00e1bb\u00e1 a fels\u0151oktat\u00e1sban \u00e9rintett miniszt\u00e9riumok \u00e9s orsz\u00e1gos hat\u00e1sk\u00f6r\u0171 int\u00e9zm\u00e9nyek, szervezetek, alap\u00edtv\u00e1nyok erk\u00f6lcsi, szakmai, valamint anyagi t\u00e1mogat\u00e1s\u00e1val 2021 tavasz\u00e1ra meghirdeti a 35. Orsz\u00e1gos Tudom\u00e1nyos Di\u00e1kk\u00f6ri Konferenci\u00e1t (35. OTDK).<\/p> <p>A tudom\u00e1nyos di\u00e1kk\u00f6ri (TDK) mozgalom a magyar fels\u0151oktat\u00e1s legsz\u00e9lesebb b\u00e1zis\u00fa, leg\u00e1tfog\u00f3bb tehets\u00e9ggondoz\u00e1si form\u00e1ja, az \u00f6nk\u00e9pz\u00e9s, az elitk\u00e9pz\u00e9s \u00e9s a tud\u00f3ss\u00e1 nevel\u00e9s sz\u00edntere. A mesterek, t\u00e9mavezet\u0151 tan\u00e1rok, kutat\u00f3k k\u00f6r\u00fcl kialakul\u00f3 TDK m\u0171helyek \u00f6szt\u00f6nz\u0151 l\u00e9gk\u00f6r\u00e9ben sz\u00fcletik meg a legt\u00f6bb tehets\u00e9ges di\u00e1k els\u0151 tudom\u00e1nyos \u00e9lm\u00e9nye.<\/p> <p>Az OTDT a 35. OTDK meghirdet\u00e9s\u00e9vel felh\u00edvja az egyetemi \u00e9s f\u0151iskolai di\u00e1ks\u00e1got, hogy sz\u00ednvonalas p\u00e1lyamunk\u00e1ikkal, alkot\u00e1saikkal nevezzenek az int\u00e9zm\u00e9nyi min\u0151s\u00edt\u0151 TDK-konferenci\u00e1kra, ahol megszerezhetik a 35. OTDK-n val\u00f3 indul\u00e1s jog\u00e1t, \u00e9s \u00edgy az orsz\u00e1gos konferenci\u00e1n p\u00e1lyat\u00e1rsaik \u00e9s szakter\u00fclet\u00fck legkiv\u00e1l\u00f3bb szakemberei el\u0151tt mutathatj\u00e1k be eredm\u00e9nyeiket. Az OTDT egyidej\u0171leg arra k\u00e9ri a fels\u0151oktat\u00e1sban, a tudom\u00e1nyban, illetve a gyakorlatban dolgoz\u00f3 oktat\u00f3kat, kutat\u00f3kat \u00e9s fejleszt\u0151ket, hogy mesterk\u00e9nt, b\u00edr\u00e1l\u00f3k\u00e9nt seg\u00edts\u00e9k az \u00faj nemzed\u00e9k szakmai kibontakoz\u00e1s\u00e1t.<\/p> <p><a href=\"http:\/\/otdk.hu\/hu\/kozponti-felhivas\" target=\"_blank\" rel=\"noopener\">K\u00f6zponti felh\u00edv\u00e1s<\/a><\/p> <p><a href=\"http:\/\/otdk.hu\/media\/uploads\/35agrarszekcio.pdf\" target=\"_blank\" rel=\"noopener\">Agr\u00e1rtudom\u00e1nyi szekci\u00f3 felh\u00edv\u00e1sa<\/a><\/p> <p><a href=\"http:\/\/otdt.hu\/hu\/szakmai-bizottsagok-agrartudomanyi-szakmai-bizottsag\" target=\"_blank\" rel=\"noopener\">Agr\u00e1rtudom\u00e1nyi Szakmai Bizotts\u00e1g<\/a><\/p> <p>Tov\u00e1bbi inform\u00e1ci\u00f3k\u00e9rt keresse fel az <a href=\"http:\/\/otdt.hu\/\" target=\"_blank\" rel=\"noopener\">OTDT honlapj\u00e1t<\/a>, illetve <a href=\"https:\/\/online.otdk.hu\/\" target=\"_blank\" rel=\"noopener\">online rendszer\u00e9t<\/a>.<\/p> <p>&nbsp;<\/p> <p>&nbsp;<\/p> <p>&nbsp;<\/p>","protected":false},"excerpt":{"rendered":"<p>&nbsp; Az Orsz\u00e1gos Tudom\u00e1nyos Di\u00e1kk\u00f6ri Tan\u00e1cs (OTDT), az Emberi Er\u0151forr\u00e1sok Miniszt\u00e9riuma, az Innov\u00e1ci\u00f3s \u00e9s Technol\u00f3giai Miniszt\u00e9rium, valamint a Magyar Tudom\u00e1nyos Akad\u00e9mia f\u0151v\u00e9dn\u00f6ks\u00e9g\u00e9vel, tov\u00e1bb\u00e1 a fels\u0151oktat\u00e1sban \u00e9rintett miniszt\u00e9riumok \u00e9s orsz\u00e1gos hat\u00e1sk\u00f6r\u0171 int\u00e9zm\u00e9nyek, szervezetek, alap\u00edtv\u00e1nyok erk\u00f6lcsi, szakmai, valamint anyagi t\u00e1mogat\u00e1s\u00e1val 2021 tavasz\u00e1ra meghirdeti a 35. Orsz\u00e1gos Tudom\u00e1nyos Di\u00e1kk\u00f6ri Konferenci\u00e1t (35. OTDK). A tudom\u00e1nyos di\u00e1kk\u00f6ri (TDK) mozgalom a<\/p>\n","protected":false},"author":2518,"featured_media":0,"parent":52223,"menu_order":0,"comment_status":"open","ping_status":"open","template":"","meta":{"_acf_changed":false,"footnotes":""},"categories":[],"tags":[],"class_list":["post-55187","page","type-page","status-publish","hentry"],"acf":[],"_links":{"self":[{"href":"https:\/\/univet.hu\/hu\/wp-json\/wp\/v2\/pages\/55187","targetHints":{"allow":["GET"]}}],"collection":[{"href":"https:\/\/univet.hu\/hu\/wp-json\/wp\/v2\/pages"}],"about":[{"href":"https:\/\/univet.hu\/hu\/wp-json\/wp\/v2\/types\/page"}],"author":[{"embeddable":true,"href":"https:\/\/univet.hu\/hu\/wp-json\/wp\/v2\/users\/2518"}],"replies":[{"embeddable":true,"href":"https:\/\/univet.hu\/hu\/wp-json\/wp\/v2\/comments?post=55187"}],"version-history":[{"count":0,"href":"https:\/\/univet.hu\/hu\/wp-json\/wp\/v2\/pages\/55187\/revisions"}],"up":[{"embeddable":true,"href":"https:\/\/univet.hu\/hu\/wp-json\/wp\/v2\/pages\/52223"}],"wp:attachment":[{"href":"https:\/\/univet.hu\/hu\/wp-json\/wp\/v2\/media?parent=55187"}],"wp:term":[{"taxonomy":"category","embeddable":true,"href":"https:\/\/univet.hu\/hu\/wp-json\/wp\/v2\/categories?post=55187"},{"taxonomy":"post_tag","embeddable":true,"href":"https:\/\/univet.hu\/hu\/wp-json\/wp\/v2\/tags?post=55187"}],"curies":[{"name":"wp","href":"https:\/\/api.w.org\/{rel}","templated":true}]}}