{"id":55193,"date":"2020-06-03T15:23:48","date_gmt":"2020-06-03T13:23:48","guid":{"rendered":"https:\/\/univet.hu\/hu\/otdk2021\/aktualis\/"},"modified":"2021-02-19T07:23:58","modified_gmt":"2021-02-19T06:23:58","slug":"aktualis-informaciok","status":"publish","type":"page","link":"https:\/\/univet.hu\/hu\/otdk2021\/aktualis-informaciok\/","title":{"rendered":"Aktu\u00e1lis inform\u00e1ci\u00f3k"},"content":{"rendered":"<h3>Friss\u00fclt a Program men\u00fcpontunk<\/h3> <p>H\u00e1rom napos programunk el\u0151zetes tervezet\u00e9t itt olvashatj\u00e1k:\u00a0<a href=\"https:\/\/univet.hu\/hu\/otdk2021\/program\/\">https:\/\/univet.hu\/hu\/otdk2021\/program\/<\/a><\/p> <h3><\/h3> <h3>Honlapunkon m\u00e1r el\u00e9rhet\u0151ek a tagozati beoszt\u00e1sok<\/h3> <p>Tov\u00e1bbi inform\u00e1ci\u00f3:\u00a0<a href=\"https:\/\/univet.hu\/hu\/otdk2021\/tagozatok\/\">https:\/\/univet.hu\/hu\/otdk2021\/tagozatok\/<\/a><\/p> <h3><\/h3> <h3><strong>Online ker\u00fcl megtart\u00e1sra a 35. OTDK<\/strong><\/h3> <p>Az Orsz\u00e1gos Tudom\u00e1nyos Di\u00e1kk\u00f6ri Tan\u00e1cs k\u00f6r\u00fcltekint\u0151 egyeztet\u00e9sek \u00e9s alapos m\u00e9rlegel\u00e9s ut\u00e1n \u00fagy d\u00f6nt\u00f6tt, hogy a 35. OTDK online ker\u00fcl megrendez\u00e9sre 2021 tavasz\u00e1n. Tov\u00e1bbi r\u00e9szletek a k\u00e9s\u0151bbiekben v\u00e1rhat\u00f3k.<\/p> <p><span class=\"emphasis\">Az Agr\u00e1rtudom\u00e1nyi szekci\u00f3 nevez\u00e9si hat\u00e1rideje: 2021. janu\u00e1r 15. \u00e9jf\u00e9l<\/span><\/p> <p>&nbsp;<\/p> <h3><strong>2020. november 30-ra m\u00f3dosult a Roska Tam\u00e1s Tudom\u00e1nyos El\u0151ad\u00e1s bead\u00e1si hat\u00e1rideje<\/strong><\/h3> <p>A 35. OTDK online form\u00e1ban t\u00f6rt\u00e9n\u0151 megrendez\u00e9s\u00e9re tekintettel <strong>egy h\u00f3nappal meghosszabb\u00edt\u00e1sra ker\u00fclt a Roska Tam\u00e1s Tudom\u00e1nyos El\u0151ad\u00e1s p\u00e1ly\u00e1zat beny\u00fajt\u00e1s\u00e1nak hat\u00e1rideje.<\/strong><\/p> <p>A p\u00e1ly\u00e1zat beny\u00fajt\u00e1s\u00e1nak felt\u00e9teleit az OTDT honlapj\u00e1n el\u00e9rhet\u0151 Alap\u00edt\u00f3 Okiratb\u00f3l, valamint a 2020. \u00e9vi p\u00e1ly\u00e1zati ki\u00edr\u00e1sb\u00f3l ismerhetik meg az \u00e9rdekl\u0151d\u0151k <strong>(<\/strong><strong><a href=\"https:\/\/otdk.hu\/hallgatoknak\/roska-eloadas\">https:\/\/otdk.hu\/hallgatoknak\/roska-eloadas<\/a>).<\/strong><\/p> <p>A p\u00e1ly\u00e1zatot az erre kialak\u00edtott fel\u00fcleten kell beadni: <strong><a href=\"http:\/\/roskapalyazat.otdt.hu\">http:\/\/roskapalyazat.otdt.hu<\/a><\/strong><\/p> <p>A p\u00e1ly\u00e1zatot <strong>csak elektronikus form\u00e1ban<\/strong> kell beny\u00fajtani ezen a fel\u00fcleten kereszt\u00fcl!<\/p> <p>P\u00e1ly\u00e1zati hat\u00e1rid\u0151: <strong>2020. november 30.<\/strong> (h\u00e9tf\u0151, CEST 23:59 \u00f3ra)<\/p>","protected":false},"excerpt":{"rendered":"<p>Friss\u00fclt a Program men\u00fcpontunk H\u00e1rom napos programunk el\u0151zetes tervezet\u00e9t itt olvashatj\u00e1k:\u00a0https:\/\/univet.hu\/hu\/otdk2021\/program\/ Honlapunkon m\u00e1r el\u00e9rhet\u0151ek a tagozati beoszt\u00e1sok Tov\u00e1bbi inform\u00e1ci\u00f3:\u00a0https:\/\/univet.hu\/hu\/otdk2021\/tagozatok\/ Online ker\u00fcl megtart\u00e1sra a 35. OTDK Az Orsz\u00e1gos Tudom\u00e1nyos Di\u00e1kk\u00f6ri Tan\u00e1cs k\u00f6r\u00fcltekint\u0151 egyeztet\u00e9sek \u00e9s alapos m\u00e9rlegel\u00e9s ut\u00e1n \u00fagy d\u00f6nt\u00f6tt, hogy a 35. OTDK online ker\u00fcl megrendez\u00e9sre 2021 tavasz\u00e1n. Tov\u00e1bbi r\u00e9szletek a k\u00e9s\u0151bbiekben v\u00e1rhat\u00f3k. Az Agr\u00e1rtudom\u00e1nyi szekci\u00f3<\/p>\n","protected":false},"author":2518,"featured_media":0,"parent":52223,"menu_order":0,"comment_status":"open","ping_status":"open","template":"","meta":{"_acf_changed":false,"footnotes":""},"categories":[],"tags":[],"class_list":["post-55193","page","type-page","status-publish","hentry"],"acf":[],"_links":{"self":[{"href":"https:\/\/univet.hu\/hu\/wp-json\/wp\/v2\/pages\/55193","targetHints":{"allow":["GET"]}}],"collection":[{"href":"https:\/\/univet.hu\/hu\/wp-json\/wp\/v2\/pages"}],"about":[{"href":"https:\/\/univet.hu\/hu\/wp-json\/wp\/v2\/types\/page"}],"author":[{"embeddable":true,"href":"https:\/\/univet.hu\/hu\/wp-json\/wp\/v2\/users\/2518"}],"replies":[{"embeddable":true,"href":"https:\/\/univet.hu\/hu\/wp-json\/wp\/v2\/comments?post=55193"}],"version-history":[{"count":0,"href":"https:\/\/univet.hu\/hu\/wp-json\/wp\/v2\/pages\/55193\/revisions"}],"up":[{"embeddable":true,"href":"https:\/\/univet.hu\/hu\/wp-json\/wp\/v2\/pages\/52223"}],"wp:attachment":[{"href":"https:\/\/univet.hu\/hu\/wp-json\/wp\/v2\/media?parent=55193"}],"wp:term":[{"taxonomy":"category","embeddable":true,"href":"https:\/\/univet.hu\/hu\/wp-json\/wp\/v2\/categories?post=55193"},{"taxonomy":"post_tag","embeddable":true,"href":"https:\/\/univet.hu\/hu\/wp-json\/wp\/v2\/tags?post=55193"}],"curies":[{"name":"wp","href":"https:\/\/api.w.org\/{rel}","templated":true}]}}