{"id":55199,"date":"2020-06-03T15:29:54","date_gmt":"2020-06-03T13:29:54","guid":{"rendered":"https:\/\/univet.hu\/hu\/otdk2021\/tagozatok\/agrargazdasagtani\/"},"modified":"2021-03-17T09:04:42","modified_gmt":"2021-03-17T08:04:42","slug":"agrargazdasagtani-tagozat","status":"publish","type":"page","link":"https:\/\/univet.hu\/hu\/otdk2021\/tagozatok\/agrargazdasagtani-tagozat\/","title":{"rendered":"Agr\u00e1rgazdas\u00e1gtani tagozat"},"content":{"rendered":"<p>&nbsp;<\/p> <p><strong>Zs\u0171ri eln\u00f6ke:<\/strong> Dr. Pupos Tibor<\/p> <p><strong>Tagok:<\/strong>\u00a0 Dr. T\u00f3th J\u00f3zsef<\/p> <p style=\"padding-left: 60px;\">Dr. Harangi-R\u00e1kos M\u00f3nika<\/p> <p style=\"padding-left: 60px;\">Dr. Kis Kriszti\u00e1n<\/p> <p style=\"padding-left: 60px;\">Dr. Borb\u00e9ly Csaba<\/p> <p style=\"padding-left: 60px;\">Dr. Hegyi Judit<\/p> <p><strong>Hallgat\u00f3:<\/strong> Kov\u00e1cs Helga<\/p> <p><strong>Titk\u00e1r:<\/strong>\u00a0Dr. Szilasi Anna<\/p> <p>&nbsp;<\/p> <table style=\"width: 866px;\" width=\"915\"> <tbody> <tr> <td style=\"width: 160px;\" data-sheets-value=\"{&quot;1&quot;:2,&quot;2&quot;:&quot;Szerz\u0151(k) neve&quot;}\"><strong>Szerz\u0151<\/strong><\/td> <td style=\"width: 338.4px;\" data-sheets-value=\"{&quot;1&quot;:2,&quot;2&quot;:&quot;Dolgozat c\u00edme&quot;}\"><strong>Dolgozat c\u00edme<\/strong><\/td> <td style=\"width: 145.6px;\"><strong>T\u00e9mavezet\u0151<\/strong><\/td> <td style=\"width: 196px;\" data-sheets-value=\"{&quot;1&quot;:2,&quot;2&quot;:&quot;Konzulens(ek)&quot;}\"><strong>K\u00fcld\u0151 int\u00e9zm\u00e9ny<\/strong><\/td> <\/tr> <tr> <td style=\"width: 160px;\"><strong>B\u00e1l\u00f3 Andr\u00e1s<\/strong><\/td> <td style=\"width: 338.4px;\">Olcs\u00f3 h\u00fasnak h\u00edg a leve? Az EU \u00e9s a D\u00e9l-amerikai K\u00f6z\u00f6s Piac agr\u00e1r-k\u00f6rnyezetv\u00e9delmi modellje az EU-Mercosur szabadkereskedelmi meg\u00e1llapod\u00e1s t\u00fckr\u00e9ben<\/td> <td style=\"width: 145.6px;\">Szab\u00f3 M\u00e1ty\u00e1s<\/td> <td style=\"width: 196px;\">Budapesti Corvinus Egyetem<\/td> <\/tr> <tr> <td style=\"width: 160px;\"><strong>B\u00e9rces Bence<\/strong><\/td> <td style=\"width: 338.4px;\">Mire j\u00f3 egy f\u00e1s legel\u0151? &#8211; Esettanulm\u00e1nyok a D\u00e9l-Dun\u00e1nt\u00falr\u00f3l<\/td> <td style=\"width: 145.6px;\">Dr. Csonka Arnold, Dr. T\u00f3th Katalin<\/td> <td style=\"width: 196px;\">Szent Istv\u00e1n Egyetem<\/td> <\/tr> <tr> <td style=\"width: 160px;\"><strong>Hajd\u00fa Bogl\u00e1r Eszter<\/strong><\/td> <td style=\"width: 338.4px;\">A t\u00e1mogat\u00e1s hat\u00e1sa egy d\u00e9l-alf\u00f6ldi kisv\u00e1llalkoz\u00e1s j\u00f6vedelm\u00e9re<\/td> <td style=\"width: 145.6px;\">Dr. Bodn\u00e1r K\u00e1roly<\/td> <td style=\"width: 196px;\">Szent Istv\u00e1n Egyetem<\/td> <\/tr> <tr> <td style=\"width: 160px;\"><strong>Kern \u00c1rmin<\/strong><\/td> <td style=\"width: 338.4px;\">Tanuls\u00e1gok a sv\u00e1jci mez\u0151gazdas\u00e1g p\u00e9ld\u00e1j\u00e1b\u00f3l<\/td> <td style=\"width: 145.6px;\">Dr. Mezei Katalin<\/td> <td style=\"width: 196px;\">Sz\u00e9chenyi Istv\u00e1n Egyetem<\/td> <\/tr> <tr> <td style=\"width: 160px;\"><strong>Korhecz R\u00e9ka<\/strong><\/td> <td style=\"width: 338.4px;\">A biogazd\u00e1lkod\u00e1s jellemz\u0151i, fejl\u0151d\u00e9se \u00e9s versenyk\u00e9pess\u00e9ge a Vajdas\u00e1gban<\/td> <td style=\"width: 145.6px;\">dr. Kiss Ferenc<\/td> <td style=\"width: 196px;\">Vajdas\u00e1gi Magyar Tudom\u00e1nyos Di\u00e1kk\u00f6ri Konferencia<\/td> <\/tr> <tr> <td style=\"width: 160px;\"><strong>Kov\u00e1cs Vince<\/strong><\/td> <td style=\"width: 338.4px;\">A visegr\u00e1di n\u00e9gyek szerepe a nemzetk\u00f6zi s\u00f6rkereskedelemben<\/td> <td style=\"width: 145.6px;\">T\u00f6r\u00f6k \u00c1ron<\/td> <td style=\"width: 196px;\">Budapesti Corvinus Egyetem<\/td> <\/tr> <tr> <td style=\"width: 160px;\"><strong>Mar\u00f3 Zal\u00e1n M\u00e1rk<\/strong><\/td> <td style=\"width: 338.4px;\">A magyar p\u00e1linka\u00e1gazat &#8211; a b\u00e9rf\u0151zd\u00e9k \u00e9s a kereskedelmi f\u0151zd\u00e9k j\u00f6vedelmez\u0151s\u00e9g\u00e9re hat\u00f3 t\u00e9nyez\u0151k<\/td> <td style=\"width: 145.6px;\">T\u00f6r\u00f6k \u00c1ron<\/td> <td style=\"width: 196px;\">Budapesti Corvinus Egyetem<\/td> <\/tr> <tr> <td style=\"width: 160px;\"><strong>Mar\u00f3ty Mariann Mimi<\/strong><\/td> <td style=\"width: 338.4px;\">Uganda mez\u0151gazdas\u00e1gi kereskedelmi versenyk\u00e9pess\u00e9g\u00e9nek a vizsg\u00e1lata, k\u00fcl\u00f6n\u00f6s tekintettel a k\u00e1v\u00e9 kereskedelemre<\/td> <td style=\"width: 145.6px;\">Balogh Jeremi\u00e1s<\/td> <td style=\"width: 196px;\">Budapesti Corvinus Egyetem<\/td> <\/tr> <tr> <td style=\"width: 160px;\"><strong>Medvecz R\u00e9ka<\/strong><\/td> <td style=\"width: 338.4px;\">Felm\u00e9r\u00e9s a magyarorsz\u00e1gi \u00e1llatorvosok ment\u00e1lhigi\u00e9niai \u00e1llapot\u00e1r\u00f3l k\u00fcl\u00f6n\u00f6s tekintettel a munkahelyi poz\u00edci\u00f3 \u00e9s a ki\u00e9g\u00e9s t\u00fcneteinek \u00f6sszef\u00fcgg\u00e9seire<\/td> <td style=\"width: 145.6px;\">Dr. Fodor Kinga<\/td> <td style=\"width: 196px;\">\u00c1llatorvostudom\u00e1nyi Egyetem<\/td> <\/tr> <tr> <td style=\"width: 160px;\"><strong>R\u00e1cz Benj\u00e1min<\/strong><\/td> <td style=\"width: 338.4px;\">A magyar akvakult\u00fara \u00e1gazat innov\u00e1ci\u00f3s potenci\u00e1lj\u00e1nak \u00e1ttekint\u00e9se<\/td> <td style=\"width: 145.6px;\">Dr. Urb\u00e1nyi B\u00e9la, R\u00e1k\u00f3czi Katalin, Tarnai-Kir\u00e1ly Zs\u00f3fia<\/td> <td style=\"width: 196px;\">Szent Istv\u00e1n Egyetem<\/td> <\/tr> <tr> <td style=\"width: 160px;\"><strong>R\u00e1k\u00f3czi Andrea<\/strong><\/td> <td style=\"width: 338.4px;\">Az elektronikus \u0151stermel\u0151i igazolv\u00e1ny \u00e9s az elektronikus k\u00f6z\u00fati \u00e1ruforgalom ellen\u0151rz\u0151 rendszer bevezet\u00e9s\u00e9nek nemzetgazdas\u00e1gi hat\u00e1sai az ad\u00f3z\u00e1s szemsz\u00f6g\u00e9b\u0151l<\/td> <td style=\"width: 145.6px;\">Dr. R\u00e1k\u00f3czi Attila<\/td> <td style=\"width: 196px;\">Szent Istv\u00e1n Egyetem<\/td> <\/tr> <tr> <td style=\"width: 160px;\"><strong>S\u00e1ndor \u00c1gota Ildik\u00f3<\/strong><\/td> <td style=\"width: 338.4px;\">Az \u00f6kol\u00f3giai gazd\u00e1lkod\u00e1s meg\u00edt\u00e9l\u00e9se a szeghalmi gazd\u00e1lkod\u00f3k k\u00f6r\u00e9ben<\/td> <td style=\"width: 145.6px;\">\u00a0Prof. Dr. Pet\u0151 K\u00e1roly, Kov\u00e1cs \u00c9va Katalin<\/td> <td style=\"width: 196px;\">Debreceni Egyetem<\/td> <\/tr> <\/tbody> <\/table> <p>&nbsp;<\/p>","protected":false},"excerpt":{"rendered":"<p>&nbsp; Zs\u0171ri eln\u00f6ke: Dr. Pupos Tibor Tagok:\u00a0 Dr. T\u00f3th J\u00f3zsef Dr. Harangi-R\u00e1kos M\u00f3nika Dr. Kis Kriszti\u00e1n Dr. Borb\u00e9ly Csaba Dr. Hegyi Judit Hallgat\u00f3: Kov\u00e1cs Helga Titk\u00e1r:\u00a0Dr. Szilasi Anna &nbsp; Szerz\u0151 Dolgozat c\u00edme T\u00e9mavezet\u0151 K\u00fcld\u0151 int\u00e9zm\u00e9ny B\u00e1l\u00f3 Andr\u00e1s Olcs\u00f3 h\u00fasnak h\u00edg a leve? Az EU \u00e9s a D\u00e9l-amerikai K\u00f6z\u00f6s Piac agr\u00e1r-k\u00f6rnyezetv\u00e9delmi modellje az EU-Mercosur szabadkereskedelmi meg\u00e1llapod\u00e1s<\/p>\n","protected":false},"author":2518,"featured_media":0,"parent":55197,"menu_order":0,"comment_status":"open","ping_status":"open","template":"","meta":{"_acf_changed":false,"footnotes":""},"categories":[],"tags":[],"class_list":["post-55199","page","type-page","status-publish","hentry"],"acf":[],"_links":{"self":[{"href":"https:\/\/univet.hu\/hu\/wp-json\/wp\/v2\/pages\/55199","targetHints":{"allow":["GET"]}}],"collection":[{"href":"https:\/\/univet.hu\/hu\/wp-json\/wp\/v2\/pages"}],"about":[{"href":"https:\/\/univet.hu\/hu\/wp-json\/wp\/v2\/types\/page"}],"author":[{"embeddable":true,"href":"https:\/\/univet.hu\/hu\/wp-json\/wp\/v2\/users\/2518"}],"replies":[{"embeddable":true,"href":"https:\/\/univet.hu\/hu\/wp-json\/wp\/v2\/comments?post=55199"}],"version-history":[{"count":0,"href":"https:\/\/univet.hu\/hu\/wp-json\/wp\/v2\/pages\/55199\/revisions"}],"up":[{"embeddable":true,"href":"https:\/\/univet.hu\/hu\/wp-json\/wp\/v2\/pages\/55197"}],"wp:attachment":[{"href":"https:\/\/univet.hu\/hu\/wp-json\/wp\/v2\/media?parent=55199"}],"wp:term":[{"taxonomy":"category","embeddable":true,"href":"https:\/\/univet.hu\/hu\/wp-json\/wp\/v2\/categories?post=55199"},{"taxonomy":"post_tag","embeddable":true,"href":"https:\/\/univet.hu\/hu\/wp-json\/wp\/v2\/tags?post=55199"}],"curies":[{"name":"wp","href":"https:\/\/api.w.org\/{rel}","templated":true}]}}