{"id":55201,"date":"2020-06-03T15:31:11","date_gmt":"2020-06-03T13:31:11","guid":{"rendered":"https:\/\/univet.hu\/hu\/otdk2021\/tagozatok\/agrarinformatikai\/"},"modified":"2021-02-22T22:50:40","modified_gmt":"2021-02-22T21:50:40","slug":"allategeszsegugyi","status":"publish","type":"page","link":"https:\/\/univet.hu\/hu\/otdk2021\/tagozatok\/allategeszsegugyi\/","title":{"rendered":"\u00c1llateg\u00e9szs\u00e9g\u00fcgyi tagozat"},"content":{"rendered":"<p>&nbsp;<\/p> <p><strong>Zs\u0171ri eln\u00f6ke:<\/strong> Dr. Husv\u00e9th Ferenc<\/p> <p><strong>Tagok:<\/strong> Dr. Egri Borisz<\/p> <p style=\"padding-left: 60px;\">Dr. Zomborszky Zolt\u00e1n<\/p> <p style=\"padding-left: 60px;\">Dr. G\u00e1lfi P\u00e9ter<\/p> <p style=\"padding-left: 60px;\">Dr. Magyar Tibor<\/p> <p><strong>Hallgat\u00f3:<\/strong> Schulcz N\u00f3ra<\/p> <p><strong>Titk\u00e1r:<\/strong> Dr. Vizi Zsuzsanna<\/p> <p>&nbsp;<\/p> <table style=\"width: 866px;\" width=\"687\"> <tbody> <tr> <td style=\"width: 172px;\" data-sheets-value=\"{&quot;1&quot;:2,&quot;2&quot;:&quot;Szerz\u0151(k) neve&quot;}\"><strong>Szerz\u0151<\/strong><\/td> <td style=\"width: 249.6px;\" data-sheets-value=\"{&quot;1&quot;:2,&quot;2&quot;:&quot;Dolgozat c\u00edme&quot;}\"><strong>Dolgozat c\u00edme<\/strong><\/td> <td style=\"width: 186.4px;\"><strong>T\u00e9mavezet\u0151<\/strong><\/td> <td style=\"width: 232px;\" data-sheets-value=\"{&quot;1&quot;:2,&quot;2&quot;:&quot;Konzulens(ek)&quot;}\"><strong>K\u00fcld\u0151 int\u00e9zm\u00e9ny<\/strong><\/td> <\/tr> <tr> <td style=\"width: 172px;\"><strong>B\u00e1rsony Bogl\u00e1rka Gabriella<\/strong><\/td> <td style=\"width: 249.6px;\">Hogyan f\u00fcggnek az egyes HRV param\u00e9terek a l\u00f3 temperamentum\u00e1t\u00f3l<\/td> <td style=\"width: 186.4px;\">Dr. Korbacska-Kutasi Orsolya<\/td> <td style=\"width: 232px;\">\u00c1llatorvostudom\u00e1nyi Egyetem<\/td> <\/tr> <tr> <td style=\"width: 172px;\"><strong>Feh\u00e9r S\u00e1ra<\/strong><\/td> <td style=\"width: 249.6px;\">\u00daj, hat\u00e9kony kemoter\u00e1pi\u00e1s protokoll kidolgoz\u00e1sa kutya lymphoma kezel\u00e9s\u00e9re in vitro modellrendszeren<\/td> <td style=\"width: 186.4px;\"> <p>Dr. Vajdovich P\u00e9ter,<\/p> <p>Karai Edina<\/td> <td style=\"width: 232px;\">\u00c1llatorvostudom\u00e1nyi Egyetem<\/td> <\/tr> <tr> <td style=\"width: 172px;\"><strong>Jakab Fl\u00f3ra<\/strong><\/td> <td style=\"width: 249.6px;\">Kuty\u00e1k sz\u00edvmorfol\u00f3gi\u00e1j\u00e1nak radiogr\u00e1fiai \u00e9s ultrahangos \u00f6sszehasonl\u00edt\u00f3 vizsg\u00e1lata<\/td> <td style=\"width: 186.4px;\">Dr. Arany-T\u00f3th Attila<\/td> <td style=\"width: 232px;\">\u00c1llatorvostudom\u00e1nyi Egyetem<\/td> <\/tr> <tr> <td style=\"width: 172px;\"><strong>Kiss Bernadett<\/strong><\/td> <td style=\"width: 249.6px;\">M\u00e9hbetegs\u00e9gek, kezel\u00e9s\u00e9nek lehet\u0151s\u00e9gei a konvencion\u00e1lis- \u00e9s biom\u00e9h\u00e9szetekben<\/td> <td style=\"width: 186.4px;\"> <p>Dr. Forg\u00f3 Istv\u00e1n,<\/p> <p>Kiss Ott\u00f3<\/td> <td style=\"width: 232px;\">Ny\u00edregyh\u00e1zi Egyetem<\/td> <\/tr> <tr> <td style=\"width: 172px;\"><strong>Koml\u00f3si Katalin Kitti<\/strong><\/td> <td style=\"width: 249.6px;\">H\u0151stressz hat\u00e1sainak vizsg\u00e1lata tejel\u0151 magyartarka teheneken<\/td> <td style=\"width: 186.4px;\">Dr. Rib\u00e1cs Attila<\/td> <td style=\"width: 232px;\">Szent Istv\u00e1n Egyetem<\/td> <\/tr> <tr> <td style=\"width: 172px;\"><strong>K\u00f3nya R\u00e9ka<\/strong><\/td> <td style=\"width: 249.6px;\">A sz\u00edvf\u00e9rgess\u00e9g komplex gy\u00f3gykezel\u00e9s\u00e9nek \u00fajabb lehet\u0151s\u00e9gei kuty\u00e1kban<\/td> <td style=\"width: 186.4px;\"> <p>Dr. V\u00f6r\u00f6s K\u00e1roly,<\/p> <p>Dr. Becker Zsolt<\/td> <td style=\"width: 232px;\">\u00c1llatorvostudom\u00e1nyi Egyetem<\/td> <\/tr> <tr> <td style=\"width: 172px;\"><strong>Madar M\u00e1rta<\/strong><\/td> <td style=\"width: 249.6px;\">A tehenek ell\u00e9s\u00e9nek jelz\u00e9s\u00e9re alkalmazhat\u00f3 rendszerek \u00f6sszehasonl\u00edt\u00f3 vizsg\u00e1lata<\/td> <td style=\"width: 186.4px;\"> <p>dr. Horv\u00e1th Andr\u00e1s,<\/p> <p>Dr. L\u00e9n\u00e1rt Lea<\/td> <td style=\"width: 232px;\">\u00c1llatorvostudom\u00e1nyi Egyetem<\/td> <\/tr> <tr> <td style=\"width: 172px;\"><strong>\u00d3dor Anett<\/strong><\/td> <td style=\"width: 249.6px;\">Az ell\u00e9s ut\u00e1ni megbeteged\u00e9sek- k\u00fcl\u00f6n\u00f6s tekintettel a m\u00e9h megbeteged\u00e9seire- hat\u00e1sa a tejel\u0151 tehenek k\u00e9r\u0151dz\u00e9ssel t\u00f6lt\u00f6tt idej\u00e9re.<\/td> <td style=\"width: 186.4px;\">Dr. L\u00e9n\u00e1rt Lea<\/td> <td style=\"width: 232px;\">\u00c1llatorvostudom\u00e1nyi Egyetem<\/td> <\/tr> <tr> <td style=\"width: 172px;\"><strong>Steiner Fl\u00f3ra<\/strong><\/td> <td style=\"width: 249.6px;\">A l\u00e9gcs\u0151tubus optim\u00e1lis m\u00e9ret\u00e9nek meghat\u00e1roz\u00e1sa kuty\u00e1kban<\/td> <td style=\"width: 186.4px;\">Dr. Dunay Mikl\u00f3s P\u00e1l<\/td> <td style=\"width: 232px;\">\u00c1llatorvostudom\u00e1nyi Egyetem<\/td> <\/tr> <tr> <td style=\"width: 172px;\"><strong>Uszkai Vir\u00e1g Zs\u00f3fia<\/strong><\/td> <td style=\"width: 249.6px;\">K\u00fcl\u00f6nb\u00f6z\u0151 kontrasztanyagok hat\u00e1s\u00e1nak vizsg\u00e1lata nyulak gastrointestinalis tractus\u00e1ra<\/td> <td style=\"width: 186.4px;\">Dr. Papp Antal<\/td> <td style=\"width: 232px;\">\u00c1llatorvostudom\u00e1nyi Egyetem<\/td> <\/tr> <tr> <td style=\"width: 172px;\"><strong>Varga D\u00f3ra<\/strong><\/td> <td style=\"width: 249.6px;\">A nyel\u0151cs\u0151f\u00e9rgess\u00e9g \u00e9s a sz\u00edvf\u00e9rgess\u00e9g el\u0151fordul\u00e1s\u00e1nak \u00f6sszehasonl\u00edt\u00f3 vizsg\u00e1lata a magyarorsz\u00e1gi kuty\u00e1kban<\/td> <td style=\"width: 186.4px;\">Dr. Ps\u00e1der Roland<\/td> <td style=\"width: 232px;\">\u00c1llatorvostudom\u00e1nyi Egyetem<\/td> <\/tr> <tr> <td style=\"width: 172px;\"><strong>Ziszisz \u00c1risz<\/strong><\/td> <td style=\"width: 249.6px;\">Egyes gy\u00edk fajok (Sauria) ivarmeghat\u00e1roz\u00e1sa k\u00e9palkot\u00f3 diagnosztikai m\u00f3dszerrel<\/td> <td style=\"width: 186.4px;\"> <p>Dr. G\u00e1l J\u00e1nos,<\/p> <p>Dr. Hoitsy M\u00e1rton<\/td> <td style=\"width: 232px;\">\u00c1llatorvostudom\u00e1nyi Egyetem<\/td> <\/tr> <\/tbody> <\/table> <p>&nbsp;<\/p>","protected":false},"excerpt":{"rendered":"<p>&nbsp; Zs\u0171ri eln\u00f6ke: Dr. Husv\u00e9th Ferenc Tagok: Dr. Egri Borisz Dr. Zomborszky Zolt\u00e1n Dr. G\u00e1lfi P\u00e9ter Dr. Magyar Tibor Hallgat\u00f3: Schulcz N\u00f3ra Titk\u00e1r: Dr. Vizi Zsuzsanna &nbsp; Szerz\u0151 Dolgozat c\u00edme T\u00e9mavezet\u0151 K\u00fcld\u0151 int\u00e9zm\u00e9ny B\u00e1rsony Bogl\u00e1rka Gabriella Hogyan f\u00fcggnek az egyes HRV param\u00e9terek a l\u00f3 temperamentum\u00e1t\u00f3l Dr. Korbacska-Kutasi Orsolya \u00c1llatorvostudom\u00e1nyi Egyetem Feh\u00e9r S\u00e1ra \u00daj, hat\u00e9kony kemoter\u00e1pi\u00e1s<\/p>\n","protected":false},"author":2518,"featured_media":0,"parent":55197,"menu_order":0,"comment_status":"open","ping_status":"open","template":"","meta":{"_acf_changed":false,"footnotes":""},"categories":[],"tags":[],"class_list":["post-55201","page","type-page","status-publish","hentry"],"acf":[],"_links":{"self":[{"href":"https:\/\/univet.hu\/hu\/wp-json\/wp\/v2\/pages\/55201","targetHints":{"allow":["GET"]}}],"collection":[{"href":"https:\/\/univet.hu\/hu\/wp-json\/wp\/v2\/pages"}],"about":[{"href":"https:\/\/univet.hu\/hu\/wp-json\/wp\/v2\/types\/page"}],"author":[{"embeddable":true,"href":"https:\/\/univet.hu\/hu\/wp-json\/wp\/v2\/users\/2518"}],"replies":[{"embeddable":true,"href":"https:\/\/univet.hu\/hu\/wp-json\/wp\/v2\/comments?post=55201"}],"version-history":[{"count":0,"href":"https:\/\/univet.hu\/hu\/wp-json\/wp\/v2\/pages\/55201\/revisions"}],"up":[{"embeddable":true,"href":"https:\/\/univet.hu\/hu\/wp-json\/wp\/v2\/pages\/55197"}],"wp:attachment":[{"href":"https:\/\/univet.hu\/hu\/wp-json\/wp\/v2\/media?parent=55201"}],"wp:term":[{"taxonomy":"category","embeddable":true,"href":"https:\/\/univet.hu\/hu\/wp-json\/wp\/v2\/categories?post=55201"},{"taxonomy":"post_tag","embeddable":true,"href":"https:\/\/univet.hu\/hu\/wp-json\/wp\/v2\/tags?post=55201"}],"curies":[{"name":"wp","href":"https:\/\/api.w.org\/{rel}","templated":true}]}}