{"id":55203,"date":"2020-06-03T15:32:08","date_gmt":"2020-06-03T13:32:08","guid":{"rendered":"https:\/\/univet.hu\/hu\/otdk2021\/tagozatok\/agrarmarketing\/"},"modified":"2021-02-25T09:18:17","modified_gmt":"2021-02-25T08:18:17","slug":"agrarmarketing","status":"publish","type":"page","link":"https:\/\/univet.hu\/hu\/otdk2021\/tagozatok\/agrarmarketing\/","title":{"rendered":"Agr\u00e1r- \u00e9s \u00e9lelmiszermarketing tagozat"},"content":{"rendered":"<p>&nbsp;<\/p> <p><strong>Zs\u0171ri eln\u00f6ke:<\/strong> Dr. Szak\u00e1ly Zolt\u00e1n<\/p> <p><strong>Tagok:<\/strong>\u00a0 Dr. Szigeti Orsolya<\/p> <p style=\"padding-left: 30px;\">\u00a0 \u00a0 \u00a0 \u00a0 Dr. Mez\u0151szengy\u00f6rgyi D\u00e1vid<\/p> <p style=\"padding-left: 30px;\">\u00a0 \u00a0 \u00a0 \u00a0 Dr. Feh\u00e9r Orsolya<\/p> <p style=\"padding-left: 60px;\">ifj. Dr. Biacs P\u00e9ter<\/p> <p style=\"padding-left: 60px;\">Dr. N\u00e9meth T. Anett<\/p> <p><strong>Hallgat\u00f3:<\/strong> Borda \u00c1ron J\u00f3zsef<\/p> <p><strong>Titk\u00e1r:<\/strong>\u00a0Dr. Albert Ervin<\/p> <p>&nbsp;<\/p> <table width=\"833\"> <tbody> <tr> <td style=\"width: 172px;\" data-sheets-value=\"{&quot;1&quot;:2,&quot;2&quot;:&quot;Szerz\u0151(k) neve&quot;}\"><strong>Szerz\u0151<\/strong><\/td> <td style=\"width: 265.6px;\"><strong>Dolgozat c\u00edme<\/strong><\/td> <td style=\"width: 184.8px;\" data-sheets-value=\"{&quot;1&quot;:2,&quot;2&quot;:&quot;Konzulens(ek)&quot;}\"><strong>T\u00e9mavezet\u0151<\/strong><\/td> <td style=\"width: 184.8px;\"><strong>K\u00fcld\u0151 int\u00e9zm\u00e9ny<\/strong><\/td> <\/tr> <tr> <td style=\"width: 172px;\" data-sheets-value=\"{&quot;1&quot;:2,&quot;2&quot;:&quot;Andr\u00e9 Edina&quot;}\"><strong>Andr\u00e9 Edina<\/strong><\/td> <td style=\"width: 265.6px;\" data-sheets-value=\"{&quot;1&quot;:2,&quot;2&quot;:&quot;K\u00e9zm\u0171ves s\u00f6rfogyaszt\u00e1s helyzete Magyarorsz\u00e1gon, a Legenda S\u00f6rf\u0151zde p\u00e9ld\u00e1j\u00e1n kereszt\u00fcl&quot;}\">K\u00e9zm\u0171ves s\u00f6rfogyaszt\u00e1s helyzete Magyarorsz\u00e1gon, a Legenda S\u00f6rf\u0151zde p\u00e9ld\u00e1j\u00e1n kereszt\u00fcl<\/td> <td style=\"width: 184.8px;\" data-sheets-value=\"{&quot;1&quot;:2,&quot;2&quot;:&quot;Balogh Jeremi\u00e1s&quot;}\">Balogh Jeremi\u00e1s<\/td> <td style=\"width: 184.8px;\">Budapesti\u00a0Corvinus Egyetem<\/td> <\/tr> <tr> <td style=\"width: 172px;\" data-sheets-value=\"{&quot;1&quot;:2,&quot;2&quot;:&quot;Antal S\u00e1ndor&quot;}\"><strong>Antal S\u00e1ndor<\/strong><\/td> <td style=\"width: 265.6px;\" data-sheets-value=\"{&quot;1&quot;:2,&quot;2&quot;:&quot;A r\u00f6vid \u00e9lelmiszerl\u00e1nccal kapcsolatos fogyaszt\u00f3i elv\u00e1r\u00e1sok \u00e9s termel\u0151i lehet\u0151s\u00e9gek vizsg\u00e1lata&quot;}\">A r\u00f6vid \u00e9lelmiszerl\u00e1nccal kapcsolatos fogyaszt\u00f3i elv\u00e1r\u00e1sok \u00e9s termel\u0151i lehet\u0151s\u00e9gek vizsg\u00e1lata<\/td> <td style=\"width: 184.8px;\" data-sheets-value=\"{&quot;1&quot;:2,&quot;2&quot;:&quot;Dr. Vincze Judit&quot;}\">Dr. Vincze Judit<\/td> <td style=\"width: 184.8px;\">Eszterh\u00e1zy K\u00e1roly Egyetem<\/td> <\/tr> <tr> <td style=\"width: 172px;\" data-sheets-value=\"{&quot;1&quot;:2,&quot;2&quot;:&quot;Bazsik Istv\u00e1n&quot;}\"><strong>Bazsik Istv\u00e1n<\/strong><\/td> <td style=\"width: 265.6px;\" data-sheets-value=\"{&quot;1&quot;:2,&quot;2&quot;:&quot;Borturisztikai \u00e9s borfogyaszt\u00f3i felm\u00e9r\u00e9s Monoron&quot;}\">Borturisztikai \u00e9s borfogyaszt\u00f3i felm\u00e9r\u00e9s Monoron<\/td> <td style=\"width: 184.8px;\" data-sheets-value=\"{&quot;1&quot;:2,&quot;2&quot;:&quot;Dr. Koncz G\u00e1bor&quot;}\">Dr. Koncz G\u00e1bor<\/td> <td style=\"width: 184.8px;\">Szent Istv\u00e1n Egyetem<\/td> <\/tr> <tr> <td style=\"width: 172px;\" data-sheets-value=\"{&quot;1&quot;:2,&quot;2&quot;:&quot;B\u0171di D\u00e1niel&quot;}\"><strong>B\u0171di D\u00e1niel<\/strong><\/td> <td style=\"width: 265.6px;\" data-sheets-value=\"{&quot;1&quot;:2,&quot;2&quot;:&quot;A k\u00f6z\u00f6ss\u00e9gi m\u00e9dia haszn\u00e1lat\u00e1nak hat\u00e1sa a hazai p\u00e1linkaf\u0151zd\u00e9k j\u00f6vedelmez\u0151s\u00e9g\u00e9re&quot;}\">A k\u00f6z\u00f6ss\u00e9gi m\u00e9dia haszn\u00e1lat\u00e1nak hat\u00e1sa a hazai p\u00e1linkaf\u0151zd\u00e9k j\u00f6vedelmez\u0151s\u00e9g\u00e9re<\/td> <td style=\"width: 184.8px;\" data-sheets-value=\"{&quot;1&quot;:2,&quot;2&quot;:&quot;T\u00f6r\u00f6k \u00c1ron&quot;}\">T\u00f6r\u00f6k \u00c1ron<\/td> <td style=\"width: 184.8px;\">Budapesti\u00a0Corvinus Egyetem<\/td> <\/tr> <tr> <td style=\"width: 172px;\" data-sheets-value=\"{&quot;1&quot;:2,&quot;2&quot;:&quot;G\u0151bel Rebeka&quot;}\"><strong>G\u0151bel Rebeka<\/strong><\/td> <td style=\"width: 265.6px;\" data-sheets-value=\"{&quot;1&quot;:2,&quot;2&quot;:&quot;\u00c9lelmiszerpazarl\u00e1si szok\u00e1sok vizsg\u00e1lata kaposv\u00e1ri h\u00e1ztart\u00e1sokban&quot;}\">\u00c9lelmiszerpazarl\u00e1si szok\u00e1sok vizsg\u00e1lata kaposv\u00e1ri h\u00e1ztart\u00e1sokban<\/td> <td style=\"width: 184.8px;\" data-sheets-value=\"{&quot;1&quot;:2,&quot;2&quot;:&quot;Dr. Borb\u00e9ly Csaba&quot;}\">Dr. Borb\u00e9ly Csaba<\/td> <td style=\"width: 184.8px;\">Kaposv\u00e1ri Egyetem<\/td> <\/tr> <tr> <td style=\"width: 172px;\" data-sheets-value=\"{&quot;1&quot;:2,&quot;2&quot;:&quot;Kar\u00e1di N\u00f3ra&quot;}\"><strong>Kar\u00e1di N\u00f3ra<\/strong><\/td> <td style=\"width: 265.6px;\" data-sheets-value=\"{&quot;1&quot;:2,&quot;2&quot;:&quot;A m\u00e9zfogyaszt\u00e1si-\u00e9s v\u00e1s\u00e1rl\u00e1si szok\u00e1sok vizsg\u00e1lata&quot;}\">A m\u00e9zfogyaszt\u00e1si-\u00e9s v\u00e1s\u00e1rl\u00e1si szok\u00e1sok vizsg\u00e1lata<\/td> <td style=\"width: 184.8px;\" data-sheets-value=\"{&quot;1&quot;:2,&quot;2&quot;:&quot;Bakosn\u00e9 Dr. Kiss Vir\u00e1g \u00c1gnes&quot;}\">Bakosn\u00e9 Dr. Kiss Vir\u00e1g \u00c1gnes<\/td> <td style=\"width: 184.8px;\">Debreceni Egyetem<\/td> <\/tr> <tr> <td style=\"width: 172px;\" data-sheets-value=\"{&quot;1&quot;:2,&quot;2&quot;:&quot;Ker\u00e9nyi N\u00f3ra&quot;}\"><strong>Ker\u00e9nyi N\u00f3ra<\/strong><\/td> <td style=\"width: 265.6px;\" data-sheets-value=\"{&quot;1&quot;:2,&quot;2&quot;:&quot;A termel\u0151i piacok vizsg\u00e1lata - fogyaszt\u00f3i megk\u00f6zel\u00edt\u00e9s&quot;}\">A termel\u0151i piacok vizsg\u00e1lata &#8211; fogyaszt\u00f3i megk\u00f6zel\u00edt\u00e9s<\/td> <td style=\"width: 184.8px;\" data-sheets-value=\"{&quot;1&quot;:2,&quot;2&quot;:&quot;T\u00f6r\u00f6k \u00c1ron&quot;}\">T\u00f6r\u00f6k \u00c1ron<\/td> <td style=\"width: 184.8px;\">Budapesti\u00a0Corvinus Egyetem<\/td> <\/tr> <tr> <td style=\"width: 172px;\" data-sheets-value=\"{&quot;1&quot;:2,&quot;2&quot;:&quot;Kert\u00e9sz Lili Rebeka&quot;}\"><strong>Kert\u00e9sz Lili Rebeka<\/strong><\/td> <td style=\"width: 265.6px;\" data-sheets-value=\"{&quot;1&quot;:2,&quot;2&quot;:&quot;A bioterm\u00e9kek fogyaszt\u00e1si jellemz\u0151i, a bioc\u00edmk\u00e9k ismeret\u00e9nek \u00e9s az \u00e1r\u00e9rz\u00e9kenys\u00e9g jegy\u00e9ben&quot;}\">A bioterm\u00e9kek fogyaszt\u00e1si jellemz\u0151i, a bioc\u00edmk\u00e9k ismeret\u00e9nek \u00e9s az \u00e1r\u00e9rz\u00e9kenys\u00e9g jegy\u00e9ben<\/td> <td style=\"width: 184.8px;\" data-sheets-value=\"{&quot;1&quot;:2,&quot;2&quot;:&quot;T\u00f6r\u00f6k \u00c1ron&quot;}\">T\u00f6r\u00f6k \u00c1ron<\/td> <td style=\"width: 184.8px;\">Budapesti\u00a0Corvinus Egyetem<\/td> <\/tr> <tr> <td style=\"width: 172px;\" data-sheets-value=\"{&quot;1&quot;:2,&quot;2&quot;:&quot;Mar\u00f3 Zal\u00e1n M\u00e1rk&quot;}\"><strong>Mar\u00f3 Zal\u00e1n M\u00e1rk<\/strong><\/td> <td style=\"width: 265.6px;\" data-sheets-value=\"{&quot;1&quot;:2,&quot;2&quot;:&quot;Az EU bio c\u00edmke helyzete magyar fogyaszt\u00f3k k\u00f6r\u00e9ben \u2013 Ismerts\u00e9g \u00e9s rendszeres v\u00e1s\u00e1rl\u00e1s t\u00e9nyez\u0151i&quot;}\">Az EU bio c\u00edmke helyzete magyar fogyaszt\u00f3k k\u00f6r\u00e9ben \u2013 Ismerts\u00e9g \u00e9s rendszeres v\u00e1s\u00e1rl\u00e1s t\u00e9nyez\u0151i<\/td> <td style=\"width: 184.8px;\" data-sheets-value=\"{&quot;1&quot;:2,&quot;2&quot;:&quot;T\u00f6r\u00f6k \u00c1ron&quot;}\">T\u00f6r\u00f6k \u00c1ron<\/td> <td style=\"width: 184.8px;\">Budapesti\u00a0Corvinus Egyetem<\/td> <\/tr> <tr> <td style=\"width: 172px;\" data-sheets-value=\"{&quot;1&quot;:2,&quot;2&quot;:&quot;Mersei-Filler Rita&quot;}\"><strong>Mersei-Filler Rita<\/strong><\/td> <td style=\"width: 265.6px;\" data-sheets-value=\"{&quot;1&quot;:2,&quot;2&quot;:&quot;Menedzsment \u00e9s marketing a r\u00f6vid \u00e9lelmiszerell\u00e1t\u00f3 l\u00e1nc v\u00e1llalkoz\u00e1sok fejleszt\u00e9se ter\u00fclet\u00e9n - Egy hazai farm-to-table \u00e9tterem projekt p\u00e9ld\u00e1ja&quot;}\">Menedzsment \u00e9s marketing a r\u00f6vid \u00e9lelmiszerell\u00e1t\u00f3 l\u00e1nc v\u00e1llalkoz\u00e1sok fejleszt\u00e9se ter\u00fclet\u00e9n &#8211; Egy hazai farm-to-table \u00e9tterem projekt p\u00e9ld\u00e1ja<\/td> <td style=\"width: 184.8px;\" data-sheets-value=\"{&quot;1&quot;:2,&quot;2&quot;:&quot;Prof. Dr. V\u00f6r\u00f6s Mih\u00e1ly&quot;}\">Prof. Dr. V\u00f6r\u00f6s Mih\u00e1ly<\/td> <td style=\"width: 184.8px;\">Edutus Egyetem<\/td> <\/tr> <tr> <td style=\"width: 172px;\" data-sheets-value=\"{&quot;1&quot;:2,&quot;2&quot;:&quot;Ol\u00e1h Bettina&quot;}\"><strong>Ol\u00e1h Bettina<\/strong><\/td> <td style=\"width: 265.6px;\" data-sheets-value=\"{&quot;1&quot;:2,&quot;2&quot;:&quot;K\u00e1v\u00e9fogyaszt\u00e1si szok\u00e1sok vizsg\u00e1lata&quot;}\">K\u00e1v\u00e9fogyaszt\u00e1si szok\u00e1sok vizsg\u00e1lata<\/td> <td style=\"width: 184.8px;\" data-sheets-value=\"{&quot;1&quot;:2,&quot;2&quot;:&quot;Mih\u00e1ly-Karnai Laura&quot;}\">Mih\u00e1ly-Karnai Laura<\/td> <td style=\"width: 184.8px;\">Debreceni Egyetem<\/td> <\/tr> <tr> <td style=\"width: 172px;\" data-sheets-value=\"{&quot;1&quot;:2,&quot;2&quot;:&quot;Rag\u00f3 Nikolett&quot;}\"><strong>Rag\u00f3 Nikolett<\/strong><\/td> <td style=\"width: 265.6px;\" data-sheets-value=\"{&quot;1&quot;:2,&quot;2&quot;:&quot;Magyar besz\u00e1ll\u00edt\u00f3k \u00e9s a McDonald\u2019s \u2013 mennyire magyar a Big Mac?&quot;}\">Magyar besz\u00e1ll\u00edt\u00f3k \u00e9s a McDonald\u2019s \u2013 mennyire magyar a Big Mac?<\/td> <td style=\"width: 184.8px;\" data-sheets-value=\"{&quot;1&quot;:2,&quot;2&quot;:&quot;T\u00f6r\u00f6k \u00c1ron&quot;}\">T\u00f6r\u00f6k \u00c1ron<\/td> <td style=\"width: 184.8px;\">Budapesti\u00a0Corvinus Egyetem<\/td> <\/tr> <tr> <td style=\"width: 172px;\" data-sheets-value=\"{&quot;1&quot;:2,&quot;2&quot;:&quot;\u00dajv\u00e1ri Gr\u00e9ta&quot;}\"><strong>\u00dajv\u00e1ri Gr\u00e9ta<\/strong><\/td> <td style=\"width: 265.6px;\" data-sheets-value=\"{&quot;1&quot;:2,&quot;2&quot;:&quot;Hazai h\u00fas- \u00e9s feh\u00e9rjefogyaszt\u00e1s&quot;}\">Hazai h\u00fas- \u00e9s feh\u00e9rjefogyaszt\u00e1s<\/td> <td style=\"width: 184.8px;\" data-sheets-value=\"{&quot;1&quot;:2,&quot;2&quot;:&quot;Dr. Bencsik D\u00f3ra&quot;}\">Dr. Bencsik D\u00f3ra<\/td> <td style=\"width: 184.8px;\">Szegedi Tudom\u00e1nyegyetem<\/td> <\/tr> <\/tbody> <\/table> <p>&nbsp;<\/p>","protected":false},"excerpt":{"rendered":"<p>&nbsp; Zs\u0171ri eln\u00f6ke: Dr. Szak\u00e1ly Zolt\u00e1n Tagok:\u00a0 Dr. Szigeti Orsolya \u00a0 \u00a0 \u00a0 \u00a0 Dr. Mez\u0151szengy\u00f6rgyi D\u00e1vid \u00a0 \u00a0 \u00a0 \u00a0 Dr. Feh\u00e9r Orsolya ifj. Dr. Biacs P\u00e9ter Dr. N\u00e9meth T. Anett Hallgat\u00f3: Borda \u00c1ron J\u00f3zsef Titk\u00e1r:\u00a0Dr. Albert Ervin &nbsp; Szerz\u0151 Dolgozat c\u00edme T\u00e9mavezet\u0151 K\u00fcld\u0151 int\u00e9zm\u00e9ny Andr\u00e9 Edina K\u00e9zm\u0171ves s\u00f6rfogyaszt\u00e1s helyzete Magyarorsz\u00e1gon, a Legenda S\u00f6rf\u0151zde<\/p>\n","protected":false},"author":2518,"featured_media":0,"parent":55197,"menu_order":0,"comment_status":"open","ping_status":"open","template":"","meta":{"_acf_changed":false,"footnotes":""},"categories":[],"tags":[],"class_list":["post-55203","page","type-page","status-publish","hentry"],"acf":[],"_links":{"self":[{"href":"https:\/\/univet.hu\/hu\/wp-json\/wp\/v2\/pages\/55203","targetHints":{"allow":["GET"]}}],"collection":[{"href":"https:\/\/univet.hu\/hu\/wp-json\/wp\/v2\/pages"}],"about":[{"href":"https:\/\/univet.hu\/hu\/wp-json\/wp\/v2\/types\/page"}],"author":[{"embeddable":true,"href":"https:\/\/univet.hu\/hu\/wp-json\/wp\/v2\/users\/2518"}],"replies":[{"embeddable":true,"href":"https:\/\/univet.hu\/hu\/wp-json\/wp\/v2\/comments?post=55203"}],"version-history":[{"count":0,"href":"https:\/\/univet.hu\/hu\/wp-json\/wp\/v2\/pages\/55203\/revisions"}],"up":[{"embeddable":true,"href":"https:\/\/univet.hu\/hu\/wp-json\/wp\/v2\/pages\/55197"}],"wp:attachment":[{"href":"https:\/\/univet.hu\/hu\/wp-json\/wp\/v2\/media?parent=55203"}],"wp:term":[{"taxonomy":"category","embeddable":true,"href":"https:\/\/univet.hu\/hu\/wp-json\/wp\/v2\/categories?post=55203"},{"taxonomy":"post_tag","embeddable":true,"href":"https:\/\/univet.hu\/hu\/wp-json\/wp\/v2\/tags?post=55203"}],"curies":[{"name":"wp","href":"https:\/\/api.w.org\/{rel}","templated":true}]}}