{"id":55205,"date":"2020-06-03T15:32:53","date_gmt":"2020-06-03T13:32:53","guid":{"rendered":"https:\/\/univet.hu\/hu\/otdk2021\/tagozatok\/agrarmuszaki\/"},"modified":"2021-03-30T10:33:02","modified_gmt":"2021-03-30T08:33:02","slug":"agrarmuszaki","status":"publish","type":"page","link":"https:\/\/univet.hu\/hu\/otdk2021\/tagozatok\/agrarmuszaki\/","title":{"rendered":"Agr\u00e1rm\u0171szaki \u00e9s informatikai tagozat"},"content":{"rendered":"<p style=\"text-align: left;\"><span class=\"emphasis\">A tagozat f\u0151 t\u00e1mogat\u00f3i:<\/span><\/p> <p style=\"text-align: left;\"><a href=\"https:\/\/mezohegyesbirtok.hu\/\"><img loading=\"lazy\" decoding=\"async\" class=\"wp-image-63197 alignleft\" src=\"https:\/\/univet.hu\/wp-content\/uploads\/2021\/03\/Fig.2_Embl\u00e9ma_M-03-320x320.png\" alt=\"\" width=\"90\" height=\"90\" srcset=\"https:\/\/univet.hu\/wp-content\/uploads\/2021\/03\/Fig.2_Embl\u00e9ma_M-03-320x320.png 320w, https:\/\/univet.hu\/wp-content\/uploads\/2021\/03\/Fig.2_Embl\u00e9ma_M-03-768x768.png 768w, https:\/\/univet.hu\/wp-content\/uploads\/2021\/03\/Fig.2_Embl\u00e9ma_M-03-960x960.png 960w, https:\/\/univet.hu\/wp-content\/uploads\/2021\/03\/Fig.2_Embl\u00e9ma_M-03-640x640.png 640w\" sizes=\"auto, (max-width: 90px) 100vw, 90px\" \/><\/a><\/p> <p style=\"text-align: left;\">Nemzeti M\u00e9nesbirtok \u00e9s Tangazdas\u00e1g Zrt. \u00e9s KITE Zrt.<\/p> <p>&nbsp;<\/p> <p>&nbsp;<\/p> <p><a href=\"https:\/\/www.kite.hu\/\"><img loading=\"lazy\" decoding=\"async\" class=\"alignleft wp-image-63211\" src=\"https:\/\/univet.hu\/wp-content\/uploads\/2021\/03\/kite.jpg\" alt=\"\" width=\"120\" height=\"53\" srcset=\"https:\/\/univet.hu\/wp-content\/uploads\/2021\/03\/kite.jpg 338w, https:\/\/univet.hu\/wp-content\/uploads\/2021\/03\/kite-320x141.jpg 320w\" sizes=\"auto, (max-width: 120px) 100vw, 120px\" \/><\/a><\/p> <p>&nbsp;<\/p> <p>&nbsp;<\/p> <p><strong>Zs\u0171ri eln\u00f6ke:<\/strong> Dr. Nem\u00e9nyi Mikl\u00f3s<\/p> <p><strong>Tagok:<\/strong>\u00a0 Dr. Kov\u00e1cs Zolt\u00e1n<\/p> <p style=\"padding-left: 60px;\">Dr. Hod\u00far Cec\u00edlia<\/p> <p style=\"padding-left: 60px;\">Dr. P\u00e1lyi B\u00e9la<\/p> <p><strong>Hallgat\u00f3:<\/strong> Kov\u00e1cs R\u00f3bert<\/p> <p><strong>Titk\u00e1r:<\/strong>\u00a0Dr. Albert Ervin<\/p> <p>&nbsp;<\/p> <table style=\"height: 528px;\" width=\"946\"> <tbody> <tr style=\"height: 24px;\"> <td style=\"height: 24px; width: 179px;\" data-sheets-value=\"{&quot;1&quot;:2,&quot;2&quot;:&quot;Szerz\u0151(k) neve&quot;}\"><strong>Szerz\u0151<\/strong><\/td> <td style=\"height: 24px; width: 324px;\" data-sheets-value=\"{&quot;1&quot;:2,&quot;2&quot;:&quot;Dolgozat c\u00edme&quot;}\"><strong>Dolgozat c\u00edme<\/strong><\/td> <td style=\"height: 24px; width: 202px;\"><strong>T\u00e9mavezet\u0151<\/strong><\/td> <td style=\"height: 24px; width: 213px;\" data-sheets-value=\"{&quot;1&quot;:2,&quot;2&quot;:&quot;Konzulens(ek)&quot;}\"><strong>K\u00fcld\u0151 int\u00e9zm\u00e9ny<\/strong><\/td> <\/tr> <tr style=\"height: 24px;\"> <td style=\"height: 24px; width: 179px;\"><strong>Bihari Fanni Zs\u00f3fia<\/strong><strong><br \/> <\/strong><\/td> <td style=\"height: 24px; width: 324px;\">Mozg\u00e1sszervi rehabilit\u00e1ci\u00f3s kertek t\u00e1j\u00e9p\u00edt\u00e9szeti vonatkoz\u00e1sai<\/td> <td style=\"height: 24px; width: 202px;\">Tak\u00e1csn\u00e9 Zajacz Vera<\/td> <td style=\"height: 24px; width: 213px;\">Szent Istv\u00e1n Egyetem<\/td> <\/tr> <tr style=\"height: 48px;\"> <td style=\"height: 48px; width: 179px;\"><strong>G\u00e1bor\u00a0 Tam\u00e1s<\/strong><\/td> <td style=\"height: 48px; width: 324px;\">Szemcsehalmazok vizsg\u00e1lat\u00e1hoz univerz\u00e1lis vizsg\u00e1l\u00f3berendez\u00e9s tervez\u00e9se<\/td> <td style=\"height: 48px; width: 202px;\">Dr. Farkas Zsolt, Dr. Tam\u00e1s Korn\u00e9l<\/td> <td style=\"height: 48px; width: 213px;\">Budapesti M\u0171szaki \u00e9s Gazdas\u00e1gtudom\u00e1nyi Egyetem<\/td> <\/tr> <tr style=\"height: 48px;\"> <td style=\"height: 48px; width: 179px;\"><strong>Haranghy Laura<\/strong><\/td> <td style=\"height: 48px; width: 324px;\">Fizikai \u00e9s k\u00e9miai szennyv\u00edziszap-kezel\u00e9sek hat\u00e9konys\u00e1gvizsg\u00e1lata<\/td> <td style=\"height: 48px; width: 202px;\">Dr. Besz\u00e9des S\u00e1ndor, J\u00e1k\u00f3i Zolt\u00e1n<\/td> <td style=\"height: 48px; width: 213px;\">Szegedi Tudom\u00e1nyegyetem<\/td> <\/tr> <tr style=\"height: 48px;\"> <td style=\"height: 48px; width: 179px;\"><strong>M\u00e1t\u00e9 Loretta<\/strong><\/td> <td style=\"height: 48px; width: 324px;\">Adatgy\u0171jt\u00e9s \u00e9s elemz\u00e9s a prec\u00edzi\u00f3s mez\u0151gazdas\u00e1gban<\/td> <td style=\"height: 48px; width: 202px;\">T\u00f3th R\u00e9ka<\/td> <td style=\"height: 48px; width: 213px;\">Szent Istv\u00e1n Egyetem<\/td> <\/tr> <tr style=\"height: 72px;\"> <td style=\"height: 72px; width: 179px;\"><strong>Szerencs\u00e9s Szabolcs Gyula<\/strong><\/td> <td style=\"height: 72px; width: 324px;\">M\u0171k\u00f6dtet\u00e9si param\u00e9terek hat\u00e1svizsg\u00e1lata szennyvizek vibr\u00e1ci\u00f3s membr\u00e1nszepar\u00e1ci\u00f3j\u00e1ban<\/td> <td style=\"height: 72px; width: 202px;\">Dr. Kert\u00e9sz Szabolcs<\/td> <td style=\"height: 72px; width: 213px;\">Szegedi Tudom\u00e1nyegyetem<\/td> <\/tr> <tr style=\"height: 96px;\"> <td style=\"height: 96px; width: 179px;\"><strong>Sztankovics J\u00f3zsef<\/strong><\/td> <td style=\"height: 96px; width: 324px;\">N\u00f6v\u00e9nyv\u00e9d\u0151 g\u00e9pek id\u0151szakos fel\u00fclvizsg\u00e1lat\u00e1nak k\u00e9rd\u00e9sei, k\u00fcl\u00f6n\u00f6s tekintettel a hazai ig\u00e9nyeket kiel\u00e9g\u00edt\u0151 \u00fcltetv\u00e9nyvizsg\u00e1l\u00f3 pr\u00f3bapad kifejleszt\u00e9s\u00e9re<\/td> <td style=\"height: 96px; width: 202px;\">Dr. habil. Kalm\u00e1r Imre<\/td> <td style=\"height: 96px; width: 213px;\">Ny\u00edregyh\u00e1zi Egyetem<\/td> <\/tr> <tr style=\"height: 72px;\"> <td style=\"height: 72px; width: 179px;\"><strong>Tak\u00e1ts T\u00fcnde<\/strong><\/td> <td style=\"height: 72px; width: 324px;\">Talajer\u00f3zi\u00f3 vizsg\u00e1lata egy hegyl\u00e1bi mez\u0151gazdas\u00e1gi ter\u00fcleten a Gerecse t\u00e9rs\u00e9g\u00e9ben<\/td> <td style=\"height: 72px; width: 202px;\">Dr. Albert G\u00e1sp\u00e1r<\/td> <td style=\"height: 72px; width: 213px;\">E\u00f6tv\u00f6s Lor\u00e1nd Tudom\u00e1nyegyetem<\/td> <\/tr> <tr style=\"height: 96px;\"> <td style=\"height: 96px; width: 179px;\"><strong>Tisza Viktor<\/strong><\/td> <td style=\"height: 96px; width: 324px;\">Mesters\u00e9ges intelligencia alap\u00fa csilipaprika k\u00e9pfelismer\u0151 rendszer fejleszt\u00e9se a nehezen g\u00e9pes\u00edthet\u0151 betakar\u00edt\u00e1si folyamatok t\u00e1mogat\u00e1s\u00e1ra<\/td> <td style=\"height: 96px; width: 202px;\">Dr. Berke J\u00f3zsef PhD, CSc<\/td> <td style=\"height: 96px; width: 213px;\">G\u00e1bor D\u00e9nes F\u0151iskola<\/td> <\/tr> <\/tbody> <\/table> <p>&nbsp;<\/p>","protected":false},"excerpt":{"rendered":"<p>A tagozat f\u0151 t\u00e1mogat\u00f3i: Nemzeti M\u00e9nesbirtok \u00e9s Tangazdas\u00e1g Zrt. \u00e9s KITE Zrt. &nbsp; &nbsp; &nbsp; &nbsp; Zs\u0171ri eln\u00f6ke: Dr. Nem\u00e9nyi Mikl\u00f3s Tagok:\u00a0 Dr. Kov\u00e1cs Zolt\u00e1n Dr. Hod\u00far Cec\u00edlia Dr. P\u00e1lyi B\u00e9la Hallgat\u00f3: Kov\u00e1cs R\u00f3bert Titk\u00e1r:\u00a0Dr. Albert Ervin &nbsp; Szerz\u0151 Dolgozat c\u00edme T\u00e9mavezet\u0151 K\u00fcld\u0151 int\u00e9zm\u00e9ny Bihari Fanni Zs\u00f3fia Mozg\u00e1sszervi rehabilit\u00e1ci\u00f3s kertek t\u00e1j\u00e9p\u00edt\u00e9szeti vonatkoz\u00e1sai Tak\u00e1csn\u00e9 Zajacz Vera<\/p>\n","protected":false},"author":2518,"featured_media":0,"parent":55197,"menu_order":0,"comment_status":"open","ping_status":"open","template":"","meta":{"_acf_changed":false,"footnotes":""},"categories":[],"tags":[],"class_list":["post-55205","page","type-page","status-publish","hentry"],"acf":[],"_links":{"self":[{"href":"https:\/\/univet.hu\/hu\/wp-json\/wp\/v2\/pages\/55205","targetHints":{"allow":["GET"]}}],"collection":[{"href":"https:\/\/univet.hu\/hu\/wp-json\/wp\/v2\/pages"}],"about":[{"href":"https:\/\/univet.hu\/hu\/wp-json\/wp\/v2\/types\/page"}],"author":[{"embeddable":true,"href":"https:\/\/univet.hu\/hu\/wp-json\/wp\/v2\/users\/2518"}],"replies":[{"embeddable":true,"href":"https:\/\/univet.hu\/hu\/wp-json\/wp\/v2\/comments?post=55205"}],"version-history":[{"count":0,"href":"https:\/\/univet.hu\/hu\/wp-json\/wp\/v2\/pages\/55205\/revisions"}],"up":[{"embeddable":true,"href":"https:\/\/univet.hu\/hu\/wp-json\/wp\/v2\/pages\/55197"}],"wp:attachment":[{"href":"https:\/\/univet.hu\/hu\/wp-json\/wp\/v2\/media?parent=55205"}],"wp:term":[{"taxonomy":"category","embeddable":true,"href":"https:\/\/univet.hu\/hu\/wp-json\/wp\/v2\/categories?post=55205"},{"taxonomy":"post_tag","embeddable":true,"href":"https:\/\/univet.hu\/hu\/wp-json\/wp\/v2\/tags?post=55205"}],"curies":[{"name":"wp","href":"https:\/\/api.w.org\/{rel}","templated":true}]}}