{"id":55208,"date":"2020-06-03T15:35:03","date_gmt":"2020-06-03T13:35:03","guid":{"rendered":"https:\/\/univet.hu\/hu\/otdk2021\/tagozatok\/name\/"},"modified":"2021-03-12T09:58:54","modified_gmt":"2021-03-12T08:58:54","slug":"allatelettani","status":"publish","type":"page","link":"https:\/\/univet.hu\/hu\/otdk2021\/tagozatok\/allatelettani\/","title":{"rendered":"\u00c1llat\u00e9lettani tagozat"},"content":{"rendered":"<p>&nbsp;<\/p> <p><strong>Zs\u0171ri eln\u00f6ke:<\/strong> Dr. Kov\u00e1cs Melinda<\/p> <p><strong>Tagok:\u00a0<\/strong> Dr. Bartha Tibor<\/p> <p style=\"padding-left: 60px;\">Dr. Kocsisn\u00e9 Dr. Gr\u00e1f Myrtill<\/p> <p style=\"padding-left: 60px;\">Dr. Jerzsele \u00c1kos<\/p> <p><strong>Hallgat\u00f3:<\/strong>\u00a0Iv\u00e1novics Bence<\/p> <p><strong>Titk\u00e1r:<\/strong>\u00a0Dr. J\u00f3cs\u00e1k Gergely<\/p> <p>&nbsp;<\/p> <table width=\"809\"> <tbody> <tr> <td width=\"159\" data-sheets-value=\"{&quot;1&quot;:2,&quot;2&quot;:&quot;Szerz\u0151(k) neve&quot;}\"><strong>Szerz\u0151<\/strong><\/td> <td width=\"254\" data-sheets-value=\"{&quot;1&quot;:2,&quot;2&quot;:&quot;Dolgozat c\u00edme&quot;}\"><strong>Dolgozat c\u00edme<\/strong><\/td> <td width=\"174\"><strong>T\u00e9mavezet\u0151<\/strong><\/td> <td width=\"222\" data-sheets-value=\"{&quot;1&quot;:2,&quot;2&quot;:&quot;Konzulens(ek)&quot;}\"><strong>K\u00fcld\u0151 int\u00e9zm\u00e9ny<\/strong><\/td> <\/tr> <tr> <td width=\"159\"><strong>Bal\u00e1zs R\u00e9ka<\/strong><\/td> <td width=\"254\">Mikotoxin kezel\u00e9s hat\u00e1sa in vitro teny\u00e9sztett ny\u00fal embri\u00f3ra<\/td> <td width=\"174\"> <p>Dr. Bodrogi Lilla,<\/p> <p>Dr. Kov\u00e1cs Bal\u00e1zs<\/td> <td width=\"222\">Szent Istv\u00e1n Egyetem<\/td> <\/tr> <tr> <td width=\"159\"><strong>Kiss Szonja Petra<\/strong><\/td> <td width=\"254\">Kisk\u00e9r\u0151dz\u0151kb\u0151l izol\u00e1lt Mannheimia haemolytica \u00e9s Bibersteinia trehalosi t\u00f6rzsek szerol\u00f3giai vizsg\u00e1lata<\/td> <td width=\"174\">T\u00f3th Gergely<\/td> <td width=\"222\">\u00c1llatorvostudom\u00e1nyi Egyetem<\/td> <\/tr> <tr> <td width=\"159\"><strong>K\u00f3rik Csilla<\/strong><\/td> <td width=\"254\">Kuty\u00e1k mastocytom\u00e1j\u00e1nak ter\u00e1piarezisztencia vizsg\u00e1lata \u00e1raml\u00e1s citometriai funkcion\u00e1lis teszt alkalmaz\u00e1s\u00e1val<\/td> <td width=\"174\"> <p>Dr. Vajdovich P\u00e9ter,<\/p> <p>Karai Edina<\/td> <td width=\"222\">\u00c1llatorvostudom\u00e1nyi Egyetem<\/td> <\/tr> <tr> <td width=\"159\"><strong>Kov\u00e1cs Emma<\/strong><\/td> <td width=\"254\">Citokr\u00f3m P450 enzimek \u00f6sszehasonl\u00edt\u00f3 vizsg\u00e1lata vadon \u00e9l\u0151 k\u00e9r\u0151dz\u0151 fajokban<\/td> <td width=\"174\"> <p>Dr. M\u00e1tis G\u00e1bor,<\/p> <p>Dr. Neogr\u00e1dy Zsuzsanna<\/td> <td width=\"222\">\u00c1llatorvostudom\u00e1nyi Egyetem<\/td> <\/tr> <tr> <td width=\"159\"><strong>Moldov\u00e1n Panna<\/strong><\/td> <td width=\"254\">Sert\u00e9s v\u00e1g\u00f3h\u00eddi mint\u00e1kb\u00f3l sz\u00e1rmaz\u00f3 Escherichia coli t\u00f6rzsek antibiotikum-rezisztenci\u00e1j\u00e1nak felm\u00e9r\u00e9se<\/td> <td width=\"174\">Dr. Somogyi Zolt\u00e1n<\/td> <td width=\"222\">\u00c1llatorvostudom\u00e1nyi Egyetem<\/td> <\/tr> <tr> <td width=\"159\"><strong>Pint\u00e9r Krisztina<\/strong><\/td> <td width=\"254\">Kisk\u00e9r\u0151dz\u0151kb\u0151l izol\u00e1lt Mannheimia haemolytica \u00e9s Biberstenia trehalosi t\u00f6rzsek antibiotikum-\u00e9rz\u00e9kenys\u00e9g\u00e9nek vizsg\u00e1lata<\/td> <td width=\"174\">T\u00f3th Gergely<\/td> <td width=\"222\">\u00c1llatorvostudom\u00e1nyi Egyetem<\/td> <\/tr> <tr> <td width=\"159\"><strong>Szentgy\u00f6rgyi \u00c1kos<\/strong><\/td> <td width=\"254\">Bakteri\u00e1lis sejtfalkomponensek hat\u00e1sainak \u00f6sszehasonl\u00edt\u00e1sa k\u00e9t-, illetve h\u00e1romdimenzi\u00f3s csirke eredet\u0171 m\u00e1jsejtteny\u00e9szeteken<\/td> <td width=\"174\"> <p>Dr. Seb\u0151k Csilla,<\/p> <p>V\u00f6r\u00f6sh\u00e1zi J\u00falia<\/td> <td width=\"222\">\u00c1llatorvostudom\u00e1nyi Egyetem<\/td> <\/tr> <tr> <td width=\"159\"><strong>Tersty\u00e1nszky Di\u00e1na<\/strong><\/td> <td width=\"254\">Ochratoxinok \u00e9s citrininek expoz\u00edci\u00f3s \u00e9s koexpoz\u00edci\u00f3s vizsg\u00e1lata zebradn\u00e1ni\u00f3 embri\u00f3kon<\/td> <td width=\"174\"> <p>Dr. Csenki-Bakos Zsolt,<\/p> <p>Dr. Po\u00f3r Mikl\u00f3s,<\/p> <p>Garai Edina<\/td> <td width=\"222\">Szent Istv\u00e1n Egyetem<\/td> <\/tr> <tr> <td width=\"159\"><strong>T\u00f3th Fruzsina<\/strong><\/td> <td width=\"254\">Magyarorsz\u00e1gi Mycoplasma Hyorhinis t\u00f6rzsek \u00f6sszehasonl\u00edt\u00f3 genetikai vizsg\u00e1lata multiple-locus variable-number tandem repeat analysis (MLVA) m\u00f3dszerrel<\/td> <td width=\"174\"> <p>Dr. Gyuranecz Mikl\u00f3s,<\/p> <p>F\u00f6ldi Dorottya<\/td> <td width=\"222\">\u00c1llatorvostudom\u00e1nyi Egyetem<\/td> <\/tr> <tr> <td width=\"159\"><strong>Tr\u00fazsi Rox\u00e1na Laura<\/strong><\/td> <td width=\"254\">A b\u00e9ls\u00e1rral \u00fcr\u00fcl\u0151 strongylida-t\u00edpus\u00fa pet\u00e9k sz\u00e1m\u00e1t befoly\u00e1sol\u00f3 egyes t\u00e9nyez\u0151k \u00e9s az ivermektin hat\u00e9konys\u00e1g\u00e1nak vizsg\u00e1lata l\u00f3\u00e1llom\u00e1nyokban<\/td> <td width=\"174\"> <p>Dr. Farkas R\u00f3bert,<\/p> <p>Dr. Jo\u00f3 Kinga<\/td> <td width=\"222\">\u00c1llatorvostudom\u00e1nyi Egyetem<\/td> <\/tr> <tr> <td width=\"159\"><strong>Vaktor Nelli Fanni<\/strong><\/td> <td width=\"254\">A T-2 toxin hat\u00e1sainak vizsg\u00e1lata csirke eredet\u0171 hepatikus sejtmodelleken<\/td> <td width=\"174\"> <p>Dr. M\u00e1tis G\u00e1bor,<\/p> <p>Dr. Mackei M\u00e1t\u00e9<\/td> <td width=\"222\">\u00c1llatorvostudom\u00e1nyi Egyetem<\/td> <\/tr> <\/tbody> <\/table> <p>&nbsp;<\/p>","protected":false},"excerpt":{"rendered":"<p>&nbsp; Zs\u0171ri eln\u00f6ke: Dr. Kov\u00e1cs Melinda Tagok:\u00a0 Dr. Bartha Tibor Dr. Kocsisn\u00e9 Dr. Gr\u00e1f Myrtill Dr. Jerzsele \u00c1kos Hallgat\u00f3:\u00a0Iv\u00e1novics Bence Titk\u00e1r:\u00a0Dr. J\u00f3cs\u00e1k Gergely &nbsp; Szerz\u0151 Dolgozat c\u00edme T\u00e9mavezet\u0151 K\u00fcld\u0151 int\u00e9zm\u00e9ny Bal\u00e1zs R\u00e9ka Mikotoxin kezel\u00e9s hat\u00e1sa in vitro teny\u00e9sztett ny\u00fal embri\u00f3ra Dr. Bodrogi Lilla, Dr. Kov\u00e1cs Bal\u00e1zs Szent Istv\u00e1n Egyetem Kiss Szonja Petra Kisk\u00e9r\u0151dz\u0151kb\u0151l izol\u00e1lt Mannheimia<\/p>\n","protected":false},"author":2518,"featured_media":0,"parent":55197,"menu_order":0,"comment_status":"open","ping_status":"open","template":"","meta":{"_acf_changed":false,"footnotes":""},"categories":[],"tags":[],"class_list":["post-55208","page","type-page","status-publish","hentry"],"acf":[],"_links":{"self":[{"href":"https:\/\/univet.hu\/hu\/wp-json\/wp\/v2\/pages\/55208","targetHints":{"allow":["GET"]}}],"collection":[{"href":"https:\/\/univet.hu\/hu\/wp-json\/wp\/v2\/pages"}],"about":[{"href":"https:\/\/univet.hu\/hu\/wp-json\/wp\/v2\/types\/page"}],"author":[{"embeddable":true,"href":"https:\/\/univet.hu\/hu\/wp-json\/wp\/v2\/users\/2518"}],"replies":[{"embeddable":true,"href":"https:\/\/univet.hu\/hu\/wp-json\/wp\/v2\/comments?post=55208"}],"version-history":[{"count":0,"href":"https:\/\/univet.hu\/hu\/wp-json\/wp\/v2\/pages\/55208\/revisions"}],"up":[{"embeddable":true,"href":"https:\/\/univet.hu\/hu\/wp-json\/wp\/v2\/pages\/55197"}],"wp:attachment":[{"href":"https:\/\/univet.hu\/hu\/wp-json\/wp\/v2\/media?parent=55208"}],"wp:term":[{"taxonomy":"category","embeddable":true,"href":"https:\/\/univet.hu\/hu\/wp-json\/wp\/v2\/categories?post=55208"},{"taxonomy":"post_tag","embeddable":true,"href":"https:\/\/univet.hu\/hu\/wp-json\/wp\/v2\/tags?post=55208"}],"curies":[{"name":"wp","href":"https:\/\/api.w.org\/{rel}","templated":true}]}}