{"id":55210,"date":"2020-06-03T15:36:23","date_gmt":"2020-06-03T13:36:23","guid":{"rendered":"https:\/\/univet.hu\/hu\/otdk2021\/tagozatok\/allatgenetikai\/"},"modified":"2021-03-01T11:22:34","modified_gmt":"2021-03-01T10:22:34","slug":"allat-genetikai-es-biotechnologiai-tagozat","status":"publish","type":"page","link":"https:\/\/univet.hu\/hu\/otdk2021\/tagozatok\/allat-genetikai-es-biotechnologiai-tagozat\/","title":{"rendered":"\u00c1llat-genetikai \u00e9s biotechnol\u00f3giai tagozat"},"content":{"rendered":"<p>&nbsp;<\/p> <p><strong>Zs\u0171ri eln\u00f6ke:<\/strong> Dr. J\u00e1vor Andr\u00e1s<\/p> <p><strong>Tagok:<\/strong>\u00a0 Dr. Bali Papp \u00c1gnes<\/p> <p style=\"padding-left: 60px;\">Dr. B\u0151sze Zsuzsanna<\/p> <p style=\"padding-left: 60px;\">Dr. G\u00e1sp\u00e1rdy Andr\u00e1s<\/p> <p style=\"padding-left: 60px;\">Dr. Hiripi L\u00e1szl\u00f3<\/p> <p><strong>Hallgat\u00f3:<\/strong> B\u00e1n\u00f3 B\u00e1lint<\/p> <p><strong>Titk\u00e1r: <\/strong>Dr. Kiss D\u00e1vid S\u00e1ndor<\/p> <p>&nbsp;<\/p> <table width=\"949\"> <tbody> <tr> <td width=\"183\" data-sheets-value=\"{&quot;1&quot;:2,&quot;2&quot;:&quot;Szerz\u0151(k) neve&quot;}\"><strong>Szerz\u0151<\/strong><\/td> <td width=\"258\" data-sheets-value=\"{&quot;1&quot;:2,&quot;2&quot;:&quot;Dolgozat c\u00edme&quot;}\"><strong>Dolgozat c\u00edme<\/strong><\/td> <td width=\"234\"><strong>T\u00e9mavezet\u0151<\/strong><\/td> <td width=\"274\" data-sheets-value=\"{&quot;1&quot;:2,&quot;2&quot;:&quot;Konzulens(ek)&quot;}\"><strong>K\u00fcld\u0151 int\u00e9zm\u00e9ny<\/strong><\/td> <\/tr> <tr> <td width=\"183\"><strong>B\u00e1n\u00e1ti L\u00e1szl\u00f3<\/strong><\/td> <td width=\"258\">Molekul\u00e1ris biol\u00f3giai m\u00f3dszerek fejleszt\u00e9se a K 5831 vakcinat\u00f6rzs \u00e9s vad Mycoplasma gallisepticum t\u00f6rzsek elk\u00fcl\u00f6n\u00edt\u00e9s\u00e9re<\/td> <td width=\"234\">Dr. Gyuranecz Mikl\u00f3s, Bek\u0151 Katinka<\/td> <td width=\"274\">\u00c1llatorvostudom\u00e1nyi Egyetem<\/td> <\/tr> <tr> <td width=\"183\"><strong>Bartal Bal\u00e1zs<\/strong><\/td> <td width=\"258\">A magyarorsz\u00e1gi agancsos vadfajok igazs\u00e1g\u00fcgyi c\u00e9l\u00fa DNS alap\u00fa ivarmeghat\u00e1roz\u00e1sa<\/td> <td width=\"234\">Dr. Zenke Petra<\/td> <td width=\"274\">\u00c1llatorvostudom\u00e1nyi Egyetem<\/td> <\/tr> <tr> <td width=\"183\"><strong>Eckere Andr\u00e1s<\/strong><\/td> <td width=\"258\">H\u00e1zi ty\u00fak PG-sejtvonalak m\u00e9lyh\u0171t\u00e9si technol\u00f3giainak hat\u00e1sa a sejtek viabilit\u00e1s\u00e1ra \u00e9s az RNS expresszi\u00f3ra<\/td> <td width=\"234\">Dr. Bod\u00f3 Szil\u00e1rd, Dr. G\u00f3cza Elen<\/td> <td width=\"274\">Szent Istv\u00e1n Egyetem<\/td> <\/tr> <tr> <td width=\"183\"><strong>Kis Judit<\/strong><\/td> <td width=\"258\">A miosztatin g\u00e9npolimorfizmus felm\u00e9r\u00e9se hazai angol teliv\u00e9r \u00e1llom\u00e1nyon<\/td> <td width=\"234\">Dr. Anton Istv\u00e1n, Dr. Bod\u00f3 Szil\u00e1rd, Dr. Zsolnai Attila<\/td> <td width=\"274\">Szent Istv\u00e1n Egyetem<\/td> <\/tr> <tr> <td width=\"183\"><strong>Nagy Borb\u00e1la<\/strong><\/td> <td width=\"258\">A balatoni k\u0151s\u00fcll\u0151 (Sander volgensis) \u00e1llom\u00e1ny h\u00edmivarsejt min\u0151s\u00e9g\u00e9nek \u00e9s m\u00e9lyh\u0171t\u00e9s\u00e9nek vizsg\u00e1lata az induk\u00e1lt szapor\u00edt\u00e1s fejleszt\u00e9se \u00e9s a g\u00e9nbanki meg\u0151rz\u00e9s c\u00e9lj\u00e1b\u00f3l<\/td> <td width=\"234\">Dr. Bern\u00e1th Gergely, Dr. Bokor Zolt\u00e1n<\/td> <td width=\"274\">Szent Istv\u00e1n Egyetem<\/td> <\/tr> <tr> <td width=\"183\"><strong>T\u00f3th Adrienn Gr\u00e9ta<\/strong><\/td> <td width=\"258\">A nyers tej reziszt\u00f3mvizsg\u00e1lata<\/td> <td width=\"234\">Dr. Makrai L\u00e1szl\u00f3, Dr. Solymosi Norbert<\/td> <td width=\"274\">\u00c1llatorvostudom\u00e1nyi Egyetem<\/td> <\/tr> <tr> <td width=\"183\"><strong>T\u00f3th Adrienn Gr\u00e9ta<\/strong><\/td> <td width=\"258\">Pasteurella multocida t\u00f6rzsek genot\u00edpusos antimikrobi\u00e1lis rezisztencia-profil vizsg\u00e1lata<\/td> <td width=\"234\">Dr. Makrai L\u00e1szl\u00f3, Dr. Solymosi Norbert<\/td> <td width=\"274\">\u00c1llatorvostudom\u00e1nyi Egyetem<\/td> <\/tr> <tr> <td width=\"183\"><strong>Urb\u00e1n Martin<\/strong><\/td> <td width=\"258\">Az X-kromosz\u00f3ma inaktiv\u00e1ci\u00f3ja eg\u00e9r embrion\u00e1lis fibroblaszt teny\u00e9szetekben<\/td> <td width=\"234\">Dr. Bod\u00f3 Szil\u00e1rd, Dr. G\u00f3cza Elen<\/td> <td width=\"274\">Szent Istv\u00e1n Egyetem<\/td> <\/tr> <\/tbody> <\/table> <p>&nbsp;<\/p>","protected":false},"excerpt":{"rendered":"<p>&nbsp; Zs\u0171ri eln\u00f6ke: Dr. J\u00e1vor Andr\u00e1s Tagok:\u00a0 Dr. Bali Papp \u00c1gnes Dr. B\u0151sze Zsuzsanna Dr. G\u00e1sp\u00e1rdy Andr\u00e1s Dr. Hiripi L\u00e1szl\u00f3 Hallgat\u00f3: B\u00e1n\u00f3 B\u00e1lint Titk\u00e1r: Dr. Kiss D\u00e1vid S\u00e1ndor &nbsp; Szerz\u0151 Dolgozat c\u00edme T\u00e9mavezet\u0151 K\u00fcld\u0151 int\u00e9zm\u00e9ny B\u00e1n\u00e1ti L\u00e1szl\u00f3 Molekul\u00e1ris biol\u00f3giai m\u00f3dszerek fejleszt\u00e9se a K 5831 vakcinat\u00f6rzs \u00e9s vad Mycoplasma gallisepticum t\u00f6rzsek elk\u00fcl\u00f6n\u00edt\u00e9s\u00e9re Dr. Gyuranecz Mikl\u00f3s, Bek\u0151<\/p>\n","protected":false},"author":2518,"featured_media":0,"parent":55197,"menu_order":0,"comment_status":"open","ping_status":"open","template":"","meta":{"_acf_changed":false,"footnotes":""},"categories":[],"tags":[],"class_list":["post-55210","page","type-page","status-publish","hentry"],"acf":[],"_links":{"self":[{"href":"https:\/\/univet.hu\/hu\/wp-json\/wp\/v2\/pages\/55210","targetHints":{"allow":["GET"]}}],"collection":[{"href":"https:\/\/univet.hu\/hu\/wp-json\/wp\/v2\/pages"}],"about":[{"href":"https:\/\/univet.hu\/hu\/wp-json\/wp\/v2\/types\/page"}],"author":[{"embeddable":true,"href":"https:\/\/univet.hu\/hu\/wp-json\/wp\/v2\/users\/2518"}],"replies":[{"embeddable":true,"href":"https:\/\/univet.hu\/hu\/wp-json\/wp\/v2\/comments?post=55210"}],"version-history":[{"count":0,"href":"https:\/\/univet.hu\/hu\/wp-json\/wp\/v2\/pages\/55210\/revisions"}],"up":[{"embeddable":true,"href":"https:\/\/univet.hu\/hu\/wp-json\/wp\/v2\/pages\/55197"}],"wp:attachment":[{"href":"https:\/\/univet.hu\/hu\/wp-json\/wp\/v2\/media?parent=55210"}],"wp:term":[{"taxonomy":"category","embeddable":true,"href":"https:\/\/univet.hu\/hu\/wp-json\/wp\/v2\/categories?post=55210"},{"taxonomy":"post_tag","embeddable":true,"href":"https:\/\/univet.hu\/hu\/wp-json\/wp\/v2\/tags?post=55210"}],"curies":[{"name":"wp","href":"https:\/\/api.w.org\/{rel}","templated":true}]}}