{"id":55212,"date":"2020-06-03T15:37:38","date_gmt":"2020-06-03T13:37:38","guid":{"rendered":"https:\/\/univet.hu\/hu\/otdk2021\/tagozatok\/allattenyesztestani\/"},"modified":"2021-03-18T12:08:58","modified_gmt":"2021-03-18T11:08:58","slug":"allattenyesztestani-a-tagozat","status":"publish","type":"page","link":"https:\/\/univet.hu\/hu\/otdk2021\/tagozatok\/allattenyesztestani-a-tagozat\/","title":{"rendered":"\u00c1llatteny\u00e9szt\u00e9stani A tagozat"},"content":{"rendered":"<p>&nbsp;<\/p> <p><strong>Zs\u0171ri eln\u00f6ke:<\/strong> Dr. Szab\u00f3 Ferenc<\/p> <p><strong>Tagok:<\/strong> Dr. Polg\u00e1r J. P\u00e9ter<\/p> <p style=\"padding-left: 60px;\">Dr. P\u00f3ti P\u00e9ter<\/p> <p style=\"padding-left: 60px;\">Dr. Koml\u00f3si Istv\u00e1n<\/p> <p style=\"padding-left: 60px;\">Dr. H\u00fath Bal\u00e1zs<\/p> <p><strong>Hallgat\u00f3:<\/strong> Nagyp\u00e1l Vir\u00e1g Krisztina<\/p> <p><strong>Titk\u00e1r: <\/strong>Dr.\u00a0Kapiller M\u00e1ty\u00e1s<\/p> <p>&nbsp;<\/p> <table style=\"width: 866px;\" width=\"691\"> <tbody> <tr> <td style=\"width: 150.4px;\" data-sheets-value=\"{&quot;1&quot;:2,&quot;2&quot;:&quot;Szerz\u0151(k) neve&quot;}\"><strong>Szerz\u0151<\/strong><\/td> <td style=\"width: 330.4px;\" data-sheets-value=\"{&quot;1&quot;:2,&quot;2&quot;:&quot;Dolgozat c\u00edme&quot;}\"><strong>Dolgozat c\u00edme<\/strong><\/td> <td style=\"width: 148.8px;\"><strong>T\u00e9mavezet\u0151<\/strong><\/td> <td style=\"width: 210.4px;\" data-sheets-value=\"{&quot;1&quot;:2,&quot;2&quot;:&quot;Konzulens(ek)&quot;}\"><strong>K\u00fcld\u0151 int\u00e9zm\u00e9ny<\/strong><\/td> <\/tr> <tr> <td style=\"width: 150.4px;\"><strong>Garz\u00f3 \u00c1d\u00e1m<\/strong><\/td> <td style=\"width: 330.4px;\">Selejtez\u00e9si esem\u00e9nyek vizsg\u00e1lata nagy\u00fczemi szarvasmarha telepen<\/td> <td style=\"width: 148.8px;\"> <p>Dr. Mik\u00f3 Edit,<\/p> <p>T\u00f3th Violetta<\/td> <td style=\"width: 210.4px;\">Szegedi Tudom\u00e1nyegyetem<\/td> <\/tr> <tr> <td style=\"width: 150.4px;\"><strong>Kiss Petra<\/strong><\/td> <td style=\"width: 330.4px;\">A hazai jersey \u00e1llom\u00e1ny k\u00fcllem\u00e9t befoly\u00e1sol\u00f3 t\u00e9nyez\u0151k elemz\u00e9se<\/td> <td style=\"width: 148.8px;\"> <p>Dr. B\u00e9ri B\u00e9la,<\/p> <p>T\u00f6r\u00f6k Evelin<\/td> <td style=\"width: 210.4px;\">Debreceni Egyetem<\/td> <\/tr> <tr> <td style=\"width: 150.4px;\"><strong>K\u00f3kay Luca<\/strong><\/td> <td style=\"width: 330.4px;\">Els\u0151borjas \u00e9s t\u00f6bbsz\u00f6r ellett holstein-fr\u00edz tehenek termel\u00e9s\u00e9nek \u00e9s az anyagcser\u00e9j\u00fcket jellemz\u0151 f\u0151bb param\u00e9tereinek \u00f6sszehasonl\u00edt\u00f3 vizsg\u00e1lata<\/td> <td style=\"width: 148.8px;\">Dr. Husv\u00e9th Ferenc<\/td> <td style=\"width: 210.4px;\">Pannon Egyetem<\/td> <\/tr> <tr> <td style=\"width: 150.4px;\"><strong>K\u0151v\u00e1ri Sarolta<\/strong><\/td> <td style=\"width: 330.4px;\">H\u00fashaszn\u00fa tehenek fertilit\u00e1st befoly\u00e1sol\u00f3 metabolikus param\u00e9tereinek vizsg\u00e1lata<\/td> <td style=\"width: 148.8px;\">Dr. Varga-Balogh Orsolya<\/td> <td style=\"width: 210.4px;\">\u00c1llatorvostudom\u00e1nyi Egyetem<\/td> <\/tr> <tr> <td style=\"width: 150.4px;\"><strong>Krajcsovics Adrienn Zsanett<\/strong><\/td> <td style=\"width: 330.4px;\">Tejtermel\u00e9s, \u00fajravemhes\u00fcl\u00e9s, \u00e9s a lakt\u00e1ci\u00f3 alatti kond\u00edci\u00f3 v\u00e1ltoz\u00e1s \u00f6sszef\u00fcgg\u00e9seinek vizsg\u00e1lata nagytermel\u00e9s\u0171 tehenekn\u00e9l<\/td> <td style=\"width: 148.8px;\"> <p>Dr. P\u00fcski J\u00e1nos,<\/p> <p>Dr. Rib\u00e1cs Attila<\/td> <td style=\"width: 210.4px;\">Szent Istv\u00e1n Egyetem<\/td> <\/tr> <tr> <td style=\"width: 150.4px;\"><strong>Moln\u00e1r P\u00e9ter Istv\u00e1n<\/strong><\/td> <td style=\"width: 330.4px;\">A gazdas\u00e1gos hasznos \u00e9lettartam elemz\u00e9se intenz\u00edv tejhaszn\u00fa szarvasmarha\u00e1llom\u00e1nyn\u00e1l<\/td> <td style=\"width: 148.8px;\">Dr. B\u00e9ri B\u00e9la<\/td> <td style=\"width: 210.4px;\">Debreceni Egyetem<\/td> <\/tr> <\/tbody> <\/table> <p>&nbsp;<\/p>","protected":false},"excerpt":{"rendered":"<p>&nbsp; Zs\u0171ri eln\u00f6ke: Dr. Szab\u00f3 Ferenc Tagok: Dr. Polg\u00e1r J. P\u00e9ter Dr. P\u00f3ti P\u00e9ter Dr. Koml\u00f3si Istv\u00e1n Dr. H\u00fath Bal\u00e1zs Hallgat\u00f3: Nagyp\u00e1l Vir\u00e1g Krisztina Titk\u00e1r: Dr.\u00a0Kapiller M\u00e1ty\u00e1s &nbsp; Szerz\u0151 Dolgozat c\u00edme T\u00e9mavezet\u0151 K\u00fcld\u0151 int\u00e9zm\u00e9ny Garz\u00f3 \u00c1d\u00e1m Selejtez\u00e9si esem\u00e9nyek vizsg\u00e1lata nagy\u00fczemi szarvasmarha telepen Dr. Mik\u00f3 Edit, T\u00f3th Violetta Szegedi Tudom\u00e1nyegyetem Kiss Petra A hazai jersey \u00e1llom\u00e1ny<\/p>\n","protected":false},"author":2518,"featured_media":0,"parent":55197,"menu_order":0,"comment_status":"open","ping_status":"open","template":"","meta":{"_acf_changed":false,"footnotes":""},"categories":[],"tags":[],"class_list":["post-55212","page","type-page","status-publish","hentry"],"acf":[],"_links":{"self":[{"href":"https:\/\/univet.hu\/hu\/wp-json\/wp\/v2\/pages\/55212","targetHints":{"allow":["GET"]}}],"collection":[{"href":"https:\/\/univet.hu\/hu\/wp-json\/wp\/v2\/pages"}],"about":[{"href":"https:\/\/univet.hu\/hu\/wp-json\/wp\/v2\/types\/page"}],"author":[{"embeddable":true,"href":"https:\/\/univet.hu\/hu\/wp-json\/wp\/v2\/users\/2518"}],"replies":[{"embeddable":true,"href":"https:\/\/univet.hu\/hu\/wp-json\/wp\/v2\/comments?post=55212"}],"version-history":[{"count":0,"href":"https:\/\/univet.hu\/hu\/wp-json\/wp\/v2\/pages\/55212\/revisions"}],"up":[{"embeddable":true,"href":"https:\/\/univet.hu\/hu\/wp-json\/wp\/v2\/pages\/55197"}],"wp:attachment":[{"href":"https:\/\/univet.hu\/hu\/wp-json\/wp\/v2\/media?parent=55212"}],"wp:term":[{"taxonomy":"category","embeddable":true,"href":"https:\/\/univet.hu\/hu\/wp-json\/wp\/v2\/categories?post=55212"},{"taxonomy":"post_tag","embeddable":true,"href":"https:\/\/univet.hu\/hu\/wp-json\/wp\/v2\/tags?post=55212"}],"curies":[{"name":"wp","href":"https:\/\/api.w.org\/{rel}","templated":true}]}}