{"id":55214,"date":"2020-06-03T15:38:33","date_gmt":"2020-06-03T13:38:33","guid":{"rendered":"https:\/\/univet.hu\/hu\/otdk2021\/tagozatok\/elelmiszerbiztonsagi\/"},"modified":"2021-02-22T22:55:07","modified_gmt":"2021-02-22T21:55:07","slug":"elelmiszerbiztonsagi-tagozat","status":"publish","type":"page","link":"https:\/\/univet.hu\/hu\/otdk2021\/tagozatok\/elelmiszerbiztonsagi-tagozat\/","title":{"rendered":"\u00c9lelmiszerbiztons\u00e1gi tagozat"},"content":{"rendered":"<p>&nbsp;<\/p> <p><strong>Zs\u0171ri eln\u00f6ke:<\/strong> Dr. Kisk\u00f3 Gabriella<\/p> <p><strong>Tagok:\u00a0<\/strong> Dr. Jozwi\u00e1k \u00c1kos<\/p> <p style=\"padding-left: 60px;\">Dr. Krisch Judit<\/p> <p style=\"padding-left: 60px;\">Dr. Kasza Gyula<\/p> <p style=\"padding-left: 60px;\">Dr. S\u00f6r\u00f6s Zita<\/p> <p><strong>Hallgat\u00f3:<\/strong> Csorba Art\u00far Botond<\/p> <p><strong>Titk\u00e1r:<\/strong> Pleva D\u00e1niel<\/p> <p>&nbsp;<\/p> <table width=\"866\"> <tbody> <tr> <td style=\"width: 136.8px;\" data-sheets-value=\"{&quot;1&quot;:2,&quot;2&quot;:&quot;Szerz\u0151(k) neve&quot;}\"><strong>Szerz\u0151<\/strong><\/td> <td style=\"width: 320.8px;\" data-sheets-value=\"{&quot;1&quot;:2,&quot;2&quot;:&quot;Dolgozat c\u00edme&quot;}\"><strong>Dolgozat c\u00edme<\/strong><\/td> <td style=\"width: 211.2px;\"><strong>T\u00e9mavezet\u0151<\/strong><\/td> <td style=\"width: 171.2px;\" data-sheets-value=\"{&quot;1&quot;:2,&quot;2&quot;:&quot;Konzulens(ek)&quot;}\"><strong>K\u00fcld\u0151 int\u00e9zm\u00e9ny<\/strong><\/td> <\/tr> <tr> <td style=\"width: 136.8px;\"><strong>Antal M\u00e1rta<\/strong><\/td> <td style=\"width: 320.8px;\">F\u0171szern\u00f6v\u00e9nyek mikrobiol\u0151giai min\u0151s\u00e9g\u00e9nek \u00e9s az izol\u00e1lt allochton bakt\u00e9riumok antibiotikumokkal \u00e9s n\u00f6v\u00e9nyi ill\u00f3olajokkal szembeni ellen\u00e1ll\u00f3k\u00e9pess\u00e9g\u00e9nek vizsg\u00e1lata<\/td> <td style=\"width: 211.2px;\"> <p>dr. Gy\u00f6rgy \u00c9va,<\/p> <p>dr. Laslo \u00c9va<\/td> <td style=\"width: 171.2px;\">Erd\u00e9lyi Tudom\u00e1nyos Di\u00e1kk\u00f6ri Konferencia<\/td> <\/tr> <tr> <td style=\"width: 136.8px;\"><strong>Erd\u0151 Kinga, Putnoki No\u00e9mi<\/strong><\/td> <td style=\"width: 320.8px;\">Nyers h\u00fasokon el\u0151fordul\u00f3 patog\u00e9n \u00e9s roml\u00e1st okoz\u00f3 bakt\u00e9riumok kimutat\u00e1sa, \u00e9s az izol\u00e1lt bakt\u00e9riumok antibiotikum rezisztenci\u00e1j\u00e1nak vizsg\u00e1lata<\/td> <td style=\"width: 211.2px;\">dr. Gy\u00f6rgy \u00c9va<\/td> <td style=\"width: 171.2px;\">Erd\u00e9lyi Tudom\u00e1nyos Di\u00e1kk\u00f6ri Konferencia<\/td> <\/tr> <tr> <td style=\"width: 136.8px;\"><strong>Majercsik N\u00e1ndor<\/strong><\/td> <td style=\"width: 320.8px;\">Multikomponens m\u00f3dszerfejleszt\u00e9s 250 peszticid hat\u00f3anyag vizsg\u00e1lat\u00e1ra n\u00f6v\u00e9nyi mint\u00e1kban<\/td> <td style=\"width: 211.2px;\">Marczinka Andr\u00e1sn\u00e9 Dr. S\u00f6r\u00f6s Csilla<\/td> <td style=\"width: 171.2px;\">Szent Istv\u00e1n Egyetem<\/td> <\/tr> <tr> <td style=\"width: 136.8px;\"><strong>Nagy Vikt\u00f3ria<\/strong><\/td> <td style=\"width: 320.8px;\">A Staphylococcus aureus el\u0151fordul\u00e1sa k\u00e9t hazai tejtermel\u0151 tehen\u00e9szet elegytej\u00e9ben, illetve az izol\u00e1lt t\u00f6rzsek f\u0151bb tulajdons\u00e1gai<\/td> <td style=\"width: 211.2px;\"> <p>Dr. Peles Ferenc \u00c1rp\u00e1d,<\/p> <p>Szab\u00f3n\u00e9 Petr\u00f3czki Fl\u00f3ra M\u00e1ria<\/td> <td style=\"width: 171.2px;\">Debreceni Egyetem<\/td> <\/tr> <tr> <td style=\"width: 136.8px;\"><strong>Suhajda \u00c1kos<\/strong><\/td> <td style=\"width: 320.8px;\">Cupriavidus bakt\u00e9rium t\u00edpust\u00f6rzsek mikotoxinbont\u00f3 k\u00e9pess\u00e9g\u00e9nek vizsg\u00e1lata<\/td> <td style=\"width: 211.2px;\"> <p>Dr. Cserh\u00e1ti M\u00e1ty\u00e1s,<\/p> <p>Garai Edina,<\/p> <p>Mohammed Al-Nussairawi<\/td> <td style=\"width: 171.2px;\">Szent Istv\u00e1n Egyetem<\/td> <\/tr> <tr> <td style=\"width: 136.8px;\"><strong>Szab\u00f3 Zsuzsanna, Nagy Blanka<\/strong><\/td> <td style=\"width: 320.8px;\">Bio\u00e9lelmiszerek mikrobiol\u00f3giai vizsg\u00e1lata \u00e9s az izol\u00e1lt allochton bakt\u00e9riumok antibiotikum rezisztenci\u00e1j\u00e1nak vizsg\u00e1lata<\/td> <td style=\"width: 211.2px;\"> <p>dr. Gy\u00f6rgy \u00c9va,<\/p> <p>dr. Laslo \u00c9va<\/td> <td style=\"width: 171.2px;\">Sapientia Erd\u00e9lyi Magyar Tudom\u00e1nyegyetem<\/td> <\/tr> <tr> <td style=\"width: 136.8px;\"><strong>Uzonyi Marianna<\/strong><\/td> <td style=\"width: 320.8px;\">A szel\u00e9nnel \u00e9s cinkkel t\u00f6rt\u00e9n\u0151 d\u00fas\u00edt\u00e1s hat\u00e1sa mung\u00f3bab cs\u00edr\u00e1k min\u0151s\u00e9g\u00e9re<\/td> <td style=\"width: 211.2px;\"> <p>J\u00f3kain\u00e9 Dr. Szatura Zsuzsanna,<\/p> <p>Moh\u00e1csin\u00e9 Dr. Farkas Csilla<\/td> <td style=\"width: 171.2px;\">Szent Istv\u00e1n Egyetem<\/td> <\/tr> <tr> <td style=\"width: 136.8px;\"><strong>Zr\u00ednyi Eszter<\/strong><\/td> <td style=\"width: 320.8px;\">Listeria fajok szimul\u00e1ci\u00f3s fel\u00fcleti-higi\u00e9niai detekt\u00e1l\u00e1sa Real-Time PCR m\u00f3dszerrel<\/td> <td style=\"width: 211.2px;\"> <p>Prof. Dr. Varga L\u00e1szl\u00f3,<\/p> <p>Simon-Korcz Evelin<\/td> <td style=\"width: 171.2px;\">Sz\u00e9chenyi Istv\u00e1n Egyetem<\/td> <\/tr> <\/tbody> <\/table> <p>&nbsp;<\/p>","protected":false},"excerpt":{"rendered":"<p>&nbsp; Zs\u0171ri eln\u00f6ke: Dr. Kisk\u00f3 Gabriella Tagok:\u00a0 Dr. Jozwi\u00e1k \u00c1kos Dr. Krisch Judit Dr. Kasza Gyula Dr. S\u00f6r\u00f6s Zita Hallgat\u00f3: Csorba Art\u00far Botond Titk\u00e1r: Pleva D\u00e1niel &nbsp; Szerz\u0151 Dolgozat c\u00edme T\u00e9mavezet\u0151 K\u00fcld\u0151 int\u00e9zm\u00e9ny Antal M\u00e1rta F\u0171szern\u00f6v\u00e9nyek mikrobiol\u0151giai min\u0151s\u00e9g\u00e9nek \u00e9s az izol\u00e1lt allochton bakt\u00e9riumok antibiotikumokkal \u00e9s n\u00f6v\u00e9nyi ill\u00f3olajokkal szembeni ellen\u00e1ll\u00f3k\u00e9pess\u00e9g\u00e9nek vizsg\u00e1lata dr. Gy\u00f6rgy \u00c9va, dr. Laslo<\/p>\n","protected":false},"author":2518,"featured_media":0,"parent":55197,"menu_order":0,"comment_status":"open","ping_status":"open","template":"","meta":{"_acf_changed":false,"footnotes":""},"categories":[],"tags":[],"class_list":["post-55214","page","type-page","status-publish","hentry"],"acf":[],"_links":{"self":[{"href":"https:\/\/univet.hu\/hu\/wp-json\/wp\/v2\/pages\/55214","targetHints":{"allow":["GET"]}}],"collection":[{"href":"https:\/\/univet.hu\/hu\/wp-json\/wp\/v2\/pages"}],"about":[{"href":"https:\/\/univet.hu\/hu\/wp-json\/wp\/v2\/types\/page"}],"author":[{"embeddable":true,"href":"https:\/\/univet.hu\/hu\/wp-json\/wp\/v2\/users\/2518"}],"replies":[{"embeddable":true,"href":"https:\/\/univet.hu\/hu\/wp-json\/wp\/v2\/comments?post=55214"}],"version-history":[{"count":0,"href":"https:\/\/univet.hu\/hu\/wp-json\/wp\/v2\/pages\/55214\/revisions"}],"up":[{"embeddable":true,"href":"https:\/\/univet.hu\/hu\/wp-json\/wp\/v2\/pages\/55197"}],"wp:attachment":[{"href":"https:\/\/univet.hu\/hu\/wp-json\/wp\/v2\/media?parent=55214"}],"wp:term":[{"taxonomy":"category","embeddable":true,"href":"https:\/\/univet.hu\/hu\/wp-json\/wp\/v2\/categories?post=55214"},{"taxonomy":"post_tag","embeddable":true,"href":"https:\/\/univet.hu\/hu\/wp-json\/wp\/v2\/tags?post=55214"}],"curies":[{"name":"wp","href":"https:\/\/api.w.org\/{rel}","templated":true}]}}