{"id":55216,"date":"2020-06-03T15:39:41","date_gmt":"2020-06-03T13:39:41","guid":{"rendered":"https:\/\/univet.hu\/hu\/otdk2021\/tagozatok\/elelmiszertechnologiai\/"},"modified":"2021-02-25T09:11:57","modified_gmt":"2021-02-25T08:11:57","slug":"elelmiszertechnologiai-a-tagozat","status":"publish","type":"page","link":"https:\/\/univet.hu\/hu\/otdk2021\/tagozatok\/elelmiszertechnologiai-a-tagozat\/","title":{"rendered":"\u00c9lelmiszertechnol\u00f3giai A tagozat"},"content":{"rendered":"<p>&nbsp;<\/p> <p><strong>Zs\u0171ri eln\u00f6ke:<\/strong> Dr. Balla Csaba<\/p> <p><strong>Tagok:<\/strong> Dr. Zsarn\u00f3czay Gabriella<\/p> <p style=\"padding-left: 60px;\">Dr. St\u00fcndl L\u00e1szl\u00f3<\/p> <p style=\"padding-left: 60px;\">Hanczn\u00e9 Dr. Lakatos Erika<\/p> <p style=\"padding-left: 60px;\">Dr. Zal\u00e1n Zsolt<\/p> <p><strong>Hallgat\u00f3:<\/strong> Horv\u00e1th Petra<\/p> <p><strong>Titk\u00e1r:<\/strong>\u00a0Dr. Szilasi Anna<\/p> <p>&nbsp;<\/p> <table width=\"866\"> <tbody> <tr> <td style=\"width: 149.6px;\" data-sheets-value=\"{&quot;1&quot;:2,&quot;2&quot;:&quot;Szerz\u0151(k) neve&quot;}\"><strong>Szerz\u0151<\/strong><\/td> <td style=\"width: 308.8px;\"><strong>Dolgozat c\u00edme<\/strong><\/td> <td style=\"width: 184px;\"><strong>T\u00e9mavezet\u0151<\/strong><\/td> <td style=\"width: 197.6px;\" data-sheets-value=\"{&quot;1&quot;:2,&quot;2&quot;:&quot;Konzulens(ek)&quot;}\"><strong>K\u00fcld\u0151 int\u00e9zm\u00e9ny<\/strong><\/td> <\/tr> <tr> <td style=\"width: 149.6px;\"><strong>Csat\u00e1ri Enik\u0151<\/strong><\/td> <td style=\"width: 308.8px;\">N\u00f6v\u00e9nyi tejhelyettes\u00edt\u0151k alkalmazhat\u00f3s\u00e1ga a pszeudotejcsokol\u00e1d\u00e9 fejleszt\u00e9s\u00e9hez<\/td> <td style=\"width: 184px;\"> <p>Dr. Gyimes Ern\u0151,<\/p> <p>Csercsics D\u00f3ra<\/td> <td style=\"width: 197.6px;\">Szegedi Tudom\u00e1nyegyetem<\/td> <\/tr> <tr> <td style=\"width: 149.6px;\"><strong>Cseresny\u00e9s D\u00e1vid<\/strong><\/td> <td style=\"width: 308.8px;\">K\u00fcl\u00f6nb\u00f6z\u0151 szilvafajt\u00e1k gy\u00fcm\u00f6lcsmin\u0151s\u00e9gi saj\u00e1toss\u00e1gai \u00e9s a bel\u0151l\u00fck k\u00e9sz\u00fclt p\u00e1rlatok \u00e9rz\u00e9kszervi \u00f6sszehasonl\u00edt\u00f3 vizsg\u00e1lata<\/td> <td style=\"width: 184px;\">dr. Bandi Attila<\/td> <td style=\"width: 197.6px;\">Erd\u00e9lyi Tudom\u00e1nyos Di\u00e1kk\u00f6ri Konferencia<\/td> <\/tr> <tr> <td style=\"width: 149.6px;\"><strong>Gy\u00f6keres Fanni<\/strong><\/td> <td style=\"width: 308.8px;\">K\u00fcl\u00f6nb\u00f6z\u0151 almafajt\u00e1kb\u00f3l ciderek el\u0151\u00e1ll\u00edt\u00e1sa \u00e9s min\u0151s\u00edt\u00e9se<\/td> <td style=\"width: 184px;\">Kiss Zsuzsanna<\/td> <td style=\"width: 197.6px;\">Szent Istv\u00e1n Egyetem<\/td> <\/tr> <tr> <td style=\"width: 149.6px;\"><strong>Ko\u00f3s Csilla<\/strong><\/td> <td style=\"width: 308.8px;\">A cukorr\u00e9parostok fizikai-k\u00e9miai \u00e9s mikrobiol\u00f3giai tulajdons\u00e1gai<\/td> <td style=\"width: 184px;\">dr. S\u00f6r\u00f6s Zita<\/td> <td style=\"width: 197.6px;\">Vajdas\u00e1gi Magyar Tudom\u00e1nyos Di\u00e1kk\u00f6ri Konferencia<\/td> <\/tr> <tr> <td style=\"width: 149.6px;\"><strong>Lei Csongor M\u00e1ty\u00e1s<\/strong><\/td> <td style=\"width: 308.8px;\">Brettanomyces \u00e9leszt\u0151k mono- \u00e9s kevert kult\u00far\u00e1s erjeszt\u00e9s\u00e9nek vizsg\u00e1lata<\/td> <td style=\"width: 184px;\">Dr. Kun-Farkas Gabriella<\/td> <td style=\"width: 197.6px;\">Szent Istv\u00e1n Egyetem<\/td> <\/tr> <tr> <td style=\"width: 149.6px;\"><strong>Moln\u00e1r Melinda Vivien<\/strong><\/td> <td style=\"width: 308.8px;\">Antioxid\u00e1ns hat\u00e1s\u00fa f\u0171szern\u00f6v\u00e9nyek alkalmaz\u00e1sa \u00e9desipari term\u00e9kekben<\/td> <td style=\"width: 184px;\">Dr. Somogyi L\u00e1szl\u00f3<\/td> <td style=\"width: 197.6px;\">Szent Istv\u00e1n Egyetem<\/td> <\/tr> <tr> <td style=\"width: 149.6px;\"><strong>Szabad Alex<\/strong><\/td> <td style=\"width: 308.8px;\">Magas feh\u00e9rje tartalm\u00fa m\u00fczliszeletek kifejleszt\u00e9se<\/td> <td style=\"width: 184px;\">Dr. Szab\u00f3 P. Bal\u00e1zs<\/td> <td style=\"width: 197.6px;\">Szegedi Tudom\u00e1nyegyetem<\/td> <\/tr> <tr> <td style=\"width: 149.6px;\"><strong>Varga Mih\u00e1ly<\/strong><\/td> <td style=\"width: 308.8px;\">K\u00fcl\u00f6nb\u00f6z\u0151 cseresznye-, \u00e9s meggyfajt\u00e1kb\u00f3l k\u00e9sz\u00fclt gy\u00fcm\u00f6lcsborok analitikai \u00e9s \u00e9rz\u00e9kszervi tulajdons\u00e1gainak \u00f6sszehasonl\u00edt\u00e1sa<\/td> <td style=\"width: 184px;\"> <p>Nyitrain\u00e9 Dr. S\u00e1rdy Di\u00e1na \u00c1gnes,<\/p> <p>Dr. Simon Gergely<\/td> <td style=\"width: 197.6px;\">Szent Istv\u00e1n Egyetem<\/td> <\/tr> <tr> <td style=\"width: 149.6px;\"><strong>Vit\u00e1lis Fl\u00f3ra<\/strong><\/td> <td style=\"width: 308.8px;\">Paradicsoms\u0171r\u00edtm\u00e9nyek hamis\u00edt\u00e1s\u00e1nak kimutat\u00e1sa k\u00f6zeli infrav\u00f6r\u00f6s spektroszk\u00f3pi\u00e1val \u00e9s elektronikus nyelvvel<\/td> <td style=\"width: 184px;\"> <p>Dr. Gillay Zolt\u00e1n,<\/p> <p>Dr. Kov\u00e1cs Zolt\u00e1n<\/td> <td style=\"width: 197.6px;\">Szent Istv\u00e1n Egyetem<\/td> <\/tr> <\/tbody> <\/table> <p>&nbsp;<\/p>","protected":false},"excerpt":{"rendered":"<p>&nbsp; Zs\u0171ri eln\u00f6ke: Dr. Balla Csaba Tagok: Dr. Zsarn\u00f3czay Gabriella Dr. St\u00fcndl L\u00e1szl\u00f3 Hanczn\u00e9 Dr. Lakatos Erika Dr. Zal\u00e1n Zsolt Hallgat\u00f3: Horv\u00e1th Petra Titk\u00e1r:\u00a0Dr. Szilasi Anna &nbsp; Szerz\u0151 Dolgozat c\u00edme T\u00e9mavezet\u0151 K\u00fcld\u0151 int\u00e9zm\u00e9ny Csat\u00e1ri Enik\u0151 N\u00f6v\u00e9nyi tejhelyettes\u00edt\u0151k alkalmazhat\u00f3s\u00e1ga a pszeudotejcsokol\u00e1d\u00e9 fejleszt\u00e9s\u00e9hez Dr. Gyimes Ern\u0151, Csercsics D\u00f3ra Szegedi Tudom\u00e1nyegyetem Cseresny\u00e9s D\u00e1vid K\u00fcl\u00f6nb\u00f6z\u0151 szilvafajt\u00e1k gy\u00fcm\u00f6lcsmin\u0151s\u00e9gi saj\u00e1toss\u00e1gai \u00e9s<\/p>\n","protected":false},"author":2518,"featured_media":0,"parent":55197,"menu_order":0,"comment_status":"open","ping_status":"open","template":"","meta":{"_acf_changed":false,"footnotes":""},"categories":[],"tags":[],"class_list":["post-55216","page","type-page","status-publish","hentry"],"acf":[],"_links":{"self":[{"href":"https:\/\/univet.hu\/hu\/wp-json\/wp\/v2\/pages\/55216","targetHints":{"allow":["GET"]}}],"collection":[{"href":"https:\/\/univet.hu\/hu\/wp-json\/wp\/v2\/pages"}],"about":[{"href":"https:\/\/univet.hu\/hu\/wp-json\/wp\/v2\/types\/page"}],"author":[{"embeddable":true,"href":"https:\/\/univet.hu\/hu\/wp-json\/wp\/v2\/users\/2518"}],"replies":[{"embeddable":true,"href":"https:\/\/univet.hu\/hu\/wp-json\/wp\/v2\/comments?post=55216"}],"version-history":[{"count":0,"href":"https:\/\/univet.hu\/hu\/wp-json\/wp\/v2\/pages\/55216\/revisions"}],"up":[{"embeddable":true,"href":"https:\/\/univet.hu\/hu\/wp-json\/wp\/v2\/pages\/55197"}],"wp:attachment":[{"href":"https:\/\/univet.hu\/hu\/wp-json\/wp\/v2\/media?parent=55216"}],"wp:term":[{"taxonomy":"category","embeddable":true,"href":"https:\/\/univet.hu\/hu\/wp-json\/wp\/v2\/categories?post=55216"},{"taxonomy":"post_tag","embeddable":true,"href":"https:\/\/univet.hu\/hu\/wp-json\/wp\/v2\/tags?post=55216"}],"curies":[{"name":"wp","href":"https:\/\/api.w.org\/{rel}","templated":true}]}}