{"id":55218,"date":"2020-06-03T15:40:45","date_gmt":"2020-06-03T13:40:45","guid":{"rendered":"https:\/\/univet.hu\/hu\/otdk2021\/tagozatok\/elelmiszertudomanyi\/"},"modified":"2021-03-17T09:07:34","modified_gmt":"2021-03-17T08:07:34","slug":"elelmiszertudomanyi-a-tagozat","status":"publish","type":"page","link":"https:\/\/univet.hu\/hu\/otdk2021\/tagozatok\/elelmiszertudomanyi-a-tagozat\/","title":{"rendered":"\u00c9lelmiszertudom\u00e1nyi A tagozat"},"content":{"rendered":"<p>&nbsp;<\/p> <p><strong>Zs\u0171ri eln\u00f6ke:<\/strong> Dr. Varga L\u00e1szl\u00f3<\/p> <p><strong>Tagok:<\/strong> Dr. Kun Szil\u00e1rd<\/p> <p style=\"padding-left: 60px;\">Dr. Gyimes Ern\u0151<\/p> <p style=\"padding-left: 60px;\">Dr. Gelencs\u00e9r \u00c9va<\/p> <p style=\"padding-left: 60px;\">Dr. Salamon Roz\u00e1lia Veronika<\/p> <p><strong>Hallgat\u00f3:<\/strong> Papp-Topa Em\u0151ke<\/p> <p><strong>Titk\u00e1r:<\/strong>\u00a0Dr. T\u0151zs\u00e9r D\u00f3ra<\/p> <p>&nbsp;<\/p> <table width=\"866\"> <tbody> <tr> <td style=\"width: 173.6px;\"><strong>Szerz\u0151<\/strong><\/td> <td style=\"width: 266.4px;\"><strong>Dolgozat c\u00edme<\/strong><\/td> <td style=\"width: 204.8px;\"><strong>T\u00e9mavezet\u0151<\/strong><\/td> <td style=\"width: 195.2px;\"><strong>K\u00fcld\u0151 int\u00e9zm\u00e9ny<\/strong><\/td> <\/tr> <tr> <td style=\"width: 173.6px;\"><strong>Bilkei Fanni K\u00edra<\/strong><\/td> <td style=\"width: 266.4px;\">Tejf\u00f6l\u00f6k \u00e9s tejf\u00f6l imit\u00e1tumok fogyaszt\u00f3i meg\u00edt\u00e9l\u00e9se \u00e9s biol\u00f3giailag hozz\u00e1f\u00e9rhet\u0151 zs\u00edrtartalma<\/td> <td style=\"width: 204.8px;\"> <p>Dr. Abrank\u00f3 L\u00e1szl\u00f3,<\/p> <p>Torm\u00e1si Judit<\/td> <td style=\"width: 195.2px;\">Szent Istv\u00e1n Egyetem<\/td> <\/tr> <tr> <td style=\"width: 173.6px;\"> <p><strong>Borovicza Bogl\u00e1rka, Mgr.,<\/strong><\/p> <p><strong> Rem\u00e9nys\u00e9g D\u00e1niel, Mgr.<\/strong><\/td> <td style=\"width: 266.4px;\">Gy\u00fcm\u00f6lcsfajt\u00e1k gy\u00f6kbefog\u00f3 aktivit\u00e1s\u00e1nak m\u00e9r\u00e9se \u00e9s \u00e9rt\u00e9kel\u00e9se<\/td> <td style=\"width: 204.8px;\">doc. Ing. Ondrej Heged\u0171s, PhD.<\/td> <td style=\"width: 195.2px;\">Felvid\u00e9ki Tudom\u00e1nyos Di\u00e1kk\u00f6ri Konferencia<\/td> <\/tr> <tr> <td style=\"width: 173.6px;\"> <p><strong>Kabai Vivien,<\/strong><\/p> <p><strong> Szab\u00f3 T\u00edmea<\/strong><\/td> <td style=\"width: 266.4px;\">Elt\u00e9r\u0151 m\u0171tr\u00e1gyaszintek hat\u00e1sa \u0151szib\u00faza fajt\u00e1k min\u0151s\u00e9gi jellemz\u0151ire<\/td> <td style=\"width: 204.8px;\">Bakos Tiborn\u00e9<\/td> <td style=\"width: 195.2px;\">Szegedi Tudom\u00e1nyegyetem<\/td> <\/tr> <tr> <td style=\"width: 173.6px;\"><strong>Mecs\u00e9ri D\u00e1vid<\/strong><\/td> <td style=\"width: 266.4px;\">Tenebrio molitor vizsg\u00e1lata, mint \u00faj \u00e9lelmiszer \u00f6sszetev\u0151<\/td> <td style=\"width: 204.8px;\">Dr. Zs\u00e9dely Eszter<\/td> <td style=\"width: 195.2px;\">Sz\u00e9chenyi Istv\u00e1n Egyetem<\/td> <\/tr> <tr> <td style=\"width: 173.6px;\"><strong>Nyerges Barbara<\/strong><\/td> <td style=\"width: 266.4px;\">Probiotikus bakt\u00e9riumok mucin hasznos\u00edt\u00e1s\u00e1nak tanulm\u00e1nyoz\u00e1sa<\/td> <td style=\"width: 204.8px;\"> <p>Rezessyn\u00e9 Dr. Szab\u00f3 Judit,<\/p> <p>Sz\u00e9csi Anett<\/td> <td style=\"width: 195.2px;\">Szent Istv\u00e1n Egyetem<\/td> <\/tr> <tr> <td style=\"width: 173.6px;\"><strong>Szab\u00f3 Zs\u00f3fia Bernadett<\/strong><\/td> <td style=\"width: 266.4px;\">H\u0151kezel\u00e9s hat\u00e1sa k\u00fcl\u00f6nb\u00f6z\u0151 \u0151rlem\u00e9nykever\u00e9kekb\u0151l k\u00e9sz\u00fclt sz\u00e1razt\u00e9szta mint\u00e1k beltartalmi \u00e9rt\u00e9keire<\/td> <td style=\"width: 204.8px;\">Dr. Szedljak Ildik\u00f3 Judit<\/td> <td style=\"width: 195.2px;\">Szent Istv\u00e1n Egyetem<\/td> <\/tr> <tr> <td style=\"width: 173.6px;\"><strong>Varga Judit<\/strong><\/td> <td style=\"width: 266.4px;\">Omega-3 zs\u00edrsav tartalm\u00fa t\u00e1pl\u00e1l\u00e9k-kieg\u00e9sz\u00edt\u0151k vizsg\u00e1lata<\/td> <td style=\"width: 204.8px;\">Dr. Zs\u00e9dely Eszter<\/td> <td style=\"width: 195.2px;\">Sz\u00e9chenyi Istv\u00e1n Egyetem<\/td> <\/tr> <\/tbody> <\/table> <p>&nbsp;<\/p>","protected":false},"excerpt":{"rendered":"<p>&nbsp; Zs\u0171ri eln\u00f6ke: Dr. Varga L\u00e1szl\u00f3 Tagok: Dr. Kun Szil\u00e1rd Dr. Gyimes Ern\u0151 Dr. Gelencs\u00e9r \u00c9va Dr. Salamon Roz\u00e1lia Veronika Hallgat\u00f3: Papp-Topa Em\u0151ke Titk\u00e1r:\u00a0Dr. T\u0151zs\u00e9r D\u00f3ra &nbsp; Szerz\u0151 Dolgozat c\u00edme T\u00e9mavezet\u0151 K\u00fcld\u0151 int\u00e9zm\u00e9ny Bilkei Fanni K\u00edra Tejf\u00f6l\u00f6k \u00e9s tejf\u00f6l imit\u00e1tumok fogyaszt\u00f3i meg\u00edt\u00e9l\u00e9se \u00e9s biol\u00f3giailag hozz\u00e1f\u00e9rhet\u0151 zs\u00edrtartalma Dr. Abrank\u00f3 L\u00e1szl\u00f3, Torm\u00e1si Judit Szent Istv\u00e1n Egyetem Borovicza<\/p>\n","protected":false},"author":2518,"featured_media":0,"parent":55197,"menu_order":0,"comment_status":"open","ping_status":"open","template":"","meta":{"_acf_changed":false,"footnotes":""},"categories":[],"tags":[],"class_list":["post-55218","page","type-page","status-publish","hentry"],"acf":[],"_links":{"self":[{"href":"https:\/\/univet.hu\/hu\/wp-json\/wp\/v2\/pages\/55218","targetHints":{"allow":["GET"]}}],"collection":[{"href":"https:\/\/univet.hu\/hu\/wp-json\/wp\/v2\/pages"}],"about":[{"href":"https:\/\/univet.hu\/hu\/wp-json\/wp\/v2\/types\/page"}],"author":[{"embeddable":true,"href":"https:\/\/univet.hu\/hu\/wp-json\/wp\/v2\/users\/2518"}],"replies":[{"embeddable":true,"href":"https:\/\/univet.hu\/hu\/wp-json\/wp\/v2\/comments?post=55218"}],"version-history":[{"count":0,"href":"https:\/\/univet.hu\/hu\/wp-json\/wp\/v2\/pages\/55218\/revisions"}],"up":[{"embeddable":true,"href":"https:\/\/univet.hu\/hu\/wp-json\/wp\/v2\/pages\/55197"}],"wp:attachment":[{"href":"https:\/\/univet.hu\/hu\/wp-json\/wp\/v2\/media?parent=55218"}],"wp:term":[{"taxonomy":"category","embeddable":true,"href":"https:\/\/univet.hu\/hu\/wp-json\/wp\/v2\/categories?post=55218"},{"taxonomy":"post_tag","embeddable":true,"href":"https:\/\/univet.hu\/hu\/wp-json\/wp\/v2\/tags?post=55218"}],"curies":[{"name":"wp","href":"https:\/\/api.w.org\/{rel}","templated":true}]}}